{"id":5831,"date":"2021-09-19T16:48:22","date_gmt":"2021-09-19T16:48:22","guid":{"rendered":"https:\/\/elitedental.al\/?page_id=5831"},"modified":"2021-09-21T06:25:58","modified_gmt":"2021-09-21T06:25:58","slug":"5831-2","status":"publish","type":"page","link":"https:\/\/elitedental.al\/de\/5831-2\/","title":{"rendered":""},"content":{"rendered":"\t\t<div data-elementor-type=\"wp-page\" data-elementor-id=\"5831\" class=\"elementor elementor-5831 elementor-4191\" data-elementor-post-type=\"page\">\n\t\t\t\t\t\t<section class=\"elementor-section elementor-top-section elementor-element elementor-element-2194b1dc elementor-section-height-min-height elementor-section-boxed elementor-section-height-default elementor-section-items-middle\" data-id=\"2194b1dc\" data-element_type=\"section\" data-e-type=\"section\" data-settings=\"{&quot;background_background&quot;:&quot;classic&quot;}\">\n\t\t\t\t\t\t<div class=\"elementor-container elementor-column-gap-default\">\n\t\t\t\t\t<div class=\"elementor-column elementor-col-100 elementor-top-column elementor-element elementor-element-74882738\" data-id=\"74882738\" data-element_type=\"column\" data-e-type=\"column\">\n\t\t\t<div class=\"elementor-widget-wrap elementor-element-populated\">\n\t\t\t\t\t\t<div class=\"elementor-element elementor-element-1773f5ec elementor-widget elementor-widget-heading\" data-id=\"1773f5ec\" data-element_type=\"widget\" data-e-type=\"widget\" data-widget_type=\"heading.default\">\n\t\t\t\t<div class=\"elementor-widget-container\">\n\t\t\t\t\t<h1 class=\"elementor-heading-title elementor-size-default\">Zahntourismus in Albanien<\/h1>\t\t\t\t<\/div>\n\t\t\t\t<\/div>\n\t\t\t\t<div class=\"elementor-element elementor-element-6fe0715 elementor-widget elementor-widget-text-editor\" data-id=\"6fe0715\" data-element_type=\"widget\" data-e-type=\"widget\" data-widget_type=\"text-editor.default\">\n\t\t\t\t<div class=\"elementor-widget-container\">\n\t\t\t\t\t\t\t\t\t<p>Elite Dental Ihre Zahnpflege in Albanien und dabei Spa\u00df haben, unser Land zu entdecken.<\/p>\t\t\t\t\t\t\t\t<\/div>\n\t\t\t\t<\/div>\n\t\t\t\t\t<\/div>\n\t\t<\/div>\n\t\t\t\t\t<\/div>\n\t\t<\/section>\n\t\t\t\t<section class=\"elementor-section elementor-top-section elementor-element elementor-element-7c5f0b6b elementor-section-height-min-height elementor-section-boxed elementor-section-height-default elementor-section-items-middle\" data-id=\"7c5f0b6b\" data-element_type=\"section\" data-e-type=\"section\" data-settings=\"{&quot;background_background&quot;:&quot;video&quot;,&quot;background_video_link&quot;:&quot;https:\\\/\\\/youtu.be\\\/EMg_uIyEry0&quot;,&quot;background_play_on_mobile&quot;:&quot;yes&quot;}\">\n\t\t\t\t\t\t\t\t<div class=\"elementor-background-video-container\">\n\t\t\t\t\t\t\t\t\t\t\t\t\t<div class=\"elementor-background-video-embed\" role=\"presentation\"><\/div>\n\t\t\t\t\t\t\t\t\t\t\t\t<\/div>\n\t\t\t\t\t\t\t\t\t<div class=\"elementor-background-overlay\"><\/div>\n\t\t\t\t\t\t\t<div class=\"elementor-container elementor-column-gap-default\">\n\t\t\t\t\t<div class=\"elementor-column elementor-col-100 elementor-top-column elementor-element elementor-element-5ceef226\" data-id=\"5ceef226\" data-element_type=\"column\" data-e-type=\"column\">\n\t\t\t<div class=\"elementor-widget-wrap\">\n\t\t\t\t\t\t\t<\/div>\n\t\t<\/div>\n\t\t\t\t\t<\/div>\n\t\t<\/section>\n\t\t\t\t<section class=\"elementor-section elementor-top-section elementor-element elementor-element-5d1b30f9 elementor-section-boxed elementor-section-height-default elementor-section-height-default\" data-id=\"5d1b30f9\" data-element_type=\"section\" data-e-type=\"section\">\n\t\t\t\t\t\t<div class=\"elementor-container elementor-column-gap-default\">\n\t\t\t\t\t<div class=\"elementor-column elementor-col-100 elementor-top-column elementor-element elementor-element-7e42917d\" data-id=\"7e42917d\" data-element_type=\"column\" data-e-type=\"column\">\n\t\t\t<div class=\"elementor-widget-wrap elementor-element-populated\">\n\t\t\t\t\t\t<div class=\"elementor-element elementor-element-45661d42 elementor-widget elementor-widget-text-editor\" data-id=\"45661d42\" data-element_type=\"widget\" data-e-type=\"widget\" data-widget_type=\"text-editor.default\">\n\t\t\t\t<div class=\"elementor-widget-container\">\n\t\t\t\t\t\t\t\t\t<ul><li><h1>Zahntourismus Albanien<\/h1><\/li><\/ul><p style=\"background-color: transparent; color: #000000; font-size: 17px; font-family: var( --e-global-typography-text-font-family ), Sans-serif; font-weight: var( --e-global-typography-text-font-weight );\">Entdecken Sie das Juwel des Balkans und k\u00fcmmern Sie sich gleichzeitig um Ihre Mundgesundheit. Zahntourismus in Albanien ist mit Elite Dental gleichbedeutend mit Qualit\u00e4t. Kommen Sie als Patient und gehen Sie als Freund!<\/p><p style=\"background-color: transparent; font-family: var( --e-global-typography-text-font-family ), Sans-serif; font-weight: var( --e-global-typography-text-font-weight );\">Albanien mit seinen herrlichen Landschaften, unendlichen Natursch\u00e4tzen, fabelhafter K\u00fcste ist bereits ein beliebtes Reiseziel f\u00fcr viele Touristen. Zu den wichtigsten Ph\u00e4nomenen der letzten Zeit geh\u00f6rt der Zahntourismus, der eine wachsende Zahl von Ausl\u00e4ndern oder Migranten auf der Suche nach Zahnkliniken f\u00fcr ihre Mundgesundheit identifiziert.<\/p><p style=\"background-color: transparent; font-family: var( --e-global-typography-text-font-family ), Sans-serif; font-weight: var( --e-global-typography-text-font-weight );\">Planen Sie Ihren Urlaub im sch\u00f6nen Albanien und erhalten Sie gleichzeitig den besten Service f\u00fcr Ihre Mundgesundheit.<\/p><p style=\"background-color: transparent; color: #000000; font-size: 17px; font-family: var( --e-global-typography-text-font-family ), Sans-serif; font-weight: var( --e-global-typography-text-font-weight );\"><strong>Elite Dental<\/strong> ist die richtige Wahl f\u00fcr Sie.<\/p><p style=\"background-color: transparent; font-family: var( --e-global-typography-text-font-family ), Sans-serif; font-weight: var( --e-global-typography-text-font-weight );\">Wir betreuen Sie w\u00e4hrend Ihres Aufenthaltes. Neben einem sch\u00f6nen L\u00e4cheln besuchen Sie Albanien.<\/p><p style=\"background-color: transparent; font-family: var( --e-global-typography-text-font-family ), Sans-serif; font-weight: var( --e-global-typography-text-font-weight );\">Zahntourismus in Albanien mit Elite Dental beinhaltet eine Zahnbehandlung in wenigen Tagen zu sehr g\u00fcnstigen Preisen mit hochwertigen Materialien, die von qualifizierten Zahn\u00e4rzten in unserer Klinik bereitgestellt werden. Unsere Klinik befindet sich im Zentrum von Tirana in einem modernen und einladenden Geb\u00e4ude.Klinika jon\u00eb ndodhet n\u00eb qend\u00ebr t\u00eb Tiran\u00ebs n\u00eb nj\u00eb nd\u00ebrtes\u00eb moderne dhe mikprit\u00ebse.<\/p><p style=\"background-color: transparent; color: #000000; font-size: 17px; font-family: var( --e-global-typography-text-font-family ), Sans-serif; font-weight: var( --e-global-typography-text-font-weight );\">Unser Angebot beinhaltet:<\/p><ul style=\"font-family: var( --e-global-typography-text-font-family ), Sans-serif; font-weight: var( --e-global-typography-text-font-weight ); font-size: 16px; background-color: #ffffff;\"><li style=\"font-size: 16px;\">Nach dem Verlassen Albaniens leisten wir medizinische Hilfe per Telefon, E-Mail oder Videokonferenz.<\/li><li style=\"font-size: 16px;\">Vom Fahrer organisierter Transport vom Flughafen und zum Hotel oder zur Klinik sowie R\u00fcckkehr zum Flughafen zum Zeitpunkt des Fluges<\/li><li style=\"font-size: 16px;\">F\u00fchrungen auf Italienisch \/ Englisch \/ Franz\u00f6sisch in den Sehensw\u00fcrdigkeiten von Tirana<\/li><li style=\"font-size: 16px;\">Kostenlose TAC3D<\/li><\/ul>\t\t\t\t\t\t\t\t<\/div>\n\t\t\t\t<\/div>\n\t\t\t\t\t<\/div>\n\t\t<\/div>\n\t\t\t\t\t<\/div>\n\t\t<\/section>\n\t\t\t\t<section class=\"elementor-section elementor-top-section elementor-element elementor-element-1b0a77b elementor-section-height-min-height elementor-section-boxed elementor-section-height-default elementor-section-items-middle\" data-id=\"1b0a77b\" data-element_type=\"section\" data-e-type=\"section\" data-settings=\"{&quot;background_background&quot;:&quot;classic&quot;}\">\n\t\t\t\t\t\t<div class=\"elementor-container elementor-column-gap-default\">\n\t\t\t\t\t<div class=\"elementor-column elementor-col-100 elementor-top-column elementor-element elementor-element-819fdcf\" data-id=\"819fdcf\" data-element_type=\"column\" data-e-type=\"column\">\n\t\t\t<div class=\"elementor-widget-wrap elementor-element-populated\">\n\t\t\t\t\t\t<div class=\"elementor-element elementor-element-862ce20 elementor-widget elementor-widget-heading\" data-id=\"862ce20\" data-element_type=\"widget\" data-e-type=\"widget\" data-widget_type=\"heading.default\">\n\t\t\t\t<div class=\"elementor-widget-container\">\n\t\t\t\t\t<h1 class=\"elementor-heading-title elementor-size-default\">Buchen Sie eine kostenlose Beratung +355 68 2020 085<\/h1>\t\t\t\t<\/div>\n\t\t\t\t<\/div>\n\t\t\t\t\t<\/div>\n\t\t<\/div>\n\t\t\t\t\t<\/div>\n\t\t<\/section>\n\t\t\t\t<section class=\"elementor-section elementor-top-section elementor-element elementor-element-88a642e elementor-section-boxed elementor-section-height-default elementor-section-height-default\" data-id=\"88a642e\" data-element_type=\"section\" data-e-type=\"section\">\n\t\t\t\t\t\t<div class=\"elementor-container elementor-column-gap-default\">\n\t\t\t\t\t<div class=\"elementor-column elementor-col-100 elementor-top-column elementor-element elementor-element-262637f\" data-id=\"262637f\" data-element_type=\"column\" data-e-type=\"column\">\n\t\t\t<div class=\"elementor-widget-wrap elementor-element-populated\">\n\t\t\t\t\t\t<div class=\"elementor-element elementor-element-6e88b70 elementor-widget elementor-widget-text-editor\" data-id=\"6e88b70\" data-element_type=\"widget\" data-e-type=\"widget\" data-widget_type=\"text-editor.default\">\n\t\t\t\t<div class=\"elementor-widget-container\">\n\t\t\t\t\t\t\t\t\t<p>Elite Dental &#8211; Zahntourismus<\/p><p>[vc_row][vc_column][vc_empty_space][\/vc_column][\/vc_row][vc_row][vc_column width=&#8220;1\/2&#8243;][vc_column_text]<\/p><p style=\"font-size: 17px; color: #000000;\">Die Ausstattung unserer Klinik entspricht der neuesten Generation. Dar\u00fcber hinaus werden f\u00fcr Prothetik und Implantate nur die besten internationalen Marken verwendet. Unsere Mission ist es, allen, die sich f\u00fcr Elite Dental entscheiden, einen sehr erschwinglichen, qualitativ hochwertigen und personalisierten zahn\u00e4rztlichen Service f\u00fcr jede Art von Bedarf und Anliegen zu bieten. Wir garantieren eine wirtschaftliche Behandlung aber von h\u00f6chster Qualit\u00e4t.<\/p><p style=\"font-size: 17px; color: #000000;\">Bei Elite Dental finden Sie engagierte und leidenschaftliche Mitarbeiter, die alle Ihre Fragen bestm\u00f6glich beantworten. Planen Sie Ihren n\u00e4chsten Zahnarztbesuch mit dem Gedanken, Albanien zu besuchen und eine qualitativ hochwertige Zahnpflege zu erhalten.Wir garantieren die h\u00f6chsten Standards in Bezug auf Hygiene, Professionalit\u00e4t und Sicherheit dank unserer Materialien, die alle CE-zertifiziert sind.<\/p><p style=\"font-size: 17px; color: #000000;\">Die von uns angebotenen L\u00f6sungen eignen sich f\u00fcr verschiedene Probleme, die Sie m\u00f6glicherweise im Mund haben. Zahnprobleme gibt es viele, aber Elite Dental wird Ihnen die richtige Zahnpflege empfehlen. Die Erfahrung und Professionalit\u00e4t unserer \u00c4rzte geben Ihnen die verlorene Sicherheit zur\u00fcck. Denn f\u00fcr Elite Dental ist Zahntourismus in Albanien gleichbedeutend mit Professionalit\u00e4t.<\/p><p>[\/vc_column_text][vc_empty_space][\/vc_column][vc_column width=&#8220;1\/2&#8243;][vc_single_image image=&#8220;1663&#8243; img_size=&#8220;full&#8220;][\/vc_column][\/vc_row][vc_row][vc_column][vc_text_separator title=&#8220;Weil Albanien so viel zu bieten hat&#8220; title_align=&#8220;separator_align_left&#8220; border_width=&#8220;2&#8243; el_class=&#8220;titullilanding&#8220;][vc_column_text]<\/p><p style=\"font-size: 17px; color: #000000;\">Obwohl es sich um ein kleines Land handelt (die Oberfl\u00e4che dieser Perle des Balkans ist etwas gr\u00f6\u00dfer als die von Apulien), w\u00fcrde vielleicht ein ganzer Monat nicht ausreichen, um all seine atemberaubenden Landschaften zu sehen.<\/p><p>[\/vc_column_text][\/vc_column][\/vc_row][vc_row][vc_column][vc_empty_space][\/vc_column][\/vc_row][vc_row][vc_column width=&#8220;1\/2&#8243;][vc_single_image image=&#8220;1662&#8243; img_size=&#8220;full&#8220;][\/vc_column][vc_column width=&#8220;1\/2&#8243;][vc_text_separator title=&#8220;Die Liste der Sehensw\u00fcrdigkeiten in Albanien ist lang und vielf\u00e4ltig: F\u00fcr jeden ist etwas dabei.&#8220; title_align=&#8220;separator_align_left&#8220; border_width=&#8220;2&#8243; el_class=&#8220;titullilanding&#8220;][vc_column_text]<\/p><p style=\"font-size: 17px; color: #000000;\">Wenn Sie Str\u00e4nde lieben, ist Albanien der richtige Ort f\u00fcr Sie. Die K\u00fcste von Vlora in Saranda bietet wundersch\u00f6ne Natur und die Str\u00e4nde in Albanien haben nichts weniger als die Str\u00e4nde des benachbarten Griechenlands.<\/p><p style=\"font-size: 17px; color: #000000;\">Aber Albanien bedeutet auch Berg- und historische St\u00e4dte, die von der Unesco gesch\u00fctzt sind; Schl\u00f6sser, abgelegene Kl\u00f6ster, S\u00fc\u00dfwasserquellen, Naturparks und viele, viele berauschende Naturen.<\/p><p style=\"font-size: 17px; color: #000000;\">W\u00e4hrend Ihres Urlaubs in Albanien wissen Sie nicht, was Sie zuerst w\u00e4hlen sollen.[\/vc_column_text][\/vc_column][\/vc_row][vc_row][vc_column][vc_empty_space][\/vc_column][\/vc_row][vc_row][vc_column][vc_text_separator title=&#8220;Weil das Essen lecker ist&#8220; title_align=&#8220;separator_align_left&#8220; border_width=&#8220;2&#8243; el_class=&#8220;titullilanding&#8220;][vc_column_text]<\/p><p style=\"font-size: 17px; color: #000000;\">Albanisches Essen ist wenig lecker: Sie k\u00f6nnen traditionelle albanische Gerichte wie Hackfleischauflauf, Lamm- und Rindfleisch in Terrakotta, ber\u00fchmte albanische Fleischb\u00e4llchen, k\u00f6stlichen Gnocchi-Kuchen aus Reis umwickelt mit Weinbl\u00e4ttern oder Spinat, Schalen, Nationalgericht Rindfleisch oder . genie\u00dfen Lamm.<\/p><p style=\"font-size: 17px; color: #000000;\">Ganz zu schweigen von den leckeren K\u00e4sesorten, von Kacavali bis Ziegenk\u00e4se.<\/p><p>[\/vc_column_text][vc_row_inner][vc_column_inner width=&#8220;1\/2&#8243;][vc_text_separator title=&#8220;Weil die Leute so nett sind&#8220; title_align=&#8220;separator_align_left&#8220; border_width=&#8220;2&#8243; el_class=&#8220;titullilanding&#8220;][vc_column_text]<\/p><p style=\"font-size: 17px; color: #000000;\">Obwohl dieses Land \u00fcber die Jahre hinweg nicht den besten Ruf genoss, sollte die Sicherheit in Albanien kein Teil der Besorgnis sein. Das albanische Volk ist \u00e4u\u00dferst freundlich und einladend und &#8211; h\u00f6rt zu, h\u00f6rt zu &#8211; spricht fast alle Italienisch und Englisch, vor allem junge Leute.<\/p><p style=\"font-size: 17px; color: #000000;\">Hier sind vor allem junge Leute mit dem italienischen Fernsehen aufgewachsen. In Tirana kommen Sie leicht \u00fcberall hin und sprechen direkt Italienisch oder Englisch.<\/p><p style=\"font-size: 17px; color: #000000;\">Lassen Sie sich von den Sch\u00f6nheiten dieser reichen Menschen in Geschichte und Kultur verzaubern<\/p><p>[\/vc_column_text][\/vc_column_inner][vc_column_inner width=&#8220;1\/2&#8243;][vc_single_image image=&#8220;1661&#8243; img_size=&#8220;full&#8220;][\/vc_column_inner][\/vc_row_inner][\/vc_column][\/vc_row][vc_row][vc_column][vc_empty_space height=&#8220;60px&#8220;][\/vc_column][\/vc_row][vc_row el_id=&#8220;kontaktformaaa&#8220;][vc_column][vc_column_text][\/vc_column_text][\/vc_column][\/vc_row]<\/p>\t\t\t\t\t\t\t\t<\/div>\n\t\t\t\t<\/div>\n\t\t\t\t\t<\/div>\n\t\t<\/div>\n\t\t\t\t\t<\/div>\n\t\t<\/section>\n\t\t\t\t<\/div>\n\t\t","protected":false},"excerpt":{"rendered":"<p>Zahntourismus in Albanien Elite Dental Ihre Zahnpflege in Albanien und dabei Spa\u00df haben, unser Land zu entdecken. Zahntourismus Albanien Entdecken Sie das Juwel des Balkans und k\u00fcmmern Sie sich gleichzeitig um Ihre Mundgesundheit. Zahntourismus in Albanien ist mit Elite Dental gleichbedeutend mit Qualit\u00e4t. Kommen Sie als Patient und gehen Sie als Freund! Albanien mit seinen [&hellip;]<\/p>\n","protected":false},"author":5,"featured_media":0,"parent":0,"menu_order":0,"comment_status":"closed","ping_status":"closed","template":"elementor_header_footer","meta":{"footnotes":""},"class_list":["post-5831","page","type-page","status-publish","hentry"],"yoast_head":"<!-- This site is optimized with the Yoast SEO plugin v27.2 - https:\/\/yoast.com\/product\/yoast-seo-wordpress\/ -->\n<title>| EliteDental<\/title>\n<meta name=\"robots\" content=\"index, follow, max-snippet:-1, max-image-preview:large, max-video-preview:-1\" \/>\n<link rel=\"canonical\" href=\"https:\/\/elitedental.al\/it\/4191-2\/\" \/>\n<meta property=\"og:locale\" content=\"de_DE\" \/>\n<meta property=\"og:type\" content=\"article\" \/>\n<meta property=\"og:title\" content=\"| EliteDental\" \/>\n<meta property=\"og:description\" content=\"Zahntourismus in Albanien Elite Dental Ihre Zahnpflege in Albanien und dabei Spa\u00df haben, unser Land zu entdecken. Zahntourismus Albanien Entdecken Sie das Juwel des Balkans und k\u00fcmmern Sie sich gleichzeitig um Ihre Mundgesundheit. Zahntourismus in Albanien ist mit Elite Dental gleichbedeutend mit Qualit\u00e4t. Kommen Sie als Patient und gehen Sie als Freund! Albanien mit seinen [&hellip;]\" \/>\n<meta property=\"og:url\" content=\"https:\/\/elitedental.al\/it\/4191-2\/\" \/>\n<meta property=\"og:site_name\" content=\"EliteDental\" \/>\n<meta property=\"article:publisher\" content=\"https:\/\/www.facebook.com\/dentistalbania\/\" \/>\n<meta property=\"article:modified_time\" content=\"2021-09-21T06:25:58+00:00\" \/>\n<meta name=\"twitter:card\" content=\"summary_large_image\" \/>\n<meta name=\"twitter:label1\" content=\"Gesch\u00e4tzte Lesezeit\" \/>\n\t<meta name=\"twitter:data1\" content=\"4\u00a0Minuten\" \/>\n<script type=\"application\/ld+json\" class=\"yoast-schema-graph\">{\"@context\":\"https:\/\/schema.org\",\"@graph\":[{\"@type\":\"WebPage\",\"@id\":\"https:\/\/elitedental.al\/it\/4191-2\/\",\"url\":\"https:\/\/elitedental.al\/it\/4191-2\/\",\"name\":\"| EliteDental\",\"isPartOf\":{\"@id\":\"https:\/\/elitedental.al\/de\/#website\"},\"datePublished\":\"2021-09-19T16:48:22+00:00\",\"dateModified\":\"2021-09-21T06:25:58+00:00\",\"inLanguage\":\"de\",\"potentialAction\":[{\"@type\":\"ReadAction\",\"target\":[\"https:\/\/elitedental.al\/it\/4191-2\/\"]}]},{\"@type\":\"WebSite\",\"@id\":\"https:\/\/elitedental.al\/de\/#website\",\"url\":\"https:\/\/elitedental.al\/de\/\",\"name\":\"EliteDental\",\"description\":\"Dentista Albania\",\"publisher\":{\"@id\":\"https:\/\/elitedental.al\/de\/#organization\"},\"potentialAction\":[{\"@type\":\"SearchAction\",\"target\":{\"@type\":\"EntryPoint\",\"urlTemplate\":\"https:\/\/elitedental.al\/de\/?s={search_term_string}\"},\"query-input\":{\"@type\":\"PropertyValueSpecification\",\"valueRequired\":true,\"valueName\":\"search_term_string\"}}],\"inLanguage\":\"de\"},{\"@type\":\"Organization\",\"@id\":\"https:\/\/elitedental.al\/de\/#organization\",\"name\":\"Elite Dental\",\"url\":\"https:\/\/elitedental.al\/de\/\",\"logo\":{\"@type\":\"ImageObject\",\"inLanguage\":\"de\",\"@id\":\"https:\/\/elitedental.al\/de\/#\/schema\/logo\/image\/\",\"url\":\"http:\/\/elitedental.al\/wp-content\/uploads\/2021\/06\/90F36F80-1EAA-4C33-A5E1-028AB603EFFE.png\",\"contentUrl\":\"http:\/\/elitedental.al\/wp-content\/uploads\/2021\/06\/90F36F80-1EAA-4C33-A5E1-028AB603EFFE.png\",\"width\":888,\"height\":553,\"caption\":\"Elite Dental\"},\"image\":{\"@id\":\"https:\/\/elitedental.al\/de\/#\/schema\/logo\/image\/\"},\"sameAs\":[\"https:\/\/www.facebook.com\/dentistalbania\/\",\"https:\/\/instagram.com\/elitedentaltirana?utm_medium=copy_link\"]}]}<\/script>\n<!-- \/ Yoast SEO plugin. -->","yoast_head_json":{"title":"| EliteDental","robots":{"index":"index","follow":"follow","max-snippet":"max-snippet:-1","max-image-preview":"max-image-preview:large","max-video-preview":"max-video-preview:-1"},"canonical":"https:\/\/elitedental.al\/it\/4191-2\/","og_locale":"de_DE","og_type":"article","og_title":"| EliteDental","og_description":"Zahntourismus in Albanien Elite Dental Ihre Zahnpflege in Albanien und dabei Spa\u00df haben, unser Land zu entdecken. Zahntourismus Albanien Entdecken Sie das Juwel des Balkans und k\u00fcmmern Sie sich gleichzeitig um Ihre Mundgesundheit. Zahntourismus in Albanien ist mit Elite Dental gleichbedeutend mit Qualit\u00e4t. Kommen Sie als Patient und gehen Sie als Freund! Albanien mit seinen [&hellip;]","og_url":"https:\/\/elitedental.al\/it\/4191-2\/","og_site_name":"EliteDental","article_publisher":"https:\/\/www.facebook.com\/dentistalbania\/","article_modified_time":"2021-09-21T06:25:58+00:00","twitter_card":"summary_large_image","twitter_misc":{"Gesch\u00e4tzte Lesezeit":"4\u00a0Minuten"},"schema":{"@context":"https:\/\/schema.org","@graph":[{"@type":"WebPage","@id":"https:\/\/elitedental.al\/it\/4191-2\/","url":"https:\/\/elitedental.al\/it\/4191-2\/","name":"| EliteDental","isPartOf":{"@id":"https:\/\/elitedental.al\/de\/#website"},"datePublished":"2021-09-19T16:48:22+00:00","dateModified":"2021-09-21T06:25:58+00:00","inLanguage":"de","potentialAction":[{"@type":"ReadAction","target":["https:\/\/elitedental.al\/it\/4191-2\/"]}]},{"@type":"WebSite","@id":"https:\/\/elitedental.al\/de\/#website","url":"https:\/\/elitedental.al\/de\/","name":"EliteDental","description":"Dentista Albania","publisher":{"@id":"https:\/\/elitedental.al\/de\/#organization"},"potentialAction":[{"@type":"SearchAction","target":{"@type":"EntryPoint","urlTemplate":"https:\/\/elitedental.al\/de\/?s={search_term_string}"},"query-input":{"@type":"PropertyValueSpecification","valueRequired":true,"valueName":"search_term_string"}}],"inLanguage":"de"},{"@type":"Organization","@id":"https:\/\/elitedental.al\/de\/#organization","name":"Elite Dental","url":"https:\/\/elitedental.al\/de\/","logo":{"@type":"ImageObject","inLanguage":"de","@id":"https:\/\/elitedental.al\/de\/#\/schema\/logo\/image\/","url":"http:\/\/elitedental.al\/wp-content\/uploads\/2021\/06\/90F36F80-1EAA-4C33-A5E1-028AB603EFFE.png","contentUrl":"http:\/\/elitedental.al\/wp-content\/uploads\/2021\/06\/90F36F80-1EAA-4C33-A5E1-028AB603EFFE.png","width":888,"height":553,"caption":"Elite Dental"},"image":{"@id":"https:\/\/elitedental.al\/de\/#\/schema\/logo\/image\/"},"sameAs":["https:\/\/www.facebook.com\/dentistalbania\/","https:\/\/instagram.com\/elitedentaltirana?utm_medium=copy_link"]}]}},"_links":{"self":[{"href":"https:\/\/elitedental.al\/de\/wp-json\/wp\/v2\/pages\/5831","targetHints":{"allow":["GET"]}}],"collection":[{"href":"https:\/\/elitedental.al\/de\/wp-json\/wp\/v2\/pages"}],"about":[{"href":"https:\/\/elitedental.al\/de\/wp-json\/wp\/v2\/types\/page"}],"author":[{"embeddable":true,"href":"https:\/\/elitedental.al\/de\/wp-json\/wp\/v2\/users\/5"}],"replies":[{"embeddable":true,"href":"https:\/\/elitedental.al\/de\/wp-json\/wp\/v2\/comments?post=5831"}],"version-history":[{"count":7,"href":"https:\/\/elitedental.al\/de\/wp-json\/wp\/v2\/pages\/5831\/revisions"}],"predecessor-version":[{"id":6185,"href":"https:\/\/elitedental.al\/de\/wp-json\/wp\/v2\/pages\/5831\/revisions\/6185"}],"wp:attachment":[{"href":"https:\/\/elitedental.al\/de\/wp-json\/wp\/v2\/media?parent=5831"}],"curies":[{"name":"wp","href":"https:\/\/api.w.org\/{rel}","templated":true}]}}