{"id":5852,"date":"2017-03-03T13:41:47","date_gmt":"2017-03-03T13:41:47","guid":{"rendered":"https:\/\/elitedental.al\/opinioni-recensioni-albania\/"},"modified":"2024-09-18T21:42:16","modified_gmt":"2024-09-18T21:42:16","slug":"opinioni-recensioni-albania","status":"publish","type":"page","link":"https:\/\/elitedental.al\/de\/opinioni-recensioni-albania\/","title":{"rendered":"SHQYRTIMET"},"content":{"rendered":"\t\t<div data-elementor-type=\"wp-page\" data-elementor-id=\"5852\" class=\"elementor elementor-5852 elementor-316\" data-elementor-post-type=\"page\">\n\t\t\t\t\t\t<section class=\"elementor-section elementor-top-section elementor-element elementor-element-6b7d509d elementor-section-boxed elementor-section-height-default elementor-section-height-default\" data-id=\"6b7d509d\" data-element_type=\"section\" data-e-type=\"section\">\n\t\t\t\t\t\t<div class=\"elementor-container elementor-column-gap-default\">\n\t\t\t\t\t<div class=\"elementor-column elementor-col-100 elementor-top-column elementor-element elementor-element-55de52a8\" data-id=\"55de52a8\" data-element_type=\"column\" data-e-type=\"column\">\n\t\t\t<div class=\"elementor-widget-wrap elementor-element-populated\">\n\t\t\t\t\t\t<div class=\"elementor-element elementor-element-e187b02 elementor-widget elementor-widget-text-editor\" data-id=\"e187b02\" data-element_type=\"widget\" data-e-type=\"widget\" data-widget_type=\"text-editor.default\">\n\t\t\t\t<div class=\"elementor-widget-container\">\n\t\t\t\t\t\t\t\t\t<h4 class=\"tt-title h3\">Komente <span class=\"none\">Elite Dental<\/span><\/h4><div class=\"tt-subtitle\">P\u00ebr praktik\u00ebn ton\u00eb, mbrojtja e sh\u00ebndetit dhe siguris\u00eb s\u00eb pacient\u00ebve \u00ebsht\u00eb e para. Dentist\u00ebt tan\u00eb shum\u00eb t\u00eb specializuar din\u00eb t\u00eb mir\u00ebpresin pacient\u00ebt n\u00eb nj\u00eb mjedis t\u00eb qet\u00eb dhe t\u00eb rehatsh\u00ebm.<\/div><p><iframe src=\"https:\/\/www.youtube.com\/embed\/ApmIqJTPnxY\" width=\"560\" height=\"315\" frameborder=\"0\" allowfullscreen=\"allowfullscreen\"><\/iframe><\/p><p><strong>&#8222;Leo Leopizzi&#8220; <\/strong><\/p><p>Fundi i udh\u00ebtimit, p\u00ebr t\u00eb pasur nj\u00eb buz\u00ebqeshje t\u00eb re, p\u00ebrkon me fillimin e nj\u00eb jete t\u00eb re. <img decoding=\"async\" class=\"emoji\" role=\"img\" draggable=\"false\" src=\"https:\/\/s.w.org\/images\/core\/emoji\/13.0.1\/svg\/1f604.svg\" alt=\"\ud83d\ude04\" \/><img decoding=\"async\" class=\"emoji\" role=\"img\" draggable=\"false\" src=\"https:\/\/s.w.org\/images\/core\/emoji\/13.0.1\/svg\/1f604.svg\" alt=\"\ud83d\ude04\" \/><br \/>Leo Leopizzi, teknik dentar dhe Eufemia Labellarte tregojn\u00eb mendimet e tyre pasi rimor\u00ebn zot\u00ebrimin e buz\u00ebqeshjes s\u00eb tyre <img decoding=\"async\" class=\"emoji\" role=\"img\" draggable=\"false\" src=\"https:\/\/s.w.org\/images\/core\/emoji\/13.0.1\/svg\/1f60d.svg\" alt=\"\ud83d\ude0d\" \/><img decoding=\"async\" class=\"emoji\" role=\"img\" draggable=\"false\" src=\"https:\/\/s.w.org\/images\/core\/emoji\/13.0.1\/svg\/1f604.svg\" alt=\"\ud83d\ude04\" \/><\/p><p><strong>&#8222;Tel: +355 69 701 50501&#8220; <\/strong><\/p><p><iframe src=\"https:\/\/www.youtube.com\/embed\/7VJUGfZRE2s?controls=0\" width=\"560\" height=\"315\" frameborder=\"0\" allowfullscreen=\"allowfullscreen\"><\/iframe><strong>&#8222;Luigi Scorrano&#8220;<\/strong><\/p><p>Pacienti yn\u00eb Luigi Scorrano nj\u00eb anestezist, tregon historin\u00eb e tij p\u00ebr profesionalizmin e mjek\u00ebve t\u00eb Dentista Albania dhe sa ka kursyer duke p\u00ebrdorur materialet m\u00eb t\u00eb mira<img decoding=\"async\" class=\"emoji\" role=\"img\" draggable=\"false\" src=\"https:\/\/s.w.org\/images\/core\/emoji\/13.0.1\/svg\/1f601.svg\" alt=\"\ud83d\ude01\" \/><img decoding=\"async\" class=\"emoji\" role=\"img\" draggable=\"false\" src=\"https:\/\/s.w.org\/images\/core\/emoji\/13.0.1\/svg\/1f601.svg\" alt=\"\ud83d\ude01\" \/><img decoding=\"async\" class=\"emoji\" role=\"img\" draggable=\"false\" src=\"https:\/\/s.w.org\/images\/core\/emoji\/13.0.1\/svg\/1f601.svg\" alt=\"\ud83d\ude01\" \/><\/p><p><strong>&#8222;Tel: +355 69 701 5050&#8220; <\/strong><\/p><p><iframe src=\"https:\/\/www.youtube.com\/embed\/3Nks8EO6N7k\" width=\"560\" height=\"315\" frameborder=\"0\" allowfullscreen=\"allowfullscreen\"><\/iframe><\/p><p><strong>&#8222;Giuseppe Gentile&#8220;<\/strong>\u00a0<\/p><p><strong>&#8222;Tel: +355 69 701 5050&#8220;<\/strong><\/p><p><iframe src=\"https:\/\/www.youtube.com\/embed\/ES_rR_AknGg\" width=\"560\" height=\"315\" frameborder=\"0\" allowfullscreen=\"allowfullscreen\"><\/iframe><\/p><p><strong>&#8222;Nicola Botalico&#8220;<\/strong>\u00a0<\/p><p><strong>&#8222;Tel: +355 69 701 5050&#8220;<\/strong><\/p><p><iframe src=\"https:\/\/www.youtube.com\/embed\/zgCBAwgTPNM\" width=\"560\" height=\"315\" frameborder=\"0\" allowfullscreen=\"allowfullscreen\"><\/iframe><\/p><p><strong>Gianvito Guadalupi&#8220;<\/strong><\/p><p>Gianvito Guadalupi nga Salento i cili i besoi buz\u00ebqeshjen e tij dentistit shqiptar<\/p><p><strong>&#8222;Tel: +355 69 701 5050&#8220;<\/strong><\/p><p><iframe src=\"https:\/\/www.youtube.com\/embed\/GHMHLpqj3lo\" width=\"560\" height=\"315\" frameborder=\"0\" allowfullscreen=\"allowfullscreen\"><\/iframe><\/p><p><strong>&#8222;Francesco Casciaro&#8220; <\/strong><\/p><p>\u00a0\u201d personeli i klinik\u00ebs u b\u00eb familja ime k\u00ebtu &#8222;<br \/>Mendimet e pacient\u00ebve tan\u00eb p\u00ebr stafin ton\u00eb &#8211; Elite Dental<\/p><p><strong>&#8222;Tel: +355 69 701 5050&#8220; <\/strong><\/p><p><iframe src=\"https:\/\/www.youtube.com\/embed\/znLilXBjSf8\" width=\"560\" height=\"315\" frameborder=\"0\" allowfullscreen=\"allowfullscreen\"><\/iframe><\/p><p><strong>&#8222;Aldo&#8220; <\/strong><\/p><p><strong>&#8222;Tel: +355 69 701 5050&#8220;<\/strong><\/p><p><iframe src=\"https:\/\/www.youtube.com\/embed\/o2nqA_XT8EI\" width=\"560\" height=\"315\" frameborder=\"0\" allowfullscreen=\"allowfullscreen\"><\/iframe><\/p><p><strong>&#8222;Ivan Lombardi&#8220;<\/strong><\/p><p><strong>&#8222;Tel: +355 69 701 5050&#8220;<\/strong><\/p><p><iframe src=\"https:\/\/www.youtube.com\/embed\/icVZfsiRKyc\" width=\"560\" height=\"315\" frameborder=\"0\" allowfullscreen=\"allowfullscreen\"><\/iframe><\/p><p><strong>&#8222;Antonio Rotelli&#8220;<\/strong><\/p><p><strong>&#8222;Tel: +355 69 701 5050&#8220; <\/strong><\/p><p><iframe src=\"https:\/\/www.youtube.com\/embed\/RmwcDINQt7E\" width=\"560\" height=\"315\" frameborder=\"0\" allowfullscreen=\"allowfullscreen\"><\/iframe><\/p><p><strong>&#8222;Mario Belloni&#8220;<\/strong><\/p><p>M\u00eb shum\u00eb se 20,000 euro t\u00eb kursyera me Dentista Albania &#8211; Elite Dental d\u00ebgjoni historin\u00eb e Mario Belloni<\/p><p><strong>&#8222;Tel: +355 69 701 5050&#8220; <\/strong><\/p><p><iframe src=\"https:\/\/www.youtube.com\/embed\/3Vhc-8FUd9U\" width=\"560\" height=\"315\" frameborder=\"0\" allowfullscreen=\"allowfullscreen\"><\/iframe><\/p><p><strong>&#8222;Giancarlo&#8220;<\/strong><\/p><p>50% kursime p\u00ebr t\u00eb nj\u00ebjt\u00ebn cil\u00ebsi.<br \/>Vet\u00ebm n\u00eb Elite Dental, stomatologji me zem\u00ebr.<\/p><p><strong>&#8222;Tel: +355 69 701 5050&#8220; <\/strong><\/p><p><iframe src=\"https:\/\/www.youtube.com\/embed\/m1liXC-Anyg\" width=\"560\" height=\"315\" frameborder=\"0\" allowfullscreen=\"allowfullscreen\"><\/iframe><\/p><p><strong>&#8222;Nicola Lavopa Racconta&#8220; <\/strong><\/p><p>Nicola Lavopa Ai tregon historin\u00eb e tij p\u00ebr familjen e madhe Elite Dental ku gjeti 60% kursime edhe me materialet m\u00eb t\u00eb mira dhe mjek\u00ebt m\u00eb t\u00eb mir\u00eb.<\/p><p><strong>&#8222;Tel: +355 69 701 5050&#8220;<\/strong><\/p><p><iframe src=\"https:\/\/www.youtube.com\/embed\/9RIm2NNrMag\" width=\"560\" height=\"315\" frameborder=\"0\" allowfullscreen=\"allowfullscreen\"><\/iframe><\/p><p><strong>&#8222;Isabella Rosetto&#8220;<\/strong><\/p><p><strong>&#8222;Tel: +355 69 701 5050&#8220;<\/strong><\/p><p><iframe src=\"https:\/\/www.youtube.com\/embed\/8uctE3bjQUE\" width=\"560\" height=\"315\" frameborder=\"0\" allowfullscreen=\"allowfullscreen\"><\/iframe><\/p><p><strong>&#8222;Michele Burdi&#8220;<\/strong>\u00a0<\/p><p><strong>&#8222;Tel: +355 69 701 5050&#8220; <\/strong><\/p>\t\t\t\t\t\t\t\t<\/div>\n\t\t\t\t<\/div>\n\t\t\t\t\t<\/div>\n\t\t<\/div>\n\t\t\t\t\t<\/div>\n\t\t<\/section>\n\t\t\t\t<\/div>\n\t\t","protected":false},"excerpt":{"rendered":"<p>Komente Elite Dental P\u00ebr praktik\u00ebn ton\u00eb, mbrojtja e sh\u00ebndetit dhe siguris\u00eb s\u00eb pacient\u00ebve \u00ebsht\u00eb e para. Dentist\u00ebt tan\u00eb shum\u00eb t\u00eb specializuar din\u00eb t\u00eb mir\u00ebpresin pacient\u00ebt n\u00eb nj\u00eb mjedis t\u00eb qet\u00eb dhe t\u00eb rehatsh\u00ebm. &#8222;Leo Leopizzi&#8220; Fundi i udh\u00ebtimit, p\u00ebr t\u00eb pasur nj\u00eb buz\u00ebqeshje t\u00eb re, p\u00ebrkon me fillimin e nj\u00eb jete t\u00eb re. Leo Leopizzi, [&hellip;]<\/p>\n","protected":false},"author":5,"featured_media":0,"parent":0,"menu_order":0,"comment_status":"closed","ping_status":"closed","template":"elementor_header_footer","meta":{"footnotes":""},"class_list":["post-5852","page","type-page","status-publish","hentry"],"yoast_head":"<!-- This site is optimized with the Yoast SEO plugin v27.2 - https:\/\/yoast.com\/product\/yoast-seo-wordpress\/ -->\n<title>SHQYRTIMET | EliteDental<\/title>\n<meta name=\"robots\" content=\"index, follow, max-snippet:-1, max-image-preview:large, max-video-preview:-1\" \/>\n<link rel=\"canonical\" href=\"https:\/\/elitedental.al\/sq\/opinioni-recensioni-albania\/\" \/>\n<meta property=\"og:locale\" content=\"de_DE\" \/>\n<meta property=\"og:type\" content=\"article\" \/>\n<meta property=\"og:title\" content=\"SHQYRTIMET | EliteDental\" \/>\n<meta property=\"og:description\" content=\"Komente Elite Dental P\u00ebr praktik\u00ebn ton\u00eb, mbrojtja e sh\u00ebndetit dhe siguris\u00eb s\u00eb pacient\u00ebve \u00ebsht\u00eb e para. Dentist\u00ebt tan\u00eb shum\u00eb t\u00eb specializuar din\u00eb t\u00eb mir\u00ebpresin pacient\u00ebt n\u00eb nj\u00eb mjedis t\u00eb qet\u00eb dhe t\u00eb rehatsh\u00ebm. &#8222;Leo Leopizzi&#8220; Fundi i udh\u00ebtimit, p\u00ebr t\u00eb pasur nj\u00eb buz\u00ebqeshje t\u00eb re, p\u00ebrkon me fillimin e nj\u00eb jete t\u00eb re. Leo Leopizzi, [&hellip;]\" \/>\n<meta property=\"og:url\" content=\"https:\/\/elitedental.al\/sq\/opinioni-recensioni-albania\/\" \/>\n<meta property=\"og:site_name\" content=\"EliteDental\" \/>\n<meta property=\"article:publisher\" content=\"https:\/\/www.facebook.com\/dentistalbania\/\" \/>\n<meta property=\"article:modified_time\" content=\"2024-09-18T21:42:16+00:00\" \/>\n<meta property=\"og:image\" content=\"https:\/\/s.w.org\/images\/core\/emoji\/13.0.1\/svg\/1f604.svg\" \/>\n<meta name=\"twitter:card\" content=\"summary_large_image\" \/>\n<meta name=\"twitter:label1\" content=\"Gesch\u00e4tzte Lesezeit\" \/>\n\t<meta name=\"twitter:data1\" content=\"4\u00a0Minuten\" \/>\n<script type=\"application\/ld+json\" class=\"yoast-schema-graph\">{\"@context\":\"https:\/\/schema.org\",\"@graph\":[{\"@type\":\"WebPage\",\"@id\":\"https:\/\/elitedental.al\/sq\/opinioni-recensioni-albania\/\",\"url\":\"https:\/\/elitedental.al\/sq\/opinioni-recensioni-albania\/\",\"name\":\"SHQYRTIMET | EliteDental\",\"isPartOf\":{\"@id\":\"https:\/\/elitedental.al\/de\/#website\"},\"primaryImageOfPage\":{\"@id\":\"https:\/\/elitedental.al\/sq\/opinioni-recensioni-albania\/#primaryimage\"},\"image\":{\"@id\":\"https:\/\/elitedental.al\/sq\/opinioni-recensioni-albania\/#primaryimage\"},\"thumbnailUrl\":\"https:\/\/s.w.org\/images\/core\/emoji\/13.0.1\/svg\/1f604.svg\",\"datePublished\":\"2017-03-03T13:41:47+00:00\",\"dateModified\":\"2024-09-18T21:42:16+00:00\",\"breadcrumb\":{\"@id\":\"https:\/\/elitedental.al\/sq\/opinioni-recensioni-albania\/#breadcrumb\"},\"inLanguage\":\"de\",\"potentialAction\":[{\"@type\":\"ReadAction\",\"target\":[\"https:\/\/elitedental.al\/sq\/opinioni-recensioni-albania\/\"]}]},{\"@type\":\"ImageObject\",\"inLanguage\":\"de\",\"@id\":\"https:\/\/elitedental.al\/sq\/opinioni-recensioni-albania\/#primaryimage\",\"url\":\"https:\/\/s.w.org\/images\/core\/emoji\/13.0.1\/svg\/1f604.svg\",\"contentUrl\":\"https:\/\/s.w.org\/images\/core\/emoji\/13.0.1\/svg\/1f604.svg\"},{\"@type\":\"BreadcrumbList\",\"@id\":\"https:\/\/elitedental.al\/sq\/opinioni-recensioni-albania\/#breadcrumb\",\"itemListElement\":[{\"@type\":\"ListItem\",\"position\":1,\"name\":\"Home\",\"item\":\"https:\/\/elitedental.al\/de\/\"},{\"@type\":\"ListItem\",\"position\":2,\"name\":\"SHQYRTIMET\"}]},{\"@type\":\"WebSite\",\"@id\":\"https:\/\/elitedental.al\/de\/#website\",\"url\":\"https:\/\/elitedental.al\/de\/\",\"name\":\"EliteDental\",\"description\":\"Dentista Albania\",\"publisher\":{\"@id\":\"https:\/\/elitedental.al\/de\/#organization\"},\"potentialAction\":[{\"@type\":\"SearchAction\",\"target\":{\"@type\":\"EntryPoint\",\"urlTemplate\":\"https:\/\/elitedental.al\/de\/?s={search_term_string}\"},\"query-input\":{\"@type\":\"PropertyValueSpecification\",\"valueRequired\":true,\"valueName\":\"search_term_string\"}}],\"inLanguage\":\"de\"},{\"@type\":\"Organization\",\"@id\":\"https:\/\/elitedental.al\/de\/#organization\",\"name\":\"Elite Dental\",\"url\":\"https:\/\/elitedental.al\/de\/\",\"logo\":{\"@type\":\"ImageObject\",\"inLanguage\":\"de\",\"@id\":\"https:\/\/elitedental.al\/de\/#\/schema\/logo\/image\/\",\"url\":\"http:\/\/elitedental.al\/wp-content\/uploads\/2021\/06\/90F36F80-1EAA-4C33-A5E1-028AB603EFFE.png\",\"contentUrl\":\"http:\/\/elitedental.al\/wp-content\/uploads\/2021\/06\/90F36F80-1EAA-4C33-A5E1-028AB603EFFE.png\",\"width\":888,\"height\":553,\"caption\":\"Elite Dental\"},\"image\":{\"@id\":\"https:\/\/elitedental.al\/de\/#\/schema\/logo\/image\/\"},\"sameAs\":[\"https:\/\/www.facebook.com\/dentistalbania\/\",\"https:\/\/instagram.com\/elitedentaltirana?utm_medium=copy_link\"]}]}<\/script>\n<!-- \/ Yoast SEO plugin. -->","yoast_head_json":{"title":"SHQYRTIMET | EliteDental","robots":{"index":"index","follow":"follow","max-snippet":"max-snippet:-1","max-image-preview":"max-image-preview:large","max-video-preview":"max-video-preview:-1"},"canonical":"https:\/\/elitedental.al\/sq\/opinioni-recensioni-albania\/","og_locale":"de_DE","og_type":"article","og_title":"SHQYRTIMET | EliteDental","og_description":"Komente Elite Dental P\u00ebr praktik\u00ebn ton\u00eb, mbrojtja e sh\u00ebndetit dhe siguris\u00eb s\u00eb pacient\u00ebve \u00ebsht\u00eb e para. Dentist\u00ebt tan\u00eb shum\u00eb t\u00eb specializuar din\u00eb t\u00eb mir\u00ebpresin pacient\u00ebt n\u00eb nj\u00eb mjedis t\u00eb qet\u00eb dhe t\u00eb rehatsh\u00ebm. &#8222;Leo Leopizzi&#8220; Fundi i udh\u00ebtimit, p\u00ebr t\u00eb pasur nj\u00eb buz\u00ebqeshje t\u00eb re, p\u00ebrkon me fillimin e nj\u00eb jete t\u00eb re. Leo Leopizzi, [&hellip;]","og_url":"https:\/\/elitedental.al\/sq\/opinioni-recensioni-albania\/","og_site_name":"EliteDental","article_publisher":"https:\/\/www.facebook.com\/dentistalbania\/","article_modified_time":"2024-09-18T21:42:16+00:00","og_image":[{"url":"https:\/\/s.w.org\/images\/core\/emoji\/13.0.1\/svg\/1f604.svg","type":"","width":"","height":""}],"twitter_card":"summary_large_image","twitter_misc":{"Gesch\u00e4tzte Lesezeit":"4\u00a0Minuten"},"schema":{"@context":"https:\/\/schema.org","@graph":[{"@type":"WebPage","@id":"https:\/\/elitedental.al\/sq\/opinioni-recensioni-albania\/","url":"https:\/\/elitedental.al\/sq\/opinioni-recensioni-albania\/","name":"SHQYRTIMET | EliteDental","isPartOf":{"@id":"https:\/\/elitedental.al\/de\/#website"},"primaryImageOfPage":{"@id":"https:\/\/elitedental.al\/sq\/opinioni-recensioni-albania\/#primaryimage"},"image":{"@id":"https:\/\/elitedental.al\/sq\/opinioni-recensioni-albania\/#primaryimage"},"thumbnailUrl":"https:\/\/s.w.org\/images\/core\/emoji\/13.0.1\/svg\/1f604.svg","datePublished":"2017-03-03T13:41:47+00:00","dateModified":"2024-09-18T21:42:16+00:00","breadcrumb":{"@id":"https:\/\/elitedental.al\/sq\/opinioni-recensioni-albania\/#breadcrumb"},"inLanguage":"de","potentialAction":[{"@type":"ReadAction","target":["https:\/\/elitedental.al\/sq\/opinioni-recensioni-albania\/"]}]},{"@type":"ImageObject","inLanguage":"de","@id":"https:\/\/elitedental.al\/sq\/opinioni-recensioni-albania\/#primaryimage","url":"https:\/\/s.w.org\/images\/core\/emoji\/13.0.1\/svg\/1f604.svg","contentUrl":"https:\/\/s.w.org\/images\/core\/emoji\/13.0.1\/svg\/1f604.svg"},{"@type":"BreadcrumbList","@id":"https:\/\/elitedental.al\/sq\/opinioni-recensioni-albania\/#breadcrumb","itemListElement":[{"@type":"ListItem","position":1,"name":"Home","item":"https:\/\/elitedental.al\/de\/"},{"@type":"ListItem","position":2,"name":"SHQYRTIMET"}]},{"@type":"WebSite","@id":"https:\/\/elitedental.al\/de\/#website","url":"https:\/\/elitedental.al\/de\/","name":"EliteDental","description":"Dentista Albania","publisher":{"@id":"https:\/\/elitedental.al\/de\/#organization"},"potentialAction":[{"@type":"SearchAction","target":{"@type":"EntryPoint","urlTemplate":"https:\/\/elitedental.al\/de\/?s={search_term_string}"},"query-input":{"@type":"PropertyValueSpecification","valueRequired":true,"valueName":"search_term_string"}}],"inLanguage":"de"},{"@type":"Organization","@id":"https:\/\/elitedental.al\/de\/#organization","name":"Elite Dental","url":"https:\/\/elitedental.al\/de\/","logo":{"@type":"ImageObject","inLanguage":"de","@id":"https:\/\/elitedental.al\/de\/#\/schema\/logo\/image\/","url":"http:\/\/elitedental.al\/wp-content\/uploads\/2021\/06\/90F36F80-1EAA-4C33-A5E1-028AB603EFFE.png","contentUrl":"http:\/\/elitedental.al\/wp-content\/uploads\/2021\/06\/90F36F80-1EAA-4C33-A5E1-028AB603EFFE.png","width":888,"height":553,"caption":"Elite Dental"},"image":{"@id":"https:\/\/elitedental.al\/de\/#\/schema\/logo\/image\/"},"sameAs":["https:\/\/www.facebook.com\/dentistalbania\/","https:\/\/instagram.com\/elitedentaltirana?utm_medium=copy_link"]}]}},"_links":{"self":[{"href":"https:\/\/elitedental.al\/de\/wp-json\/wp\/v2\/pages\/5852","targetHints":{"allow":["GET"]}}],"collection":[{"href":"https:\/\/elitedental.al\/de\/wp-json\/wp\/v2\/pages"}],"about":[{"href":"https:\/\/elitedental.al\/de\/wp-json\/wp\/v2\/types\/page"}],"author":[{"embeddable":true,"href":"https:\/\/elitedental.al\/de\/wp-json\/wp\/v2\/users\/5"}],"replies":[{"embeddable":true,"href":"https:\/\/elitedental.al\/de\/wp-json\/wp\/v2\/comments?post=5852"}],"version-history":[{"count":40,"href":"https:\/\/elitedental.al\/de\/wp-json\/wp\/v2\/pages\/5852\/revisions"}],"predecessor-version":[{"id":8228,"href":"https:\/\/elitedental.al\/de\/wp-json\/wp\/v2\/pages\/5852\/revisions\/8228"}],"wp:attachment":[{"href":"https:\/\/elitedental.al\/de\/wp-json\/wp\/v2\/media?parent=5852"}],"curies":[{"name":"wp","href":"https:\/\/api.w.org\/{rel}","templated":true}]}}