{"id":6029,"date":"2021-09-21T06:03:45","date_gmt":"2021-09-21T06:03:45","guid":{"rendered":"https:\/\/elitedental.al\/endodonzia\/"},"modified":"2023-03-08T22:16:00","modified_gmt":"2023-03-08T22:16:00","slug":"endodonzia","status":"publish","type":"page","link":"https:\/\/elitedental.al\/de\/endodonzia\/","title":{"rendered":"ENDODONTIE"},"content":{"rendered":"<p>&nbsp;<\/p>\n<p><b>Endodontie<\/b> ist der Bereich der Zahnmedizin, der sich mit der Behandlung der Wurzelkan\u00e4le befasst, d.h mit dem Raum, der in jedem einzelnen Zahn vorhanden ist und in dem sich die Zahnpulpa (bestehend aus Zellen, Blutgef\u00e4\u00dfen und Nerven) befindet.<\/p>\n<p>Es ist notwendig eine endodontische Therapie anzufangen, wenn eine kari\u00f6se oder traumatische L\u00e4sion einen irreversiblen Schaden dem Zahnpulpa verursacht, was zu Nekrose f\u00fchren kann.<\/p>\n<p><b>WANN SOLL MAN MIT DER THERAPIE ANFANGEN?<\/b><\/p>\n<p align=\"justify\">Eine endodontische Therapie wird manchmal gestartet, wenn bei der Vorbereitung eines Zahnes f\u00fcr prothetische Zwecke die Reduktion des Zahngewebes zu einer Pulpanekrose f\u00fchren kann. In diesem Fall ist die Nekrose auf iatrogene Ursachen zur\u00fcckzuf\u00fchren.<\/p>\n<p>Die endodontische Therapie wird in <i>orthograde<\/i> und <i>retrograde<\/i> unterteilt.<\/p>\n<p><strong><a href=\"http:\/\/elitedental.al\/wp-content\/uploads\/2021\/01\/37ed26f919a7198447d75b56c6f93204.jpg\"><img fetchpriority=\"high\" decoding=\"async\" src=\"http:\/\/elitedental.al\/wp-content\/uploads\/2021\/01\/37ed26f919a7198447d75b56c6f93204.jpg\" alt=\"\" width=\"840\" height=\"440\" \/><\/a><\/strong><\/p>\n<p><b>Die orthograde endodontische Therapie besteht aus mehreren Phasen, die wir folgenderma\u00dfen auflisten k\u00f6nnen:<\/b><\/p>\n<p style=\"text-align: left;\">\u2022 Erreichen der Zahnpulpa<\/p>\n<p>\u2022 Behandlung mit manuellen oder mechanischen endodontischen Instrumenten.<\/p>\n<p>\u2022Reinigung von Wurzelkan\u00e4len mit Sp\u00fcll\u00f6sung (z.B . Wasserstoffperoxid, Natriumhypochlorit).<\/p>\n<p>\u2022Abdichtung des Kanals mit thermoplastischem Materiallien (auch Guttapercha genannt).<\/p>\n<p style=\"text-align: left;\">\u2022R\u00f6ntgenpr\u00fcfung<\/p>\n<p>Die retrograde Therapie wird bei Verstopfung oder Verengung von Gef\u00e4\u00dfen eingesetz, d.h wenn es nicht mehr m\u00f6glich ist, durch die kieferortop\u00e4dische Endodontie direkten Zugang auf den Kanal zu bekommen.<\/p>\n<p><b>Elite Dental <\/b>kann Ihnen nicht nur bei der Endodontie helfen, sondern auch bei der gesamten Palette der Zahnpflege, Zahnimplantologie, Prothetik aller Art, Zahnaufhellung und Mundhygiene. Wir bieten Ihnen bequeme Ratenzahlungen f\u00fcr alle zahn\u00e4rztlichen Leistungen.<\/p>\n<p><strong><a href=\"http:\/\/elitedental.al\/wp-content\/uploads\/2021\/01\/4c08417f3e6d343a8bdabc335b468c07.jpg\"><img decoding=\"async\" src=\"http:\/\/elitedental.al\/wp-content\/uploads\/2021\/01\/4c08417f3e6d343a8bdabc335b468c07.jpg\" alt=\"\" width=\"840\" height=\"440\" \/><\/a><\/strong><\/p>\n<p><b>Wen kann ich wegen Endodontie anrufen?<\/b><\/p>\n<p>Senden Sie uns eine Anfrage \u00fcber das Kontaktformular auf dieser Website und Sie erhalten die Antworten, die Sie suchen.\u00a0Bei uns finden Sie erfahrene Zahn\u00e4rzte, die in Italien ihren Abschluss gemacht haben und spezialisiert sind. Wir haben auch in Italien Labors, die f\u00fcr diese Art.<\/p>\n<p>&nbsp;<\/p>\n","protected":false},"excerpt":{"rendered":"<p>&nbsp; Endodontie ist der Bereich der Zahnmedizin, der sich mit der Behandlung der Wurzelkan\u00e4le befasst, d.h mit dem Raum, der in jedem einzelnen Zahn vorhanden ist und in dem sich die Zahnpulpa (bestehend aus Zellen, Blutgef\u00e4\u00dfen und Nerven) befindet. Es ist notwendig eine endodontische Therapie anzufangen, wenn eine kari\u00f6se oder traumatische L\u00e4sion einen irreversiblen Schaden [&hellip;]<\/p>\n","protected":false},"author":5,"featured_media":0,"parent":0,"menu_order":0,"comment_status":"closed","ping_status":"closed","template":"","meta":{"footnotes":""},"class_list":["post-6029","page","type-page","status-publish","hentry"],"yoast_head":"<!-- This site is optimized with the Yoast SEO plugin v27.2 - https:\/\/yoast.com\/product\/yoast-seo-wordpress\/ -->\n<title>ENDODONTIE | EliteDental<\/title>\n<meta name=\"robots\" content=\"index, follow, max-snippet:-1, max-image-preview:large, max-video-preview:-1\" \/>\n<link rel=\"canonical\" href=\"https:\/\/elitedental.al\/it\/endodonzia\/\" \/>\n<meta property=\"og:locale\" content=\"de_DE\" \/>\n<meta property=\"og:type\" content=\"article\" \/>\n<meta property=\"og:title\" content=\"ENDODONTIE | EliteDental\" \/>\n<meta property=\"og:description\" content=\"&nbsp; Endodontie ist der Bereich der Zahnmedizin, der sich mit der Behandlung der Wurzelkan\u00e4le befasst, d.h mit dem Raum, der in jedem einzelnen Zahn vorhanden ist und in dem sich die Zahnpulpa (bestehend aus Zellen, Blutgef\u00e4\u00dfen und Nerven) befindet. Es ist notwendig eine endodontische Therapie anzufangen, wenn eine kari\u00f6se oder traumatische L\u00e4sion einen irreversiblen Schaden [&hellip;]\" \/>\n<meta property=\"og:url\" content=\"https:\/\/elitedental.al\/it\/endodonzia\/\" \/>\n<meta property=\"og:site_name\" content=\"EliteDental\" \/>\n<meta property=\"article:publisher\" content=\"https:\/\/www.facebook.com\/dentistalbania\/\" \/>\n<meta property=\"article:modified_time\" content=\"2023-03-08T22:16:00+00:00\" \/>\n<meta property=\"og:image\" content=\"http:\/\/elitedental.al\/wp-content\/uploads\/2021\/01\/37ed26f919a7198447d75b56c6f93204.jpg\" \/>\n<meta name=\"twitter:card\" content=\"summary_large_image\" \/>\n<meta name=\"twitter:label1\" content=\"Gesch\u00e4tzte Lesezeit\" \/>\n\t<meta name=\"twitter:data1\" content=\"2\u00a0Minuten\" \/>\n<script type=\"application\/ld+json\" class=\"yoast-schema-graph\">{\"@context\":\"https:\/\/schema.org\",\"@graph\":[{\"@type\":\"WebPage\",\"@id\":\"https:\/\/elitedental.al\/it\/endodonzia\/\",\"url\":\"https:\/\/elitedental.al\/it\/endodonzia\/\",\"name\":\"ENDODONTIE | EliteDental\",\"isPartOf\":{\"@id\":\"https:\/\/elitedental.al\/de\/#website\"},\"primaryImageOfPage\":{\"@id\":\"https:\/\/elitedental.al\/it\/endodonzia\/#primaryimage\"},\"image\":{\"@id\":\"https:\/\/elitedental.al\/it\/endodonzia\/#primaryimage\"},\"thumbnailUrl\":\"http:\/\/elitedental.al\/wp-content\/uploads\/2021\/01\/37ed26f919a7198447d75b56c6f93204.jpg\",\"datePublished\":\"2021-09-21T06:03:45+00:00\",\"dateModified\":\"2023-03-08T22:16:00+00:00\",\"breadcrumb\":{\"@id\":\"https:\/\/elitedental.al\/it\/endodonzia\/#breadcrumb\"},\"inLanguage\":\"de\",\"potentialAction\":[{\"@type\":\"ReadAction\",\"target\":[\"https:\/\/elitedental.al\/it\/endodonzia\/\"]}]},{\"@type\":\"ImageObject\",\"inLanguage\":\"de\",\"@id\":\"https:\/\/elitedental.al\/it\/endodonzia\/#primaryimage\",\"url\":\"http:\/\/elitedental.al\/wp-content\/uploads\/2021\/01\/37ed26f919a7198447d75b56c6f93204.jpg\",\"contentUrl\":\"http:\/\/elitedental.al\/wp-content\/uploads\/2021\/01\/37ed26f919a7198447d75b56c6f93204.jpg\"},{\"@type\":\"BreadcrumbList\",\"@id\":\"https:\/\/elitedental.al\/it\/endodonzia\/#breadcrumb\",\"itemListElement\":[{\"@type\":\"ListItem\",\"position\":1,\"name\":\"Home\",\"item\":\"https:\/\/elitedental.al\/de\/\"},{\"@type\":\"ListItem\",\"position\":2,\"name\":\"ENDODONTIE\"}]},{\"@type\":\"WebSite\",\"@id\":\"https:\/\/elitedental.al\/de\/#website\",\"url\":\"https:\/\/elitedental.al\/de\/\",\"name\":\"EliteDental\",\"description\":\"Dentista Albania\",\"publisher\":{\"@id\":\"https:\/\/elitedental.al\/de\/#organization\"},\"potentialAction\":[{\"@type\":\"SearchAction\",\"target\":{\"@type\":\"EntryPoint\",\"urlTemplate\":\"https:\/\/elitedental.al\/de\/?s={search_term_string}\"},\"query-input\":{\"@type\":\"PropertyValueSpecification\",\"valueRequired\":true,\"valueName\":\"search_term_string\"}}],\"inLanguage\":\"de\"},{\"@type\":\"Organization\",\"@id\":\"https:\/\/elitedental.al\/de\/#organization\",\"name\":\"Elite Dental\",\"url\":\"https:\/\/elitedental.al\/de\/\",\"logo\":{\"@type\":\"ImageObject\",\"inLanguage\":\"de\",\"@id\":\"https:\/\/elitedental.al\/de\/#\/schema\/logo\/image\/\",\"url\":\"http:\/\/elitedental.al\/wp-content\/uploads\/2021\/06\/90F36F80-1EAA-4C33-A5E1-028AB603EFFE.png\",\"contentUrl\":\"http:\/\/elitedental.al\/wp-content\/uploads\/2021\/06\/90F36F80-1EAA-4C33-A5E1-028AB603EFFE.png\",\"width\":888,\"height\":553,\"caption\":\"Elite Dental\"},\"image\":{\"@id\":\"https:\/\/elitedental.al\/de\/#\/schema\/logo\/image\/\"},\"sameAs\":[\"https:\/\/www.facebook.com\/dentistalbania\/\",\"https:\/\/instagram.com\/elitedentaltirana?utm_medium=copy_link\"]}]}<\/script>\n<!-- \/ Yoast SEO plugin. -->","yoast_head_json":{"title":"ENDODONTIE | EliteDental","robots":{"index":"index","follow":"follow","max-snippet":"max-snippet:-1","max-image-preview":"max-image-preview:large","max-video-preview":"max-video-preview:-1"},"canonical":"https:\/\/elitedental.al\/it\/endodonzia\/","og_locale":"de_DE","og_type":"article","og_title":"ENDODONTIE | EliteDental","og_description":"&nbsp; Endodontie ist der Bereich der Zahnmedizin, der sich mit der Behandlung der Wurzelkan\u00e4le befasst, d.h mit dem Raum, der in jedem einzelnen Zahn vorhanden ist und in dem sich die Zahnpulpa (bestehend aus Zellen, Blutgef\u00e4\u00dfen und Nerven) befindet. Es ist notwendig eine endodontische Therapie anzufangen, wenn eine kari\u00f6se oder traumatische L\u00e4sion einen irreversiblen Schaden [&hellip;]","og_url":"https:\/\/elitedental.al\/it\/endodonzia\/","og_site_name":"EliteDental","article_publisher":"https:\/\/www.facebook.com\/dentistalbania\/","article_modified_time":"2023-03-08T22:16:00+00:00","og_image":[{"url":"http:\/\/elitedental.al\/wp-content\/uploads\/2021\/01\/37ed26f919a7198447d75b56c6f93204.jpg","type":"","width":"","height":""}],"twitter_card":"summary_large_image","twitter_misc":{"Gesch\u00e4tzte Lesezeit":"2\u00a0Minuten"},"schema":{"@context":"https:\/\/schema.org","@graph":[{"@type":"WebPage","@id":"https:\/\/elitedental.al\/it\/endodonzia\/","url":"https:\/\/elitedental.al\/it\/endodonzia\/","name":"ENDODONTIE | EliteDental","isPartOf":{"@id":"https:\/\/elitedental.al\/de\/#website"},"primaryImageOfPage":{"@id":"https:\/\/elitedental.al\/it\/endodonzia\/#primaryimage"},"image":{"@id":"https:\/\/elitedental.al\/it\/endodonzia\/#primaryimage"},"thumbnailUrl":"http:\/\/elitedental.al\/wp-content\/uploads\/2021\/01\/37ed26f919a7198447d75b56c6f93204.jpg","datePublished":"2021-09-21T06:03:45+00:00","dateModified":"2023-03-08T22:16:00+00:00","breadcrumb":{"@id":"https:\/\/elitedental.al\/it\/endodonzia\/#breadcrumb"},"inLanguage":"de","potentialAction":[{"@type":"ReadAction","target":["https:\/\/elitedental.al\/it\/endodonzia\/"]}]},{"@type":"ImageObject","inLanguage":"de","@id":"https:\/\/elitedental.al\/it\/endodonzia\/#primaryimage","url":"http:\/\/elitedental.al\/wp-content\/uploads\/2021\/01\/37ed26f919a7198447d75b56c6f93204.jpg","contentUrl":"http:\/\/elitedental.al\/wp-content\/uploads\/2021\/01\/37ed26f919a7198447d75b56c6f93204.jpg"},{"@type":"BreadcrumbList","@id":"https:\/\/elitedental.al\/it\/endodonzia\/#breadcrumb","itemListElement":[{"@type":"ListItem","position":1,"name":"Home","item":"https:\/\/elitedental.al\/de\/"},{"@type":"ListItem","position":2,"name":"ENDODONTIE"}]},{"@type":"WebSite","@id":"https:\/\/elitedental.al\/de\/#website","url":"https:\/\/elitedental.al\/de\/","name":"EliteDental","description":"Dentista Albania","publisher":{"@id":"https:\/\/elitedental.al\/de\/#organization"},"potentialAction":[{"@type":"SearchAction","target":{"@type":"EntryPoint","urlTemplate":"https:\/\/elitedental.al\/de\/?s={search_term_string}"},"query-input":{"@type":"PropertyValueSpecification","valueRequired":true,"valueName":"search_term_string"}}],"inLanguage":"de"},{"@type":"Organization","@id":"https:\/\/elitedental.al\/de\/#organization","name":"Elite Dental","url":"https:\/\/elitedental.al\/de\/","logo":{"@type":"ImageObject","inLanguage":"de","@id":"https:\/\/elitedental.al\/de\/#\/schema\/logo\/image\/","url":"http:\/\/elitedental.al\/wp-content\/uploads\/2021\/06\/90F36F80-1EAA-4C33-A5E1-028AB603EFFE.png","contentUrl":"http:\/\/elitedental.al\/wp-content\/uploads\/2021\/06\/90F36F80-1EAA-4C33-A5E1-028AB603EFFE.png","width":888,"height":553,"caption":"Elite Dental"},"image":{"@id":"https:\/\/elitedental.al\/de\/#\/schema\/logo\/image\/"},"sameAs":["https:\/\/www.facebook.com\/dentistalbania\/","https:\/\/instagram.com\/elitedentaltirana?utm_medium=copy_link"]}]}},"_links":{"self":[{"href":"https:\/\/elitedental.al\/de\/wp-json\/wp\/v2\/pages\/6029","targetHints":{"allow":["GET"]}}],"collection":[{"href":"https:\/\/elitedental.al\/de\/wp-json\/wp\/v2\/pages"}],"about":[{"href":"https:\/\/elitedental.al\/de\/wp-json\/wp\/v2\/types\/page"}],"author":[{"embeddable":true,"href":"https:\/\/elitedental.al\/de\/wp-json\/wp\/v2\/users\/5"}],"replies":[{"embeddable":true,"href":"https:\/\/elitedental.al\/de\/wp-json\/wp\/v2\/comments?post=6029"}],"version-history":[{"count":9,"href":"https:\/\/elitedental.al\/de\/wp-json\/wp\/v2\/pages\/6029\/revisions"}],"predecessor-version":[{"id":7009,"href":"https:\/\/elitedental.al\/de\/wp-json\/wp\/v2\/pages\/6029\/revisions\/7009"}],"wp:attachment":[{"href":"https:\/\/elitedental.al\/de\/wp-json\/wp\/v2\/media?parent=6029"}],"curies":[{"name":"wp","href":"https:\/\/api.w.org\/{rel}","templated":true}]}}