{"id":6034,"date":"2021-09-21T05:48:18","date_gmt":"2021-09-21T05:48:18","guid":{"rendered":"https:\/\/elitedental.al\/implantologia\/"},"modified":"2021-11-24T09:42:28","modified_gmt":"2021-11-24T09:42:28","slug":"implantologia","status":"publish","type":"page","link":"https:\/\/elitedental.al\/de\/implantologia\/","title":{"rendered":"IMPLANTOLOGIE"},"content":{"rendered":"<p>&nbsp;<\/p>\n<h2><strong><a href=\"http:\/\/51.158.72.203\/~elite\/wp-content\/uploads\/2017\/02\/Fotolia_115205130_CORONA-SU-IMPIANTO.jpg\"><img fetchpriority=\"high\" decoding=\"async\" class=\"wp-image-1112 size-medium alignleft\" src=\"http:\/\/elitedental.al\/wp-content\/uploads\/2020\/12\/91ddd93b87cc066d79893b27dc4f9e40.jpg\" alt=\"\" width=\"300\" height=\"225\" \/><\/a><\/strong><\/h2>\n<p><span style=\"color: #333333;\"><span style=\"font-family: Arial Unicode MS, serif;\"><span style=\"font-size: xx-large;\"><span lang=\"de-DE\"><b>IMPLANTOLOGIE<\/b><\/span><\/span><\/span><\/span><\/p>\n<p><span style=\"color: #333333;\"><span style=\"font-family: Arial Unicode MS, serif;\"><span style=\"font-size: xx-large;\"><span lang=\"de-DE\"><b>Was ist Zahnimplantologie?<\/b><\/span><\/span><\/span><\/span><\/p>\n<p><span style=\"color: #333333;\"><span style=\"font-family: Arial Unicode MS, serif;\"><span lang=\"de-DE\"><b>Die Implantologie ist ein Zweig der Zahnmedizin, bei dem fehlende Z\u00e4hne durch k\u00fcnstliche Wurzeln ersetzt werden, die in den Knochen eingef\u00fchrt werden.<\/b><\/span><\/span><\/span><\/p>\n<p><span style=\"color: #333333;\"><span style=\"font-family: Arial Unicode MS, serif;\"><span style=\"font-size: medium;\"><span lang=\"de-DE\"><b>Implantate k\u00f6nnen einzelne Z\u00e4hne (Krone auf Implantat), Zahngruppen (Kronen auf Implantaten) ersetzen oder auch als Unterst\u00fctzung f\u00fcr eine Prothese dienen. Die Zahnimplantologie stellt heute eine vorhersehbare und zuverl\u00e4ssige therapeutische L\u00f6sung im Zeitverlauf dar, die sehr erfolgreich ist. <\/b><\/span><\/span><\/span><\/span><\/p>\n<p><span style=\"color: #333333;\"><span style=\"font-family: Arial Unicode MS, serif;\"><span style=\"font-size: xx-large;\"><span lang=\"de-DE\"><b>Woraus besteht ein Zahnimplantat?<\/b><\/span><\/span><\/span><\/span><\/p>\n<p><span style=\"color: #333333;\"><span style=\"font-family: Arial Unicode MS, serif;\"><span style=\"font-size: medium;\"><span lang=\"de-DE\"><b>Die weltweit am h\u00e4ufigsten verwendeten Implantate bestehen heutzutage aus Titan.<\/b><\/span><\/span><\/span><\/span><\/p>\n<p><span style=\"color: #333333;\"><span style=\"font-family: Arial Unicode MS, serif;\"><span style=\"font-size: medium;\"><span lang=\"de-DE\"><b>Titan ist ein bio-inertes Metall, das im Kontakt mit dem Knochen keine Absto\u00dfungsreaktion hervorruft, da es keine Proteine enth\u00e4lt und auch keine Immunreaktion ausl\u00f6st. Dar\u00fcber hinaus verursacht Titan keine Reaktionen von Fremdk\u00f6rpern, da es eine direkte und stabile Verbindung zum Knochengewebe herstellen kann, die sogenannte Osseointegration. <\/b><\/span><\/span><\/span><\/span><\/p>\n<p lang=\"de-DE\"><a name=\"page8\"><\/a><\/p>\n<p><span style=\"color: #333333;\"><span style=\"font-family: Arial Unicode MS, serif;\"><span style=\"font-size: x-large;\"><span lang=\"de-DE\"><b>Sind Zahnimplantate zu 100% erfolgreich? <\/b><\/span><\/span><\/span><\/span><\/p>\n<p><span style=\"color: #333333;\"><span style=\"font-family: Arial Unicode MS, serif;\"><span style=\"font-size: medium;\"><span lang=\"de-DE\"><b>Obwohl Titan ein au\u00dfergew\u00f6hnliches Material ist, kann es vorkommen, dass bei den Implantaten aus bis heute noch nicht vollst\u00e4ndig bekannten Gr\u00fcnden in einem Prozentsatz von weniger als 5% ein Fehler im Integrationsprozess der k\u00fcnstlichen Struktur in organischen Knochengeweben auftreten kann. Oft ist es jedoch nach dem Entfernen eines Implantats an derselben Stelle m\u00f6glich, ein Neues einzusetzen.<\/b><\/span><\/span><\/span><\/span><\/p>\n<p><span style=\"color: #333333;\"><span style=\"font-family: Arial Unicode MS, serif;\"><span style=\"font-size: x-large;\"><span lang=\"de-DE\"><b>Sind Transplantation und Implantation dasselbe? <\/b><\/span><\/span><\/span><\/span><\/p>\n<p><span style=\"color: #333333;\"><span style=\"font-family: Arial Unicode MS, serif;\"><span style=\"font-size: small;\"><span lang=\"de-DE\"><b>Das Knochentransplantat, das von Patienten \u00fcblicherweise als &#8222;Knochentransplantation&#8220; bezeichnet wird, ist eine Operation, die durchgef\u00fchrt wird, um die Menge an Knochen zu erh\u00f6hen, die auf der H\u00f6he einer oder mehrerer Stellen der Zahnb\u00f6gen vorhanden ist. Diese Operation wird normalerwise durchgef\u00fchrt, um eine oder mehrere Titanimplantate einzuf\u00fchren, die dann die k\u00fcnstlichen Z\u00e4hne st\u00fctzen.<\/b><\/span><\/span><\/span><\/span><\/p>\n<p><span style=\"color: #333333;\"><span style=\"font-family: Arial Unicode MS, serif;\"><span style=\"font-size: small;\"><span lang=\"de-DE\"><b>Das Implantat hingegen ist die k\u00fcnstliche Wurzel, die zur Unterst\u00fctzung der k\u00fcnstlichen Kronen dient.<\/b><\/span><\/span><\/span><\/span><\/p>\n<h2><strong>\u00a0<\/strong><\/h2>\n<p><a href=\"http:\/\/elitedental.al\/wp-content\/uploads\/2020\/12\/6d40de35e56042ddf64f046dfbec9fcd.jpg\"><img decoding=\"async\" class=\"size-full wp-image-1259 aligncenter\" src=\"http:\/\/elitedental.al\/wp-content\/uploads\/2020\/12\/6d40de35e56042ddf64f046dfbec9fcd.jpg\" alt=\"\" width=\"727\" height=\"300\" \/><\/a><\/p>\n","protected":false},"excerpt":{"rendered":"<p>&nbsp; IMPLANTOLOGIE Was ist Zahnimplantologie? Die Implantologie ist ein Zweig der Zahnmedizin, bei dem fehlende Z\u00e4hne durch k\u00fcnstliche Wurzeln ersetzt werden, die in den Knochen eingef\u00fchrt werden. Implantate k\u00f6nnen einzelne Z\u00e4hne (Krone auf Implantat), Zahngruppen (Kronen auf Implantaten) ersetzen oder auch als Unterst\u00fctzung f\u00fcr eine Prothese dienen. Die Zahnimplantologie stellt heute eine vorhersehbare und zuverl\u00e4ssige [&hellip;]<\/p>\n","protected":false},"author":5,"featured_media":0,"parent":0,"menu_order":0,"comment_status":"closed","ping_status":"closed","template":"","meta":{"footnotes":""},"class_list":["post-6034","page","type-page","status-publish","hentry"],"yoast_head":"<!-- This site is optimized with the Yoast SEO plugin v27.2 - https:\/\/yoast.com\/product\/yoast-seo-wordpress\/ -->\n<title>IMPLANTOLOGIE | EliteDental<\/title>\n<meta name=\"robots\" content=\"index, follow, max-snippet:-1, max-image-preview:large, max-video-preview:-1\" \/>\n<link rel=\"canonical\" href=\"https:\/\/elitedental.al\/it\/implantologia\/\" \/>\n<meta property=\"og:locale\" content=\"de_DE\" \/>\n<meta property=\"og:type\" content=\"article\" \/>\n<meta property=\"og:title\" content=\"IMPLANTOLOGIE | EliteDental\" \/>\n<meta property=\"og:description\" content=\"&nbsp; IMPLANTOLOGIE Was ist Zahnimplantologie? Die Implantologie ist ein Zweig der Zahnmedizin, bei dem fehlende Z\u00e4hne durch k\u00fcnstliche Wurzeln ersetzt werden, die in den Knochen eingef\u00fchrt werden. Implantate k\u00f6nnen einzelne Z\u00e4hne (Krone auf Implantat), Zahngruppen (Kronen auf Implantaten) ersetzen oder auch als Unterst\u00fctzung f\u00fcr eine Prothese dienen. Die Zahnimplantologie stellt heute eine vorhersehbare und zuverl\u00e4ssige [&hellip;]\" \/>\n<meta property=\"og:url\" content=\"https:\/\/elitedental.al\/it\/implantologia\/\" \/>\n<meta property=\"og:site_name\" content=\"EliteDental\" \/>\n<meta property=\"article:publisher\" content=\"https:\/\/www.facebook.com\/dentistalbania\/\" \/>\n<meta property=\"article:modified_time\" content=\"2021-11-24T09:42:28+00:00\" \/>\n<meta property=\"og:image\" content=\"http:\/\/elitedental.al\/wp-content\/uploads\/2020\/12\/91ddd93b87cc066d79893b27dc4f9e40.jpg\" \/>\n<meta name=\"twitter:card\" content=\"summary_large_image\" \/>\n<meta name=\"twitter:label1\" content=\"Gesch\u00e4tzte Lesezeit\" \/>\n\t<meta name=\"twitter:data1\" content=\"2\u00a0Minuten\" \/>\n<script type=\"application\/ld+json\" class=\"yoast-schema-graph\">{\"@context\":\"https:\/\/schema.org\",\"@graph\":[{\"@type\":\"WebPage\",\"@id\":\"https:\/\/elitedental.al\/it\/implantologia\/\",\"url\":\"https:\/\/elitedental.al\/it\/implantologia\/\",\"name\":\"IMPLANTOLOGIE | EliteDental\",\"isPartOf\":{\"@id\":\"https:\/\/elitedental.al\/de\/#website\"},\"primaryImageOfPage\":{\"@id\":\"https:\/\/elitedental.al\/it\/implantologia\/#primaryimage\"},\"image\":{\"@id\":\"https:\/\/elitedental.al\/it\/implantologia\/#primaryimage\"},\"thumbnailUrl\":\"http:\/\/elitedental.al\/wp-content\/uploads\/2020\/12\/91ddd93b87cc066d79893b27dc4f9e40.jpg\",\"datePublished\":\"2021-09-21T05:48:18+00:00\",\"dateModified\":\"2021-11-24T09:42:28+00:00\",\"breadcrumb\":{\"@id\":\"https:\/\/elitedental.al\/it\/implantologia\/#breadcrumb\"},\"inLanguage\":\"de\",\"potentialAction\":[{\"@type\":\"ReadAction\",\"target\":[\"https:\/\/elitedental.al\/it\/implantologia\/\"]}]},{\"@type\":\"ImageObject\",\"inLanguage\":\"de\",\"@id\":\"https:\/\/elitedental.al\/it\/implantologia\/#primaryimage\",\"url\":\"http:\/\/elitedental.al\/wp-content\/uploads\/2020\/12\/91ddd93b87cc066d79893b27dc4f9e40.jpg\",\"contentUrl\":\"http:\/\/elitedental.al\/wp-content\/uploads\/2020\/12\/91ddd93b87cc066d79893b27dc4f9e40.jpg\"},{\"@type\":\"BreadcrumbList\",\"@id\":\"https:\/\/elitedental.al\/it\/implantologia\/#breadcrumb\",\"itemListElement\":[{\"@type\":\"ListItem\",\"position\":1,\"name\":\"Home\",\"item\":\"https:\/\/elitedental.al\/de\/\"},{\"@type\":\"ListItem\",\"position\":2,\"name\":\"IMPLANTOLOGIE\"}]},{\"@type\":\"WebSite\",\"@id\":\"https:\/\/elitedental.al\/de\/#website\",\"url\":\"https:\/\/elitedental.al\/de\/\",\"name\":\"EliteDental\",\"description\":\"Dentista Albania\",\"publisher\":{\"@id\":\"https:\/\/elitedental.al\/de\/#organization\"},\"potentialAction\":[{\"@type\":\"SearchAction\",\"target\":{\"@type\":\"EntryPoint\",\"urlTemplate\":\"https:\/\/elitedental.al\/de\/?s={search_term_string}\"},\"query-input\":{\"@type\":\"PropertyValueSpecification\",\"valueRequired\":true,\"valueName\":\"search_term_string\"}}],\"inLanguage\":\"de\"},{\"@type\":\"Organization\",\"@id\":\"https:\/\/elitedental.al\/de\/#organization\",\"name\":\"Elite Dental\",\"url\":\"https:\/\/elitedental.al\/de\/\",\"logo\":{\"@type\":\"ImageObject\",\"inLanguage\":\"de\",\"@id\":\"https:\/\/elitedental.al\/de\/#\/schema\/logo\/image\/\",\"url\":\"http:\/\/elitedental.al\/wp-content\/uploads\/2021\/06\/90F36F80-1EAA-4C33-A5E1-028AB603EFFE.png\",\"contentUrl\":\"http:\/\/elitedental.al\/wp-content\/uploads\/2021\/06\/90F36F80-1EAA-4C33-A5E1-028AB603EFFE.png\",\"width\":888,\"height\":553,\"caption\":\"Elite Dental\"},\"image\":{\"@id\":\"https:\/\/elitedental.al\/de\/#\/schema\/logo\/image\/\"},\"sameAs\":[\"https:\/\/www.facebook.com\/dentistalbania\/\",\"https:\/\/instagram.com\/elitedentaltirana?utm_medium=copy_link\"]}]}<\/script>\n<!-- \/ Yoast SEO plugin. -->","yoast_head_json":{"title":"IMPLANTOLOGIE | EliteDental","robots":{"index":"index","follow":"follow","max-snippet":"max-snippet:-1","max-image-preview":"max-image-preview:large","max-video-preview":"max-video-preview:-1"},"canonical":"https:\/\/elitedental.al\/it\/implantologia\/","og_locale":"de_DE","og_type":"article","og_title":"IMPLANTOLOGIE | EliteDental","og_description":"&nbsp; IMPLANTOLOGIE Was ist Zahnimplantologie? Die Implantologie ist ein Zweig der Zahnmedizin, bei dem fehlende Z\u00e4hne durch k\u00fcnstliche Wurzeln ersetzt werden, die in den Knochen eingef\u00fchrt werden. Implantate k\u00f6nnen einzelne Z\u00e4hne (Krone auf Implantat), Zahngruppen (Kronen auf Implantaten) ersetzen oder auch als Unterst\u00fctzung f\u00fcr eine Prothese dienen. Die Zahnimplantologie stellt heute eine vorhersehbare und zuverl\u00e4ssige [&hellip;]","og_url":"https:\/\/elitedental.al\/it\/implantologia\/","og_site_name":"EliteDental","article_publisher":"https:\/\/www.facebook.com\/dentistalbania\/","article_modified_time":"2021-11-24T09:42:28+00:00","og_image":[{"url":"http:\/\/elitedental.al\/wp-content\/uploads\/2020\/12\/91ddd93b87cc066d79893b27dc4f9e40.jpg","type":"","width":"","height":""}],"twitter_card":"summary_large_image","twitter_misc":{"Gesch\u00e4tzte Lesezeit":"2\u00a0Minuten"},"schema":{"@context":"https:\/\/schema.org","@graph":[{"@type":"WebPage","@id":"https:\/\/elitedental.al\/it\/implantologia\/","url":"https:\/\/elitedental.al\/it\/implantologia\/","name":"IMPLANTOLOGIE | EliteDental","isPartOf":{"@id":"https:\/\/elitedental.al\/de\/#website"},"primaryImageOfPage":{"@id":"https:\/\/elitedental.al\/it\/implantologia\/#primaryimage"},"image":{"@id":"https:\/\/elitedental.al\/it\/implantologia\/#primaryimage"},"thumbnailUrl":"http:\/\/elitedental.al\/wp-content\/uploads\/2020\/12\/91ddd93b87cc066d79893b27dc4f9e40.jpg","datePublished":"2021-09-21T05:48:18+00:00","dateModified":"2021-11-24T09:42:28+00:00","breadcrumb":{"@id":"https:\/\/elitedental.al\/it\/implantologia\/#breadcrumb"},"inLanguage":"de","potentialAction":[{"@type":"ReadAction","target":["https:\/\/elitedental.al\/it\/implantologia\/"]}]},{"@type":"ImageObject","inLanguage":"de","@id":"https:\/\/elitedental.al\/it\/implantologia\/#primaryimage","url":"http:\/\/elitedental.al\/wp-content\/uploads\/2020\/12\/91ddd93b87cc066d79893b27dc4f9e40.jpg","contentUrl":"http:\/\/elitedental.al\/wp-content\/uploads\/2020\/12\/91ddd93b87cc066d79893b27dc4f9e40.jpg"},{"@type":"BreadcrumbList","@id":"https:\/\/elitedental.al\/it\/implantologia\/#breadcrumb","itemListElement":[{"@type":"ListItem","position":1,"name":"Home","item":"https:\/\/elitedental.al\/de\/"},{"@type":"ListItem","position":2,"name":"IMPLANTOLOGIE"}]},{"@type":"WebSite","@id":"https:\/\/elitedental.al\/de\/#website","url":"https:\/\/elitedental.al\/de\/","name":"EliteDental","description":"Dentista Albania","publisher":{"@id":"https:\/\/elitedental.al\/de\/#organization"},"potentialAction":[{"@type":"SearchAction","target":{"@type":"EntryPoint","urlTemplate":"https:\/\/elitedental.al\/de\/?s={search_term_string}"},"query-input":{"@type":"PropertyValueSpecification","valueRequired":true,"valueName":"search_term_string"}}],"inLanguage":"de"},{"@type":"Organization","@id":"https:\/\/elitedental.al\/de\/#organization","name":"Elite Dental","url":"https:\/\/elitedental.al\/de\/","logo":{"@type":"ImageObject","inLanguage":"de","@id":"https:\/\/elitedental.al\/de\/#\/schema\/logo\/image\/","url":"http:\/\/elitedental.al\/wp-content\/uploads\/2021\/06\/90F36F80-1EAA-4C33-A5E1-028AB603EFFE.png","contentUrl":"http:\/\/elitedental.al\/wp-content\/uploads\/2021\/06\/90F36F80-1EAA-4C33-A5E1-028AB603EFFE.png","width":888,"height":553,"caption":"Elite Dental"},"image":{"@id":"https:\/\/elitedental.al\/de\/#\/schema\/logo\/image\/"},"sameAs":["https:\/\/www.facebook.com\/dentistalbania\/","https:\/\/instagram.com\/elitedentaltirana?utm_medium=copy_link"]}]}},"_links":{"self":[{"href":"https:\/\/elitedental.al\/de\/wp-json\/wp\/v2\/pages\/6034","targetHints":{"allow":["GET"]}}],"collection":[{"href":"https:\/\/elitedental.al\/de\/wp-json\/wp\/v2\/pages"}],"about":[{"href":"https:\/\/elitedental.al\/de\/wp-json\/wp\/v2\/types\/page"}],"author":[{"embeddable":true,"href":"https:\/\/elitedental.al\/de\/wp-json\/wp\/v2\/users\/5"}],"replies":[{"embeddable":true,"href":"https:\/\/elitedental.al\/de\/wp-json\/wp\/v2\/comments?post=6034"}],"version-history":[{"count":3,"href":"https:\/\/elitedental.al\/de\/wp-json\/wp\/v2\/pages\/6034\/revisions"}],"predecessor-version":[{"id":6130,"href":"https:\/\/elitedental.al\/de\/wp-json\/wp\/v2\/pages\/6034\/revisions\/6130"}],"wp:attachment":[{"href":"https:\/\/elitedental.al\/de\/wp-json\/wp\/v2\/media?parent=6034"}],"curies":[{"name":"wp","href":"https:\/\/api.w.org\/{rel}","templated":true}]}}