{"id":6040,"date":"2021-09-21T06:00:17","date_gmt":"2021-09-21T06:00:17","guid":{"rendered":"https:\/\/elitedental.al\/invisalign\/"},"modified":"2023-03-08T22:24:22","modified_gmt":"2023-03-08T22:24:22","slug":"invisalign","status":"publish","type":"page","link":"https:\/\/elitedental.al\/de\/invisalign\/","title":{"rendered":"INVISALIGN"},"content":{"rendered":"<p>&nbsp;<\/p>\n<h2>Che cos\u2019\u00e8 l\u2019Invisalign \u24c7?<\/h2>\n<p>&nbsp;<\/p>\n<p><strong>L\u2019Invisalign\u24c7\u00a0<\/strong>\u00e8 una terapia ortodontica innovativa con una serie di aligner quasi invisibili e rimovibili. Le mascherine trasparenti assomigliano tanto ai paradenti utilizzati dagli atleti, ma sono state fatte con materie plastiche per uso medico estremamente dure.<\/p>\n<p>L\u2019apparecchio \u00e8 molto sottile, quasi trasparente, inoltre \u00e8 realizzato su misura per ogni paziente. Per ogni seduta si consegna un nuovo set di aligner che deve essere portato per circa 1-2 settimane. Gli aligner allineano i denti delicatamente nella posizione desiderata.<\/p>\n<h2>I vantaggi di Invisalign\u24c7<\/h2>\n<p><strong>L\u2019apparecchio\u00a0Invisalign ha parecchi vantaggi:<\/strong><\/p>\n<p><strong>\u00a0\u2013<\/strong>\u00a0<strong>Estetico:<\/strong>\u00a0l\u2019Invisalign\u24c7 \u00e8 quasi trasparente, difficilmente si nota.<\/p>\n<p><strong>\u00a0\u2013<\/strong>\u00a0<strong>Igienico:<\/strong>\u00a0pu\u00f2 essere rimosso in qualsiasi momento. Bisogna fare attenzione a portarlo per almeno 22 ore al giorno. \u00c9 pi\u00f9 comodo anche mangiare, perch\u00e8 il cibo non si attacca ai fili metallici.<\/p>\n<p><strong>\u00a0\u2013<\/strong>\u00a0<strong>Comodo:<\/strong>\u00a0secondo i pazienti che lo usano, l\u2019apparecchio Invisalign\u24c7 \u00e8 molto comodo, perch\u00e8 \u00e8 facilmente rimovibile e lavabile, quindi favorisce anche la corretta igiene orale.<\/p>\n<p><strong>\u00a0\u2013 Sicuro:<\/strong>\u00a0perch\u00e8 il cibo non si attacca tra i denti e l\u2019apparecchio, perci\u00f2 la probabilit\u00e0 dello svilluppo di carie diminuisce notevolmente. Non sono presenti fili metallici che potrebbero causare irritazione nella bocca. Perci\u00f2 offre una soluzione migliore ai pazienti.<\/p>\n<p>&nbsp;<\/p>\n<h2>Come si svolge il trattamento Invisalign\u24c7<\/h2>\n<p>&nbsp;<\/p>\n<p><img fetchpriority=\"high\" decoding=\"async\" src=\"http:\/\/elitedental.al\/wp-content\/uploads\/2021\/01\/bc866fee293007b39b16565df792c80e.png\" alt=\"trattamento Invisalign\" width=\"537\" height=\"238\" \/><\/p>\n<p>Il trattamento Invisalign\u24c7 non \u00e8 adatto a tutti, ci sono casi pi\u00f9 complessi che\u00a0richiedono altre terapie.\u00a0Pertanto bisogna sempre confrontarsi con il parere del dentista. Se la valutazione del dentista sar\u00e0 che il paziente \u00e8 idoneo a questo tipo di cura, si prendono le impronte dei denti durante la prima seduta. In seguito sono analizzate le impronte ed entro 2 giorni si verifica, se \u00e8 possibile, l\u2019allineamento\u00a0dei denti utilizzando il sistema Invisalign\u00ae.<\/p>\n<p>Il dentista prepara un piano di trattamento dettagliato e lo invia al centro di Invisalign\u24c7, dove viene preparato il set di aligner personalizzato. Il set sar\u00e1 in seguito spedito al dentista che lo consegner\u00e0 al paziente, inserito nella\u00a0propria custodia.<\/p>\n<p>Durante le visite di controllo saranno forniti nuovi set di aligner trasparenti che pian piano riallineano i denti nella corretta posizione. Nei primi giorni, dal posizionamento della nuova mascherina si potrebbe sentire un piccolo fastidio, ma bisogna resistere e\u00a0indossare l\u2019apparecchio almeno per 22 ore al giorno. In caso contrario il trattamento non sar\u00e0 efficace e durer\u00e0 pi\u00f9 a lungo.<\/p>\n<p>Dopo l\u2019ultimo set di aligner, cio\u00e8 quando termina il trattamento Invisalign\u24c7, prosegue la terapia con una mascherina di contenzione (retainer) per mantenere la posizione finale ottenuta (il retainer ha un costo a parte). Ci sono mascherine di contenzione fisse e rimovibili nell\u2019offerta di\u00a0<strong>Invisalign\u24c7<\/strong>, chiamate Vivera retainer. Si consiglia di prendere tutte e due ma la scelta finale, in questo caso sar\u00e0 del cliente.<\/p>\n<p>\u00c9 molto importante indossare questi retainer perch\u00e8, purtroppo, anche i denti allineati tendono a ritornare nella loro posizione originaria, rendendo il trattamento\u00a0<strong>Invisalign\u24c7<\/strong>\u00a0sprecato. I retainer Vivera aiutano a mantenere il risultato ottenuto anche se non sono portati per qualche giorno.<\/p>\n<p>&nbsp;<\/p>\n<h2><strong>Invisalign\u24c7\u00a0<\/strong>alla clinica dentale\u00a0<strong>Elite Dental<\/strong><\/h2>\n<p>Siamo molto fieri del fatto che possiamo offrirVi questo innovativo ed entusiasmante\u00a0trattamento ortodontico, cos\u00ec anche Voi potrete usufruire dei vantaggi del sistema Invisalign\u24c7. Prenotate una consultazione sul nostro sito! Vi aspettiamo!<\/p>\n<p>&nbsp;<\/p>\n<h2>Perch\u00e8 scegliere l\u2019Invisalign\u24c7?<\/h2>\n<p>&nbsp;<\/p>\n<p>\u2013 Visualizzione del processo sul programma 3D in anticipo \u2013 nessuna sorpresa al termine del trattamento.<\/p>\n<p>\u2013 Prezzo fisso senza costi aggiuntivi anche se il trattamento richiede pi\u00f9 tempo o pi\u00f9 appuntamenti.<\/p>\n<p>\u2013 Praticamente invisibile.<\/p>\n<p>\u2013 Estetico e comodo.<\/p>\n<p>\u2013 Dopo una recidiva si pu\u00f2 correggere lo spostamento entro 4 mesi.<\/p>\n<p>\u2013 Se dopo 2 anni dalla terapia si presenta una recidiva, il trattamento per la correzione sar\u00e0 gratuita.<\/p>\n<p>&nbsp;<\/p>\n","protected":false},"excerpt":{"rendered":"<p>&nbsp; Che cos\u2019\u00e8 l\u2019Invisalign \u24c7? &nbsp; L\u2019Invisalign\u24c7\u00a0\u00e8 una terapia ortodontica innovativa con una serie di aligner quasi invisibili e rimovibili. Le mascherine trasparenti assomigliano tanto ai paradenti utilizzati dagli atleti, ma sono state fatte con materie plastiche per uso medico estremamente dure. L\u2019apparecchio \u00e8 molto sottile, quasi trasparente, inoltre \u00e8 realizzato su misura per ogni [&hellip;]<\/p>\n","protected":false},"author":5,"featured_media":0,"parent":0,"menu_order":0,"comment_status":"closed","ping_status":"closed","template":"","meta":{"footnotes":""},"class_list":["post-6040","page","type-page","status-publish","hentry"],"yoast_head":"<!-- This site is optimized with the Yoast SEO plugin v27.2 - https:\/\/yoast.com\/product\/yoast-seo-wordpress\/ -->\n<title>INVISALIGN | EliteDental<\/title>\n<meta name=\"robots\" content=\"index, follow, max-snippet:-1, max-image-preview:large, max-video-preview:-1\" \/>\n<link rel=\"canonical\" href=\"https:\/\/elitedental.al\/it\/invisalign\/\" \/>\n<meta property=\"og:locale\" content=\"de_DE\" \/>\n<meta property=\"og:type\" content=\"article\" \/>\n<meta property=\"og:title\" content=\"INVISALIGN | EliteDental\" \/>\n<meta property=\"og:description\" content=\"&nbsp; Che cos\u2019\u00e8 l\u2019Invisalign \u24c7? &nbsp; L\u2019Invisalign\u24c7\u00a0\u00e8 una terapia ortodontica innovativa con una serie di aligner quasi invisibili e rimovibili. Le mascherine trasparenti assomigliano tanto ai paradenti utilizzati dagli atleti, ma sono state fatte con materie plastiche per uso medico estremamente dure. L\u2019apparecchio \u00e8 molto sottile, quasi trasparente, inoltre \u00e8 realizzato su misura per ogni [&hellip;]\" \/>\n<meta property=\"og:url\" content=\"https:\/\/elitedental.al\/it\/invisalign\/\" \/>\n<meta property=\"og:site_name\" content=\"EliteDental\" \/>\n<meta property=\"article:publisher\" content=\"https:\/\/www.facebook.com\/dentistalbania\/\" \/>\n<meta property=\"article:modified_time\" content=\"2023-03-08T22:24:22+00:00\" \/>\n<meta property=\"og:image\" content=\"http:\/\/elitedental.al\/wp-content\/uploads\/2021\/01\/bc866fee293007b39b16565df792c80e.png\" \/>\n<meta name=\"twitter:card\" content=\"summary_large_image\" \/>\n<meta name=\"twitter:label1\" content=\"Gesch\u00e4tzte Lesezeit\" \/>\n\t<meta name=\"twitter:data1\" content=\"3\u00a0Minuten\" \/>\n<script type=\"application\/ld+json\" class=\"yoast-schema-graph\">{\"@context\":\"https:\/\/schema.org\",\"@graph\":[{\"@type\":\"WebPage\",\"@id\":\"https:\/\/elitedental.al\/it\/invisalign\/\",\"url\":\"https:\/\/elitedental.al\/it\/invisalign\/\",\"name\":\"INVISALIGN | EliteDental\",\"isPartOf\":{\"@id\":\"https:\/\/elitedental.al\/de\/#website\"},\"primaryImageOfPage\":{\"@id\":\"https:\/\/elitedental.al\/it\/invisalign\/#primaryimage\"},\"image\":{\"@id\":\"https:\/\/elitedental.al\/it\/invisalign\/#primaryimage\"},\"thumbnailUrl\":\"http:\/\/elitedental.al\/wp-content\/uploads\/2021\/01\/bc866fee293007b39b16565df792c80e.png\",\"datePublished\":\"2021-09-21T06:00:17+00:00\",\"dateModified\":\"2023-03-08T22:24:22+00:00\",\"breadcrumb\":{\"@id\":\"https:\/\/elitedental.al\/it\/invisalign\/#breadcrumb\"},\"inLanguage\":\"de\",\"potentialAction\":[{\"@type\":\"ReadAction\",\"target\":[\"https:\/\/elitedental.al\/it\/invisalign\/\"]}]},{\"@type\":\"ImageObject\",\"inLanguage\":\"de\",\"@id\":\"https:\/\/elitedental.al\/it\/invisalign\/#primaryimage\",\"url\":\"http:\/\/elitedental.al\/wp-content\/uploads\/2021\/01\/bc866fee293007b39b16565df792c80e.png\",\"contentUrl\":\"http:\/\/elitedental.al\/wp-content\/uploads\/2021\/01\/bc866fee293007b39b16565df792c80e.png\"},{\"@type\":\"BreadcrumbList\",\"@id\":\"https:\/\/elitedental.al\/it\/invisalign\/#breadcrumb\",\"itemListElement\":[{\"@type\":\"ListItem\",\"position\":1,\"name\":\"Home\",\"item\":\"https:\/\/elitedental.al\/de\/\"},{\"@type\":\"ListItem\",\"position\":2,\"name\":\"INVISALIGN\"}]},{\"@type\":\"WebSite\",\"@id\":\"https:\/\/elitedental.al\/de\/#website\",\"url\":\"https:\/\/elitedental.al\/de\/\",\"name\":\"EliteDental\",\"description\":\"Dentista Albania\",\"publisher\":{\"@id\":\"https:\/\/elitedental.al\/de\/#organization\"},\"potentialAction\":[{\"@type\":\"SearchAction\",\"target\":{\"@type\":\"EntryPoint\",\"urlTemplate\":\"https:\/\/elitedental.al\/de\/?s={search_term_string}\"},\"query-input\":{\"@type\":\"PropertyValueSpecification\",\"valueRequired\":true,\"valueName\":\"search_term_string\"}}],\"inLanguage\":\"de\"},{\"@type\":\"Organization\",\"@id\":\"https:\/\/elitedental.al\/de\/#organization\",\"name\":\"Elite Dental\",\"url\":\"https:\/\/elitedental.al\/de\/\",\"logo\":{\"@type\":\"ImageObject\",\"inLanguage\":\"de\",\"@id\":\"https:\/\/elitedental.al\/de\/#\/schema\/logo\/image\/\",\"url\":\"http:\/\/elitedental.al\/wp-content\/uploads\/2021\/06\/90F36F80-1EAA-4C33-A5E1-028AB603EFFE.png\",\"contentUrl\":\"http:\/\/elitedental.al\/wp-content\/uploads\/2021\/06\/90F36F80-1EAA-4C33-A5E1-028AB603EFFE.png\",\"width\":888,\"height\":553,\"caption\":\"Elite Dental\"},\"image\":{\"@id\":\"https:\/\/elitedental.al\/de\/#\/schema\/logo\/image\/\"},\"sameAs\":[\"https:\/\/www.facebook.com\/dentistalbania\/\",\"https:\/\/instagram.com\/elitedentaltirana?utm_medium=copy_link\"]}]}<\/script>\n<!-- \/ Yoast SEO plugin. -->","yoast_head_json":{"title":"INVISALIGN | EliteDental","robots":{"index":"index","follow":"follow","max-snippet":"max-snippet:-1","max-image-preview":"max-image-preview:large","max-video-preview":"max-video-preview:-1"},"canonical":"https:\/\/elitedental.al\/it\/invisalign\/","og_locale":"de_DE","og_type":"article","og_title":"INVISALIGN | EliteDental","og_description":"&nbsp; Che cos\u2019\u00e8 l\u2019Invisalign \u24c7? &nbsp; L\u2019Invisalign\u24c7\u00a0\u00e8 una terapia ortodontica innovativa con una serie di aligner quasi invisibili e rimovibili. Le mascherine trasparenti assomigliano tanto ai paradenti utilizzati dagli atleti, ma sono state fatte con materie plastiche per uso medico estremamente dure. L\u2019apparecchio \u00e8 molto sottile, quasi trasparente, inoltre \u00e8 realizzato su misura per ogni [&hellip;]","og_url":"https:\/\/elitedental.al\/it\/invisalign\/","og_site_name":"EliteDental","article_publisher":"https:\/\/www.facebook.com\/dentistalbania\/","article_modified_time":"2023-03-08T22:24:22+00:00","og_image":[{"url":"http:\/\/elitedental.al\/wp-content\/uploads\/2021\/01\/bc866fee293007b39b16565df792c80e.png","type":"","width":"","height":""}],"twitter_card":"summary_large_image","twitter_misc":{"Gesch\u00e4tzte Lesezeit":"3\u00a0Minuten"},"schema":{"@context":"https:\/\/schema.org","@graph":[{"@type":"WebPage","@id":"https:\/\/elitedental.al\/it\/invisalign\/","url":"https:\/\/elitedental.al\/it\/invisalign\/","name":"INVISALIGN | EliteDental","isPartOf":{"@id":"https:\/\/elitedental.al\/de\/#website"},"primaryImageOfPage":{"@id":"https:\/\/elitedental.al\/it\/invisalign\/#primaryimage"},"image":{"@id":"https:\/\/elitedental.al\/it\/invisalign\/#primaryimage"},"thumbnailUrl":"http:\/\/elitedental.al\/wp-content\/uploads\/2021\/01\/bc866fee293007b39b16565df792c80e.png","datePublished":"2021-09-21T06:00:17+00:00","dateModified":"2023-03-08T22:24:22+00:00","breadcrumb":{"@id":"https:\/\/elitedental.al\/it\/invisalign\/#breadcrumb"},"inLanguage":"de","potentialAction":[{"@type":"ReadAction","target":["https:\/\/elitedental.al\/it\/invisalign\/"]}]},{"@type":"ImageObject","inLanguage":"de","@id":"https:\/\/elitedental.al\/it\/invisalign\/#primaryimage","url":"http:\/\/elitedental.al\/wp-content\/uploads\/2021\/01\/bc866fee293007b39b16565df792c80e.png","contentUrl":"http:\/\/elitedental.al\/wp-content\/uploads\/2021\/01\/bc866fee293007b39b16565df792c80e.png"},{"@type":"BreadcrumbList","@id":"https:\/\/elitedental.al\/it\/invisalign\/#breadcrumb","itemListElement":[{"@type":"ListItem","position":1,"name":"Home","item":"https:\/\/elitedental.al\/de\/"},{"@type":"ListItem","position":2,"name":"INVISALIGN"}]},{"@type":"WebSite","@id":"https:\/\/elitedental.al\/de\/#website","url":"https:\/\/elitedental.al\/de\/","name":"EliteDental","description":"Dentista Albania","publisher":{"@id":"https:\/\/elitedental.al\/de\/#organization"},"potentialAction":[{"@type":"SearchAction","target":{"@type":"EntryPoint","urlTemplate":"https:\/\/elitedental.al\/de\/?s={search_term_string}"},"query-input":{"@type":"PropertyValueSpecification","valueRequired":true,"valueName":"search_term_string"}}],"inLanguage":"de"},{"@type":"Organization","@id":"https:\/\/elitedental.al\/de\/#organization","name":"Elite Dental","url":"https:\/\/elitedental.al\/de\/","logo":{"@type":"ImageObject","inLanguage":"de","@id":"https:\/\/elitedental.al\/de\/#\/schema\/logo\/image\/","url":"http:\/\/elitedental.al\/wp-content\/uploads\/2021\/06\/90F36F80-1EAA-4C33-A5E1-028AB603EFFE.png","contentUrl":"http:\/\/elitedental.al\/wp-content\/uploads\/2021\/06\/90F36F80-1EAA-4C33-A5E1-028AB603EFFE.png","width":888,"height":553,"caption":"Elite Dental"},"image":{"@id":"https:\/\/elitedental.al\/de\/#\/schema\/logo\/image\/"},"sameAs":["https:\/\/www.facebook.com\/dentistalbania\/","https:\/\/instagram.com\/elitedentaltirana?utm_medium=copy_link"]}]}},"_links":{"self":[{"href":"https:\/\/elitedental.al\/de\/wp-json\/wp\/v2\/pages\/6040","targetHints":{"allow":["GET"]}}],"collection":[{"href":"https:\/\/elitedental.al\/de\/wp-json\/wp\/v2\/pages"}],"about":[{"href":"https:\/\/elitedental.al\/de\/wp-json\/wp\/v2\/types\/page"}],"author":[{"embeddable":true,"href":"https:\/\/elitedental.al\/de\/wp-json\/wp\/v2\/users\/5"}],"replies":[{"embeddable":true,"href":"https:\/\/elitedental.al\/de\/wp-json\/wp\/v2\/comments?post=6040"}],"version-history":[{"count":2,"href":"https:\/\/elitedental.al\/de\/wp-json\/wp\/v2\/pages\/6040\/revisions"}],"predecessor-version":[{"id":7017,"href":"https:\/\/elitedental.al\/de\/wp-json\/wp\/v2\/pages\/6040\/revisions\/7017"}],"wp:attachment":[{"href":"https:\/\/elitedental.al\/de\/wp-json\/wp\/v2\/media?parent=6040"}],"curies":[{"name":"wp","href":"https:\/\/api.w.org\/{rel}","templated":true}]}}