{"id":6046,"date":"2021-09-21T05:56:28","date_gmt":"2021-09-21T05:56:28","guid":{"rendered":"https:\/\/elitedental.al\/parodontologia\/"},"modified":"2021-11-24T09:44:44","modified_gmt":"2021-11-24T09:44:44","slug":"parodontologia","status":"publish","type":"page","link":"https:\/\/elitedental.al\/de\/parodontologia\/","title":{"rendered":"PARODONTOLOGIE"},"content":{"rendered":"<p>[vc_row][vc_column][vc_column_text]<\/p>\n<section class=\"av_textblock_section\">\n<div class=\"avia_textblock \">\n<p><span style=\"color: #333333;\"><span style=\"font-family: Arial Unicode MS, serif;\"><span style=\"font-size: medium;\"><span lang=\"de-DE\">Der Begriff<\/span><\/span><\/span><\/span><span style=\"color: #333333;\"><span style=\"font-family: Arial Unicode MS, serif;\"><span style=\"font-size: medium;\"><span lang=\"de-DE\"><b> Parodontologie <\/b><\/span><\/span><\/span><\/span><span style=\"color: #333333;\"><span style=\"font-family: Arial Unicode MS, serif;\"><span style=\"font-size: medium;\"><span lang=\"de-DE\">bezeichnet den Zweig der Zahnmedizin<\/span><\/span><\/span><\/span><span style=\"color: #333333;\"><span style=\"font-family: Arial Unicode MS, serif;\"><span style=\"font-size: medium;\"><span lang=\"de-DE\"><b>, <\/b><\/span><\/span><\/span><\/span><span style=\"color: #333333;\"><span style=\"font-family: Arial Unicode MS, serif;\"><span style=\"font-size: medium;\"><span lang=\"de-DE\">der die<\/span><\/span><\/span><\/span><span style=\"color: #333333;\"><span style=\"font-family: Arial Unicode MS, serif;\"><span style=\"font-size: medium;\"><span lang=\"de-DE\"><b> Gewebe des Parodontiums <\/b><\/span><\/span><\/span><\/span><span style=\"color: #333333;\"><span style=\"font-family: Arial Unicode MS, serif;\"><span style=\"font-size: medium;\"><span lang=\"de-DE\">und verwandte Krankheiten untersucht.<\/span><\/span><\/span><\/span><\/p>\n<p>&nbsp;<\/p>\n<p><span style=\"color: #333333;\"><span style=\"font-family: Arial Unicode MS, serif;\"><span lang=\"de-DE\">Das Parodontium ist der Zahnhalteapparat. Er besteht aus dem parodontalen Schwund und dem Zahnfleisch, dem harten Geweben, d. h. Wurzelzement und Alveolarknochen, die den Zahn umgeben und dazu dienen, seine Stabilit\u00e4t im Zahnbogen sicherzustellen. Der Zahnarzt, der die Krankheiten des Parodontiums feststellen und behandeln kann, wird als Parodontologe bezeichnet.<\/span><\/span><\/span><\/p>\n<p>&nbsp;<\/p>\n<p><span style=\"color: #333333;\"><span style=\"font-family: Arial Unicode MS, serif;\"><span lang=\"de-DE\">Die sogenannten<\/span><\/span><\/span><span style=\"color: #333333;\"><span style=\"font-family: Arial Unicode MS, serif;\"><span lang=\"de-DE\"><b> Parodontalerkrankungen <\/b><\/span><\/span><\/span><span style=\"color: #333333;\"><span style=\"font-family: Arial Unicode MS, serif;\"><span lang=\"de-DE\">sind die pathologischen Krankheiten des Parodontiums: Parodontitis und Gingivitis.<\/span><\/span><\/span><\/p>\n<p>&nbsp;<\/p>\n<p><span style=\"color: #333333;\"><span style=\"font-family: Arial Unicode MS, serif;\"><span lang=\"de-DE\">Parodontitis wird auch als &#8222;Pyorrhea&#8220; bezeichnet.<\/span><\/span><\/span><\/p>\n<p>&nbsp;<\/p>\n<p><span style=\"color: #333333;\"><span style=\"font-family: Arial Unicode MS, serif;\"><span lang=\"de-DE\"><b>Die Hauptursache f\u00fcr Parodontitis ist eine schlechte Mundhygiene<\/b><\/span><\/span><\/span><span style=\"color: #333333;\"><span style=\"font-family: Arial Unicode MS, serif;\"><span lang=\"de-DE\">. Wenn die Anzahl der ausl\u00f6senden Bakterien im Mund zunimmt und die Zahnfleischentz\u00fcndung in das gesamte Gewebe anf\u00e4ngt, tritt die Paradontose auf. Die wichtigsten Faktoren, die diese Erkrankung ausl\u00f6sen sind: Rauchen, nicht kompensierter Diabetes, Stress, Schwangerschaft und erbliche Veranlagung.<\/span><\/span><\/span><\/p>\n<p><span style=\"color: #333333;\"><span style=\"font-family: Arial Unicode MS, serif;\"><span lang=\"de-DE\">Diese Art von Entz\u00fcndung ist infekti\u00f6s, da die Ursache in bakteriellem Plaque liegt, der sich am Zahnfleischrand bildet. Die Entwicklungsfaktoren und Symptome sind unterschiedlich und jeder einzelne Zahn kann anders betroffen sein.<\/span><\/span><\/span><\/p>\n<p>&nbsp;<\/p>\n<\/div>\n<\/section>\n<div class=\"avia-image-container av-styling- avia-builder-el-1 el_after_av_textblock el_before_av_hr avia-align-center \">\n<div class=\"avia-image-container-inner\"><img decoding=\"async\" class=\"avia_image aligncenter\" title=\"Parodontologia-Dentista.Tv\" src=\"http:\/\/elitedental.al\/wp-content\/uploads\/2021\/01\/73d243381c73478ebc31222fb56139f6.jpg\" alt=\"\" \/><\/div>\n<\/div>\n<div class=\"hr hr-short hr-center avia-builder-el-2 el_after_av_image el_before_av_textblock \"><\/div>\n<section class=\"av_textblock_section\">\n<div class=\"avia_textblock \">\n<p>&nbsp;<\/p>\n<p><span style=\"color: #333333;\"><span style=\"font-family: Arial Unicode MS, serif;\"><span lang=\"de-DE\"><b>Parodontitis <\/b><\/span><\/span><\/span><span style=\"color: #333333;\"><span style=\"font-family: Arial Unicode MS, serif;\"><span lang=\"de-DE\">tritt auf, wenn ein oder mehrere Bestandteile des Parodontiums ihre Funktion zur Unterst\u00fctzung der Z\u00e4hne aufgrund der Vielzahl an Bakterien nicht mehr erf\u00fcllen. Das f\u00fchrt zu einer Beweglichkeit der betroffenen Z\u00e4hne und zu Zahnfleischrezessionen, d. h. zur Senkung der Gingiva und zu Neubildungen von Parodontaltaschen. <\/span><\/span><\/span><\/p>\n<p><span style=\"color: #333333;\"><span style=\"font-family: Arial Unicode MS, serif;\"><span lang=\"de-DE\">Laut einem Artikel von DG Pargo (April 2017) leiden in Deutschland etwa 11,5 Millionen Menschen an Parodontitis.<\/span><\/span><\/span><\/p>\n<p>&nbsp;<\/p>\n<p><span style=\"color: #333333;\"><span style=\"font-family: Arial Unicode MS, serif;\"><span lang=\"de-DE\">Die Erkrankung tritt normalerweise in Form von Schwellungen, R\u00f6tungen und Zahnfleischblutungen auf, die bei den t\u00e4glichen Reinigung oder beim Verzehr fester Lebensmittel auftreten. Das st\u00e4ndige Vorhandensein von Mundgeruch und die erh\u00f6hte Empfindlichkeit der Z\u00e4hnen und dem Zahnfleisch beim Kauen bzw. Z\u00e4hneputzen sind weitere Anzeichen daf\u00fcr, die es zu beachten gilt. <\/span><\/span><\/span><\/p>\n<p>&nbsp;<\/p>\n<p><span style=\"color: #333333;\"><span style=\"font-family: Arial Unicode MS, serif;\"><span lang=\"de-DE\">Solange sich die Krankheit in der Anfangsphase befindet, heilt sie nach einem subgingivalen K\u00fcrettagezyklus, der durch eine korrekte und regelm\u00e4\u00dfige t\u00e4gliche Mundhygiene aufrechterhalten werden muss.<\/span><\/span><\/span><\/p>\n<p>&nbsp;<\/p>\n<p><a name=\"page18\"><\/a> <span style=\"color: #333333;\"><span style=\"font-family: Arial Unicode MS, serif;\"><span lang=\"de-DE\">Wenn sich die Krankheit in einem fortgeschrittenen Stadium befindet, gibt es eine Reihe von chirurgischen Eingriffen, die das Weiterschreiten der Krankheit verlangsamen sollen und den Z\u00e4hnen mehr Stabilit\u00e4t verleihen.<\/span><\/span><\/span><\/p>\n<\/div>\n<\/section>\n<p>[\/vc_column_text][\/vc_column][\/vc_row][vc_row][vc_column][vc_column_text][\/vc_column_text][\/vc_column][\/vc_row]<\/p>\n","protected":false},"excerpt":{"rendered":"<p>[vc_row][vc_column][vc_column_text] Der Begriff Parodontologie bezeichnet den Zweig der Zahnmedizin, der die Gewebe des Parodontiums und verwandte Krankheiten untersucht. &nbsp; Das Parodontium ist der Zahnhalteapparat. Er besteht aus dem parodontalen Schwund und dem Zahnfleisch, dem harten Geweben, d. h. Wurzelzement und Alveolarknochen, die den Zahn umgeben und dazu dienen, seine Stabilit\u00e4t im Zahnbogen sicherzustellen. Der Zahnarzt, [&hellip;]<\/p>\n","protected":false},"author":5,"featured_media":0,"parent":0,"menu_order":0,"comment_status":"closed","ping_status":"closed","template":"","meta":{"footnotes":""},"class_list":["post-6046","page","type-page","status-publish","hentry"],"yoast_head":"<!-- This site is optimized with the Yoast SEO plugin v27.2 - https:\/\/yoast.com\/product\/yoast-seo-wordpress\/ -->\n<title>PARODONTOLOGIE | EliteDental<\/title>\n<meta name=\"robots\" content=\"index, follow, max-snippet:-1, max-image-preview:large, max-video-preview:-1\" \/>\n<link rel=\"canonical\" href=\"https:\/\/elitedental.al\/de\/parodontologia\/\" \/>\n<meta property=\"og:locale\" content=\"de_DE\" \/>\n<meta property=\"og:type\" content=\"article\" \/>\n<meta property=\"og:title\" content=\"PARODONTOLOGIE | EliteDental\" \/>\n<meta property=\"og:description\" content=\"[vc_row][vc_column][vc_column_text] Der Begriff Parodontologie bezeichnet den Zweig der Zahnmedizin, der die Gewebe des Parodontiums und verwandte Krankheiten untersucht. &nbsp; Das Parodontium ist der Zahnhalteapparat. Er besteht aus dem parodontalen Schwund und dem Zahnfleisch, dem harten Geweben, d. h. Wurzelzement und Alveolarknochen, die den Zahn umgeben und dazu dienen, seine Stabilit\u00e4t im Zahnbogen sicherzustellen. Der Zahnarzt, [&hellip;]\" \/>\n<meta property=\"og:url\" content=\"https:\/\/elitedental.al\/de\/parodontologia\/\" \/>\n<meta property=\"og:site_name\" content=\"EliteDental\" \/>\n<meta property=\"article:publisher\" content=\"https:\/\/www.facebook.com\/dentistalbania\/\" \/>\n<meta property=\"article:modified_time\" content=\"2021-11-24T09:44:44+00:00\" \/>\n<meta property=\"og:image\" content=\"http:\/\/elitedental.al\/wp-content\/uploads\/2021\/01\/73d243381c73478ebc31222fb56139f6.jpg\" \/>\n<meta name=\"twitter:card\" content=\"summary_large_image\" \/>\n<meta name=\"twitter:label1\" content=\"Gesch\u00e4tzte Lesezeit\" \/>\n\t<meta name=\"twitter:data1\" content=\"2\u00a0Minuten\" \/>\n<script type=\"application\/ld+json\" class=\"yoast-schema-graph\">{\"@context\":\"https:\/\/schema.org\",\"@graph\":[{\"@type\":\"WebPage\",\"@id\":\"https:\/\/elitedental.al\/de\/parodontologia\/\",\"url\":\"https:\/\/elitedental.al\/de\/parodontologia\/\",\"name\":\"PARODONTOLOGIE | EliteDental\",\"isPartOf\":{\"@id\":\"https:\/\/elitedental.al\/de\/#website\"},\"primaryImageOfPage\":{\"@id\":\"https:\/\/elitedental.al\/de\/parodontologia\/#primaryimage\"},\"image\":{\"@id\":\"https:\/\/elitedental.al\/de\/parodontologia\/#primaryimage\"},\"thumbnailUrl\":\"http:\/\/elitedental.al\/wp-content\/uploads\/2021\/01\/73d243381c73478ebc31222fb56139f6.jpg\",\"datePublished\":\"2021-09-21T05:56:28+00:00\",\"dateModified\":\"2021-11-24T09:44:44+00:00\",\"breadcrumb\":{\"@id\":\"https:\/\/elitedental.al\/de\/parodontologia\/#breadcrumb\"},\"inLanguage\":\"de\",\"potentialAction\":[{\"@type\":\"ReadAction\",\"target\":[\"https:\/\/elitedental.al\/de\/parodontologia\/\"]}]},{\"@type\":\"ImageObject\",\"inLanguage\":\"de\",\"@id\":\"https:\/\/elitedental.al\/de\/parodontologia\/#primaryimage\",\"url\":\"http:\/\/elitedental.al\/wp-content\/uploads\/2021\/01\/73d243381c73478ebc31222fb56139f6.jpg\",\"contentUrl\":\"http:\/\/elitedental.al\/wp-content\/uploads\/2021\/01\/73d243381c73478ebc31222fb56139f6.jpg\"},{\"@type\":\"BreadcrumbList\",\"@id\":\"https:\/\/elitedental.al\/de\/parodontologia\/#breadcrumb\",\"itemListElement\":[{\"@type\":\"ListItem\",\"position\":1,\"name\":\"Home\",\"item\":\"https:\/\/elitedental.al\/de\/\"},{\"@type\":\"ListItem\",\"position\":2,\"name\":\"PARODONTOLOGIE\"}]},{\"@type\":\"WebSite\",\"@id\":\"https:\/\/elitedental.al\/de\/#website\",\"url\":\"https:\/\/elitedental.al\/de\/\",\"name\":\"EliteDental\",\"description\":\"Dentista Albania\",\"publisher\":{\"@id\":\"https:\/\/elitedental.al\/de\/#organization\"},\"potentialAction\":[{\"@type\":\"SearchAction\",\"target\":{\"@type\":\"EntryPoint\",\"urlTemplate\":\"https:\/\/elitedental.al\/de\/?s={search_term_string}\"},\"query-input\":{\"@type\":\"PropertyValueSpecification\",\"valueRequired\":true,\"valueName\":\"search_term_string\"}}],\"inLanguage\":\"de\"},{\"@type\":\"Organization\",\"@id\":\"https:\/\/elitedental.al\/de\/#organization\",\"name\":\"Elite Dental\",\"url\":\"https:\/\/elitedental.al\/de\/\",\"logo\":{\"@type\":\"ImageObject\",\"inLanguage\":\"de\",\"@id\":\"https:\/\/elitedental.al\/de\/#\/schema\/logo\/image\/\",\"url\":\"http:\/\/elitedental.al\/wp-content\/uploads\/2021\/06\/90F36F80-1EAA-4C33-A5E1-028AB603EFFE.png\",\"contentUrl\":\"http:\/\/elitedental.al\/wp-content\/uploads\/2021\/06\/90F36F80-1EAA-4C33-A5E1-028AB603EFFE.png\",\"width\":888,\"height\":553,\"caption\":\"Elite Dental\"},\"image\":{\"@id\":\"https:\/\/elitedental.al\/de\/#\/schema\/logo\/image\/\"},\"sameAs\":[\"https:\/\/www.facebook.com\/dentistalbania\/\",\"https:\/\/instagram.com\/elitedentaltirana?utm_medium=copy_link\"]}]}<\/script>\n<!-- \/ Yoast SEO plugin. -->","yoast_head_json":{"title":"PARODONTOLOGIE | EliteDental","robots":{"index":"index","follow":"follow","max-snippet":"max-snippet:-1","max-image-preview":"max-image-preview:large","max-video-preview":"max-video-preview:-1"},"canonical":"https:\/\/elitedental.al\/de\/parodontologia\/","og_locale":"de_DE","og_type":"article","og_title":"PARODONTOLOGIE | EliteDental","og_description":"[vc_row][vc_column][vc_column_text] Der Begriff Parodontologie bezeichnet den Zweig der Zahnmedizin, der die Gewebe des Parodontiums und verwandte Krankheiten untersucht. &nbsp; Das Parodontium ist der Zahnhalteapparat. Er besteht aus dem parodontalen Schwund und dem Zahnfleisch, dem harten Geweben, d. h. Wurzelzement und Alveolarknochen, die den Zahn umgeben und dazu dienen, seine Stabilit\u00e4t im Zahnbogen sicherzustellen. Der Zahnarzt, [&hellip;]","og_url":"https:\/\/elitedental.al\/de\/parodontologia\/","og_site_name":"EliteDental","article_publisher":"https:\/\/www.facebook.com\/dentistalbania\/","article_modified_time":"2021-11-24T09:44:44+00:00","og_image":[{"url":"http:\/\/elitedental.al\/wp-content\/uploads\/2021\/01\/73d243381c73478ebc31222fb56139f6.jpg","type":"","width":"","height":""}],"twitter_card":"summary_large_image","twitter_misc":{"Gesch\u00e4tzte Lesezeit":"2\u00a0Minuten"},"schema":{"@context":"https:\/\/schema.org","@graph":[{"@type":"WebPage","@id":"https:\/\/elitedental.al\/de\/parodontologia\/","url":"https:\/\/elitedental.al\/de\/parodontologia\/","name":"PARODONTOLOGIE | EliteDental","isPartOf":{"@id":"https:\/\/elitedental.al\/de\/#website"},"primaryImageOfPage":{"@id":"https:\/\/elitedental.al\/de\/parodontologia\/#primaryimage"},"image":{"@id":"https:\/\/elitedental.al\/de\/parodontologia\/#primaryimage"},"thumbnailUrl":"http:\/\/elitedental.al\/wp-content\/uploads\/2021\/01\/73d243381c73478ebc31222fb56139f6.jpg","datePublished":"2021-09-21T05:56:28+00:00","dateModified":"2021-11-24T09:44:44+00:00","breadcrumb":{"@id":"https:\/\/elitedental.al\/de\/parodontologia\/#breadcrumb"},"inLanguage":"de","potentialAction":[{"@type":"ReadAction","target":["https:\/\/elitedental.al\/de\/parodontologia\/"]}]},{"@type":"ImageObject","inLanguage":"de","@id":"https:\/\/elitedental.al\/de\/parodontologia\/#primaryimage","url":"http:\/\/elitedental.al\/wp-content\/uploads\/2021\/01\/73d243381c73478ebc31222fb56139f6.jpg","contentUrl":"http:\/\/elitedental.al\/wp-content\/uploads\/2021\/01\/73d243381c73478ebc31222fb56139f6.jpg"},{"@type":"BreadcrumbList","@id":"https:\/\/elitedental.al\/de\/parodontologia\/#breadcrumb","itemListElement":[{"@type":"ListItem","position":1,"name":"Home","item":"https:\/\/elitedental.al\/de\/"},{"@type":"ListItem","position":2,"name":"PARODONTOLOGIE"}]},{"@type":"WebSite","@id":"https:\/\/elitedental.al\/de\/#website","url":"https:\/\/elitedental.al\/de\/","name":"EliteDental","description":"Dentista Albania","publisher":{"@id":"https:\/\/elitedental.al\/de\/#organization"},"potentialAction":[{"@type":"SearchAction","target":{"@type":"EntryPoint","urlTemplate":"https:\/\/elitedental.al\/de\/?s={search_term_string}"},"query-input":{"@type":"PropertyValueSpecification","valueRequired":true,"valueName":"search_term_string"}}],"inLanguage":"de"},{"@type":"Organization","@id":"https:\/\/elitedental.al\/de\/#organization","name":"Elite Dental","url":"https:\/\/elitedental.al\/de\/","logo":{"@type":"ImageObject","inLanguage":"de","@id":"https:\/\/elitedental.al\/de\/#\/schema\/logo\/image\/","url":"http:\/\/elitedental.al\/wp-content\/uploads\/2021\/06\/90F36F80-1EAA-4C33-A5E1-028AB603EFFE.png","contentUrl":"http:\/\/elitedental.al\/wp-content\/uploads\/2021\/06\/90F36F80-1EAA-4C33-A5E1-028AB603EFFE.png","width":888,"height":553,"caption":"Elite Dental"},"image":{"@id":"https:\/\/elitedental.al\/de\/#\/schema\/logo\/image\/"},"sameAs":["https:\/\/www.facebook.com\/dentistalbania\/","https:\/\/instagram.com\/elitedentaltirana?utm_medium=copy_link"]}]}},"_links":{"self":[{"href":"https:\/\/elitedental.al\/de\/wp-json\/wp\/v2\/pages\/6046","targetHints":{"allow":["GET"]}}],"collection":[{"href":"https:\/\/elitedental.al\/de\/wp-json\/wp\/v2\/pages"}],"about":[{"href":"https:\/\/elitedental.al\/de\/wp-json\/wp\/v2\/types\/page"}],"author":[{"embeddable":true,"href":"https:\/\/elitedental.al\/de\/wp-json\/wp\/v2\/users\/5"}],"replies":[{"embeddable":true,"href":"https:\/\/elitedental.al\/de\/wp-json\/wp\/v2\/comments?post=6046"}],"version-history":[{"count":2,"href":"https:\/\/elitedental.al\/de\/wp-json\/wp\/v2\/pages\/6046\/revisions"}],"predecessor-version":[{"id":6136,"href":"https:\/\/elitedental.al\/de\/wp-json\/wp\/v2\/pages\/6046\/revisions\/6136"}],"wp:attachment":[{"href":"https:\/\/elitedental.al\/de\/wp-json\/wp\/v2\/media?parent=6046"}],"curies":[{"name":"wp","href":"https:\/\/api.w.org\/{rel}","templated":true}]}}