{"id":6051,"date":"2021-09-21T05:33:50","date_gmt":"2021-09-21T05:33:50","guid":{"rendered":"https:\/\/elitedental.al\/protesi-dentali-fisse\/"},"modified":"2023-03-08T22:19:32","modified_gmt":"2023-03-08T22:19:32","slug":"protesi-dentali-fisse","status":"publish","type":"page","link":"https:\/\/elitedental.al\/de\/protesi-dentali-fisse\/","title":{"rendered":"ZAHNPROTHESEN"},"content":{"rendered":"<p>&nbsp;<\/p>\n<section class=\"av_textblock_section\">\n<div class=\"avia_textblock \">\n<section class=\"av_textblock_section\">\n<div class=\"avia_textblock \">\n<p><span style=\"color: #333333;\"><span style=\"font-family: Arial Unicode MS, serif;\"><span lang=\"de-DE\"><b>Die Zahnprothesen (sowohl beweglich als auch festsitzend) sind nicht nur bei vollst\u00e4ndigem Zahnmangel n\u00fctzlich, sondern auch, um einzelne Z\u00e4hne oder Gruppen schwer besch\u00e4digter Z\u00e4hne zu ersetzen.<\/b><\/span><\/span><\/span><\/p>\n<p><span style=\"color: #333333;\"><span style=\"font-family: Arial Unicode MS, serif;\"><span lang=\"de-DE\"><b>Die Fachleute von Elite Dental stellen ma\u00dfgeschneiderte zertifizierte Zahnprothesen aus sicheren Materialien mit dem CE-Zeichen her.<\/b><\/span><\/span><\/span><\/p>\n<p><span style=\"color: #333333;\"><span style=\"font-family: Arial Unicode MS, serif;\"><span style=\"font-size: medium;\"><span lang=\"de-DE\"><b>Wenn Sie eine Zahnprothese tragen m\u00f6chten, m\u00fcssen Sie Folgendes wissen:<\/b><\/span><\/span><\/span><\/span><\/p>\n<\/div>\n<\/section>\n<section class=\"av_textblock_section\">\n<div class=\"avia_textblock \">\n<h2><\/h2>\n<p><span style=\"color: #333333;\"><span style=\"font-family: Arial Unicode MS, serif;\"><span style=\"font-size: xx-large;\"><span lang=\"de-DE\"><b>FESTSITZENDE ZAHNPROTHESEN<\/b><\/span><\/span><\/span><\/span><\/p>\n<p>&nbsp;<\/p>\n<h5><strong><span style=\"color: #333333;\"><span style=\"font-family: Arial Unicode MS, serif;\"><span style=\"font-size: small;\"><span lang=\"de-DE\">Die festsitzende Zahnprothese hat den Zweck, die Funktionalit\u00e4t eines Zahnes, einer Zahngruppe oder eines gesamten Zahnbogens mittels Kronen oder Br\u00fccken wiederherzustellen.<\/span><\/span><\/span><\/span><\/strong><\/h5>\n<h5><strong><span style=\"color: #333333;\"><span style=\"font-family: Arial Unicode MS, serif;\"><span style=\"font-size: small;\"><span lang=\"de-DE\">Da die festsitzende Zahnprothese nach dem Einsetzen nicht abnehmbar ist, bleibt sie fest an ihrem Platz.<\/span><\/span><\/span><\/span><\/strong><\/h5>\n<h5 align=\"justify\"><strong><span style=\"color: #333333;\"><span style=\"font-family: Arial Unicode MS, serif;\"><span style=\"font-size: small;\"><span lang=\"de-DE\">Zur Realisierung der Au\u00dfenbeschichtung der festsitzenden Prothesen wird Keramik verwendet. Keramik ist ein Material, welches aufgrund seiner besonderen \u00e4sthetischen Eigenschaften und wegen der H\u00e4rte hervoragend hierf\u00fcr geeignet ist. Dadurch ist die Zahnprothese nahezu nicht mehr von den nat\u00fcrlichen Z\u00e4hnen zu unterscheiden.<\/span><\/span><\/span><\/span><\/strong><\/h5>\n<p><span style=\"color: #333333;\"><span style=\"font-family: Arial Unicode MS, serif;\"><span lang=\"de-DE\"><b>In welchen F\u00e4llen ist eine festsitzende Zahnprothese zu empfehlen?<\/b><\/span><\/span><\/span><\/p>\n<pre><strong><span style=\"color: #333333;\"><span style=\"font-family: Arial Unicode MS, serif;\"><span style=\"font-size: small;\"><span lang=\"de-DE\">Normalerweise wird die festsitzende Zahnprothese verwendet, wenn gesunde St\u00fctzz\u00e4hne vorhanden sind oder wenn die Unterkieferknochenstruktur ausreichend fest ist. Festsitzende Prothesen k\u00f6nnen sowohl von nat\u00fcrlichen Z\u00e4hnen als auch von Implantaten oder einer Kombination aus beiden gest\u00fctzt werden.<\/span><\/span><\/span><\/span><\/strong><\/pre>\n<p><span style=\"color: #333333;\"><span style=\"font-family: Arial Unicode MS, serif;\"><span lang=\"de-DE\"><b>Was sind die Vorteile einer festsitzenden Zahnprothese?<\/b><\/span><\/span><\/span><\/p>\n<p><strong><span style=\"color: #333333;\"><span style=\"font-family: Arial Unicode MS, serif;\"><span style=\"font-size: small;\"><span lang=\"de-DE\">Im Gegensatz zur mobilen Prothese ist die festsitzende Zahnprothese im Kieferknochen verankert und weist daher keine Stabilit\u00e4tsprobleme auf.<\/span><\/span><\/span><\/span><\/strong><\/p>\n<\/div>\n<\/section>\n<\/div>\n<\/section>\n<section class=\"av_textblock_section\">\n<div class=\"avia_textblock \">\n<p>&nbsp;<\/p>\n<\/div>\n<\/section>\n<div class=\"avia-image-container av-styling- avia-builder-el-4 el_after_av_textblock el_before_av_hr avia-align-center \">\n<div class=\"avia-image-container-inner\"><img decoding=\"async\" class=\"avia_image aligncenter\" title=\"Tooth human implant, 3d illustration\" src=\"http:\/\/elitedental.al\/wp-content\/uploads\/2019\/10\/ceec235806c783484cdfd41e6e5039bd.jpg\" alt=\"\" \/><\/div>\n<\/div>\n<div class=\"hr hr-short hr-center avia-builder-el-5 el_after_av_image el_before_av_textblock \"><\/div>\n<section class=\"av_textblock_section\">\n<div class=\"avia_textblock \">\n<p><span style=\"color: #333333;\"><span style=\"font-family: Arial Unicode MS, serif;\"><span style=\"font-size: x-large;\"><span lang=\"de-DE\"><b>FESTSITZENDE PROTHESEN AUF IMPLANTATEN<\/b><\/span><\/span><\/span><\/span><\/p>\n<p>&nbsp;<\/p>\n<p><span style=\"color: #333333;\"><span style=\"font-family: Arial Unicode MS, serif;\"><span lang=\"de-DE\">Festsitzende Prothesen auf Implantaten verwenden osseointegrierte Implantate als Unterst\u00fctzung, die fest in den Oberkieferknochen verankert sind.<\/span><\/span><\/span><\/p>\n<\/div>\n<p>&nbsp;<\/p>\n<div class=\"avia_textblock \">\n<p><span style=\"color: #333333;\"><span style=\"font-family: Arial Unicode MS, serif;\"><span lang=\"de-DE\">Um eine festsitzende Prothese zu erreichen, wird zun\u00e4chst eine Titanwurzel hergestellt, die die besondere Eigenschaft hat, die Knochenzellen zum Zusammenf\u00fcgen anzuregen.<\/span><\/span><\/span><\/p>\n<p>&nbsp;<\/p>\n<p><span style=\"color: #333333;\"><span style=\"font-family: Arial Unicode MS, serif;\"><span lang=\"de-DE\">Ab dem Zeitpunkt der Einsetzung wird das Implantat etwa 3 bis 6 Monate lang \u201eruhen\u201c gelassen. Dies ist die Zeit, die die Knochenzellen normalwerweise ben\u00f6tigen, um sich perfekt an die Titanwurzel zu binden. Hierauf wird dann der neue k\u00fcnstliche Keramikzahn gesetzt.<\/span><\/span><\/span><\/p>\n<p>&nbsp;<\/p>\n<p>&nbsp;<\/p>\n<p><span style=\"color: #333333;\"><span style=\"font-family: Arial Unicode MS, serif;\"><span lang=\"de-DE\">Das Endergebnis ist absolut nat\u00fcrlich.<\/span><\/span><\/span><\/p>\n<\/div>\n<\/section>\n<div class=\"avia-image-container av-styling- avia-builder-el-7 el_after_av_textblock el_before_av_hr avia-align-center \">\n<div class=\"avia-image-container-inner\"><img decoding=\"async\" class=\"avia_image aligncenter\" title=\"Protesi-Debtali-Fisse-su-Impianti-Dentista.Tv\" src=\"http:\/\/elitedental.al\/wp-content\/uploads\/2019\/10\/8fd74b6bfc62678f499f7b9cc0123d8b.jpg\" alt=\"\" \/><\/div>\n<\/div>\n<div class=\"hr hr-short hr-center avia-builder-el-8 el_after_av_image el_before_av_textblock \"><\/div>\n<section class=\"av_textblock_section\">\n<div class=\"avia_textblock \">\n<p><span style=\"color: #333333;\"><span style=\"font-family: Arial Unicode MS, serif;\"><span style=\"font-size: xx-large;\"><span lang=\"de-DE\"><b>ENTFERNBARE ZAHNPROTHESEN<\/b><\/span><\/span><\/span><\/span><\/p>\n<p><span style=\"color: #333333;\"><span style=\"font-family: Arial Unicode MS, serif;\"><span style=\"font-size: xx-large;\"><span lang=\"de-DE\"><b>AUF IMPLANTATEN<\/b><\/span><\/span><\/span><\/span><\/p>\n<p>&nbsp;<\/p>\n<p><span style=\"color: #333333;\"><span style=\"font-family: Arial Unicode MS, serif;\"><span lang=\"de-DE\"><b>Abnehmbare Zahnprothesen auf Implantaten werden empfohlen, wenn der Patient keine ausreichende St\u00fctzknochenstruktur hat oder Geld sparen m\u00f6chte (diese Art von Prothese ist g\u00fcnstiger als die festsitzende Prothese auf Implantaten).<\/b><\/span><\/span><\/span><\/p>\n<p align=\"justify\"><span style=\"color: #333333;\"><span style=\"font-family: Arial Unicode MS, serif;\"><span lang=\"de-DE\"><b>Die herausnehmbare Prothese auf Implantaten dient dazu, eine Gruppe fehlender Z\u00e4hne oder einen gesamten Zahnbogen zu ersetzen. Sie wird hergestellt, indem die neuen Keramikelemente auf einer Basis von 3 oder 4 Titanimplantaten verankert werden.<\/b><\/span><\/span><\/span><\/p>\n<\/div>\n<\/section>\n<div class=\"avia-image-container av-styling- avia-builder-el-10 el_after_av_textblock el_before_av_hr avia-align-center \">\n<div class=\"avia-image-container-inner\"><img decoding=\"async\" class=\"avia_image aligncenter\" title=\"Protesi-Dentali-Rimovibili-su-Impianti-Dentista.Tv\" src=\"http:\/\/elitedental.al\/wp-content\/uploads\/2019\/10\/ab0384df4971de6b68129d3cbaeedf2c.jpg\" alt=\"\" \/><\/div>\n<div><\/div>\n<\/div>\n<div class=\"hr hr-short hr-center avia-builder-el-11 el_after_av_image el_before_av_textblock \"><\/div>\n<section class=\"av_textblock_section\">\n<div class=\"avia_textblock \">\n<p><span style=\"color: #333333;\"><span style=\"font-family: Arial Unicode MS, serif;\"><span style=\"font-size: xx-large;\"><span lang=\"de-DE\"><b>MOBILE ZAHNERSATZTEILE <\/b><\/span><\/span><\/span><\/span><\/p>\n<p><span style=\"color: #333333;\"><span style=\"font-family: Arial Unicode MS, serif;\"><span style=\"font-size: xx-large;\"><span lang=\"de-DE\"><b>(Zahnersatz)<\/b><\/span><\/span><\/span><\/span><\/p>\n<p>&nbsp;<\/p>\n<p><span style=\"color: #333333;\"><span style=\"font-family: Arial Unicode MS, serif;\"><span style=\"font-size: medium;\"><span lang=\"de-DE\"><b>Mit der mobilen Zahnprothese (Zahnersatz), die an den Restz\u00e4hnen befestigt wird oder auf dem Zahnfleisch sitzt, k\u00f6nnen die fehlenden Zahnelemente ersetzt werden, um so die Funktionalit\u00e4t des Zahnbogens wiederherzustellen.<\/b><\/span><\/span><\/span><\/span><\/p>\n<p>&nbsp;<\/p>\n<p><span style=\"color: #333333;\"><span style=\"font-family: Arial Unicode MS, serif;\"><span lang=\"de-DE\"><b>In welchen F\u00e4llen ist die mobile Zahnprothese zu verwenden?<\/b><\/span><\/span><\/span><\/p>\n<p><strong><span style=\"color: #333333;\"><span style=\"font-family: Arial Unicode MS, serif;\"><span style=\"font-size: small;\"><span lang=\"de-DE\">Wenn die Bedingungen f\u00fcr die Einsetzung von Zahnimplantaten nicht erf\u00fcllt sind, k\u00f6nnen fehlende Z\u00e4hne nur durch eine herausnehmbare Prothese ersetzt werden.<\/span><\/span><\/span><\/span><\/strong><\/p>\n<p><span style=\"color: #333333;\"><span style=\"font-family: Arial Unicode MS, serif;\"><span lang=\"de-DE\"><b>Hat die mobile Zahnprothese irgendwelche Vorteile?<\/b><\/span><\/span><\/span><\/p>\n<p><strong><span style=\"color: #333333;\"><span style=\"font-family: Arial Unicode MS, serif;\"><span style=\"font-size: small;\"><span lang=\"de-DE\">Die mobile Zahnprothese ist sicherlich die schlechteste L\u00f6sung f\u00fcr die Patienten ohne Z\u00e4hne, da sie instabil ist, beim Kauen umst\u00e4ndlich ist und zahlreiche Beschwerden verursachen kann. Es ist die preisg\u00fcnstigste L\u00f6sung f\u00fcr diejenigen, die sich aus finanziellen Gr\u00fcnden daf\u00fcr entscheiden, aber es ist sicherlich nicht der effektivste Weg.<\/span><\/span><\/span><\/span><\/strong><\/p>\n<\/div>\n<\/section>\n<p>&nbsp;<\/p>\n","protected":false},"excerpt":{"rendered":"<p>&nbsp; Die Zahnprothesen (sowohl beweglich als auch festsitzend) sind nicht nur bei vollst\u00e4ndigem Zahnmangel n\u00fctzlich, sondern auch, um einzelne Z\u00e4hne oder Gruppen schwer besch\u00e4digter Z\u00e4hne zu ersetzen. Die Fachleute von Elite Dental stellen ma\u00dfgeschneiderte zertifizierte Zahnprothesen aus sicheren Materialien mit dem CE-Zeichen her. Wenn Sie eine Zahnprothese tragen m\u00f6chten, m\u00fcssen Sie Folgendes wissen: FESTSITZENDE ZAHNPROTHESEN [&hellip;]<\/p>\n","protected":false},"author":5,"featured_media":0,"parent":0,"menu_order":0,"comment_status":"closed","ping_status":"closed","template":"","meta":{"footnotes":""},"class_list":["post-6051","page","type-page","status-publish","hentry"],"yoast_head":"<!-- This site is optimized with the Yoast SEO plugin v27.2 - https:\/\/yoast.com\/product\/yoast-seo-wordpress\/ -->\n<title>ZAHNPROTHESEN | EliteDental<\/title>\n<meta name=\"robots\" content=\"index, follow, max-snippet:-1, max-image-preview:large, max-video-preview:-1\" \/>\n<link rel=\"canonical\" href=\"https:\/\/elitedental.al\/it\/protesi-dentali-fisse\/\" \/>\n<meta property=\"og:locale\" content=\"de_DE\" \/>\n<meta property=\"og:type\" content=\"article\" \/>\n<meta property=\"og:title\" content=\"ZAHNPROTHESEN | EliteDental\" \/>\n<meta property=\"og:description\" content=\"&nbsp; Die Zahnprothesen (sowohl beweglich als auch festsitzend) sind nicht nur bei vollst\u00e4ndigem Zahnmangel n\u00fctzlich, sondern auch, um einzelne Z\u00e4hne oder Gruppen schwer besch\u00e4digter Z\u00e4hne zu ersetzen. Die Fachleute von Elite Dental stellen ma\u00dfgeschneiderte zertifizierte Zahnprothesen aus sicheren Materialien mit dem CE-Zeichen her. Wenn Sie eine Zahnprothese tragen m\u00f6chten, m\u00fcssen Sie Folgendes wissen: FESTSITZENDE ZAHNPROTHESEN [&hellip;]\" \/>\n<meta property=\"og:url\" content=\"https:\/\/elitedental.al\/it\/protesi-dentali-fisse\/\" \/>\n<meta property=\"og:site_name\" content=\"EliteDental\" \/>\n<meta property=\"article:publisher\" content=\"https:\/\/www.facebook.com\/dentistalbania\/\" \/>\n<meta property=\"article:modified_time\" content=\"2023-03-08T22:19:32+00:00\" \/>\n<meta property=\"og:image\" content=\"http:\/\/elitedental.al\/wp-content\/uploads\/2019\/10\/ceec235806c783484cdfd41e6e5039bd.jpg\" \/>\n<meta name=\"twitter:card\" content=\"summary_large_image\" \/>\n<meta name=\"twitter:label1\" content=\"Gesch\u00e4tzte Lesezeit\" \/>\n\t<meta name=\"twitter:data1\" content=\"3\u00a0Minuten\" \/>\n<script type=\"application\/ld+json\" class=\"yoast-schema-graph\">{\"@context\":\"https:\/\/schema.org\",\"@graph\":[{\"@type\":\"WebPage\",\"@id\":\"https:\/\/elitedental.al\/it\/protesi-dentali-fisse\/\",\"url\":\"https:\/\/elitedental.al\/it\/protesi-dentali-fisse\/\",\"name\":\"ZAHNPROTHESEN | EliteDental\",\"isPartOf\":{\"@id\":\"https:\/\/elitedental.al\/de\/#website\"},\"primaryImageOfPage\":{\"@id\":\"https:\/\/elitedental.al\/it\/protesi-dentali-fisse\/#primaryimage\"},\"image\":{\"@id\":\"https:\/\/elitedental.al\/it\/protesi-dentali-fisse\/#primaryimage\"},\"thumbnailUrl\":\"http:\/\/elitedental.al\/wp-content\/uploads\/2019\/10\/ceec235806c783484cdfd41e6e5039bd.jpg\",\"datePublished\":\"2021-09-21T05:33:50+00:00\",\"dateModified\":\"2023-03-08T22:19:32+00:00\",\"breadcrumb\":{\"@id\":\"https:\/\/elitedental.al\/it\/protesi-dentali-fisse\/#breadcrumb\"},\"inLanguage\":\"de\",\"potentialAction\":[{\"@type\":\"ReadAction\",\"target\":[\"https:\/\/elitedental.al\/it\/protesi-dentali-fisse\/\"]}]},{\"@type\":\"ImageObject\",\"inLanguage\":\"de\",\"@id\":\"https:\/\/elitedental.al\/it\/protesi-dentali-fisse\/#primaryimage\",\"url\":\"http:\/\/elitedental.al\/wp-content\/uploads\/2019\/10\/ceec235806c783484cdfd41e6e5039bd.jpg\",\"contentUrl\":\"http:\/\/elitedental.al\/wp-content\/uploads\/2019\/10\/ceec235806c783484cdfd41e6e5039bd.jpg\"},{\"@type\":\"BreadcrumbList\",\"@id\":\"https:\/\/elitedental.al\/it\/protesi-dentali-fisse\/#breadcrumb\",\"itemListElement\":[{\"@type\":\"ListItem\",\"position\":1,\"name\":\"Home\",\"item\":\"https:\/\/elitedental.al\/de\/\"},{\"@type\":\"ListItem\",\"position\":2,\"name\":\"ZAHNPROTHESEN\"}]},{\"@type\":\"WebSite\",\"@id\":\"https:\/\/elitedental.al\/de\/#website\",\"url\":\"https:\/\/elitedental.al\/de\/\",\"name\":\"EliteDental\",\"description\":\"Dentista Albania\",\"publisher\":{\"@id\":\"https:\/\/elitedental.al\/de\/#organization\"},\"potentialAction\":[{\"@type\":\"SearchAction\",\"target\":{\"@type\":\"EntryPoint\",\"urlTemplate\":\"https:\/\/elitedental.al\/de\/?s={search_term_string}\"},\"query-input\":{\"@type\":\"PropertyValueSpecification\",\"valueRequired\":true,\"valueName\":\"search_term_string\"}}],\"inLanguage\":\"de\"},{\"@type\":\"Organization\",\"@id\":\"https:\/\/elitedental.al\/de\/#organization\",\"name\":\"Elite Dental\",\"url\":\"https:\/\/elitedental.al\/de\/\",\"logo\":{\"@type\":\"ImageObject\",\"inLanguage\":\"de\",\"@id\":\"https:\/\/elitedental.al\/de\/#\/schema\/logo\/image\/\",\"url\":\"http:\/\/elitedental.al\/wp-content\/uploads\/2021\/06\/90F36F80-1EAA-4C33-A5E1-028AB603EFFE.png\",\"contentUrl\":\"http:\/\/elitedental.al\/wp-content\/uploads\/2021\/06\/90F36F80-1EAA-4C33-A5E1-028AB603EFFE.png\",\"width\":888,\"height\":553,\"caption\":\"Elite Dental\"},\"image\":{\"@id\":\"https:\/\/elitedental.al\/de\/#\/schema\/logo\/image\/\"},\"sameAs\":[\"https:\/\/www.facebook.com\/dentistalbania\/\",\"https:\/\/instagram.com\/elitedentaltirana?utm_medium=copy_link\"]}]}<\/script>\n<!-- \/ Yoast SEO plugin. -->","yoast_head_json":{"title":"ZAHNPROTHESEN | EliteDental","robots":{"index":"index","follow":"follow","max-snippet":"max-snippet:-1","max-image-preview":"max-image-preview:large","max-video-preview":"max-video-preview:-1"},"canonical":"https:\/\/elitedental.al\/it\/protesi-dentali-fisse\/","og_locale":"de_DE","og_type":"article","og_title":"ZAHNPROTHESEN | EliteDental","og_description":"&nbsp; Die Zahnprothesen (sowohl beweglich als auch festsitzend) sind nicht nur bei vollst\u00e4ndigem Zahnmangel n\u00fctzlich, sondern auch, um einzelne Z\u00e4hne oder Gruppen schwer besch\u00e4digter Z\u00e4hne zu ersetzen. Die Fachleute von Elite Dental stellen ma\u00dfgeschneiderte zertifizierte Zahnprothesen aus sicheren Materialien mit dem CE-Zeichen her. Wenn Sie eine Zahnprothese tragen m\u00f6chten, m\u00fcssen Sie Folgendes wissen: FESTSITZENDE ZAHNPROTHESEN [&hellip;]","og_url":"https:\/\/elitedental.al\/it\/protesi-dentali-fisse\/","og_site_name":"EliteDental","article_publisher":"https:\/\/www.facebook.com\/dentistalbania\/","article_modified_time":"2023-03-08T22:19:32+00:00","og_image":[{"url":"http:\/\/elitedental.al\/wp-content\/uploads\/2019\/10\/ceec235806c783484cdfd41e6e5039bd.jpg","type":"","width":"","height":""}],"twitter_card":"summary_large_image","twitter_misc":{"Gesch\u00e4tzte Lesezeit":"3\u00a0Minuten"},"schema":{"@context":"https:\/\/schema.org","@graph":[{"@type":"WebPage","@id":"https:\/\/elitedental.al\/it\/protesi-dentali-fisse\/","url":"https:\/\/elitedental.al\/it\/protesi-dentali-fisse\/","name":"ZAHNPROTHESEN | EliteDental","isPartOf":{"@id":"https:\/\/elitedental.al\/de\/#website"},"primaryImageOfPage":{"@id":"https:\/\/elitedental.al\/it\/protesi-dentali-fisse\/#primaryimage"},"image":{"@id":"https:\/\/elitedental.al\/it\/protesi-dentali-fisse\/#primaryimage"},"thumbnailUrl":"http:\/\/elitedental.al\/wp-content\/uploads\/2019\/10\/ceec235806c783484cdfd41e6e5039bd.jpg","datePublished":"2021-09-21T05:33:50+00:00","dateModified":"2023-03-08T22:19:32+00:00","breadcrumb":{"@id":"https:\/\/elitedental.al\/it\/protesi-dentali-fisse\/#breadcrumb"},"inLanguage":"de","potentialAction":[{"@type":"ReadAction","target":["https:\/\/elitedental.al\/it\/protesi-dentali-fisse\/"]}]},{"@type":"ImageObject","inLanguage":"de","@id":"https:\/\/elitedental.al\/it\/protesi-dentali-fisse\/#primaryimage","url":"http:\/\/elitedental.al\/wp-content\/uploads\/2019\/10\/ceec235806c783484cdfd41e6e5039bd.jpg","contentUrl":"http:\/\/elitedental.al\/wp-content\/uploads\/2019\/10\/ceec235806c783484cdfd41e6e5039bd.jpg"},{"@type":"BreadcrumbList","@id":"https:\/\/elitedental.al\/it\/protesi-dentali-fisse\/#breadcrumb","itemListElement":[{"@type":"ListItem","position":1,"name":"Home","item":"https:\/\/elitedental.al\/de\/"},{"@type":"ListItem","position":2,"name":"ZAHNPROTHESEN"}]},{"@type":"WebSite","@id":"https:\/\/elitedental.al\/de\/#website","url":"https:\/\/elitedental.al\/de\/","name":"EliteDental","description":"Dentista Albania","publisher":{"@id":"https:\/\/elitedental.al\/de\/#organization"},"potentialAction":[{"@type":"SearchAction","target":{"@type":"EntryPoint","urlTemplate":"https:\/\/elitedental.al\/de\/?s={search_term_string}"},"query-input":{"@type":"PropertyValueSpecification","valueRequired":true,"valueName":"search_term_string"}}],"inLanguage":"de"},{"@type":"Organization","@id":"https:\/\/elitedental.al\/de\/#organization","name":"Elite Dental","url":"https:\/\/elitedental.al\/de\/","logo":{"@type":"ImageObject","inLanguage":"de","@id":"https:\/\/elitedental.al\/de\/#\/schema\/logo\/image\/","url":"http:\/\/elitedental.al\/wp-content\/uploads\/2021\/06\/90F36F80-1EAA-4C33-A5E1-028AB603EFFE.png","contentUrl":"http:\/\/elitedental.al\/wp-content\/uploads\/2021\/06\/90F36F80-1EAA-4C33-A5E1-028AB603EFFE.png","width":888,"height":553,"caption":"Elite Dental"},"image":{"@id":"https:\/\/elitedental.al\/de\/#\/schema\/logo\/image\/"},"sameAs":["https:\/\/www.facebook.com\/dentistalbania\/","https:\/\/instagram.com\/elitedentaltirana?utm_medium=copy_link"]}]}},"_links":{"self":[{"href":"https:\/\/elitedental.al\/de\/wp-json\/wp\/v2\/pages\/6051","targetHints":{"allow":["GET"]}}],"collection":[{"href":"https:\/\/elitedental.al\/de\/wp-json\/wp\/v2\/pages"}],"about":[{"href":"https:\/\/elitedental.al\/de\/wp-json\/wp\/v2\/types\/page"}],"author":[{"embeddable":true,"href":"https:\/\/elitedental.al\/de\/wp-json\/wp\/v2\/users\/5"}],"replies":[{"embeddable":true,"href":"https:\/\/elitedental.al\/de\/wp-json\/wp\/v2\/comments?post=6051"}],"version-history":[{"count":3,"href":"https:\/\/elitedental.al\/de\/wp-json\/wp\/v2\/pages\/6051\/revisions"}],"predecessor-version":[{"id":7011,"href":"https:\/\/elitedental.al\/de\/wp-json\/wp\/v2\/pages\/6051\/revisions\/7011"}],"wp:attachment":[{"href":"https:\/\/elitedental.al\/de\/wp-json\/wp\/v2\/media?parent=6051"}],"curies":[{"name":"wp","href":"https:\/\/api.w.org\/{rel}","templated":true}]}}