{"id":6056,"date":"2021-09-21T05:54:07","date_gmt":"2021-09-21T05:54:07","guid":{"rendered":"https:\/\/elitedental.al\/ortodonzia\/"},"modified":"2021-11-24T09:47:03","modified_gmt":"2021-11-24T09:47:03","slug":"ortodonzia","status":"publish","type":"page","link":"https:\/\/elitedental.al\/de\/ortodonzia\/","title":{"rendered":"KIEFERORTHOP\u00c4DIE"},"content":{"rendered":"<p>[vc_row][vc_column][vc_column_text]<\/p>\n<p><span style=\"color: #333333;\"><span style=\"font-family: Arial Unicode MS, serif;\"><span style=\"font-size: xx-large;\"><span lang=\"de-DE\"><b>Kieferorthop\u00e4die: Was ist das?<\/b><\/span><\/span><\/span><\/span><\/p>\n<p>&nbsp;<\/p>\n<p><span style=\"color: #333333;\"><span style=\"font-family: Arial Unicode MS, serif;\"><span lang=\"de-DE\">Kieferorthop\u00e4die oder Orthodontie ( w\u00f6rtlich &#8222;gerade Z\u00e4hne&#8220;) ist ein Teilgebiet der Zahnmedizin, <\/span><\/span><\/span><span style=\"color: #333333;\"><span style=\"font-family: Arial Unicode MS, serif;\"><span lang=\"de-DE\"><b>das sich mit der Verh\u00fctung, Behandlung von Fehlstellungen und den Wachstumsst\u00f6rungen sowohl der Z\u00e4hne als auch der Kieferknochen befasst<\/b><\/span><\/span><\/span><span style=\"color: #333333;\"><span style=\"font-family: Arial Unicode MS, serif;\"><span lang=\"de-DE\"> &#8211; alle Bedingungen, die nicht nur f\u00fcr die \u00c4sthetik des L\u00e4chelns wichtig sind, sondern auch f\u00fcr die Funktion des Kausystems eine Rolle spielen.<\/span><\/span><\/span><\/p>\n<p>&nbsp;<\/p>\n<p><span style=\"color: #333333;\"><span style=\"font-family: Arial Unicode MS, serif;\"><span style=\"font-size: small;\"><span lang=\"de-DE\">F\u00fcr den Fall, dass schlechte Okklusionen (Verschluss der Z\u00e4hne) ohne chirurgische Eingriffe behoben werden k\u00f6nnen, werden kieferorthop\u00e4dische Ger\u00e4te verwendet, um die Funktionalit\u00e4t der Z\u00e4hne wiederherzustellen. Hier wird unterschieden zwischen Ger\u00e4ten die mobil, fest und transparent sind. <\/span><\/span><\/span><\/span><\/p>\n<section class=\"av_textblock_section\">\n<div class=\"avia_textblock \">\n<h2><\/h2>\n<p><span style=\"color: #333333;\"><span style=\"font-family: Arial Unicode MS, serif;\"><span style=\"font-size: x-large;\"><span lang=\"de-DE\"><b>DIE <\/b><\/span><\/span><\/span><\/span><\/p>\n<p><span style=\"color: #333333;\"><span style=\"font-family: Arial Unicode MS, serif;\"><span style=\"font-size: x-large;\"><span lang=\"de-DE\"><b>KIEFERORTHOP\u00c4DISCHEN PRODUKTE<\/b><\/span><\/span><\/span><\/span><\/p>\n<p>&nbsp;<\/p>\n<p><span style=\"color: #333333;\"><span style=\"font-family: Arial Unicode MS, serif;\"><span style=\"font-size: medium;\"><span lang=\"de-DE\"><b>Patienten k\u00f6nnen diese Ger\u00e4te zum Essen oder f\u00fcr die t\u00e4gliche Mundhygiene entfernen und wieder einsetzen. Sie werden normalerweise f\u00fcr einen der folgenden Zwecke verwendet:<\/b><\/span><\/span><\/span><\/span><\/p>\n<ul>\n<li>\n<h4><span style=\"color: #333333;\"><span style=\"font-family: Arial Unicode MS, serif;\"><span lang=\"de-DE\"><b>Funktionsverbesserung: <\/b><\/span><\/span><\/span><span style=\"color: #333333;\"><span style=\"font-family: Arial Unicode MS, serif;\"><span lang=\"de-DE\">Sie wirken auf die Position des Kiefers und auf die Stimulation der Muskeln und erm\u00f6glichen eine Optimierung der Gesichtsknochen durch die Ver\u00e4nderung der Form und des Wachstums der Knochen.<\/span><\/span><\/span><\/h4>\n<\/li>\n<li>\n<h4><span style=\"font-family: Arial Unicode MS, serif;\"><span style=\"font-size: small;\"><span lang=\"de-DE\"><b>F\u00fcr kieferorthop\u00e4dische Zwecke: <\/b><\/span><\/span><\/span><span style=\"font-family: Arial Unicode MS, serif;\"><span style=\"font-size: small;\"><span lang=\"de-DE\">Sie bewegen die Z\u00e4hne, ohne auf Knochen und Muskeln einzuwirken<\/span><\/span><\/span><\/h4>\n<\/li>\n<li><span style=\"font-family: Arial Unicode MS, serif;\"><span style=\"font-size: small;\"><span lang=\"de-DE\"><b>Schutzumh\u00fcllung:<\/b><\/span><\/span><\/span><b> <\/b><span style=\"font-family: Arial Unicode MS, serif;\"><span lang=\"de-DE\">Sie werden normalerweise nach der Entfernung einer festen Zahnspange verwendet, um die Z\u00e4hne in der richtigen Position zu halten<\/span><\/span><\/li>\n<li style=\"list-style-type: none;\"><\/li>\n<\/ul>\n<\/div>\n<\/section>\n<section class=\"av_textblock_section\">\n<div class=\"avia_textblock \">\n<p>&nbsp;<\/p>\n<\/div>\n<h1 class=\"headerlanding\" style=\"font-size: 24px; color: #ffffff; line-height: 1.5; text-align: center; background: #00736c !important; border-radius: 10px;\"><a style=\"color: white;\" href=\"https:\/\/elitedental.al\/it\/services\/invisalign\/\">INVISALIGN<\/a><\/h1>\n<\/section>\n<div class=\"avia-image-container av-styling- avia-builder-el-4 el_after_av_textblock el_before_av_hr avia-align-center \">\n<div class=\"avia-image-container-inner\"><img fetchpriority=\"high\" decoding=\"async\" class=\" wp-image-4073 aligncenter\" src=\"http:\/\/elitedental.al\/wp-content\/uploads\/2017\/06\/invisalign-albania-225x300.jpg\" alt=\"\" width=\"308\" height=\"340\" \/><\/div>\n<\/div>\n<div class=\"hr hr-short hr-center avia-builder-el-5 el_after_av_image el_before_av_textblock \"><\/div>\n<section class=\"av_textblock_section\">\n<div class=\"avia_textblock \">\n<h2><\/h2>\n<p><span style=\"color: #333333;\"><span style=\"font-family: Arial Unicode MS, serif;\"><span style=\"font-size: xx-large;\"><span lang=\"de-DE\"><b>DIE ARTEN VON ZAHNSPANGEN<\/b><\/span><\/span><\/span><\/span><\/p>\n<p><span style=\"color: #333333;\"><span style=\"font-family: Arial Unicode MS, serif;\"><span style=\"font-size: medium;\"><span lang=\"de-DE\"><b>Diese Art von Apparaturen wird h\u00e4ufig in der Endphase einer kieferorthop\u00e4dischen Therapie verwendet. Die Zahnspange wird mit Zement an den Z\u00e4hnen bef\u00e4stigt und erst dann entfernt, wenn die Therapie erfolgreich ist. <\/b><\/span><\/span><\/span><\/span><\/p>\n<p>&nbsp;<\/p>\n<p><span style=\"color: #333333;\"><span style=\"font-family: Arial Unicode MS, serif;\"><span style=\"font-size: medium;\"><span lang=\"de-DE\"><b>Die festsitzende Zahnspange<\/b><\/span><\/span><\/span><\/span><span style=\"color: #333333;\"><span style=\"font-family: Arial Unicode MS, serif;\"><span style=\"font-size: medium;\"><span lang=\"de-DE\"> besteht aus kleinen Pl\u00e4ttchen, sogenannten Brackets die an jeden Zahn geklebt werden. Diese werden durch ein Draht miteinander verbunden, denn jedes Pl\u00e4ttchen hat Schlitze (Slots), in denen der d\u00fcnne Drahtbogen platziert wird. Aufgrund seiner Elastizit\u00e4t \u00fcbt der Metallbogen einen leichten Druck auf die Platten (und damit auf die Z\u00e4hne) aus, um die Z\u00e4hne im Endeffekt gem\u00e4\u00df dem gew\u00fcnschten Muster auszurichten.<\/span><\/span><\/span><\/span><\/p>\n<\/div>\n<\/section>\n<div class=\"avia-image-container av-styling- avia-builder-el-7 el_after_av_textblock el_before_av_hr avia-align-center \">\n<div class=\"avia-image-container-inner\"><img decoding=\"async\" class=\"avia_image aligncenter\" title=\"Apparecchio-Ortodontico-Fisso-Dentista.Tv\" src=\"http:\/\/elitedental.al\/wp-content\/uploads\/2021\/01\/3d0631cce61eb8b718e3ef35bb79e441.jpg\" alt=\"\" \/><\/div>\n<div><\/div>\n<\/div>\n<div class=\"hr hr-short hr-center avia-builder-el-8 el_after_av_image el_before_av_textblock \"><\/div>\n<section class=\"av_textblock_section\">\n<div class=\"avia_textblock \">\n<p><span style=\"color: #333333;\"><span style=\"font-family: Arial Unicode MS, serif;\"><span style=\"font-size: xx-large;\"><span lang=\"de-DE\"><b>DIE UNSICHTBARE ZAHNSPANGE<\/b><\/span><\/span><\/span><\/span><\/p>\n<p>&nbsp;<\/p>\n<p><span style=\"color: #333333;\"><span style=\"font-family: Arial Unicode MS, serif;\"><span style=\"font-size: medium;\"><span lang=\"de-DE\"><b>Die Verbreitung der Kieferorthop\u00e4die <\/b><\/span><\/span><\/span><\/span><span style=\"color: #333333;\"><span style=\"font-family: Arial Unicode MS, serif;\"><span style=\"font-size: medium;\"><span lang=\"de-DE\">hat dazu gef\u00fchrt, dass auch die Erwachsene \u00e4sthetische Alternativen zum \u201eklassischen\u201c fest installierten Ger\u00e4t mit Metallklammern finden. W\u00e4hrend es f\u00fcr ein Kind normal ist, ein Ger\u00e4t mit Metallplatten zu tragen, erfordern die \u00e4sthetischen Bed\u00fcrfnisse f\u00fcr Erwachsene eine diskretere Pr\u00e4senz.<\/span><\/span><\/span><\/span><\/p>\n<p><span style=\"color: #333333;\"><span style=\"font-family: Arial Unicode MS, serif;\"><span style=\"font-size: medium;\"><span lang=\"de-DE\">Zu diesem Zweck sind die sogenannten unsichtbaren Zahnschienen oder Clear Aligner entstanden, mit denen Sie die Z\u00e4hne ohne Verwendung von Metall- oder Keramikaufs\u00e4tzen korrigieren k\u00f6nnen.<\/span><\/span><\/span><\/span><\/p>\n<p>&nbsp;<\/p>\n<p><span style=\"color: #333333;\"><span style=\"font-family: Arial Unicode MS, serif;\"><span style=\"font-size: medium;\"><span lang=\"de-DE\"><b>Abnehmbar und \u00e4sthetisch fast unsichtbar: <\/b><\/span><\/span><\/span><\/span><span style=\"color: #333333;\"><span style=\"font-family: Arial Unicode MS, serif;\"><span style=\"font-size: medium;\"><span lang=\"de-DE\">Mit transparenten kieferorthop\u00e4dischen Zahnschienen k\u00f6nnen Sie zahlreiche Zahnprobleme beheben, darunter Kreuzbiss, \u00dcberbiss, Zahnverletzung, starker Zahnabstand und Vorsprung des oberen Bogens.<\/span><\/span><\/span><\/span><\/p>\n<p>&nbsp;<\/p>\n<p><span style=\"color: #333333;\"><span style=\"font-family: Arial Unicode MS, serif;\"><span style=\"font-size: medium;\"><span lang=\"de-DE\"><b>Knirschschienen: <\/b><\/span><\/span><\/span><\/span><span style=\"color: #333333;\"><span style=\"font-family: Arial Unicode MS, serif;\"><span style=\"font-size: medium;\"><span lang=\"de-DE\">Sie bestehen aus ungiftigem und durchsichtigem Kunststoff und werden im Labor auf der Grundlage der Zahnabdr\u00fccke des Patienten hergestellt. Sobald eine Schiene positioniert ist, durch leichten Druck auf die Z\u00e4hne beginnt sie <\/span><\/span><\/span><\/span><span style=\"color: #333333;\"><span style=\"font-family: Arial Unicode MS, serif;\"><span lang=\"de-DE\">diese in Richtung der gew\u00fcnschten Position zu verschieben und zwingt sie sich langsam zu bewegen. <\/span><\/span><\/span><\/p>\n<p><span style=\"color: #333333;\"><span style=\"font-family: Arial Unicode MS, serif;\"><span lang=\"de-DE\">Durch diese Verschiebung bringen Sie die Z\u00e4hne in die gew\u00fcnschte Position. <\/span><\/span><\/span><\/p>\n<p>&nbsp;<\/p>\n<p><span style=\"color: #333333;\"><span style=\"font-family: Arial Unicode MS, serif;\"><span lang=\"de-DE\">Die Schienen werden normalerweise alle 2 Wochen gewechselt und m\u00fcssen mindestens 20 Stunden am Tag getragen werden. Sie k\u00f6nnen nur zum Essen entfernt werden, da sonst die Wirksamkeit verringert und die kieferorthop\u00e4dische Therapie verl\u00e4ngert wird.<\/span><\/span><\/span><\/p>\n<\/div>\n<\/section>\n<p>[\/vc_column_text][\/vc_column][\/vc_row][vc_row][vc_column][vc_column_text][\/vc_column_text][\/vc_column][\/vc_row]<\/p>\n","protected":false},"excerpt":{"rendered":"<p>[vc_row][vc_column][vc_column_text] Kieferorthop\u00e4die: Was ist das? &nbsp; Kieferorthop\u00e4die oder Orthodontie ( w\u00f6rtlich &#8222;gerade Z\u00e4hne&#8220;) ist ein Teilgebiet der Zahnmedizin, das sich mit der Verh\u00fctung, Behandlung von Fehlstellungen und den Wachstumsst\u00f6rungen sowohl der Z\u00e4hne als auch der Kieferknochen befasst &#8211; alle Bedingungen, die nicht nur f\u00fcr die \u00c4sthetik des L\u00e4chelns wichtig sind, sondern auch f\u00fcr die Funktion [&hellip;]<\/p>\n","protected":false},"author":5,"featured_media":0,"parent":0,"menu_order":0,"comment_status":"closed","ping_status":"closed","template":"","meta":{"footnotes":""},"class_list":["post-6056","page","type-page","status-publish","hentry"],"yoast_head":"<!-- This site is optimized with the Yoast SEO plugin v27.2 - https:\/\/yoast.com\/product\/yoast-seo-wordpress\/ -->\n<title>KIEFERORTHOP\u00c4DIE | EliteDental<\/title>\n<meta name=\"robots\" content=\"index, follow, max-snippet:-1, max-image-preview:large, max-video-preview:-1\" \/>\n<link rel=\"canonical\" href=\"https:\/\/elitedental.al\/it\/ortodonzia\/\" \/>\n<meta property=\"og:locale\" content=\"de_DE\" \/>\n<meta property=\"og:type\" content=\"article\" \/>\n<meta property=\"og:title\" content=\"KIEFERORTHOP\u00c4DIE | EliteDental\" \/>\n<meta property=\"og:description\" content=\"[vc_row][vc_column][vc_column_text] Kieferorthop\u00e4die: Was ist das? &nbsp; Kieferorthop\u00e4die oder Orthodontie ( w\u00f6rtlich &#8222;gerade Z\u00e4hne&#8220;) ist ein Teilgebiet der Zahnmedizin, das sich mit der Verh\u00fctung, Behandlung von Fehlstellungen und den Wachstumsst\u00f6rungen sowohl der Z\u00e4hne als auch der Kieferknochen befasst &#8211; alle Bedingungen, die nicht nur f\u00fcr die \u00c4sthetik des L\u00e4chelns wichtig sind, sondern auch f\u00fcr die Funktion [&hellip;]\" \/>\n<meta property=\"og:url\" content=\"https:\/\/elitedental.al\/it\/ortodonzia\/\" \/>\n<meta property=\"og:site_name\" content=\"EliteDental\" \/>\n<meta property=\"article:publisher\" content=\"https:\/\/www.facebook.com\/dentistalbania\/\" \/>\n<meta property=\"article:modified_time\" content=\"2021-11-24T09:47:03+00:00\" \/>\n<meta property=\"og:image\" content=\"http:\/\/elitedental.al\/wp-content\/uploads\/2017\/06\/invisalign-albania-225x300.jpg\" \/>\n<meta name=\"twitter:card\" content=\"summary_large_image\" \/>\n<meta name=\"twitter:label1\" content=\"Gesch\u00e4tzte Lesezeit\" \/>\n\t<meta name=\"twitter:data1\" content=\"3\u00a0Minuten\" \/>\n<script type=\"application\/ld+json\" class=\"yoast-schema-graph\">{\"@context\":\"https:\/\/schema.org\",\"@graph\":[{\"@type\":\"WebPage\",\"@id\":\"https:\/\/elitedental.al\/it\/ortodonzia\/\",\"url\":\"https:\/\/elitedental.al\/it\/ortodonzia\/\",\"name\":\"KIEFERORTHOP\u00c4DIE | EliteDental\",\"isPartOf\":{\"@id\":\"https:\/\/elitedental.al\/de\/#website\"},\"primaryImageOfPage\":{\"@id\":\"https:\/\/elitedental.al\/it\/ortodonzia\/#primaryimage\"},\"image\":{\"@id\":\"https:\/\/elitedental.al\/it\/ortodonzia\/#primaryimage\"},\"thumbnailUrl\":\"http:\/\/elitedental.al\/wp-content\/uploads\/2017\/06\/invisalign-albania-225x300.jpg\",\"datePublished\":\"2021-09-21T05:54:07+00:00\",\"dateModified\":\"2021-11-24T09:47:03+00:00\",\"breadcrumb\":{\"@id\":\"https:\/\/elitedental.al\/it\/ortodonzia\/#breadcrumb\"},\"inLanguage\":\"de\",\"potentialAction\":[{\"@type\":\"ReadAction\",\"target\":[\"https:\/\/elitedental.al\/it\/ortodonzia\/\"]}]},{\"@type\":\"ImageObject\",\"inLanguage\":\"de\",\"@id\":\"https:\/\/elitedental.al\/it\/ortodonzia\/#primaryimage\",\"url\":\"http:\/\/elitedental.al\/wp-content\/uploads\/2017\/06\/invisalign-albania-225x300.jpg\",\"contentUrl\":\"http:\/\/elitedental.al\/wp-content\/uploads\/2017\/06\/invisalign-albania-225x300.jpg\"},{\"@type\":\"BreadcrumbList\",\"@id\":\"https:\/\/elitedental.al\/it\/ortodonzia\/#breadcrumb\",\"itemListElement\":[{\"@type\":\"ListItem\",\"position\":1,\"name\":\"Home\",\"item\":\"https:\/\/elitedental.al\/de\/\"},{\"@type\":\"ListItem\",\"position\":2,\"name\":\"KIEFERORTHOP\u00c4DIE\"}]},{\"@type\":\"WebSite\",\"@id\":\"https:\/\/elitedental.al\/de\/#website\",\"url\":\"https:\/\/elitedental.al\/de\/\",\"name\":\"EliteDental\",\"description\":\"Dentista Albania\",\"publisher\":{\"@id\":\"https:\/\/elitedental.al\/de\/#organization\"},\"potentialAction\":[{\"@type\":\"SearchAction\",\"target\":{\"@type\":\"EntryPoint\",\"urlTemplate\":\"https:\/\/elitedental.al\/de\/?s={search_term_string}\"},\"query-input\":{\"@type\":\"PropertyValueSpecification\",\"valueRequired\":true,\"valueName\":\"search_term_string\"}}],\"inLanguage\":\"de\"},{\"@type\":\"Organization\",\"@id\":\"https:\/\/elitedental.al\/de\/#organization\",\"name\":\"Elite Dental\",\"url\":\"https:\/\/elitedental.al\/de\/\",\"logo\":{\"@type\":\"ImageObject\",\"inLanguage\":\"de\",\"@id\":\"https:\/\/elitedental.al\/de\/#\/schema\/logo\/image\/\",\"url\":\"http:\/\/elitedental.al\/wp-content\/uploads\/2021\/06\/90F36F80-1EAA-4C33-A5E1-028AB603EFFE.png\",\"contentUrl\":\"http:\/\/elitedental.al\/wp-content\/uploads\/2021\/06\/90F36F80-1EAA-4C33-A5E1-028AB603EFFE.png\",\"width\":888,\"height\":553,\"caption\":\"Elite Dental\"},\"image\":{\"@id\":\"https:\/\/elitedental.al\/de\/#\/schema\/logo\/image\/\"},\"sameAs\":[\"https:\/\/www.facebook.com\/dentistalbania\/\",\"https:\/\/instagram.com\/elitedentaltirana?utm_medium=copy_link\"]}]}<\/script>\n<!-- \/ Yoast SEO plugin. -->","yoast_head_json":{"title":"KIEFERORTHOP\u00c4DIE | EliteDental","robots":{"index":"index","follow":"follow","max-snippet":"max-snippet:-1","max-image-preview":"max-image-preview:large","max-video-preview":"max-video-preview:-1"},"canonical":"https:\/\/elitedental.al\/it\/ortodonzia\/","og_locale":"de_DE","og_type":"article","og_title":"KIEFERORTHOP\u00c4DIE | EliteDental","og_description":"[vc_row][vc_column][vc_column_text] Kieferorthop\u00e4die: Was ist das? &nbsp; Kieferorthop\u00e4die oder Orthodontie ( w\u00f6rtlich &#8222;gerade Z\u00e4hne&#8220;) ist ein Teilgebiet der Zahnmedizin, das sich mit der Verh\u00fctung, Behandlung von Fehlstellungen und den Wachstumsst\u00f6rungen sowohl der Z\u00e4hne als auch der Kieferknochen befasst &#8211; alle Bedingungen, die nicht nur f\u00fcr die \u00c4sthetik des L\u00e4chelns wichtig sind, sondern auch f\u00fcr die Funktion [&hellip;]","og_url":"https:\/\/elitedental.al\/it\/ortodonzia\/","og_site_name":"EliteDental","article_publisher":"https:\/\/www.facebook.com\/dentistalbania\/","article_modified_time":"2021-11-24T09:47:03+00:00","og_image":[{"url":"http:\/\/elitedental.al\/wp-content\/uploads\/2017\/06\/invisalign-albania-225x300.jpg","type":"","width":"","height":""}],"twitter_card":"summary_large_image","twitter_misc":{"Gesch\u00e4tzte Lesezeit":"3\u00a0Minuten"},"schema":{"@context":"https:\/\/schema.org","@graph":[{"@type":"WebPage","@id":"https:\/\/elitedental.al\/it\/ortodonzia\/","url":"https:\/\/elitedental.al\/it\/ortodonzia\/","name":"KIEFERORTHOP\u00c4DIE | EliteDental","isPartOf":{"@id":"https:\/\/elitedental.al\/de\/#website"},"primaryImageOfPage":{"@id":"https:\/\/elitedental.al\/it\/ortodonzia\/#primaryimage"},"image":{"@id":"https:\/\/elitedental.al\/it\/ortodonzia\/#primaryimage"},"thumbnailUrl":"http:\/\/elitedental.al\/wp-content\/uploads\/2017\/06\/invisalign-albania-225x300.jpg","datePublished":"2021-09-21T05:54:07+00:00","dateModified":"2021-11-24T09:47:03+00:00","breadcrumb":{"@id":"https:\/\/elitedental.al\/it\/ortodonzia\/#breadcrumb"},"inLanguage":"de","potentialAction":[{"@type":"ReadAction","target":["https:\/\/elitedental.al\/it\/ortodonzia\/"]}]},{"@type":"ImageObject","inLanguage":"de","@id":"https:\/\/elitedental.al\/it\/ortodonzia\/#primaryimage","url":"http:\/\/elitedental.al\/wp-content\/uploads\/2017\/06\/invisalign-albania-225x300.jpg","contentUrl":"http:\/\/elitedental.al\/wp-content\/uploads\/2017\/06\/invisalign-albania-225x300.jpg"},{"@type":"BreadcrumbList","@id":"https:\/\/elitedental.al\/it\/ortodonzia\/#breadcrumb","itemListElement":[{"@type":"ListItem","position":1,"name":"Home","item":"https:\/\/elitedental.al\/de\/"},{"@type":"ListItem","position":2,"name":"KIEFERORTHOP\u00c4DIE"}]},{"@type":"WebSite","@id":"https:\/\/elitedental.al\/de\/#website","url":"https:\/\/elitedental.al\/de\/","name":"EliteDental","description":"Dentista Albania","publisher":{"@id":"https:\/\/elitedental.al\/de\/#organization"},"potentialAction":[{"@type":"SearchAction","target":{"@type":"EntryPoint","urlTemplate":"https:\/\/elitedental.al\/de\/?s={search_term_string}"},"query-input":{"@type":"PropertyValueSpecification","valueRequired":true,"valueName":"search_term_string"}}],"inLanguage":"de"},{"@type":"Organization","@id":"https:\/\/elitedental.al\/de\/#organization","name":"Elite Dental","url":"https:\/\/elitedental.al\/de\/","logo":{"@type":"ImageObject","inLanguage":"de","@id":"https:\/\/elitedental.al\/de\/#\/schema\/logo\/image\/","url":"http:\/\/elitedental.al\/wp-content\/uploads\/2021\/06\/90F36F80-1EAA-4C33-A5E1-028AB603EFFE.png","contentUrl":"http:\/\/elitedental.al\/wp-content\/uploads\/2021\/06\/90F36F80-1EAA-4C33-A5E1-028AB603EFFE.png","width":888,"height":553,"caption":"Elite Dental"},"image":{"@id":"https:\/\/elitedental.al\/de\/#\/schema\/logo\/image\/"},"sameAs":["https:\/\/www.facebook.com\/dentistalbania\/","https:\/\/instagram.com\/elitedentaltirana?utm_medium=copy_link"]}]}},"_links":{"self":[{"href":"https:\/\/elitedental.al\/de\/wp-json\/wp\/v2\/pages\/6056","targetHints":{"allow":["GET"]}}],"collection":[{"href":"https:\/\/elitedental.al\/de\/wp-json\/wp\/v2\/pages"}],"about":[{"href":"https:\/\/elitedental.al\/de\/wp-json\/wp\/v2\/types\/page"}],"author":[{"embeddable":true,"href":"https:\/\/elitedental.al\/de\/wp-json\/wp\/v2\/users\/5"}],"replies":[{"embeddable":true,"href":"https:\/\/elitedental.al\/de\/wp-json\/wp\/v2\/comments?post=6056"}],"version-history":[{"count":2,"href":"https:\/\/elitedental.al\/de\/wp-json\/wp\/v2\/pages\/6056\/revisions"}],"predecessor-version":[{"id":6133,"href":"https:\/\/elitedental.al\/de\/wp-json\/wp\/v2\/pages\/6056\/revisions\/6133"}],"wp:attachment":[{"href":"https:\/\/elitedental.al\/de\/wp-json\/wp\/v2\/media?parent=6056"}],"curies":[{"name":"wp","href":"https:\/\/api.w.org\/{rel}","templated":true}]}}