{"id":8300,"date":"2024-09-23T15:49:42","date_gmt":"2024-09-23T15:49:42","guid":{"rendered":"https:\/\/elitedental.al\/?page_id=8300"},"modified":"2024-09-23T15:49:42","modified_gmt":"2024-09-23T15:49:42","slug":"dienstleistungen","status":"publish","type":"page","link":"https:\/\/elitedental.al\/de\/dienstleistungen\/","title":{"rendered":"Dienstleistungen"},"content":{"rendered":"\t\t<div data-elementor-type=\"wp-page\" data-elementor-id=\"8300\" class=\"elementor elementor-8300 elementor-2\" data-elementor-post-type=\"page\">\n\t\t\t\t\t\t<section class=\"elementor-section elementor-top-section elementor-element elementor-element-6c047ba2 elementor-section-boxed elementor-section-height-default elementor-section-height-default\" data-id=\"6c047ba2\" data-element_type=\"section\" data-e-type=\"section\">\n\t\t\t\t\t\t<div class=\"elementor-container elementor-column-gap-default\">\n\t\t\t\t\t<div class=\"elementor-column elementor-col-100 elementor-top-column elementor-element elementor-element-1bfbad7c\" data-id=\"1bfbad7c\" data-element_type=\"column\" data-e-type=\"column\">\n\t\t\t<div class=\"elementor-widget-wrap elementor-element-populated\">\n\t\t\t\t\t\t<div class=\"elementor-element elementor-element-1a24dd32 elementor-widget elementor-widget-text-editor\" data-id=\"1a24dd32\" data-element_type=\"widget\" data-e-type=\"widget\" data-widget_type=\"text-editor.default\">\n\t\t\t\t<div class=\"elementor-widget-container\">\n\t\t\t\t\t\t\t\t\t<p>&nbsp;<\/p>\n<div class=\"vc_row wpb_row vc_inner vc_row-fluid\">\n<div class=\"wpb_column vc_column_container vc_col-sm-12\">\n<div class=\"vc_column-inner vc_custom_1540470416020\">\n<div class=\"wpb_wrapper\">\n<h1 class=\"vc_custom_heading titull-line\">Servizi odontoiatrici &#8211; Cure dentali in Albania 2<\/h1>\n<div class=\"wpb_text_column wpb_content_element \">\n<div class=\"wpb_wrapper\">\n<p>Perch\u00e9 avere cure dentali in Albania anzich\u00e9 nel tuo paese? La nostra \u00e8 una clinica dotata di strumentazioni all\u2019avanguardia e si avvale dell\u2019eccellenza medica di un\u2019equipe di 13 odontoiatri specializzatisi presso le maggiori Universit\u00e0 d\u2019Europa.<\/p>\n<p>Tutti gli interventi di implantologia tradizionale e&nbsp;implantologia computer guidata, chirurgia orale, protesica, estetica dentale e&nbsp;ortodonzia&nbsp;vengono eseguiti nel rispetto dei protocolli odontoiatrici internazionali. Per ricevere un piano di cure personalizzato \u00e8 necessaria una visita gratuita in sede, dove i nostri specialisti potranno effettuare esami accurati della tua situazione dentale e mostrarti la terapia pi\u00f9 idonea.<\/p>\n<\/div>\n<\/div>\n<\/div>\n<\/div>\n<\/div>\n<\/div>\n<div class=\"vc_row wpb_row vc_inner vc_row-fluid titull-line\">\n<div class=\"wpb_column vc_column_container vc_col-sm-12\">\n<div class=\"vc_column-inner vc_custom_1540470331588\">\n<div class=\"wpb_wrapper\">\n<h2 class=\"vc_custom_heading titull-line\">Consulenza e piano di cure<\/h2>\n<div class=\"wpb_text_column wpb_content_element \">\n<div class=\"wpb_wrapper\">\n<p>Sono completamente gratuiti. La tua prima visita ci d\u00e0 una panoramica dei tuoi problemi dentali, necessaria per capire le cure adatte a risolverli.<\/p>\n<p>Dopo la visita e aver visionato la TAC 3D (la lastra tridimensionale delle tue arcate dentali) la nostra equipe medica ti presenter\u00e0 un&nbsp;<strong>piano terapeutico personalizzato<\/strong>&nbsp;spiegandoti nel dettaglio i problemi riscontrati<\/p>\n<\/div>\n<\/div>\n<\/div>\n<\/div>\n<\/div>\n<\/div>\n<div class=\"vc_row wpb_row vc_inner vc_row-fluid titull-line\">\n<div class=\"wpb_column vc_column_container vc_col-sm-12\">\n<div class=\"vc_column-inner vc_custom_1540470337611\">\n<div class=\"wpb_wrapper\">\n<h2 class=\"vc_custom_heading titull-line\">Estrazione dentale<\/h2>\n<div class=\"wpb_text_column wpb_content_element \">\n<div class=\"wpb_wrapper\">\n<p>Le estrazioni dentali permettono di rimuovere il dente dal proprio alveolo a seguito di cause patologiche o quando, come nel caso dei denti del giudizio, il dente in sede creerebbe danni maggiori.<\/p>\n<p>Inviaci una panoramica dentale per ricevere un PREVENTIVO di massima.<\/p>\n<ul class=\"list1\">\n<li>\u2013 Estrazione semplice di dente o radice<\/li>\n<li>\u2013 Estrazione di impianto<\/li>\n<li>\u2013 Estrazione chirurgica di dente o radice\/dente del giudizio<\/li>\n<li>\u2013 Estrazione di ciste<\/li>\n<li>\u2013 Estrazione di dente del giudizio<\/li>\n<\/ul>\n<\/div>\n<\/div>\n<\/div>\n<\/div>\n<\/div>\n<\/div>\n<div class=\"vc_row wpb_row vc_inner vc_row-fluid titull-line\">\n<div class=\"wpb_column vc_column_container vc_col-sm-12\">\n<div class=\"vc_column-inner vc_custom_1540470348868\">\n<div class=\"wpb_wrapper\">\n<h2 class=\"vc_custom_heading titull-line\">Devitalizzazione e terapie canalari<\/h2>\n<div class=\"wpb_text_column wpb_content_element \">\n<div class=\"wpb_wrapper\">\n<p>Le terapie endodontiche, dette anche devitalizzazioni o&nbsp;cure o terapie canalari, sono trattamenti mirati a salvare un detto infetto dall\u2019estrazione.<\/p>\n<p>Inviaci una panoramica dentale per ricevere un PREVENTIVO di massima.<\/p>\n<ul class=\"list1\">\n<li>\u2013 Devitalizzazione e terapia canalare in dente monoradicolato<\/li>\n<li>\u2013 Devitalizzazione e terapia canalare in dente biradicolato<\/li>\n<li>\u2013 Devitalizzazione e terapia canalare in dente triradicolato<\/li>\n<\/ul>\n<\/div>\n<\/div>\n<\/div>\n<\/div>\n<\/div>\n<\/div>\n<div class=\"vc_row wpb_row vc_inner vc_row-fluid titull-line\">\n<div class=\"wpb_column vc_column_container vc_col-sm-12\">\n<div class=\"vc_column-inner vc_custom_1540470353875\">\n<div class=\"wpb_wrapper\">\n<h2 class=\"vc_custom_heading titull-line\">Protesi dentarie provvisorie e fisse<\/h2>\n<div class=\"wpb_text_column wpb_content_element \">\n<div class=\"wpb_wrapper\">\n<p>I costi delle&nbsp;protesi&nbsp;dipendono da vari fattori: se fisse o provvisorie, se realizzate in metallo ceramica o ceramica zirconio, e dal numero di impianti in titanio inseriti.<\/p>\n<ul class=\"list1\">\n<li>\u2013 Protesi provvisoria<\/li>\n<li>\u2013&nbsp;Protesi provvisoria a carico immediato<\/li>\n<li>\u2013 Protesi totale fissa in metallo ceramica + 6 impianti in titanio<\/li>\n<li>\u2013 Protesi totale fissa in metallo ceramica + 8 impianti in titanio<\/li>\n<li>\u2013 Protesi totale fissa in ceramica zirconio + 6 impianti in titanio<\/li>\n<li>\u2013 Protesi totale fissa in ceramica zirconio + 8 impianti in titanio<\/li>\n<li>\u2013 Protesi con ganci estetici<\/li>\n<li>\u2013 Protesi microparziale<\/li>\n<li>\u2013 Impianto in titanio OXY compreso di vite di guarigione<\/li>\n<li>\u2013 Moncone per impianto<\/li>\n<\/ul>\n<\/div>\n<\/div>\n<\/div>\n<\/div>\n<\/div>\n<\/div>\n<div class=\"vc_row wpb_row vc_inner vc_row-fluid titull-line\">\n<div class=\"wpb_column vc_column_container vc_col-sm-12\">\n<div class=\"vc_column-inner vc_custom_1540471609030\">\n<div class=\"wpb_wrapper\">\n<h2 class=\"vc_custom_heading titull-line\">Corone in metallo ceramica e in ceramica zirconio<\/h2>\n<div class=\"wpb_text_column wpb_content_element \">\n<div class=\"wpb_wrapper\">\n<p>Le&nbsp;corone in metallo ceramica&nbsp;sono costituite da una struttura portante in metallo e da un rivestimento in ceramica, mentre le corone in ceramica zirconio sono formate da un nucleo di zirconio ricoperto da fine ceramica.<\/p>\n<ul class=\"list1\">\n<li>\u2013 Corone in metallo ceramica su impianto osteointegrato<\/li>\n<li>\u2013 Corone in metallo ceramica su dente<\/li>\n<li>\u2013 Corone in ceramica zirconio su impianto osteointegrato<\/li>\n<li>\u2013 Corone in ceramica zirconio su dente<\/li>\n<\/ul>\n<\/div>\n<\/div>\n<\/div>\n<\/div>\n<\/div>\n<\/div>\n<div class=\"vc_row wpb_row vc_inner vc_row-fluid titull-line\">\n<div class=\"wpb_column vc_column_container vc_col-sm-12\">\n<div class=\"vc_column-inner vc_custom_1540470366396\">\n<div class=\"wpb_wrapper\">\n<h2 class=\"vc_custom_heading titull-line\">Chirurgia parodontale ricostruttiva<\/h2>\n<div class=\"wpb_text_column wpb_content_element \">\n<div class=\"wpb_wrapper\">\n<p>Gli interventi di&nbsp;chirurgia ossea parodontale&nbsp;sono necessari per curare difetti ossei e si dividono in interventi di chirurgia ricostruttiva e resettiva.<\/p>\n<p>Inviaci una panoramica dentale per ricevere un PREVENTIVO di massima.<\/p>\n<ul class=\"list1\">\n<li>\u2013 Ricostruzione dell\u2019osso compreso di membrana e materiale biocompatibile<\/li>\n<li>\u2013 Grande rialzo del seno mascellare compreso di membrana, pi\u00f9 materiale biocompatibile di prima categoria<\/li>\n<li>\u2013 Minirialzo del seno mascellare compreso di membrana, pi\u00f9 materiale biocompatibile di prima categoria<\/li>\n<li>\u2013 Ricostruzione di dente con perno moncone<\/li>\n<li>\u2013 Resezione apicale<\/li>\n<li>\u2013 PRF<\/li>\n<\/ul>\n<\/div>\n<\/div>\n<\/div>\n<\/div>\n<\/div>\n<\/div>\n<div class=\"vc_row wpb_row vc_inner vc_row-fluid titull-line\">\n<div class=\"wpb_column vc_column_container vc_col-sm-12\">\n<div class=\"vc_column-inner vc_custom_1540471800022\">\n<div class=\"wpb_wrapper\">\n<h2 class=\"vc_custom_heading titull-line\">Altri servizi odontoiatrici<\/h2>\n<div class=\"wpb_text_column wpb_content_element \">\n<div class=\"wpb_wrapper\">\n<p>Forniamo inoltre una serie di altri servizi odontoiatrici, dalla pulizia dentale allo splintaggio ortodontico alla realizzazione di bite che proteggono i denti dal bruxismo.<\/p>\n<p>Inviaci una panoramica dentale per ricevere un PREVENTIVO di massima.<\/p>\n<ul class=\"list1\">\n<li>\u2013 TAC volumetrico Dentalscan in 3D cone beam<\/li>\n<li>\u2013 Pulizia professionale dei denti \/Ablazione del tartaro<\/li>\n<li>\u2013 Panoramica dentale<\/li>\n<li>\u2013 Otturazione estetica in composito<\/li>\n<li>\u2013 Elementi provvisori<\/li>\n<li>\u2013 Splint<\/li>\n<li>\u2013 Bite<\/li>\n<li>\u2013&nbsp;Faccette dentali in Emax<\/li>\n<\/ul>\n<\/div>\n<\/div>\n<\/div>\n<\/div>\n<\/div>\n<\/div>\n<p>&nbsp;<\/p>\t\t\t\t\t\t\t\t<\/div>\n\t\t\t\t<\/div>\n\t\t\t\t\t<\/div>\n\t\t<\/div>\n\t\t\t\t\t<\/div>\n\t\t<\/section>\n\t\t\t\t<\/div>\n\t\t","protected":false},"excerpt":{"rendered":"<p>&nbsp; Servizi odontoiatrici &#8211; Cure dentali in Albania Perch\u00e9 avere cure dentali in Albania anzich\u00e9 nel tuo paese? La nostra \u00e8 una clinica dotata di strumentazioni all\u2019avanguardia e si avvale dell\u2019eccellenza medica di un\u2019equipe di 13 odontoiatri specializzatisi presso le maggiori Universit\u00e0 d\u2019Europa. Tutti gli interventi di implantologia tradizionale e\u00a0implantologia computer guidata, chirurgia orale, protesica, [&hellip;]<\/p>\n","protected":false},"author":5,"featured_media":0,"parent":0,"menu_order":0,"comment_status":"closed","ping_status":"closed","template":"","meta":{"footnotes":""},"class_list":["post-8300","page","type-page","status-publish","hentry"],"yoast_head":"<!-- This site is optimized with the Yoast SEO plugin v27.2 - https:\/\/yoast.com\/product\/yoast-seo-wordpress\/ -->\n<title>Dienstleistungen | EliteDental<\/title>\n<meta name=\"robots\" content=\"index, follow, max-snippet:-1, max-image-preview:large, max-video-preview:-1\" \/>\n<link rel=\"canonical\" href=\"https:\/\/elitedental.al\/de\/dienstleistungen\/\" \/>\n<meta property=\"og:locale\" content=\"de_DE\" \/>\n<meta property=\"og:type\" content=\"article\" \/>\n<meta property=\"og:title\" content=\"Dienstleistungen | EliteDental\" \/>\n<meta property=\"og:description\" content=\"&nbsp; Servizi odontoiatrici &#8211; Cure dentali in Albania Perch\u00e9 avere cure dentali in Albania anzich\u00e9 nel tuo paese? La nostra \u00e8 una clinica dotata di strumentazioni all\u2019avanguardia e si avvale dell\u2019eccellenza medica di un\u2019equipe di 13 odontoiatri specializzatisi presso le maggiori Universit\u00e0 d\u2019Europa. Tutti gli interventi di implantologia tradizionale e\u00a0implantologia computer guidata, chirurgia orale, protesica, [&hellip;]\" \/>\n<meta property=\"og:url\" content=\"https:\/\/elitedental.al\/de\/dienstleistungen\/\" \/>\n<meta property=\"og:site_name\" content=\"EliteDental\" \/>\n<meta property=\"article:publisher\" content=\"https:\/\/www.facebook.com\/dentistalbania\/\" \/>\n<meta name=\"twitter:card\" content=\"summary_large_image\" \/>\n<meta name=\"twitter:label1\" content=\"Gesch\u00e4tzte Lesezeit\" \/>\n\t<meta name=\"twitter:data1\" content=\"3\u00a0Minuten\" \/>\n<script type=\"application\/ld+json\" class=\"yoast-schema-graph\">{\"@context\":\"https:\/\/schema.org\",\"@graph\":[{\"@type\":\"WebPage\",\"@id\":\"https:\/\/elitedental.al\/de\/dienstleistungen\/\",\"url\":\"https:\/\/elitedental.al\/de\/dienstleistungen\/\",\"name\":\"Dienstleistungen | EliteDental\",\"isPartOf\":{\"@id\":\"https:\/\/elitedental.al\/de\/#website\"},\"datePublished\":\"2024-09-23T15:49:42+00:00\",\"breadcrumb\":{\"@id\":\"https:\/\/elitedental.al\/de\/dienstleistungen\/#breadcrumb\"},\"inLanguage\":\"de\",\"potentialAction\":[{\"@type\":\"ReadAction\",\"target\":[\"https:\/\/elitedental.al\/de\/dienstleistungen\/\"]}]},{\"@type\":\"BreadcrumbList\",\"@id\":\"https:\/\/elitedental.al\/de\/dienstleistungen\/#breadcrumb\",\"itemListElement\":[{\"@type\":\"ListItem\",\"position\":1,\"name\":\"Home\",\"item\":\"https:\/\/elitedental.al\/de\/\"},{\"@type\":\"ListItem\",\"position\":2,\"name\":\"Dienstleistungen\"}]},{\"@type\":\"WebSite\",\"@id\":\"https:\/\/elitedental.al\/de\/#website\",\"url\":\"https:\/\/elitedental.al\/de\/\",\"name\":\"EliteDental\",\"description\":\"Dentista Albania\",\"publisher\":{\"@id\":\"https:\/\/elitedental.al\/de\/#organization\"},\"potentialAction\":[{\"@type\":\"SearchAction\",\"target\":{\"@type\":\"EntryPoint\",\"urlTemplate\":\"https:\/\/elitedental.al\/de\/?s={search_term_string}\"},\"query-input\":{\"@type\":\"PropertyValueSpecification\",\"valueRequired\":true,\"valueName\":\"search_term_string\"}}],\"inLanguage\":\"de\"},{\"@type\":\"Organization\",\"@id\":\"https:\/\/elitedental.al\/de\/#organization\",\"name\":\"Elite Dental\",\"url\":\"https:\/\/elitedental.al\/de\/\",\"logo\":{\"@type\":\"ImageObject\",\"inLanguage\":\"de\",\"@id\":\"https:\/\/elitedental.al\/de\/#\/schema\/logo\/image\/\",\"url\":\"http:\/\/elitedental.al\/wp-content\/uploads\/2021\/06\/90F36F80-1EAA-4C33-A5E1-028AB603EFFE.png\",\"contentUrl\":\"http:\/\/elitedental.al\/wp-content\/uploads\/2021\/06\/90F36F80-1EAA-4C33-A5E1-028AB603EFFE.png\",\"width\":888,\"height\":553,\"caption\":\"Elite Dental\"},\"image\":{\"@id\":\"https:\/\/elitedental.al\/de\/#\/schema\/logo\/image\/\"},\"sameAs\":[\"https:\/\/www.facebook.com\/dentistalbania\/\",\"https:\/\/instagram.com\/elitedentaltirana?utm_medium=copy_link\"]}]}<\/script>\n<!-- \/ Yoast SEO plugin. -->","yoast_head_json":{"title":"Dienstleistungen | EliteDental","robots":{"index":"index","follow":"follow","max-snippet":"max-snippet:-1","max-image-preview":"max-image-preview:large","max-video-preview":"max-video-preview:-1"},"canonical":"https:\/\/elitedental.al\/de\/dienstleistungen\/","og_locale":"de_DE","og_type":"article","og_title":"Dienstleistungen | EliteDental","og_description":"&nbsp; Servizi odontoiatrici &#8211; Cure dentali in Albania Perch\u00e9 avere cure dentali in Albania anzich\u00e9 nel tuo paese? La nostra \u00e8 una clinica dotata di strumentazioni all\u2019avanguardia e si avvale dell\u2019eccellenza medica di un\u2019equipe di 13 odontoiatri specializzatisi presso le maggiori Universit\u00e0 d\u2019Europa. Tutti gli interventi di implantologia tradizionale e\u00a0implantologia computer guidata, chirurgia orale, protesica, [&hellip;]","og_url":"https:\/\/elitedental.al\/de\/dienstleistungen\/","og_site_name":"EliteDental","article_publisher":"https:\/\/www.facebook.com\/dentistalbania\/","twitter_card":"summary_large_image","twitter_misc":{"Gesch\u00e4tzte Lesezeit":"3\u00a0Minuten"},"schema":{"@context":"https:\/\/schema.org","@graph":[{"@type":"WebPage","@id":"https:\/\/elitedental.al\/de\/dienstleistungen\/","url":"https:\/\/elitedental.al\/de\/dienstleistungen\/","name":"Dienstleistungen | EliteDental","isPartOf":{"@id":"https:\/\/elitedental.al\/de\/#website"},"datePublished":"2024-09-23T15:49:42+00:00","breadcrumb":{"@id":"https:\/\/elitedental.al\/de\/dienstleistungen\/#breadcrumb"},"inLanguage":"de","potentialAction":[{"@type":"ReadAction","target":["https:\/\/elitedental.al\/de\/dienstleistungen\/"]}]},{"@type":"BreadcrumbList","@id":"https:\/\/elitedental.al\/de\/dienstleistungen\/#breadcrumb","itemListElement":[{"@type":"ListItem","position":1,"name":"Home","item":"https:\/\/elitedental.al\/de\/"},{"@type":"ListItem","position":2,"name":"Dienstleistungen"}]},{"@type":"WebSite","@id":"https:\/\/elitedental.al\/de\/#website","url":"https:\/\/elitedental.al\/de\/","name":"EliteDental","description":"Dentista Albania","publisher":{"@id":"https:\/\/elitedental.al\/de\/#organization"},"potentialAction":[{"@type":"SearchAction","target":{"@type":"EntryPoint","urlTemplate":"https:\/\/elitedental.al\/de\/?s={search_term_string}"},"query-input":{"@type":"PropertyValueSpecification","valueRequired":true,"valueName":"search_term_string"}}],"inLanguage":"de"},{"@type":"Organization","@id":"https:\/\/elitedental.al\/de\/#organization","name":"Elite Dental","url":"https:\/\/elitedental.al\/de\/","logo":{"@type":"ImageObject","inLanguage":"de","@id":"https:\/\/elitedental.al\/de\/#\/schema\/logo\/image\/","url":"http:\/\/elitedental.al\/wp-content\/uploads\/2021\/06\/90F36F80-1EAA-4C33-A5E1-028AB603EFFE.png","contentUrl":"http:\/\/elitedental.al\/wp-content\/uploads\/2021\/06\/90F36F80-1EAA-4C33-A5E1-028AB603EFFE.png","width":888,"height":553,"caption":"Elite Dental"},"image":{"@id":"https:\/\/elitedental.al\/de\/#\/schema\/logo\/image\/"},"sameAs":["https:\/\/www.facebook.com\/dentistalbania\/","https:\/\/instagram.com\/elitedentaltirana?utm_medium=copy_link"]}]}},"_links":{"self":[{"href":"https:\/\/elitedental.al\/de\/wp-json\/wp\/v2\/pages\/8300","targetHints":{"allow":["GET"]}}],"collection":[{"href":"https:\/\/elitedental.al\/de\/wp-json\/wp\/v2\/pages"}],"about":[{"href":"https:\/\/elitedental.al\/de\/wp-json\/wp\/v2\/types\/page"}],"author":[{"embeddable":true,"href":"https:\/\/elitedental.al\/de\/wp-json\/wp\/v2\/users\/5"}],"replies":[{"embeddable":true,"href":"https:\/\/elitedental.al\/de\/wp-json\/wp\/v2\/comments?post=8300"}],"version-history":[{"count":1,"href":"https:\/\/elitedental.al\/de\/wp-json\/wp\/v2\/pages\/8300\/revisions"}],"predecessor-version":[{"id":8301,"href":"https:\/\/elitedental.al\/de\/wp-json\/wp\/v2\/pages\/8300\/revisions\/8301"}],"wp:attachment":[{"href":"https:\/\/elitedental.al\/de\/wp-json\/wp\/v2\/media?parent=8300"}],"curies":[{"name":"wp","href":"https:\/\/api.w.org\/{rel}","templated":true}]}}