{"id":9407,"date":"2026-03-13T15:39:33","date_gmt":"2026-03-13T15:39:33","guid":{"rendered":"https:\/\/elitedental.al\/?page_id=9407"},"modified":"2026-03-13T15:41:46","modified_gmt":"2026-03-13T15:41:46","slug":"datenschutzrichtlinie","status":"publish","type":"page","link":"https:\/\/elitedental.al\/de\/datenschutzrichtlinie\/","title":{"rendered":"Datenschutzrichtlinie"},"content":{"rendered":"\t\t<div data-elementor-type=\"wp-page\" data-elementor-id=\"9407\" class=\"elementor elementor-9407 elementor-9143\" data-elementor-post-type=\"page\">\n\t\t\t\t\t\t<section class=\"elementor-section elementor-top-section elementor-element elementor-element-d629709 elementor-section-boxed elementor-section-height-default elementor-section-height-default\" data-id=\"d629709\" data-element_type=\"section\" data-e-type=\"section\" data-settings=\"{&quot;background_background&quot;:&quot;classic&quot;}\">\n\t\t\t\t\t\t<div class=\"elementor-container elementor-column-gap-default\">\n\t\t\t\t\t<div class=\"elementor-column elementor-col-100 elementor-top-column elementor-element elementor-element-2a10ded\" data-id=\"2a10ded\" data-element_type=\"column\" data-e-type=\"column\">\n\t\t\t<div class=\"elementor-widget-wrap elementor-element-populated\">\n\t\t\t\t\t\t<div class=\"elementor-element elementor-element-b9693ad elementor-widget elementor-widget-text-editor\" data-id=\"b9693ad\" data-element_type=\"widget\" data-e-type=\"widget\" data-widget_type=\"text-editor.default\">\n\t\t\t\t<div class=\"elementor-widget-container\">\n\t\t\t\t\t\t\t\t\t<h1><img fetchpriority=\"high\" decoding=\"async\" class=\"size-medium wp-image-9173 alignleft\" src=\"https:\/\/elitedental.al\/wp-content\/uploads\/2026\/03\/GDPR-300x300.png\" alt=\"\" width=\"300\" height=\"300\" srcset=\"https:\/\/elitedental.al\/wp-content\/uploads\/2026\/03\/GDPR-300x300.png 300w, https:\/\/elitedental.al\/wp-content\/uploads\/2026\/03\/GDPR-150x150.png 150w, https:\/\/elitedental.al\/wp-content\/uploads\/2026\/03\/GDPR.png 600w\" sizes=\"(max-width: 300px) 100vw, 300px\" \/><h2>Datenschutzrichtlinie<\/h2>\n<p><strong>Letzte Aktualisierung:<\/strong> 04.03.2026<\/p>\n\n<p>Diese Datenschutzrichtlinie beschreibt und regelt die Methoden zur Erhebung, Nutzung und Weitergabe von Daten durch Elite Dental, wenn Sie unsere offizielle Website \n<a href=\"https:\/\/www.elitedental.al\" target=\"_blank\">https:\/\/www.elitedental.al<\/a> \nund die von uns angebotenen und\/oder auf unseren Servern gespeicherten Dienstleistungen nutzen.<\/p>\n\n<p>Bevor Sie Informationen \u00fcber unsere Website und\/oder die Dienstleistungen bereitstellen oder nutzen, bitten wir Sie, diese Datenschutzrichtlinie sorgf\u00e4ltig zu lesen. Durch die Nutzung unserer Website und\/oder Dienstleistungen erkl\u00e4ren Sie sich damit einverstanden, dass Ihre Daten gem\u00e4\u00df dieser Datenschutzrichtlinie gesammelt, verwendet und weitergegeben werden. Wenn Sie den Bedingungen dieser Datenschutzrichtlinie nicht zustimmen, bitten wir Sie, unsere Dienstleistungen nicht zu nutzen.<\/p>\n\n<h3>Beschwerdemanagement<\/h3>\n<p>Jede eingereichte Beschwerde wird von einer autorisierten Person protokolliert und bearbeitet, die zuvor eine Vertraulichkeitserkl\u00e4rung unterzeichnet hat und mit den internen Vorschriften zum Schutz personenbezogener Daten vertraut ist. Die Verwendung der gesammelten Daten erfolgt ausschlie\u00dflich zum Zweck der Pr\u00fcfung der Beschwerde und zur Bewertung der Qualit\u00e4t der von Elite Dental angebotenen Dienstleistungen.<\/p>\n\n<h3>Datenaufbewahrung<\/h3>\n<p>Akten, die personenbezogene Daten enthalten, werden gem\u00e4\u00df den geltenden gesetzlichen Bestimmungen und den internen Richtlinien zur Datenaufbewahrung aufbewahrt.<\/p>\n\n<h3>Navigationsdaten<\/h3>\n<p>Das System sammelt Standard-Navigationsdaten, wie z. B. Klicks auf Artikel oder Bereiche der Website. Diese Daten werden zu statistischen Zwecken verarbeitet, ohne die Besucher pers\u00f6nlich zu identifizieren. Es werden keine Versuche unternommen, Personen zu identifizieren, und es werden keine Drittanbieter-Tools zum Tracking personenbezogener Daten verwendet.<\/p>\n\n<h3>Erhebung personenbezogener Daten<\/h3>\n<p>Wenn \u00fcber die Website personenbezogene Daten angefordert werden, werden die Nutzer informiert und erhalten klare Angaben zum Zweck der Datenverarbeitung.<\/p>\n\n<h3>Rekrutierungsprozess<\/h3>\n<p>Die w\u00e4hrend des Bewerbungsprozesses bei Elite Dental bereitgestellten personenbezogenen Daten werden f\u00fcr Rekrutierungszwecke und zur statistischen Analyse des Prozesses verwendet. Die Daten nicht ausgew\u00e4hlter Bewerber werden 12 Monate lang aufbewahrt und anschlie\u00dfend gel\u00f6scht oder vernichtet.<\/p>\n\n<h3>Daten ehemaliger Mitarbeiter<\/h3>\n<p>F\u00fcr ehemalige Mitarbeiter bewahrt Elite Dental Arbeitsakten mit relevanten Informationen gem\u00e4\u00df dem Arbeitsgesetz und den internen Vorschriften auf. Die Daten werden sicher aufbewahrt und ausschlie\u00dflich f\u00fcr klar definierte Zwecke verwendet.<\/p>\n\n<h3>Datenweitergabe<\/h3>\n<p>Personenbezogene Daten werden ohne vorherige Zustimmung der betroffenen Person nicht weitergegeben. In besonderen F\u00e4llen, wie z. B. bei Untersuchungen von Beschwerden, k\u00f6nnen Daten jedoch mit den zust\u00e4ndigen Beh\u00f6rden geteilt werden.<\/p>\n\n<h3>Datenschutzstandards<\/h3>\n<p>Elite Dental verpflichtet sich, die h\u00f6chsten Standards bei der Verarbeitung personenbezogener Daten einzuhalten. Beschwerden und Vorschl\u00e4ge zu unseren Richtlinien sind willkommen und werden mit der gebotenen Sorgfalt behandelt.<\/p>\n\n<h3>Recht auf Entsch\u00e4digung<\/h3>\n<p>Elite Dental respektiert das Recht auf Schadenersatz im Falle einer Verletzung Ihrer personenbezogenen Daten, gem\u00e4\u00df der geltenden Gesetzgebung der Republik Albanien.<\/p>\t\t\t\t\t\t\t\t<\/div>\n\t\t\t\t<\/div>\n\t\t\t\t\t<\/div>\n\t\t<\/div>\n\t\t\t\t\t<\/div>\n\t\t<\/section>\n\t\t\t\t<\/div>\n\t\t","protected":false},"excerpt":{"rendered":"<p>Datenschutzrichtlinie Letzte Aktualisierung: 04.03.2026 Diese Datenschutzrichtlinie beschreibt und regelt die Methoden zur Erhebung, Nutzung und Weitergabe von Daten durch Elite Dental, wenn Sie unsere offizielle Website https:\/\/www.elitedental.al und die von uns angebotenen und\/oder auf unseren Servern gespeicherten Dienstleistungen nutzen. Bevor Sie Informationen \u00fcber unsere Website und\/oder die Dienstleistungen bereitstellen oder nutzen, bitten wir Sie, diese [&hellip;]<\/p>\n","protected":false},"author":5,"featured_media":0,"parent":0,"menu_order":0,"comment_status":"closed","ping_status":"closed","template":"elementor_header_footer","meta":{"footnotes":""},"class_list":["post-9407","page","type-page","status-publish","hentry"],"yoast_head":"<!-- This site is optimized with the Yoast SEO plugin v27.2 - https:\/\/yoast.com\/product\/yoast-seo-wordpress\/ -->\n<title>Datenschutzrichtlinie | EliteDental<\/title>\n<meta name=\"robots\" content=\"index, follow, max-snippet:-1, max-image-preview:large, max-video-preview:-1\" \/>\n<link rel=\"canonical\" href=\"https:\/\/elitedental.al\/de\/datenschutzrichtlinie\/\" \/>\n<meta property=\"og:locale\" content=\"de_DE\" \/>\n<meta property=\"og:type\" content=\"article\" \/>\n<meta property=\"og:title\" content=\"Datenschutzrichtlinie | EliteDental\" \/>\n<meta property=\"og:description\" content=\"Datenschutzrichtlinie Letzte Aktualisierung: 04.03.2026 Diese Datenschutzrichtlinie beschreibt und regelt die Methoden zur Erhebung, Nutzung und Weitergabe von Daten durch Elite Dental, wenn Sie unsere offizielle Website https:\/\/www.elitedental.al und die von uns angebotenen und\/oder auf unseren Servern gespeicherten Dienstleistungen nutzen. Bevor Sie Informationen \u00fcber unsere Website und\/oder die Dienstleistungen bereitstellen oder nutzen, bitten wir Sie, diese [&hellip;]\" \/>\n<meta property=\"og:url\" content=\"https:\/\/elitedental.al\/de\/datenschutzrichtlinie\/\" \/>\n<meta property=\"og:site_name\" content=\"EliteDental\" \/>\n<meta property=\"article:publisher\" content=\"https:\/\/www.facebook.com\/dentistalbania\/\" \/>\n<meta property=\"article:modified_time\" content=\"2026-03-13T15:41:46+00:00\" \/>\n<meta property=\"og:image\" content=\"https:\/\/elitedental.al\/wp-content\/uploads\/2026\/03\/GDPR.png\" \/>\n\t<meta property=\"og:image:width\" content=\"600\" \/>\n\t<meta property=\"og:image:height\" content=\"600\" \/>\n\t<meta property=\"og:image:type\" content=\"image\/png\" \/>\n<meta name=\"twitter:card\" content=\"summary_large_image\" \/>\n<meta name=\"twitter:label1\" content=\"Gesch\u00e4tzte Lesezeit\" \/>\n\t<meta name=\"twitter:data1\" content=\"2\u00a0Minuten\" \/>\n<script type=\"application\/ld+json\" class=\"yoast-schema-graph\">{\"@context\":\"https:\/\/schema.org\",\"@graph\":[{\"@type\":\"WebPage\",\"@id\":\"https:\/\/elitedental.al\/de\/datenschutzrichtlinie\/\",\"url\":\"https:\/\/elitedental.al\/de\/datenschutzrichtlinie\/\",\"name\":\"Datenschutzrichtlinie | EliteDental\",\"isPartOf\":{\"@id\":\"https:\/\/elitedental.al\/de\/#website\"},\"primaryImageOfPage\":{\"@id\":\"https:\/\/elitedental.al\/de\/datenschutzrichtlinie\/#primaryimage\"},\"image\":{\"@id\":\"https:\/\/elitedental.al\/de\/datenschutzrichtlinie\/#primaryimage\"},\"thumbnailUrl\":\"https:\/\/elitedental.al\/wp-content\/uploads\/2026\/03\/GDPR-300x300.png\",\"datePublished\":\"2026-03-13T15:39:33+00:00\",\"dateModified\":\"2026-03-13T15:41:46+00:00\",\"breadcrumb\":{\"@id\":\"https:\/\/elitedental.al\/de\/datenschutzrichtlinie\/#breadcrumb\"},\"inLanguage\":\"de\",\"potentialAction\":[{\"@type\":\"ReadAction\",\"target\":[\"https:\/\/elitedental.al\/de\/datenschutzrichtlinie\/\"]}]},{\"@type\":\"ImageObject\",\"inLanguage\":\"de\",\"@id\":\"https:\/\/elitedental.al\/de\/datenschutzrichtlinie\/#primaryimage\",\"url\":\"https:\/\/elitedental.al\/wp-content\/uploads\/2026\/03\/GDPR-300x300.png\",\"contentUrl\":\"https:\/\/elitedental.al\/wp-content\/uploads\/2026\/03\/GDPR-300x300.png\"},{\"@type\":\"BreadcrumbList\",\"@id\":\"https:\/\/elitedental.al\/de\/datenschutzrichtlinie\/#breadcrumb\",\"itemListElement\":[{\"@type\":\"ListItem\",\"position\":1,\"name\":\"Home\",\"item\":\"https:\/\/elitedental.al\/de\/\"},{\"@type\":\"ListItem\",\"position\":2,\"name\":\"Datenschutzrichtlinie\"}]},{\"@type\":\"WebSite\",\"@id\":\"https:\/\/elitedental.al\/de\/#website\",\"url\":\"https:\/\/elitedental.al\/de\/\",\"name\":\"EliteDental\",\"description\":\"Dentista Albania\",\"publisher\":{\"@id\":\"https:\/\/elitedental.al\/de\/#organization\"},\"potentialAction\":[{\"@type\":\"SearchAction\",\"target\":{\"@type\":\"EntryPoint\",\"urlTemplate\":\"https:\/\/elitedental.al\/de\/?s={search_term_string}\"},\"query-input\":{\"@type\":\"PropertyValueSpecification\",\"valueRequired\":true,\"valueName\":\"search_term_string\"}}],\"inLanguage\":\"de\"},{\"@type\":\"Organization\",\"@id\":\"https:\/\/elitedental.al\/de\/#organization\",\"name\":\"Elite Dental\",\"url\":\"https:\/\/elitedental.al\/de\/\",\"logo\":{\"@type\":\"ImageObject\",\"inLanguage\":\"de\",\"@id\":\"https:\/\/elitedental.al\/de\/#\/schema\/logo\/image\/\",\"url\":\"http:\/\/elitedental.al\/wp-content\/uploads\/2021\/06\/90F36F80-1EAA-4C33-A5E1-028AB603EFFE.png\",\"contentUrl\":\"http:\/\/elitedental.al\/wp-content\/uploads\/2021\/06\/90F36F80-1EAA-4C33-A5E1-028AB603EFFE.png\",\"width\":888,\"height\":553,\"caption\":\"Elite Dental\"},\"image\":{\"@id\":\"https:\/\/elitedental.al\/de\/#\/schema\/logo\/image\/\"},\"sameAs\":[\"https:\/\/www.facebook.com\/dentistalbania\/\",\"https:\/\/instagram.com\/elitedentaltirana?utm_medium=copy_link\"]}]}<\/script>\n<!-- \/ Yoast SEO plugin. -->","yoast_head_json":{"title":"Datenschutzrichtlinie | EliteDental","robots":{"index":"index","follow":"follow","max-snippet":"max-snippet:-1","max-image-preview":"max-image-preview:large","max-video-preview":"max-video-preview:-1"},"canonical":"https:\/\/elitedental.al\/de\/datenschutzrichtlinie\/","og_locale":"de_DE","og_type":"article","og_title":"Datenschutzrichtlinie | EliteDental","og_description":"Datenschutzrichtlinie Letzte Aktualisierung: 04.03.2026 Diese Datenschutzrichtlinie beschreibt und regelt die Methoden zur Erhebung, Nutzung und Weitergabe von Daten durch Elite Dental, wenn Sie unsere offizielle Website https:\/\/www.elitedental.al und die von uns angebotenen und\/oder auf unseren Servern gespeicherten Dienstleistungen nutzen. Bevor Sie Informationen \u00fcber unsere Website und\/oder die Dienstleistungen bereitstellen oder nutzen, bitten wir Sie, diese [&hellip;]","og_url":"https:\/\/elitedental.al\/de\/datenschutzrichtlinie\/","og_site_name":"EliteDental","article_publisher":"https:\/\/www.facebook.com\/dentistalbania\/","article_modified_time":"2026-03-13T15:41:46+00:00","og_image":[{"width":600,"height":600,"url":"https:\/\/elitedental.al\/wp-content\/uploads\/2026\/03\/GDPR.png","type":"image\/png"}],"twitter_card":"summary_large_image","twitter_misc":{"Gesch\u00e4tzte Lesezeit":"2\u00a0Minuten"},"schema":{"@context":"https:\/\/schema.org","@graph":[{"@type":"WebPage","@id":"https:\/\/elitedental.al\/de\/datenschutzrichtlinie\/","url":"https:\/\/elitedental.al\/de\/datenschutzrichtlinie\/","name":"Datenschutzrichtlinie | EliteDental","isPartOf":{"@id":"https:\/\/elitedental.al\/de\/#website"},"primaryImageOfPage":{"@id":"https:\/\/elitedental.al\/de\/datenschutzrichtlinie\/#primaryimage"},"image":{"@id":"https:\/\/elitedental.al\/de\/datenschutzrichtlinie\/#primaryimage"},"thumbnailUrl":"https:\/\/elitedental.al\/wp-content\/uploads\/2026\/03\/GDPR-300x300.png","datePublished":"2026-03-13T15:39:33+00:00","dateModified":"2026-03-13T15:41:46+00:00","breadcrumb":{"@id":"https:\/\/elitedental.al\/de\/datenschutzrichtlinie\/#breadcrumb"},"inLanguage":"de","potentialAction":[{"@type":"ReadAction","target":["https:\/\/elitedental.al\/de\/datenschutzrichtlinie\/"]}]},{"@type":"ImageObject","inLanguage":"de","@id":"https:\/\/elitedental.al\/de\/datenschutzrichtlinie\/#primaryimage","url":"https:\/\/elitedental.al\/wp-content\/uploads\/2026\/03\/GDPR-300x300.png","contentUrl":"https:\/\/elitedental.al\/wp-content\/uploads\/2026\/03\/GDPR-300x300.png"},{"@type":"BreadcrumbList","@id":"https:\/\/elitedental.al\/de\/datenschutzrichtlinie\/#breadcrumb","itemListElement":[{"@type":"ListItem","position":1,"name":"Home","item":"https:\/\/elitedental.al\/de\/"},{"@type":"ListItem","position":2,"name":"Datenschutzrichtlinie"}]},{"@type":"WebSite","@id":"https:\/\/elitedental.al\/de\/#website","url":"https:\/\/elitedental.al\/de\/","name":"EliteDental","description":"Dentista Albania","publisher":{"@id":"https:\/\/elitedental.al\/de\/#organization"},"potentialAction":[{"@type":"SearchAction","target":{"@type":"EntryPoint","urlTemplate":"https:\/\/elitedental.al\/de\/?s={search_term_string}"},"query-input":{"@type":"PropertyValueSpecification","valueRequired":true,"valueName":"search_term_string"}}],"inLanguage":"de"},{"@type":"Organization","@id":"https:\/\/elitedental.al\/de\/#organization","name":"Elite Dental","url":"https:\/\/elitedental.al\/de\/","logo":{"@type":"ImageObject","inLanguage":"de","@id":"https:\/\/elitedental.al\/de\/#\/schema\/logo\/image\/","url":"http:\/\/elitedental.al\/wp-content\/uploads\/2021\/06\/90F36F80-1EAA-4C33-A5E1-028AB603EFFE.png","contentUrl":"http:\/\/elitedental.al\/wp-content\/uploads\/2021\/06\/90F36F80-1EAA-4C33-A5E1-028AB603EFFE.png","width":888,"height":553,"caption":"Elite Dental"},"image":{"@id":"https:\/\/elitedental.al\/de\/#\/schema\/logo\/image\/"},"sameAs":["https:\/\/www.facebook.com\/dentistalbania\/","https:\/\/instagram.com\/elitedentaltirana?utm_medium=copy_link"]}]}},"_links":{"self":[{"href":"https:\/\/elitedental.al\/de\/wp-json\/wp\/v2\/pages\/9407","targetHints":{"allow":["GET"]}}],"collection":[{"href":"https:\/\/elitedental.al\/de\/wp-json\/wp\/v2\/pages"}],"about":[{"href":"https:\/\/elitedental.al\/de\/wp-json\/wp\/v2\/types\/page"}],"author":[{"embeddable":true,"href":"https:\/\/elitedental.al\/de\/wp-json\/wp\/v2\/users\/5"}],"replies":[{"embeddable":true,"href":"https:\/\/elitedental.al\/de\/wp-json\/wp\/v2\/comments?post=9407"}],"version-history":[{"count":4,"href":"https:\/\/elitedental.al\/de\/wp-json\/wp\/v2\/pages\/9407\/revisions"}],"predecessor-version":[{"id":9416,"href":"https:\/\/elitedental.al\/de\/wp-json\/wp\/v2\/pages\/9407\/revisions\/9416"}],"wp:attachment":[{"href":"https:\/\/elitedental.al\/de\/wp-json\/wp\/v2\/media?parent=9407"}],"curies":[{"name":"wp","href":"https:\/\/api.w.org\/{rel}","templated":true}]}}