{"id":5539,"date":"2020-12-01T18:33:16","date_gmt":"2020-12-01T18:33:16","guid":{"rendered":"http:\/\/elitedental.al\/migliore-clinica-dentale-albania\/"},"modified":"2024-02-01T18:30:31","modified_gmt":"2024-02-01T18:30:31","slug":"migliore-clinica-dentale-albania-2","status":"publish","type":"page","link":"https:\/\/elitedental.al\/en\/migliore-clinica-dentale-albania-2\/","title":{"rendered":"team"},"content":{"rendered":"\t\t<div data-elementor-type=\"wp-page\" data-elementor-id=\"5539\" class=\"elementor elementor-5539\" data-elementor-post-type=\"page\">\n\t\t\t\t\t\t<section class=\"elementor-section elementor-top-section elementor-element elementor-element-17184325 elementor-section-boxed elementor-section-height-default elementor-section-height-default\" data-id=\"17184325\" data-element_type=\"section\" data-e-type=\"section\">\n\t\t\t\t\t\t<div class=\"elementor-container elementor-column-gap-default\">\n\t\t\t\t\t<div class=\"elementor-column elementor-col-100 elementor-top-column elementor-element elementor-element-68870125\" data-id=\"68870125\" data-element_type=\"column\" data-e-type=\"column\">\n\t\t\t<div class=\"elementor-widget-wrap elementor-element-populated\">\n\t\t\t\t\t\t<div class=\"elementor-element elementor-element-1ad91e7a elementor-widget elementor-widget-text-editor\" data-id=\"1ad91e7a\" data-element_type=\"widget\" data-e-type=\"widget\" data-widget_type=\"text-editor.default\">\n\t\t\t\t<div class=\"elementor-widget-container\">\n\t\t\t\t\t\t\t\t\t<h4>Elite Dental<\/h4><div id=\"tw-target-text-container\" class=\"tw-ta-container F0azHf tw-nfl\" tabindex=\"0\"><pre id=\"tw-target-text\" class=\"tw-data-text tw-text-large tw-ta\" dir=\"ltr\" data-placeholder=\"Traduzione\" data-ved=\"2ahUKEwjXmq3q4YqEAxU_RWwGHb4gDGkQ3ewLegQIBRAQ\"><span class=\"Y2IQFc\" lang=\"en\">Our Dentists<\/span><\/pre><\/div><div id=\"tw-target-rmn-container\" class=\"tw-target-rmn tw-ta-container F0azHf tw-nfl\"><pre id=\"tw-target-rmn\" class=\"tw-data-placeholder tw-text-small tw-ta\" dir=\"ltr\" data-placeholder=\"\">\u00a0<\/pre><\/div><div class=\"iYB33c\"><div class=\"dlJLJe\"><div data-cviv=\"false\" data-ved=\"2ahUKEwjXmq3q4YqEAxU_RWwGHb4gDGkQz_AEegQIBRAR\"><div class=\"U9URNb\"><img decoding=\"async\" id=\"dimg_3\" class=\"YQ4gaf zr758c wA1Bge\" src=\"data:image\/png;base64,iVBORw0KGgoAAAANSUhEUgAAABQAAAAUCAQAAAAngNWGAAABDUlEQVR4AYXRgUZDYRjH4TegFTKgpEqiFJgoWAoMEQGBgBboChaaAKxLKAhAhQqAdAmpBIQolkCFqp2nITvNKXuA7+\/Hhzey5OWjE4Nq3rzY1f9\/NGHPB549492+8Ww060iCS2XdctZdI3GsECmb+HJoIX6x6EgDm+lURTH+YB7V9nAqE5WNme4YKuOiY6iMe6PaQxUUIuTbswgFVNJwA8sO3Bn6yR6bWZMSNtJwDtuWfHpQxaPx9C9zadil7jrCigbq6UXceNIVKTWUIqypm2ytJdTiNyNeXclF6GttOVfeDEc7qzjR23r3OMFqZKng1kw0mXGLrfibHTScOZWgGv9TdC6ROFeMTgwYiIxvJzMRWQbeGZUAAAAASUVORK5CYII=\" alt=\"Icona di Verificata con community\" width=\"16\" height=\"16\" data-csiid=\"12\" data-frt=\"1\" data-atf=\"0\" \/><\/div><\/div><\/div><div id=\"tw-tmenu\" class=\"tw-menu\">\u00a0<\/div><\/div><p><img fetchpriority=\"high\" decoding=\"async\" src=\"http:\/\/elitedental.al\/wp-content\/uploads\/2020\/11\/dentista-albania-dottori-1024x398.jpg\" alt=\"\" width=\"800\" height=\"311\" \/><\/p><p>Il nostro team \u00e8 composto da un\u2019 equipe di 10 Medici \u2013 8 Odontotecnici \u2013 molti assistenti e una super cordialit\u00e0 da parte delle nostre segretarie, una guida turistica sempre disponibile a farvi conoscere Tirana e un autista privato per i vostri trasferimenti all\u2019 aeroporto.<\/p><p>Da Elite Dental\u00a0\u00a0trovi professionalit\u00e0 dei nostri medici, accoglienza e risparmio.<\/p><p>Studiamo con attenzione il caso di ogni nostro paziente.\u00a0\u00a0Abbiamo risolto molti problemi di masticazione, malocclusione ridonando armonia al sorriso.<\/p><p>I nostri Servizi vanno dagli impianti dentali con corone in zirconio, faccette dentali, ortodonzia, all one 6 ect\u2026offriamo la soluzione pi\u00f9 adeguata alle vostre esigenze<\/p><h2>10 Medici Per Le Tue Cure Dentarie<\/h2><h3>Artdur Dema<\/h3><p>CEO \/ Chirurgo implamantologo<br \/><br \/>Curriculum<br \/>Il Dottore \u00e8 laureato IN ODONTOIATRIA SPECIALIZZATO IN IMPLANTOLOGIA PRESSO L\u2019UNIVERSITA \u201cTor Vergata di Roma\u201d E corso di implantologia negli STATI UNITI presso COLUMBIA UNIVERSITY. Con oltre 20 anni di esperienza in IMPLANTOLOGIA, il dottor Artdur Dema \u00e8 uno degli implantologi pi\u00f9 qualificati in Albania. La sua esperienza con oltre 20.000 impianti inseriti e la partecipazione a diversi corsi di formazione di implantologia negli STATI UNITI, ITALIA, GERMANIA e l\u2019uso delle ultime tecniche e delle attrezzature dentali pi\u00f9 tecnologiche fanno s\u00ec che le sue COMPETENZE siano in concorrenza con i migliori implantologi in Europa<\/p><h3>Romina Kaloshi<\/h3><p>Medico Protesista &amp; Ortodontista<br \/><br \/>Curriculum<br \/>La dottoressa laureata IN ODONTOIATRIA specializzata in ORTOGNATODONZIA presso L\u2019UNIVERSITA \u201cLA SAPIENZA \u201d DI ROMA . Conseguito il titolo con la tesi \u201cMINI IMPIANTI ORTODONTICI ,un nuovo concetto di ancoraggio \u201d con un voto massimo di 110 e Lode. LAUREATA IN ODONTOIATRIA NEL UNIVERSITA STATALE DI TIRANA E SPECIALIZZATA IN ORTODONZIA ALLA SAPIENZA DI ROMA ,LAVORA DA DIVERSI ANNI NELLA CLINICA ELITE DENTAL COME DOTTORESSA ED ESEGUE OGNI TIPO DI PROCEDURA CLINICA. Certificati 2019 CONFERENZA NAZIONALE ODONTOIATRICA (completato) 2018 CONFERENZA NAZIONALE ODONTOIATRICA (completato) 2017 CONTROLLO E PREVENZIONE DELLE INFEZIONI (completato) 2015 LASER IN ODONTOIATRIA (completato)<\/p><h3>Elvis Ballata<\/h3><p>Medico Protesista &amp; Endodontist<\/p><h3>Elvis Ballata<\/h3><p>Medico Protesista &amp; EndodoIl dottore ha pi\u00f9 di 15 anni di esperienza in odontoiatria, \u00e8 uno dei migliori medici in Endodonzia e Protesica, diversi corsi attraverso anni \u00e8 aggiornato con le pi\u00f9 sottili tecniche e tecnologie dentalintist<\/p><h3>Igli M\u00ebcuku<\/h3><p>Chirurgo Implantologo<\/p><h3>Igli M\u00ebcuku<\/h3><p>Chirurgo Implantologo<\/p><h3>Julian Kaloshi<\/h3><p>Odontotecnico &amp; Medico Protesista<\/p><h3>Julian Kaloshi<\/h3><p>Odontotecnico &amp; Medico Protesista<\/p><h3>Adrijana Coneva<\/h3><p>Medico Ortodontista<\/p><h3>Adrijana Coneva<\/h3><p>Medico Ortodontista<\/p><h3>xhesiana sollaku<\/h3><p>Medico Odontoiatra<\/p><h3>Xhesiana Sollaku<\/h3><p>Medico Odontoiatra<\/p><h3>Albi Isufi<\/h3><p>Medico Odontoiatra<\/p><h3>Albi Isufi<\/h3><p>Medico Odontoiatra<\/p><h3>Kejda Mollaj<\/h3><p>Medico Odontoiatra<\/p><h3>Kejda Mollaj<\/h3><p>Medico Odontoiatra<\/p><h3>Gasper Bendo<\/h3><p>Medico Odontoiatra<\/p><h3>Gasper Bendo<\/h3><p>Medico Odontoiatra<\/p><h3>Deniana Musli<\/h3><p>Odontotecnico<\/p><h3>Deniana Musli<\/h3><p>Odontotecnico<\/p><h3>Adelina Jakupi<\/h3><p>Medico Odontoiatra<\/p><h3>Adelina Jakupi<\/h3><p>Medico Odontoiatra<\/p><h3>Roland Bejko<\/h3><p>Autista<\/p><h3>Roland Bejko<\/h3><p>Autista<\/p><h3>Sait Mehmet<\/h3><p>Odontotecnico<\/p><h3>Sait Mehmet<\/h3><p>Odontotecnico<\/p><h3>Sidorela Mema<\/h3><p>Radiologa<\/p><h3>Sidorela Mema<\/h3><p>Radiologa<\/p><h3>Anairda Mustafa<\/h3><p>Assistente alla Poltrona<\/p><h3>Anairda Mustafa<\/h3><p>Assistente alla Poltrona<\/p><h3>Brikena Mollaj<\/h3><p>Assistente alla Poltrona<\/p><h3>Brikena Mollaj<\/h3><p>Assistente alla Poltrona<\/p><h3>eglantina hodaj<\/h3><p>Assistente alla Poltrona<\/p><h3>Eglantina Hodaj<\/h3><p>Assistente alla Poltrona<\/p><h3>Jorgaqi Nasto<\/h3><p>Assistente alla Poltrona<\/p><h3>Jorgaqi Nasto<\/h3><p>Assistente alla Poltrona<\/p><h3>Erjol Sela<\/h3><p>Assistente alla Poltrona<\/p><h3>Erjol Sela<\/h3><p>Assistente alla Poltrona<\/p><h3>Luljana Dine<\/h3><p>Assistente alla Poltrona<\/p><h3>Luljana Dine<\/h3><p>Assistente alla Poltrona<\/p><h3>kristela risto<\/h3><p>Assistente alla poltrona<\/p><h3>Kristela Risto<\/h3><p>Assistente alla poltrona<\/p><h3>Fiora Rada<\/h3><p>Assistente alla poltrona<\/p><h3>Fiora Rada<\/h3><p>Assistente alla poltrona<\/p><h3>Ines Merzheku<\/h3><p>Assistente alla Poltrona<\/p><h3>Ines Merzheku<\/h3><p>Assistente alla Poltrona<\/p><h3>Arsela Rica<\/h3><p>Odontotecnico<\/p><h3>Arsela Rica<\/h3><p>Odontotecnico<\/p><h3>Ridi Sallaku<\/h3><p>Assistente alla Poltrona<\/p><h3>Ridi Sallaku<\/h3><p>Assistente alla Poltrona<\/p><h3>Najada Behari<\/h3><p>Odontotecnico<\/p><h3>Najada Behari<\/h3><p>Odontotecnico<\/p><h3>Silvana Ndou<\/h3><p>Relazioni Pubbliche<\/p><h3>Silvana Ndou<\/h3><p>Relazioni Pubbliche<\/p><h3>Erisa Gjoci<\/h3><p>Relazioni Pubbliche<\/p><h3>Erisa Gjoci<\/h3><p>Relazioni Pubbliche<\/p><h3>Samanta Muzhaqi<\/h3><p>Relazioni Pubbliche<\/p><h3>Samanta Muzhaqi<\/h3><p>Relazioni Pubbliche<\/p><h3>Aida Visha<\/h3><p>Relazioni Pubbliche<\/p><h3>Aida Visha<\/h3><p>Relazioni Pubbliche<\/p>\t\t\t\t\t\t\t\t<\/div>\n\t\t\t\t<\/div>\n\t\t\t\t\t<\/div>\n\t\t<\/div>\n\t\t\t\t\t<\/div>\n\t\t<\/section>\n\t\t\t\t<\/div>\n\t\t","protected":false},"excerpt":{"rendered":"<p>Elite Dental Our Dentists \u00a0 \u00a0 Il nostro team \u00e8 composto da un\u2019 equipe di 10 Medici \u2013 8 Odontotecnici \u2013 molti assistenti e una super cordialit\u00e0 da parte delle nostre segretarie, una guida turistica sempre disponibile a farvi conoscere Tirana e un autista privato per i vostri trasferimenti all\u2019 aeroporto. Da Elite Dental\u00a0\u00a0trovi professionalit\u00e0 [&hellip;]<\/p>\n","protected":false},"author":5,"featured_media":0,"parent":0,"menu_order":0,"comment_status":"closed","ping_status":"closed","template":"elementor_header_footer","meta":{"footnotes":""},"class_list":["post-5539","page","type-page","status-publish","hentry"],"yoast_head":"<!-- This site is optimized with the Yoast SEO plugin v27.2 - https:\/\/yoast.com\/product\/yoast-seo-wordpress\/ -->\n<title>team | EliteDental<\/title>\n<meta name=\"robots\" content=\"index, follow, max-snippet:-1, max-image-preview:large, max-video-preview:-1\" \/>\n<link rel=\"canonical\" href=\"https:\/\/elitedental.al\/en\/migliore-clinica-dentale-albania-2\/\" \/>\n<meta property=\"og:locale\" content=\"en_US\" \/>\n<meta property=\"og:type\" content=\"article\" \/>\n<meta property=\"og:title\" content=\"team | EliteDental\" \/>\n<meta property=\"og:description\" content=\"Elite Dental Our Dentists \u00a0 \u00a0 Il nostro team \u00e8 composto da un\u2019 equipe di 10 Medici \u2013 8 Odontotecnici \u2013 molti assistenti e una super cordialit\u00e0 da parte delle nostre segretarie, una guida turistica sempre disponibile a farvi conoscere Tirana e un autista privato per i vostri trasferimenti all\u2019 aeroporto. Da Elite Dental\u00a0\u00a0trovi professionalit\u00e0 [&hellip;]\" \/>\n<meta property=\"og:url\" content=\"https:\/\/elitedental.al\/en\/migliore-clinica-dentale-albania-2\/\" \/>\n<meta property=\"og:site_name\" content=\"EliteDental\" \/>\n<meta property=\"article:publisher\" content=\"https:\/\/www.facebook.com\/dentistalbania\/\" \/>\n<meta property=\"article:modified_time\" content=\"2024-02-01T18:30:31+00:00\" \/>\n<meta property=\"og:image\" content=\"http:\/\/elitedental.al\/wp-content\/uploads\/2020\/11\/dentista-albania-dottori-1024x398.jpg\" \/>\n<meta name=\"twitter:card\" content=\"summary_large_image\" \/>\n<meta name=\"twitter:label1\" content=\"Est. reading time\" \/>\n\t<meta name=\"twitter:data1\" content=\"2 minutes\" \/>\n<script type=\"application\/ld+json\" class=\"yoast-schema-graph\">{\"@context\":\"https:\/\/schema.org\",\"@graph\":[{\"@type\":\"WebPage\",\"@id\":\"https:\/\/elitedental.al\/en\/migliore-clinica-dentale-albania-2\/\",\"url\":\"https:\/\/elitedental.al\/en\/migliore-clinica-dentale-albania-2\/\",\"name\":\"team | EliteDental\",\"isPartOf\":{\"@id\":\"https:\/\/elitedental.al\/de\/#website\"},\"primaryImageOfPage\":{\"@id\":\"https:\/\/elitedental.al\/en\/migliore-clinica-dentale-albania-2\/#primaryimage\"},\"image\":{\"@id\":\"https:\/\/elitedental.al\/en\/migliore-clinica-dentale-albania-2\/#primaryimage\"},\"thumbnailUrl\":\"http:\/\/elitedental.al\/wp-content\/uploads\/2020\/11\/dentista-albania-dottori-1024x398.jpg\",\"datePublished\":\"2020-12-01T18:33:16+00:00\",\"dateModified\":\"2024-02-01T18:30:31+00:00\",\"breadcrumb\":{\"@id\":\"https:\/\/elitedental.al\/en\/migliore-clinica-dentale-albania-2\/#breadcrumb\"},\"inLanguage\":\"en-US\",\"potentialAction\":[{\"@type\":\"ReadAction\",\"target\":[\"https:\/\/elitedental.al\/en\/migliore-clinica-dentale-albania-2\/\"]}]},{\"@type\":\"ImageObject\",\"inLanguage\":\"en-US\",\"@id\":\"https:\/\/elitedental.al\/en\/migliore-clinica-dentale-albania-2\/#primaryimage\",\"url\":\"http:\/\/elitedental.al\/wp-content\/uploads\/2020\/11\/dentista-albania-dottori-1024x398.jpg\",\"contentUrl\":\"http:\/\/elitedental.al\/wp-content\/uploads\/2020\/11\/dentista-albania-dottori-1024x398.jpg\"},{\"@type\":\"BreadcrumbList\",\"@id\":\"https:\/\/elitedental.al\/en\/migliore-clinica-dentale-albania-2\/#breadcrumb\",\"itemListElement\":[{\"@type\":\"ListItem\",\"position\":1,\"name\":\"Home\",\"item\":\"https:\/\/elitedental.al\/en\/\"},{\"@type\":\"ListItem\",\"position\":2,\"name\":\"team\"}]},{\"@type\":\"WebSite\",\"@id\":\"https:\/\/elitedental.al\/de\/#website\",\"url\":\"https:\/\/elitedental.al\/de\/\",\"name\":\"EliteDental\",\"description\":\"Dentista Albania\",\"publisher\":{\"@id\":\"https:\/\/elitedental.al\/de\/#organization\"},\"potentialAction\":[{\"@type\":\"SearchAction\",\"target\":{\"@type\":\"EntryPoint\",\"urlTemplate\":\"https:\/\/elitedental.al\/de\/?s={search_term_string}\"},\"query-input\":{\"@type\":\"PropertyValueSpecification\",\"valueRequired\":true,\"valueName\":\"search_term_string\"}}],\"inLanguage\":\"en-US\"},{\"@type\":\"Organization\",\"@id\":\"https:\/\/elitedental.al\/de\/#organization\",\"name\":\"Elite Dental\",\"url\":\"https:\/\/elitedental.al\/de\/\",\"logo\":{\"@type\":\"ImageObject\",\"inLanguage\":\"en-US\",\"@id\":\"https:\/\/elitedental.al\/de\/#\/schema\/logo\/image\/\",\"url\":\"http:\/\/elitedental.al\/wp-content\/uploads\/2021\/06\/90F36F80-1EAA-4C33-A5E1-028AB603EFFE.png\",\"contentUrl\":\"http:\/\/elitedental.al\/wp-content\/uploads\/2021\/06\/90F36F80-1EAA-4C33-A5E1-028AB603EFFE.png\",\"width\":888,\"height\":553,\"caption\":\"Elite Dental\"},\"image\":{\"@id\":\"https:\/\/elitedental.al\/de\/#\/schema\/logo\/image\/\"},\"sameAs\":[\"https:\/\/www.facebook.com\/dentistalbania\/\",\"https:\/\/instagram.com\/elitedentaltirana?utm_medium=copy_link\"]}]}<\/script>\n<!-- \/ Yoast SEO plugin. -->","yoast_head_json":{"title":"team | EliteDental","robots":{"index":"index","follow":"follow","max-snippet":"max-snippet:-1","max-image-preview":"max-image-preview:large","max-video-preview":"max-video-preview:-1"},"canonical":"https:\/\/elitedental.al\/en\/migliore-clinica-dentale-albania-2\/","og_locale":"en_US","og_type":"article","og_title":"team | EliteDental","og_description":"Elite Dental Our Dentists \u00a0 \u00a0 Il nostro team \u00e8 composto da un\u2019 equipe di 10 Medici \u2013 8 Odontotecnici \u2013 molti assistenti e una super cordialit\u00e0 da parte delle nostre segretarie, una guida turistica sempre disponibile a farvi conoscere Tirana e un autista privato per i vostri trasferimenti all\u2019 aeroporto. Da Elite Dental\u00a0\u00a0trovi professionalit\u00e0 [&hellip;]","og_url":"https:\/\/elitedental.al\/en\/migliore-clinica-dentale-albania-2\/","og_site_name":"EliteDental","article_publisher":"https:\/\/www.facebook.com\/dentistalbania\/","article_modified_time":"2024-02-01T18:30:31+00:00","og_image":[{"url":"http:\/\/elitedental.al\/wp-content\/uploads\/2020\/11\/dentista-albania-dottori-1024x398.jpg","type":"","width":"","height":""}],"twitter_card":"summary_large_image","twitter_misc":{"Est. reading time":"2 minutes"},"schema":{"@context":"https:\/\/schema.org","@graph":[{"@type":"WebPage","@id":"https:\/\/elitedental.al\/en\/migliore-clinica-dentale-albania-2\/","url":"https:\/\/elitedental.al\/en\/migliore-clinica-dentale-albania-2\/","name":"team | EliteDental","isPartOf":{"@id":"https:\/\/elitedental.al\/de\/#website"},"primaryImageOfPage":{"@id":"https:\/\/elitedental.al\/en\/migliore-clinica-dentale-albania-2\/#primaryimage"},"image":{"@id":"https:\/\/elitedental.al\/en\/migliore-clinica-dentale-albania-2\/#primaryimage"},"thumbnailUrl":"http:\/\/elitedental.al\/wp-content\/uploads\/2020\/11\/dentista-albania-dottori-1024x398.jpg","datePublished":"2020-12-01T18:33:16+00:00","dateModified":"2024-02-01T18:30:31+00:00","breadcrumb":{"@id":"https:\/\/elitedental.al\/en\/migliore-clinica-dentale-albania-2\/#breadcrumb"},"inLanguage":"en-US","potentialAction":[{"@type":"ReadAction","target":["https:\/\/elitedental.al\/en\/migliore-clinica-dentale-albania-2\/"]}]},{"@type":"ImageObject","inLanguage":"en-US","@id":"https:\/\/elitedental.al\/en\/migliore-clinica-dentale-albania-2\/#primaryimage","url":"http:\/\/elitedental.al\/wp-content\/uploads\/2020\/11\/dentista-albania-dottori-1024x398.jpg","contentUrl":"http:\/\/elitedental.al\/wp-content\/uploads\/2020\/11\/dentista-albania-dottori-1024x398.jpg"},{"@type":"BreadcrumbList","@id":"https:\/\/elitedental.al\/en\/migliore-clinica-dentale-albania-2\/#breadcrumb","itemListElement":[{"@type":"ListItem","position":1,"name":"Home","item":"https:\/\/elitedental.al\/en\/"},{"@type":"ListItem","position":2,"name":"team"}]},{"@type":"WebSite","@id":"https:\/\/elitedental.al\/de\/#website","url":"https:\/\/elitedental.al\/de\/","name":"EliteDental","description":"Dentista Albania","publisher":{"@id":"https:\/\/elitedental.al\/de\/#organization"},"potentialAction":[{"@type":"SearchAction","target":{"@type":"EntryPoint","urlTemplate":"https:\/\/elitedental.al\/de\/?s={search_term_string}"},"query-input":{"@type":"PropertyValueSpecification","valueRequired":true,"valueName":"search_term_string"}}],"inLanguage":"en-US"},{"@type":"Organization","@id":"https:\/\/elitedental.al\/de\/#organization","name":"Elite Dental","url":"https:\/\/elitedental.al\/de\/","logo":{"@type":"ImageObject","inLanguage":"en-US","@id":"https:\/\/elitedental.al\/de\/#\/schema\/logo\/image\/","url":"http:\/\/elitedental.al\/wp-content\/uploads\/2021\/06\/90F36F80-1EAA-4C33-A5E1-028AB603EFFE.png","contentUrl":"http:\/\/elitedental.al\/wp-content\/uploads\/2021\/06\/90F36F80-1EAA-4C33-A5E1-028AB603EFFE.png","width":888,"height":553,"caption":"Elite Dental"},"image":{"@id":"https:\/\/elitedental.al\/de\/#\/schema\/logo\/image\/"},"sameAs":["https:\/\/www.facebook.com\/dentistalbania\/","https:\/\/instagram.com\/elitedentaltirana?utm_medium=copy_link"]}]}},"_links":{"self":[{"href":"https:\/\/elitedental.al\/en\/wp-json\/wp\/v2\/pages\/5539","targetHints":{"allow":["GET"]}}],"collection":[{"href":"https:\/\/elitedental.al\/en\/wp-json\/wp\/v2\/pages"}],"about":[{"href":"https:\/\/elitedental.al\/en\/wp-json\/wp\/v2\/types\/page"}],"author":[{"embeddable":true,"href":"https:\/\/elitedental.al\/en\/wp-json\/wp\/v2\/users\/5"}],"replies":[{"embeddable":true,"href":"https:\/\/elitedental.al\/en\/wp-json\/wp\/v2\/comments?post=5539"}],"version-history":[{"count":3,"href":"https:\/\/elitedental.al\/en\/wp-json\/wp\/v2\/pages\/5539\/revisions"}],"predecessor-version":[{"id":7692,"href":"https:\/\/elitedental.al\/en\/wp-json\/wp\/v2\/pages\/5539\/revisions\/7692"}],"wp:attachment":[{"href":"https:\/\/elitedental.al\/en\/wp-json\/wp\/v2\/media?parent=5539"}],"curies":[{"name":"wp","href":"https:\/\/api.w.org\/{rel}","templated":true}]}}