{"id":5567,"date":"2021-09-07T10:40:20","date_gmt":"2021-09-07T10:40:20","guid":{"rendered":"http:\/\/elitedental.al\/zahntourismus-2\/"},"modified":"2023-03-08T21:10:44","modified_gmt":"2023-03-08T21:10:44","slug":"zahntourismus-2","status":"publish","type":"page","link":"https:\/\/elitedental.al\/en\/zahntourismus-2\/","title":{"rendered":"Zahntourismus"},"content":{"rendered":"\t\t<div data-elementor-type=\"wp-page\" data-elementor-id=\"5567\" class=\"elementor elementor-5567 elementor-4195\" data-elementor-post-type=\"page\">\n\t\t\t\t\t\t<section class=\"elementor-section elementor-top-section elementor-element elementor-element-2194b1dc elementor-section-height-min-height elementor-section-boxed elementor-section-height-default elementor-section-items-middle\" data-id=\"2194b1dc\" data-element_type=\"section\" data-e-type=\"section\" data-settings=\"{&quot;background_background&quot;:&quot;classic&quot;}\">\n\t\t\t\t\t\t<div class=\"elementor-container elementor-column-gap-default\">\n\t\t\t\t\t<div class=\"elementor-column elementor-col-100 elementor-top-column elementor-element elementor-element-74882738\" data-id=\"74882738\" data-element_type=\"column\" data-e-type=\"column\">\n\t\t\t<div class=\"elementor-widget-wrap elementor-element-populated\">\n\t\t\t\t\t\t<div class=\"elementor-element elementor-element-1773f5ec elementor-widget elementor-widget-heading\" data-id=\"1773f5ec\" data-element_type=\"widget\" data-e-type=\"widget\" data-widget_type=\"heading.default\">\n\t\t\t\t<div class=\"elementor-widget-container\">\n\t\t\t\t\t<h1 class=\"elementor-heading-title elementor-size-default\">Turismo Dentale in Albania<\/h1>\t\t\t\t<\/div>\n\t\t\t\t<\/div>\n\t\t\t\t<div class=\"elementor-element elementor-element-6fe0715 elementor-widget elementor-widget-text-editor\" data-id=\"6fe0715\" data-element_type=\"widget\" data-e-type=\"widget\" data-widget_type=\"text-editor.default\">\n\t\t\t\t<div class=\"elementor-widget-container\">\n\t\t\t\t\t\t\t\t\t<p>Elite Dental le tue cure dentali in Albania divertendoti scoprendo la nostra terra.<\/p>\n\t\t\t\t\t\t\t\t<\/div>\n\t\t\t\t<\/div>\n\t\t\t\t\t<\/div>\n\t\t<\/div>\n\t\t\t\t\t<\/div>\n\t\t<\/section>\n\t\t\t\t<section class=\"elementor-section elementor-top-section elementor-element elementor-element-7c5f0b6b elementor-section-height-min-height elementor-section-boxed elementor-section-height-default elementor-section-items-middle\" data-id=\"7c5f0b6b\" data-element_type=\"section\" data-e-type=\"section\" data-settings=\"{&quot;background_background&quot;:&quot;video&quot;,&quot;background_video_link&quot;:&quot;https:\\\/\\\/youtu.be\\\/EMg_uIyEry0&quot;,&quot;background_play_on_mobile&quot;:&quot;yes&quot;}\">\n\t\t\t\t\t\t\t\t<div class=\"elementor-background-video-container\">\n\t\t\t\t\t\t\t\t\t\t\t\t\t<div class=\"elementor-background-video-embed\" role=\"presentation\"><\/div>\n\t\t\t\t\t\t\t\t\t\t\t\t<\/div>\n\t\t\t\t\t\t\t\t\t<div class=\"elementor-background-overlay\"><\/div>\n\t\t\t\t\t\t\t<div class=\"elementor-container elementor-column-gap-default\">\n\t\t\t\t\t<div class=\"elementor-column elementor-col-100 elementor-top-column elementor-element elementor-element-5ceef226\" data-id=\"5ceef226\" data-element_type=\"column\" data-e-type=\"column\">\n\t\t\t<div class=\"elementor-widget-wrap\">\n\t\t\t\t\t\t\t<\/div>\n\t\t<\/div>\n\t\t\t\t\t<\/div>\n\t\t<\/section>\n\t\t\t\t<section class=\"elementor-section elementor-top-section elementor-element elementor-element-5d1b30f9 elementor-section-boxed elementor-section-height-default elementor-section-height-default\" data-id=\"5d1b30f9\" data-element_type=\"section\" data-e-type=\"section\">\n\t\t\t\t\t\t<div class=\"elementor-container elementor-column-gap-default\">\n\t\t\t\t\t<div class=\"elementor-column elementor-col-100 elementor-top-column elementor-element elementor-element-7e42917d\" data-id=\"7e42917d\" data-element_type=\"column\" data-e-type=\"column\">\n\t\t\t<div class=\"elementor-widget-wrap elementor-element-populated\">\n\t\t\t\t\t\t<div class=\"elementor-element elementor-element-45661d42 elementor-widget elementor-widget-text-editor\" data-id=\"45661d42\" data-element_type=\"widget\" data-e-type=\"widget\" data-widget_type=\"text-editor.default\">\n\t\t\t\t<div class=\"elementor-widget-container\">\n\t\t\t\t\t\t\t\t\t<h1>Turismo Dentale Albania<\/h1>\n<p style=\"font-size: 17px; color: #000000;\">Scopri la gemma dei Balcani e allo stesso tempo prenditi cura della tua salute orale. Il turismo dentale in Albania \u00e8 sinonimo di qualit\u00e0 con <strong>Elite Dental<\/strong>.<br \/>\nVieni come paziente e parti come amico!<\/p>\n<p style=\"font-size: 17px; color: #000000;\">L&#8217;Albania con i suoi magnifici paesaggi, le infinite risorse naturali, la favolosa costa, \u00e8 gi\u00e0 una destinazione preferita per molti turisti. Tra i fenomeni pi\u00f9 importanti degli ultimi tempi c&#8217;\u00e8 quello del turismo dentale, che ha identificato un numero crescente di stranieri o migranti in cerca di cliniche dentali per la loro salute orale.<\/p>\n<p style=\"font-size: 17px; color: #000000;\">Organizza le tue vacanze nella splendida Albania e allo stesso tempo ottieni il miglior servizio di qualit\u00e0 per la tua salute orale.<\/p>\n<p style=\"font-size: 17px; color: #000000;\"><b>Elite Dental<\/b> \u00e8 la scelta giusta per te.<\/p>\n<p style=\"font-size: 17px; color: #000000;\">Ci prendiamo cura di te durante il tuo soggiorno. Oltre a un bel sorriso, visiterai l&#8217;Albania.<\/p>\n<p style=\"font-size: 17px; color: #000000;\">Il turismo dentale in Albania con Elite Dental implica cure dentistiche in pochi giorni, a prezzi molto vantaggiosi, con materiali di alta qualit\u00e0, forniti da dentisti qualificati nella nostra clinica.<br \/>\nLa nostra clinica si trova nel centro di Tirana in un edificio moderno e accogliente.<\/p>\n<p style=\"font-size: 17px; color: #000000;\"><strong>La nostra offerta contiene:<\/strong><\/p>\n<ul>\n<li style=\"font-size: 17px; color: #000000; text-align: left;\">Dopo aver lasciato l&#8217;Albania, forniamo assistenza medica per telefono, e-mail o videoconferenza.<\/li>\n<li style=\"font-size: 17px; color: #000000; text-align: left;\">Trasporto organizzato dall&#8217;aeroporto e in hotel o clinica da parte dell&#8217;autista, nonch\u00e9 ritorno in<br \/>\naeroporto al momento del volo<\/li>\n<li style=\"font-size: 17px; color: #000000; text-align: left;\">Visite guidate in italiano \/ inglese \/ francese nelle attrazioni turistiche di Tirana<\/li>\n<li style=\"font-size: 17px; color: #000000; text-align: left;\">TAC3D gratuito<\/li>\n<\/ul>\n\t\t\t\t\t\t\t\t<\/div>\n\t\t\t\t<\/div>\n\t\t\t\t\t<\/div>\n\t\t<\/div>\n\t\t\t\t\t<\/div>\n\t\t<\/section>\n\t\t\t\t<section class=\"elementor-section elementor-top-section elementor-element elementor-element-1b0a77b elementor-section-height-min-height elementor-section-boxed elementor-section-height-default elementor-section-items-middle\" data-id=\"1b0a77b\" data-element_type=\"section\" data-e-type=\"section\" data-settings=\"{&quot;background_background&quot;:&quot;classic&quot;}\">\n\t\t\t\t\t\t<div class=\"elementor-container elementor-column-gap-default\">\n\t\t\t\t\t<div class=\"elementor-column elementor-col-100 elementor-top-column elementor-element elementor-element-819fdcf\" data-id=\"819fdcf\" data-element_type=\"column\" data-e-type=\"column\">\n\t\t\t<div class=\"elementor-widget-wrap elementor-element-populated\">\n\t\t\t\t\t\t<div class=\"elementor-element elementor-element-862ce20 elementor-widget elementor-widget-heading\" data-id=\"862ce20\" data-element_type=\"widget\" data-e-type=\"widget\" data-widget_type=\"heading.default\">\n\t\t\t\t<div class=\"elementor-widget-container\">\n\t\t\t\t\t<h1 class=\"elementor-heading-title elementor-size-default\">Prenota una consulenza gratis +355697015050<\/h1>\t\t\t\t<\/div>\n\t\t\t\t<\/div>\n\t\t\t\t\t<\/div>\n\t\t<\/div>\n\t\t\t\t\t<\/div>\n\t\t<\/section>\n\t\t\t\t<section class=\"elementor-section elementor-top-section elementor-element elementor-element-88a642e elementor-section-boxed elementor-section-height-default elementor-section-height-default\" data-id=\"88a642e\" data-element_type=\"section\" data-e-type=\"section\">\n\t\t\t\t\t\t<div class=\"elementor-container elementor-column-gap-default\">\n\t\t\t\t\t<div class=\"elementor-column elementor-col-100 elementor-top-column elementor-element elementor-element-262637f\" data-id=\"262637f\" data-element_type=\"column\" data-e-type=\"column\">\n\t\t\t<div class=\"elementor-widget-wrap elementor-element-populated\">\n\t\t\t\t\t\t<div class=\"elementor-element elementor-element-6e88b70 elementor-widget elementor-widget-text-editor\" data-id=\"6e88b70\" data-element_type=\"widget\" data-e-type=\"widget\" data-widget_type=\"text-editor.default\">\n\t\t\t\t<div class=\"elementor-widget-container\">\n\t\t\t\t\t\t\t\t\t<p>Elite Dental &#8211; Turismo Dentale<\/p><p style=\"font-size: 17px; color: #000000;\">L&#8217;attrezzature della nostra clinica sono di ultima generazione. Inoltre, solo i migliori marchi internazionali vengono utilizzati per protesi e impianti. La nostra missione \u00e8 fornire a tutti coloro che scelgono <b>Elite Dental<\/b> un servizio dentale molto conveniente, di qualit\u00e0 e personalizzato per ogni tipo di esigenza e preoccupazione. Garantiamo un trattamento economico ma di altissima qualit\u00e0.<\/p><p style=\"font-size: 17px; color: #000000;\">A Elite Dental troverai uno staff dedicato e appassionato per rispondere al meglio a qualsiasi domanda tu possa avere. Pianifica la tua prossima visita dal dentista pensando di poter visitare l&#8217;Albania e ottenere cure dentistiche di qualit\u00e0.Garantiamo i pi\u00f9 alti standard di igiene, professionalit\u00e0 e sicurezza grazie ai nostri materiali che sono tutti certificati CE.<\/p><p style=\"font-size: 17px; color: #000000;\">Le soluzioni che offriamo sono adatte a vari problemi che potresti avere in bocca. I problemi dentali sono molti, ma <b>Elite Dental<\/b> consiglier\u00e0 la cura dentale giusta per te. L&#8217;esperienza e la professionalit\u00e0 dei nostri medici ti restituiranno la sicurezza che hai perso. Questo perch\u00e9 per Elite Dental il <b>turismo dentale in Albania<\/b> \u00e8 sinonimo di professionalit\u00e0.<\/p><p><strong>&#8220;Perch\u00e9 l\u2019Albania cos\u00ec tanto da offrire&#8221;\u00a0<\/strong><\/p><p style=\"font-size: 17px; color: #000000;\">Nonostante sia un piccolo paese (la superficie di questa perla dei Balcani \u00e8 leggermente pi\u00f9 grande di quella della Puglia), forse un mese intero non sarebbe sufficiente per vedere tutti i suoi paesaggi mozzafiato.<\/p><p><strong>&#8220;L&#8217;elenco dei luoghi da visitare in Albania \u00e8 lungo e vario: ce n&#8217;\u00e8 per tutti.&#8221; <\/strong><\/p><p style=\"font-size: 17px; color: #000000;\">Se ami le spiagge, l&#8217;Albania \u00e8 il posto giusto per te. La costa di Valona a Saranda offre una natura meravigliosa e le spiagge in Albania non hanno niente di meno che le spiagge della vicina Grecia.<\/p><p style=\"font-size: 17px; color: #000000;\">Ma l&#8217;Albania significa anche citt\u00e0 montane e storiche protette dall&#8217;Unesco; castelli, monasteri remoti, sorgenti di acqua dolce, parchi naturali e molte, molte natura inebrianti.<br \/>Durante le tue vacanze in Albania, non saprai cosa scegliere prima.<\/p><p style=\"font-size: 17px; color: #000000;\"><strong>&#8220;Perch\u00e9 il cibo \u00e8 delizioso&#8221;<\/strong><\/p><p style=\"font-size: 17px; color: #000000;\">Il cibo albanese \u00e8 poco per dire delizioso: puoi gustare piatti tradizionali albanesi come casseruola macinata, agnello e manzo cotti in terracotta, famose polpette albanesi, deliziosa torta di gnocchi a base di riso avvolto in una foglia di vite o spinaci, scodelle, piatto nazionale di manzo o agnello.<\/p><p style=\"font-size: 17px; color: #000000;\">Per non parlare dei deliziosi formaggi, dal kacavali al formaggio di capra.<\/p><p><strong>&#8220;Perch\u00e9 le persone sono cos\u00ec gentili&#8221;\u00a0<\/strong><\/p><p style=\"font-size: 17px; color: #000000;\">Sebbene questo paese non abbia goduto della migliore reputazione nel corso degli anni, la sicurezza in Albania non dovrebbe far parte delle preoccupazioni. Il popolo albanese \u00e8 estremamente gentile e accogliente e &#8211; ascolta, ascolta &#8211; parla quasi tutto l&#8217;italiano e l&#8217;inglese, specialmente i giovani.<\/p><p style=\"font-size: 17px; color: #000000;\">Qui le persone, in particolare i giovani, sono cresciute guardando la televisione italiana. A Tirana puoi facilmente arrivare ovunque e parlare direttamente italiano o inglese.<\/p><p style=\"font-size: 17px; color: #000000;\">Lasciati catturare dalle bellezze di questa ricca gente nella storia e nella cultura<\/p><p>\u00a0<\/p>\t\t\t\t\t\t\t\t<\/div>\n\t\t\t\t<\/div>\n\t\t\t\t\t<\/div>\n\t\t<\/div>\n\t\t\t\t\t<\/div>\n\t\t<\/section>\n\t\t\t\t<\/div>\n\t\t","protected":false},"excerpt":{"rendered":"<p>Turismo Dentale in Albania Elite Dental le tue cure dentali in Albania divertendoti scoprendo la nostra terra. Turismo Dentale Albania Scopri la gemma dei Balcani e allo stesso tempo prenditi cura della tua salute orale. Il turismo dentale in Albania \u00e8 sinonimo di qualit\u00e0 con Elite Dental. Vieni come paziente e parti come amico! L&#8217;Albania [&hellip;]<\/p>\n","protected":false},"author":5,"featured_media":0,"parent":0,"menu_order":0,"comment_status":"closed","ping_status":"closed","template":"elementor_header_footer","meta":{"footnotes":""},"class_list":["post-5567","page","type-page","status-publish","hentry"],"yoast_head":"<!-- This site is optimized with the Yoast SEO plugin v27.2 - https:\/\/yoast.com\/product\/yoast-seo-wordpress\/ -->\n<title>Zahntourismus | EliteDental<\/title>\n<meta name=\"robots\" content=\"index, follow, max-snippet:-1, max-image-preview:large, max-video-preview:-1\" \/>\n<link rel=\"canonical\" href=\"https:\/\/elitedental.al\/en\/zahntourismus-2\/\" \/>\n<meta property=\"og:locale\" content=\"en_US\" \/>\n<meta property=\"og:type\" content=\"article\" \/>\n<meta property=\"og:title\" content=\"Zahntourismus | EliteDental\" \/>\n<meta property=\"og:description\" content=\"Turismo Dentale in Albania Elite Dental le tue cure dentali in Albania divertendoti scoprendo la nostra terra. Turismo Dentale Albania Scopri la gemma dei Balcani e allo stesso tempo prenditi cura della tua salute orale. Il turismo dentale in Albania \u00e8 sinonimo di qualit\u00e0 con Elite Dental. Vieni come paziente e parti come amico! L&#8217;Albania [&hellip;]\" \/>\n<meta property=\"og:url\" content=\"https:\/\/elitedental.al\/en\/zahntourismus-2\/\" \/>\n<meta property=\"og:site_name\" content=\"EliteDental\" \/>\n<meta property=\"article:publisher\" content=\"https:\/\/www.facebook.com\/dentistalbania\/\" \/>\n<meta property=\"article:modified_time\" content=\"2023-03-08T21:10:44+00:00\" \/>\n<meta name=\"twitter:card\" content=\"summary_large_image\" \/>\n<meta name=\"twitter:label1\" content=\"Est. reading time\" \/>\n\t<meta name=\"twitter:data1\" content=\"3 minutes\" \/>\n<script type=\"application\/ld+json\" class=\"yoast-schema-graph\">{\"@context\":\"https:\/\/schema.org\",\"@graph\":[{\"@type\":\"WebPage\",\"@id\":\"https:\/\/elitedental.al\/en\/zahntourismus-2\/\",\"url\":\"https:\/\/elitedental.al\/en\/zahntourismus-2\/\",\"name\":\"Zahntourismus | EliteDental\",\"isPartOf\":{\"@id\":\"https:\/\/elitedental.al\/de\/#website\"},\"datePublished\":\"2021-09-07T10:40:20+00:00\",\"dateModified\":\"2023-03-08T21:10:44+00:00\",\"breadcrumb\":{\"@id\":\"https:\/\/elitedental.al\/en\/zahntourismus-2\/#breadcrumb\"},\"inLanguage\":\"en-US\",\"potentialAction\":[{\"@type\":\"ReadAction\",\"target\":[\"https:\/\/elitedental.al\/en\/zahntourismus-2\/\"]}]},{\"@type\":\"BreadcrumbList\",\"@id\":\"https:\/\/elitedental.al\/en\/zahntourismus-2\/#breadcrumb\",\"itemListElement\":[{\"@type\":\"ListItem\",\"position\":1,\"name\":\"Home\",\"item\":\"https:\/\/elitedental.al\/en\/\"},{\"@type\":\"ListItem\",\"position\":2,\"name\":\"Zahntourismus\"}]},{\"@type\":\"WebSite\",\"@id\":\"https:\/\/elitedental.al\/de\/#website\",\"url\":\"https:\/\/elitedental.al\/de\/\",\"name\":\"EliteDental\",\"description\":\"Dentista Albania\",\"publisher\":{\"@id\":\"https:\/\/elitedental.al\/de\/#organization\"},\"potentialAction\":[{\"@type\":\"SearchAction\",\"target\":{\"@type\":\"EntryPoint\",\"urlTemplate\":\"https:\/\/elitedental.al\/de\/?s={search_term_string}\"},\"query-input\":{\"@type\":\"PropertyValueSpecification\",\"valueRequired\":true,\"valueName\":\"search_term_string\"}}],\"inLanguage\":\"en-US\"},{\"@type\":\"Organization\",\"@id\":\"https:\/\/elitedental.al\/de\/#organization\",\"name\":\"Elite Dental\",\"url\":\"https:\/\/elitedental.al\/de\/\",\"logo\":{\"@type\":\"ImageObject\",\"inLanguage\":\"en-US\",\"@id\":\"https:\/\/elitedental.al\/de\/#\/schema\/logo\/image\/\",\"url\":\"http:\/\/elitedental.al\/wp-content\/uploads\/2021\/06\/90F36F80-1EAA-4C33-A5E1-028AB603EFFE.png\",\"contentUrl\":\"http:\/\/elitedental.al\/wp-content\/uploads\/2021\/06\/90F36F80-1EAA-4C33-A5E1-028AB603EFFE.png\",\"width\":888,\"height\":553,\"caption\":\"Elite Dental\"},\"image\":{\"@id\":\"https:\/\/elitedental.al\/de\/#\/schema\/logo\/image\/\"},\"sameAs\":[\"https:\/\/www.facebook.com\/dentistalbania\/\",\"https:\/\/instagram.com\/elitedentaltirana?utm_medium=copy_link\"]}]}<\/script>\n<!-- \/ Yoast SEO plugin. -->","yoast_head_json":{"title":"Zahntourismus | EliteDental","robots":{"index":"index","follow":"follow","max-snippet":"max-snippet:-1","max-image-preview":"max-image-preview:large","max-video-preview":"max-video-preview:-1"},"canonical":"https:\/\/elitedental.al\/en\/zahntourismus-2\/","og_locale":"en_US","og_type":"article","og_title":"Zahntourismus | EliteDental","og_description":"Turismo Dentale in Albania Elite Dental le tue cure dentali in Albania divertendoti scoprendo la nostra terra. Turismo Dentale Albania Scopri la gemma dei Balcani e allo stesso tempo prenditi cura della tua salute orale. Il turismo dentale in Albania \u00e8 sinonimo di qualit\u00e0 con Elite Dental. Vieni come paziente e parti come amico! L&#8217;Albania [&hellip;]","og_url":"https:\/\/elitedental.al\/en\/zahntourismus-2\/","og_site_name":"EliteDental","article_publisher":"https:\/\/www.facebook.com\/dentistalbania\/","article_modified_time":"2023-03-08T21:10:44+00:00","twitter_card":"summary_large_image","twitter_misc":{"Est. reading time":"3 minutes"},"schema":{"@context":"https:\/\/schema.org","@graph":[{"@type":"WebPage","@id":"https:\/\/elitedental.al\/en\/zahntourismus-2\/","url":"https:\/\/elitedental.al\/en\/zahntourismus-2\/","name":"Zahntourismus | EliteDental","isPartOf":{"@id":"https:\/\/elitedental.al\/de\/#website"},"datePublished":"2021-09-07T10:40:20+00:00","dateModified":"2023-03-08T21:10:44+00:00","breadcrumb":{"@id":"https:\/\/elitedental.al\/en\/zahntourismus-2\/#breadcrumb"},"inLanguage":"en-US","potentialAction":[{"@type":"ReadAction","target":["https:\/\/elitedental.al\/en\/zahntourismus-2\/"]}]},{"@type":"BreadcrumbList","@id":"https:\/\/elitedental.al\/en\/zahntourismus-2\/#breadcrumb","itemListElement":[{"@type":"ListItem","position":1,"name":"Home","item":"https:\/\/elitedental.al\/en\/"},{"@type":"ListItem","position":2,"name":"Zahntourismus"}]},{"@type":"WebSite","@id":"https:\/\/elitedental.al\/de\/#website","url":"https:\/\/elitedental.al\/de\/","name":"EliteDental","description":"Dentista Albania","publisher":{"@id":"https:\/\/elitedental.al\/de\/#organization"},"potentialAction":[{"@type":"SearchAction","target":{"@type":"EntryPoint","urlTemplate":"https:\/\/elitedental.al\/de\/?s={search_term_string}"},"query-input":{"@type":"PropertyValueSpecification","valueRequired":true,"valueName":"search_term_string"}}],"inLanguage":"en-US"},{"@type":"Organization","@id":"https:\/\/elitedental.al\/de\/#organization","name":"Elite Dental","url":"https:\/\/elitedental.al\/de\/","logo":{"@type":"ImageObject","inLanguage":"en-US","@id":"https:\/\/elitedental.al\/de\/#\/schema\/logo\/image\/","url":"http:\/\/elitedental.al\/wp-content\/uploads\/2021\/06\/90F36F80-1EAA-4C33-A5E1-028AB603EFFE.png","contentUrl":"http:\/\/elitedental.al\/wp-content\/uploads\/2021\/06\/90F36F80-1EAA-4C33-A5E1-028AB603EFFE.png","width":888,"height":553,"caption":"Elite Dental"},"image":{"@id":"https:\/\/elitedental.al\/de\/#\/schema\/logo\/image\/"},"sameAs":["https:\/\/www.facebook.com\/dentistalbania\/","https:\/\/instagram.com\/elitedentaltirana?utm_medium=copy_link"]}]}},"_links":{"self":[{"href":"https:\/\/elitedental.al\/en\/wp-json\/wp\/v2\/pages\/5567","targetHints":{"allow":["GET"]}}],"collection":[{"href":"https:\/\/elitedental.al\/en\/wp-json\/wp\/v2\/pages"}],"about":[{"href":"https:\/\/elitedental.al\/en\/wp-json\/wp\/v2\/types\/page"}],"author":[{"embeddable":true,"href":"https:\/\/elitedental.al\/en\/wp-json\/wp\/v2\/users\/5"}],"replies":[{"embeddable":true,"href":"https:\/\/elitedental.al\/en\/wp-json\/wp\/v2\/comments?post=5567"}],"version-history":[{"count":13,"href":"https:\/\/elitedental.al\/en\/wp-json\/wp\/v2\/pages\/5567\/revisions"}],"predecessor-version":[{"id":6946,"href":"https:\/\/elitedental.al\/en\/wp-json\/wp\/v2\/pages\/5567\/revisions\/6946"}],"wp:attachment":[{"href":"https:\/\/elitedental.al\/en\/wp-json\/wp\/v2\/media?parent=5567"}],"curies":[{"name":"wp","href":"https:\/\/api.w.org\/{rel}","templated":true}]}}