{"id":1613,"date":"2019-09-11T10:05:54","date_gmt":"2019-09-11T10:05:54","guid":{"rendered":"http:\/\/elitedental.al\/?page_id=1613"},"modified":"2025-09-26T12:41:34","modified_gmt":"2025-09-26T12:41:34","slug":"turismo-dentale-albania","status":"publish","type":"page","link":"https:\/\/elitedental.al\/it\/turismo-dentale-albania\/","title":{"rendered":"TURISMO DENTALE"},"content":{"rendered":"\t\t<div data-elementor-type=\"wp-page\" data-elementor-id=\"1613\" class=\"elementor elementor-1613\" data-elementor-post-type=\"page\">\n\t\t\t\t\t\t<section class=\"elementor-section elementor-top-section elementor-element elementor-element-2194b1dc elementor-section-height-min-height elementor-section-boxed elementor-section-height-default elementor-section-items-middle\" data-id=\"2194b1dc\" data-element_type=\"section\" data-e-type=\"section\" data-settings=\"{&quot;background_background&quot;:&quot;classic&quot;}\">\n\t\t\t\t\t\t<div class=\"elementor-container elementor-column-gap-default\">\n\t\t\t\t\t<div class=\"elementor-column elementor-col-100 elementor-top-column elementor-element elementor-element-74882738\" data-id=\"74882738\" data-element_type=\"column\" data-e-type=\"column\">\n\t\t\t<div class=\"elementor-widget-wrap elementor-element-populated\">\n\t\t\t\t\t\t<div class=\"elementor-element elementor-element-1773f5ec elementor-widget elementor-widget-heading\" data-id=\"1773f5ec\" data-element_type=\"widget\" data-e-type=\"widget\" data-widget_type=\"heading.default\">\n\t\t\t\t<div class=\"elementor-widget-container\">\n\t\t\t\t\t<h1 class=\"elementor-heading-title elementor-size-default\">Turismo Dentale in Albania\n<\/h1>\t\t\t\t<\/div>\n\t\t\t\t<\/div>\n\t\t\t\t<div class=\"elementor-element elementor-element-6fe0715 elementor-widget elementor-widget-text-editor\" data-id=\"6fe0715\" data-element_type=\"widget\" data-e-type=\"widget\" data-widget_type=\"text-editor.default\">\n\t\t\t\t<div class=\"elementor-widget-container\">\n\t\t\t\t\t\t\t\t\t<section class=\"elementor-section elementor-top-section elementor-element elementor-element-2194b1dc elementor-section-height-min-height elementor-section-boxed elementor-section-height-default elementor-section-items-middle\" data-id=\"2194b1dc\" data-element_type=\"section\" data-settings=\"{&quot;background_background&quot;:&quot;classic&quot;}\"><div class=\"elementor-container elementor-column-gap-default\"><div class=\"elementor-row\"><div class=\"elementor-column elementor-col-100 elementor-top-column elementor-element elementor-element-74882738\" data-id=\"74882738\" data-element_type=\"column\"><div class=\"elementor-column-wrap elementor-element-populated\"><div class=\"elementor-widget-wrap\"><div class=\"elementor-element elementor-element-6fe0715 elementor-widget elementor-widget-text-editor\" data-id=\"6fe0715\" data-element_type=\"widget\" data-widget_type=\"text-editor.default\"><div class=\"elementor-widget-container\"><div class=\"elementor-text-editor elementor-clearfix\"><p>Elite Dental Le Tue Cure Dentali In Albania Divertendoti Scoprendo La Nostra Terra.<\/p><\/div><\/div><\/div><\/div><\/div><\/div><\/div><\/div><\/section><section class=\"elementor-section elementor-top-section elementor-element elementor-element-7c5f0b6b elementor-section-height-min-height elementor-section-boxed elementor-section-height-default elementor-section-items-middle\" data-id=\"7c5f0b6b\" data-element_type=\"section\" data-settings=\"{&quot;background_background&quot;:&quot;video&quot;,&quot;background_video_link&quot;:&quot;https:\\\/\\\/youtu.be\\\/EMg_uIyEry0&quot;,&quot;background_play_on_mobile&quot;:&quot;yes&quot;}\"><div class=\"elementor-background-video-container\">\u00a0<\/div><\/section>\t\t\t\t\t\t\t\t<\/div>\n\t\t\t\t<\/div>\n\t\t\t\t\t<\/div>\n\t\t<\/div>\n\t\t\t\t\t<\/div>\n\t\t<\/section>\n\t\t\t\t<section class=\"elementor-section elementor-top-section elementor-element elementor-element-7c5f0b6b elementor-section-height-min-height elementor-section-boxed elementor-section-height-default elementor-section-items-middle\" data-id=\"7c5f0b6b\" data-element_type=\"section\" data-e-type=\"section\" data-settings=\"{&quot;background_background&quot;:&quot;video&quot;,&quot;background_video_link&quot;:&quot;https:\\\/\\\/youtu.be\\\/EMg_uIyEry0&quot;,&quot;background_play_on_mobile&quot;:&quot;yes&quot;}\">\n\t\t\t\t\t\t\t\t<div class=\"elementor-background-video-container\">\n\t\t\t\t\t\t\t\t\t\t\t\t\t<div class=\"elementor-background-video-embed\" role=\"presentation\"><\/div>\n\t\t\t\t\t\t\t\t\t\t\t\t<\/div>\n\t\t\t\t\t\t\t\t\t<div class=\"elementor-background-overlay\"><\/div>\n\t\t\t\t\t\t\t<div class=\"elementor-container elementor-column-gap-default\">\n\t\t\t\t\t<div class=\"elementor-column elementor-col-100 elementor-top-column elementor-element elementor-element-5ceef226\" data-id=\"5ceef226\" data-element_type=\"column\" data-e-type=\"column\">\n\t\t\t<div class=\"elementor-widget-wrap\">\n\t\t\t\t\t\t\t<\/div>\n\t\t<\/div>\n\t\t\t\t\t<\/div>\n\t\t<\/section>\n\t\t\t\t<section class=\"elementor-section elementor-top-section elementor-element elementor-element-5d1b30f9 elementor-section-boxed elementor-section-height-default elementor-section-height-default\" data-id=\"5d1b30f9\" data-element_type=\"section\" data-e-type=\"section\">\n\t\t\t\t\t\t<div class=\"elementor-container elementor-column-gap-default\">\n\t\t\t\t\t<div class=\"elementor-column elementor-col-100 elementor-top-column elementor-element elementor-element-7e42917d\" data-id=\"7e42917d\" data-element_type=\"column\" data-e-type=\"column\">\n\t\t\t<div class=\"elementor-widget-wrap elementor-element-populated\">\n\t\t\t\t\t\t<div class=\"elementor-element elementor-element-45661d42 elementor-widget elementor-widget-text-editor\" data-id=\"45661d42\" data-element_type=\"widget\" data-e-type=\"widget\" data-widget_type=\"text-editor.default\">\n\t\t\t\t<div class=\"elementor-widget-container\">\n\t\t\t\t\t\t\t\t\t<h1>Turismo Dentale Albania<\/h1><p>Scopri la gemma dei Balcani e allo stesso tempo prenditi cura della tua salute orale. Il turismo dentale in Albania \u00e8 sinonimo di qualit\u00e0 con\u00a0<strong>Elite Dental<\/strong>. Vieni come paziente e parti come amico!<\/p><p>L\u2019Albania con i suoi magnifici paesaggi, le infinite risorse naturali, la favolosa costa, \u00e8 gi\u00e0 una destinazione preferita per molti turisti. Tra i fenomeni pi\u00f9 importanti degli ultimi tempi c\u2019\u00e8 quello del turismo dentale, che ha identificato un numero crescente di stranieri o migranti in cerca di cliniche dentali per la loro salute orale.<\/p><p>Organizza le tue vacanze nella splendida Albania e allo stesso tempo ottieni il miglior servizio di qualit\u00e0 per la tua salute orale.<\/p><p><b>Elite Dental<\/b>\u00a0\u00e8 la scelta giusta per te.<\/p><p>Ci prendiamo cura di te durante il tuo soggiorno. Oltre a un bel sorriso, visiterai l\u2019Albania.<\/p><p>Il turismo dentale in Albania con Elite Dental implica cure dentistiche in pochi giorni, a prezzi molto vantaggiosi, con materiali di alta qualit\u00e0, forniti da dentisti qualificati nella nostra clinica. La nostra clinica si trova nel centro di Tirana in un edificio moderno e accogliente.<\/p><p><strong>La nostra offerta contiene:<\/strong><\/p><ul><li>Dopo aver lasciato l\u2019Albania, forniamo assistenza medica per telefono, e-mail o videoconferenza.<\/li><li>Trasporto organizzato dall\u2019aeroporto e in hotel o clinica da parte dell\u2019autista, nonch\u00e9 ritorno in aeroporto al momento del volo<\/li><li>Visite guidate in italiano \/ inglese \/ francese nelle attrazioni turistiche di Tirana<\/li><li>TAC3D gratuito<\/li><\/ul>\t\t\t\t\t\t\t\t<\/div>\n\t\t\t\t<\/div>\n\t\t\t\t\t<\/div>\n\t\t<\/div>\n\t\t\t\t\t<\/div>\n\t\t<\/section>\n\t\t\t\t<section class=\"elementor-section elementor-top-section elementor-element elementor-element-1b0a77b elementor-section-height-min-height elementor-section-boxed elementor-section-height-default elementor-section-items-middle\" data-id=\"1b0a77b\" data-element_type=\"section\" data-e-type=\"section\" data-settings=\"{&quot;background_background&quot;:&quot;classic&quot;}\">\n\t\t\t\t\t\t<div class=\"elementor-container elementor-column-gap-default\">\n\t\t\t\t\t<div class=\"elementor-column elementor-col-100 elementor-top-column elementor-element elementor-element-819fdcf\" data-id=\"819fdcf\" data-element_type=\"column\" data-e-type=\"column\">\n\t\t\t<div class=\"elementor-widget-wrap elementor-element-populated\">\n\t\t\t\t\t\t<div class=\"elementor-element elementor-element-862ce20 elementor-widget elementor-widget-heading\" data-id=\"862ce20\" data-element_type=\"widget\" data-e-type=\"widget\" data-widget_type=\"heading.default\">\n\t\t\t\t<div class=\"elementor-widget-container\">\n\t\t\t\t\t<h1 class=\"elementor-heading-title elementor-size-default\">Prenota una consulenza gratis +355 69 330 5069<\/h1>\t\t\t\t<\/div>\n\t\t\t\t<\/div>\n\t\t\t\t\t<\/div>\n\t\t<\/div>\n\t\t\t\t\t<\/div>\n\t\t<\/section>\n\t\t\t\t<section class=\"elementor-section elementor-top-section elementor-element elementor-element-88a642e elementor-section-boxed elementor-section-height-default elementor-section-height-default\" data-id=\"88a642e\" data-element_type=\"section\" data-e-type=\"section\">\n\t\t\t\t\t\t<div class=\"elementor-container elementor-column-gap-default\">\n\t\t\t\t\t<div class=\"elementor-column elementor-col-100 elementor-top-column elementor-element elementor-element-262637f\" data-id=\"262637f\" data-element_type=\"column\" data-e-type=\"column\">\n\t\t\t<div class=\"elementor-widget-wrap elementor-element-populated\">\n\t\t\t\t\t\t<div class=\"elementor-element elementor-element-6e88b70 elementor-widget elementor-widget-text-editor\" data-id=\"6e88b70\" data-element_type=\"widget\" data-e-type=\"widget\" data-widget_type=\"text-editor.default\">\n\t\t\t\t<div class=\"elementor-widget-container\">\n\t\t\t\t\t\t\t\t\t<p>Elite Dental \u2013 Turismo Dentale<\/p><p>L\u2019attrezzature della nostra clinica sono di ultima generazione. Inoltre, solo i migliori marchi internazionali vengono utilizzati per protesi e impianti. La nostra missione \u00e8 fornire a tutti coloro che scelgono\u00a0<b>Elite Dental<\/b>\u00a0un servizio dentale molto conveniente, di qualit\u00e0 e personalizzato per ogni tipo di esigenza e preoccupazione. Garantiamo un trattamento economico ma di altissima qualit\u00e0.<\/p><p>A Elite Dental troverai uno staff dedicato e appassionato per rispondere al meglio a qualsiasi domanda tu possa avere. Pianifica la tua prossima visita dal dentista pensando di poter visitare l\u2019Albania e ottenere cure dentistiche di qualit\u00e0.Garantiamo i pi\u00f9 alti standard di igiene, professionalit\u00e0 e sicurezza grazie ai nostri materiali che sono tutti certificati CE.<\/p><p>Le soluzioni che offriamo sono adatte a vari problemi che potresti avere in bocca. I problemi dentali sono molti, ma\u00a0<b>Elite Dental<\/b>\u00a0consiglier\u00e0 la cura dentale giusta per te. L\u2019esperienza e la professionalit\u00e0 dei nostri medici ti restituiranno la sicurezza che hai perso. Questo perch\u00e9 per Elite Dental il\u00a0<b>turismo dentale in Albania<\/b>\u00a0\u00e8 sinonimo di professionalit\u00e0.<\/p><p>&#8220;Perch\u00e9 l\u2019Albania ha cos\u00ec tanto da offrire&#8221;\u00a0<\/p><p style=\"font-size: 17px; color: #000000;\">Nonostante sia un piccolo paese (la superficie di questa perla dei Balcani \u00e8 leggermente pi\u00f9 grande di quella della Puglia), forse un mese intero non sarebbe sufficiente per vedere tutti i suoi paesaggi mozzafiato.<\/p><p>=&#8221;L&#8217;elenco dei luoghi da visitare in Albania \u00e8 lungo e vario: ce n&#8217;\u00e8 per tutti.&#8221;\u00a0<\/p><p>Se ami le spiagge, l\u2019Albania \u00e8 il posto giusto per te. La costa di Valona a Saranda offre una natura meravigliosa e le spiagge in Albania non hanno niente di meno che le spiagge della vicina Grecia.<\/p><p>Ma l\u2019Albania significa anche citt\u00e0 montane e storiche protette dall\u2019Unesco; castelli, monasteri remoti, sorgenti di acqua dolce, parchi naturali e molte, molte natura inebrianti.<br \/>Durante le tue vacanze in Albania, non saprai cosa scegliere prima.<\/p><p style=\"font-size: 17px; color: #000000;\">&#8220;Perch\u00e9 il cibo \u00e8 delizioso&#8221;\u00a0<\/p><p>Il cibo albanese \u00e8 poco per dire delizioso: puoi gustare piatti tradizionali albanesi come casseruola macinata, agnello e manzo cotti in terracotta, famose polpette albanesi, deliziosa torta di gnocchi a base di riso avvolto in una foglia di vite o spinaci, scodelle, piatto nazionale di manzo o agnello.<\/p><p>Per non parlare dei deliziosi formaggi, dal kacavali al formaggio di capra.<\/p><p>&#8220;Perch\u00e9 le persone sono cos\u00ec gentili&#8221;\u00a0<\/p><p>Sebbene questo paese non abbia goduto della migliore reputazione nel corso degli anni, la sicurezza in Albania non dovrebbe far parte delle preoccupazioni. Il popolo albanese \u00e8 estremamente gentile e accogliente e \u2013 ascolta, ascolta \u2013 parla quasi tutto l\u2019italiano e l\u2019inglese, specialmente i giovani.<\/p><p>Qui le persone, in particolare i giovani, sono cresciute guardando la televisione italiana. A Tirana puoi facilmente arrivare ovunque e parlare direttamente italiano o inglese.<\/p><p>Lasciati catturare dalle bellezze di questa ricca gente nella storia e nella cultura<\/p><p>\u00a0<\/p>\t\t\t\t\t\t\t\t<\/div>\n\t\t\t\t<\/div>\n\t\t\t\t\t<\/div>\n\t\t<\/div>\n\t\t\t\t\t<\/div>\n\t\t<\/section>\n\t\t\t\t<\/div>\n\t\t","protected":false},"excerpt":{"rendered":"<p>Turismo Dentale in Albania Elite Dental Le Tue Cure Dentali In Albania Divertendoti Scoprendo La Nostra Terra. \u00a0 Turismo Dentale Albania Scopri la gemma dei Balcani e allo stesso tempo prenditi cura della tua salute orale. Il turismo dentale in Albania \u00e8 sinonimo di qualit\u00e0 con\u00a0Elite Dental. Vieni come paziente e parti come amico! L\u2019Albania [&hellip;]<\/p>\n","protected":false},"author":5,"featured_media":0,"parent":0,"menu_order":0,"comment_status":"closed","ping_status":"closed","template":"elementor_header_footer","meta":{"footnotes":""},"class_list":["post-1613","page","type-page","status-publish","hentry"],"yoast_head":"<!-- This site is optimized with the Yoast SEO plugin v27.2 - https:\/\/yoast.com\/product\/yoast-seo-wordpress\/ -->\n<title>TURISMO DENTALE | EliteDental<\/title>\n<meta name=\"robots\" content=\"index, follow, max-snippet:-1, max-image-preview:large, max-video-preview:-1\" \/>\n<link rel=\"canonical\" href=\"https:\/\/elitedental.al\/it\/turismo-dentale-albania\/\" \/>\n<meta property=\"og:locale\" content=\"it_IT\" \/>\n<meta property=\"og:type\" content=\"article\" \/>\n<meta property=\"og:title\" content=\"TURISMO DENTALE | EliteDental\" \/>\n<meta property=\"og:description\" content=\"Turismo Dentale in Albania Elite Dental Le Tue Cure Dentali In Albania Divertendoti Scoprendo La Nostra Terra. \u00a0 Turismo Dentale Albania Scopri la gemma dei Balcani e allo stesso tempo prenditi cura della tua salute orale. Il turismo dentale in Albania \u00e8 sinonimo di qualit\u00e0 con\u00a0Elite Dental. Vieni come paziente e parti come amico! L\u2019Albania [&hellip;]\" \/>\n<meta property=\"og:url\" content=\"https:\/\/elitedental.al\/it\/turismo-dentale-albania\/\" \/>\n<meta property=\"og:site_name\" content=\"EliteDental\" \/>\n<meta property=\"article:publisher\" content=\"https:\/\/www.facebook.com\/dentistalbania\/\" \/>\n<meta property=\"article:modified_time\" content=\"2025-09-26T12:41:34+00:00\" \/>\n<meta name=\"twitter:card\" content=\"summary_large_image\" \/>\n<meta name=\"twitter:label1\" content=\"Tempo di lettura stimato\" \/>\n\t<meta name=\"twitter:data1\" content=\"4 minuti\" \/>\n<script type=\"application\/ld+json\" class=\"yoast-schema-graph\">{\"@context\":\"https:\/\/schema.org\",\"@graph\":[{\"@type\":\"WebPage\",\"@id\":\"https:\/\/elitedental.al\/it\/turismo-dentale-albania\/\",\"url\":\"https:\/\/elitedental.al\/it\/turismo-dentale-albania\/\",\"name\":\"TURISMO DENTALE | EliteDental\",\"isPartOf\":{\"@id\":\"https:\/\/elitedental.al\/de\/#website\"},\"datePublished\":\"2019-09-11T10:05:54+00:00\",\"dateModified\":\"2025-09-26T12:41:34+00:00\",\"breadcrumb\":{\"@id\":\"https:\/\/elitedental.al\/it\/turismo-dentale-albania\/#breadcrumb\"},\"inLanguage\":\"it-IT\",\"potentialAction\":[{\"@type\":\"ReadAction\",\"target\":[\"https:\/\/elitedental.al\/it\/turismo-dentale-albania\/\"]}]},{\"@type\":\"BreadcrumbList\",\"@id\":\"https:\/\/elitedental.al\/it\/turismo-dentale-albania\/#breadcrumb\",\"itemListElement\":[{\"@type\":\"ListItem\",\"position\":1,\"name\":\"Home\",\"item\":\"https:\/\/elitedental.al\/it\/\"},{\"@type\":\"ListItem\",\"position\":2,\"name\":\"TURISMO DENTALE\"}]},{\"@type\":\"WebSite\",\"@id\":\"https:\/\/elitedental.al\/de\/#website\",\"url\":\"https:\/\/elitedental.al\/de\/\",\"name\":\"EliteDental\",\"description\":\"Dentista Albania\",\"publisher\":{\"@id\":\"https:\/\/elitedental.al\/de\/#organization\"},\"potentialAction\":[{\"@type\":\"SearchAction\",\"target\":{\"@type\":\"EntryPoint\",\"urlTemplate\":\"https:\/\/elitedental.al\/de\/?s={search_term_string}\"},\"query-input\":{\"@type\":\"PropertyValueSpecification\",\"valueRequired\":true,\"valueName\":\"search_term_string\"}}],\"inLanguage\":\"it-IT\"},{\"@type\":\"Organization\",\"@id\":\"https:\/\/elitedental.al\/de\/#organization\",\"name\":\"Elite Dental\",\"url\":\"https:\/\/elitedental.al\/de\/\",\"logo\":{\"@type\":\"ImageObject\",\"inLanguage\":\"it-IT\",\"@id\":\"https:\/\/elitedental.al\/de\/#\/schema\/logo\/image\/\",\"url\":\"http:\/\/elitedental.al\/wp-content\/uploads\/2021\/06\/90F36F80-1EAA-4C33-A5E1-028AB603EFFE.png\",\"contentUrl\":\"http:\/\/elitedental.al\/wp-content\/uploads\/2021\/06\/90F36F80-1EAA-4C33-A5E1-028AB603EFFE.png\",\"width\":888,\"height\":553,\"caption\":\"Elite Dental\"},\"image\":{\"@id\":\"https:\/\/elitedental.al\/de\/#\/schema\/logo\/image\/\"},\"sameAs\":[\"https:\/\/www.facebook.com\/dentistalbania\/\",\"https:\/\/instagram.com\/elitedentaltirana?utm_medium=copy_link\"]}]}<\/script>\n<!-- \/ Yoast SEO plugin. -->","yoast_head_json":{"title":"TURISMO DENTALE | EliteDental","robots":{"index":"index","follow":"follow","max-snippet":"max-snippet:-1","max-image-preview":"max-image-preview:large","max-video-preview":"max-video-preview:-1"},"canonical":"https:\/\/elitedental.al\/it\/turismo-dentale-albania\/","og_locale":"it_IT","og_type":"article","og_title":"TURISMO DENTALE | EliteDental","og_description":"Turismo Dentale in Albania Elite Dental Le Tue Cure Dentali In Albania Divertendoti Scoprendo La Nostra Terra. \u00a0 Turismo Dentale Albania Scopri la gemma dei Balcani e allo stesso tempo prenditi cura della tua salute orale. Il turismo dentale in Albania \u00e8 sinonimo di qualit\u00e0 con\u00a0Elite Dental. Vieni come paziente e parti come amico! L\u2019Albania [&hellip;]","og_url":"https:\/\/elitedental.al\/it\/turismo-dentale-albania\/","og_site_name":"EliteDental","article_publisher":"https:\/\/www.facebook.com\/dentistalbania\/","article_modified_time":"2025-09-26T12:41:34+00:00","twitter_card":"summary_large_image","twitter_misc":{"Tempo di lettura stimato":"4 minuti"},"schema":{"@context":"https:\/\/schema.org","@graph":[{"@type":"WebPage","@id":"https:\/\/elitedental.al\/it\/turismo-dentale-albania\/","url":"https:\/\/elitedental.al\/it\/turismo-dentale-albania\/","name":"TURISMO DENTALE | EliteDental","isPartOf":{"@id":"https:\/\/elitedental.al\/de\/#website"},"datePublished":"2019-09-11T10:05:54+00:00","dateModified":"2025-09-26T12:41:34+00:00","breadcrumb":{"@id":"https:\/\/elitedental.al\/it\/turismo-dentale-albania\/#breadcrumb"},"inLanguage":"it-IT","potentialAction":[{"@type":"ReadAction","target":["https:\/\/elitedental.al\/it\/turismo-dentale-albania\/"]}]},{"@type":"BreadcrumbList","@id":"https:\/\/elitedental.al\/it\/turismo-dentale-albania\/#breadcrumb","itemListElement":[{"@type":"ListItem","position":1,"name":"Home","item":"https:\/\/elitedental.al\/it\/"},{"@type":"ListItem","position":2,"name":"TURISMO DENTALE"}]},{"@type":"WebSite","@id":"https:\/\/elitedental.al\/de\/#website","url":"https:\/\/elitedental.al\/de\/","name":"EliteDental","description":"Dentista Albania","publisher":{"@id":"https:\/\/elitedental.al\/de\/#organization"},"potentialAction":[{"@type":"SearchAction","target":{"@type":"EntryPoint","urlTemplate":"https:\/\/elitedental.al\/de\/?s={search_term_string}"},"query-input":{"@type":"PropertyValueSpecification","valueRequired":true,"valueName":"search_term_string"}}],"inLanguage":"it-IT"},{"@type":"Organization","@id":"https:\/\/elitedental.al\/de\/#organization","name":"Elite Dental","url":"https:\/\/elitedental.al\/de\/","logo":{"@type":"ImageObject","inLanguage":"it-IT","@id":"https:\/\/elitedental.al\/de\/#\/schema\/logo\/image\/","url":"http:\/\/elitedental.al\/wp-content\/uploads\/2021\/06\/90F36F80-1EAA-4C33-A5E1-028AB603EFFE.png","contentUrl":"http:\/\/elitedental.al\/wp-content\/uploads\/2021\/06\/90F36F80-1EAA-4C33-A5E1-028AB603EFFE.png","width":888,"height":553,"caption":"Elite Dental"},"image":{"@id":"https:\/\/elitedental.al\/de\/#\/schema\/logo\/image\/"},"sameAs":["https:\/\/www.facebook.com\/dentistalbania\/","https:\/\/instagram.com\/elitedentaltirana?utm_medium=copy_link"]}]}},"_links":{"self":[{"href":"https:\/\/elitedental.al\/it\/wp-json\/wp\/v2\/pages\/1613","targetHints":{"allow":["GET"]}}],"collection":[{"href":"https:\/\/elitedental.al\/it\/wp-json\/wp\/v2\/pages"}],"about":[{"href":"https:\/\/elitedental.al\/it\/wp-json\/wp\/v2\/types\/page"}],"author":[{"embeddable":true,"href":"https:\/\/elitedental.al\/it\/wp-json\/wp\/v2\/users\/5"}],"replies":[{"embeddable":true,"href":"https:\/\/elitedental.al\/it\/wp-json\/wp\/v2\/comments?post=1613"}],"version-history":[{"count":22,"href":"https:\/\/elitedental.al\/it\/wp-json\/wp\/v2\/pages\/1613\/revisions"}],"predecessor-version":[{"id":9087,"href":"https:\/\/elitedental.al\/it\/wp-json\/wp\/v2\/pages\/1613\/revisions\/9087"}],"wp:attachment":[{"href":"https:\/\/elitedental.al\/it\/wp-json\/wp\/v2\/media?parent=1613"}],"curies":[{"name":"wp","href":"https:\/\/api.w.org\/{rel}","templated":true}]}}