{"id":4191,"date":"2021-03-21T20:03:36","date_gmt":"2021-03-21T20:03:36","guid":{"rendered":"http:\/\/elitedental.al\/?page_id=4191"},"modified":"2021-05-03T10:07:58","modified_gmt":"2021-05-03T10:07:58","slug":"4191-2","status":"publish","type":"page","link":"https:\/\/elitedental.al\/it\/4191-2\/","title":{"rendered":""},"content":{"rendered":"\t\t<div data-elementor-type=\"wp-page\" data-elementor-id=\"4191\" class=\"elementor elementor-4191\" data-elementor-post-type=\"page\">\n\t\t\t\t\t\t<section class=\"elementor-section elementor-top-section elementor-element elementor-element-2194b1dc elementor-section-height-min-height elementor-section-boxed elementor-section-height-default elementor-section-items-middle\" data-id=\"2194b1dc\" data-element_type=\"section\" data-e-type=\"section\" data-settings=\"{&quot;background_background&quot;:&quot;classic&quot;}\">\n\t\t\t\t\t\t<div class=\"elementor-container elementor-column-gap-default\">\n\t\t\t\t\t<div class=\"elementor-column elementor-col-100 elementor-top-column elementor-element elementor-element-74882738\" data-id=\"74882738\" data-element_type=\"column\" data-e-type=\"column\">\n\t\t\t<div class=\"elementor-widget-wrap elementor-element-populated\">\n\t\t\t\t\t\t<div class=\"elementor-element elementor-element-1773f5ec elementor-widget elementor-widget-heading\" data-id=\"1773f5ec\" data-element_type=\"widget\" data-e-type=\"widget\" data-widget_type=\"heading.default\">\n\t\t\t\t<div class=\"elementor-widget-container\">\n\t\t\t\t\t<h1 class=\"elementor-heading-title elementor-size-default\">Turismo Dentale in Albania<\/h1>\t\t\t\t<\/div>\n\t\t\t\t<\/div>\n\t\t\t\t<div class=\"elementor-element elementor-element-6fe0715 elementor-widget elementor-widget-text-editor\" data-id=\"6fe0715\" data-element_type=\"widget\" data-e-type=\"widget\" data-widget_type=\"text-editor.default\">\n\t\t\t\t<div class=\"elementor-widget-container\">\n\t\t\t\t\t\t\t\t\t<p>Elite Dental le tue cure dentali in Albania divertendoti scoprendo la nostra terra.<\/p>\t\t\t\t\t\t\t\t<\/div>\n\t\t\t\t<\/div>\n\t\t\t\t\t<\/div>\n\t\t<\/div>\n\t\t\t\t\t<\/div>\n\t\t<\/section>\n\t\t\t\t<section class=\"elementor-section elementor-top-section elementor-element elementor-element-7c5f0b6b elementor-section-height-min-height elementor-section-boxed elementor-section-height-default elementor-section-items-middle\" data-id=\"7c5f0b6b\" data-element_type=\"section\" data-e-type=\"section\" data-settings=\"{&quot;background_background&quot;:&quot;video&quot;,&quot;background_video_link&quot;:&quot;https:\\\/\\\/youtu.be\\\/EMg_uIyEry0&quot;,&quot;background_play_on_mobile&quot;:&quot;yes&quot;}\">\n\t\t\t\t\t\t\t\t<div class=\"elementor-background-video-container\">\n\t\t\t\t\t\t\t\t\t\t\t\t\t<div class=\"elementor-background-video-embed\" role=\"presentation\"><\/div>\n\t\t\t\t\t\t\t\t\t\t\t\t<\/div>\n\t\t\t\t\t\t\t\t\t<div class=\"elementor-background-overlay\"><\/div>\n\t\t\t\t\t\t\t<div class=\"elementor-container elementor-column-gap-default\">\n\t\t\t\t\t<div class=\"elementor-column elementor-col-100 elementor-top-column elementor-element elementor-element-5ceef226\" data-id=\"5ceef226\" data-element_type=\"column\" data-e-type=\"column\">\n\t\t\t<div class=\"elementor-widget-wrap\">\n\t\t\t\t\t\t\t<\/div>\n\t\t<\/div>\n\t\t\t\t\t<\/div>\n\t\t<\/section>\n\t\t\t\t<section class=\"elementor-section elementor-top-section elementor-element elementor-element-5d1b30f9 elementor-section-boxed elementor-section-height-default elementor-section-height-default\" data-id=\"5d1b30f9\" data-element_type=\"section\" data-e-type=\"section\">\n\t\t\t\t\t\t<div class=\"elementor-container elementor-column-gap-default\">\n\t\t\t\t\t<div class=\"elementor-column elementor-col-100 elementor-top-column elementor-element elementor-element-7e42917d\" data-id=\"7e42917d\" data-element_type=\"column\" data-e-type=\"column\">\n\t\t\t<div class=\"elementor-widget-wrap elementor-element-populated\">\n\t\t\t\t\t\t<div class=\"elementor-element elementor-element-45661d42 elementor-widget elementor-widget-text-editor\" data-id=\"45661d42\" data-element_type=\"widget\" data-e-type=\"widget\" data-widget_type=\"text-editor.default\">\n\t\t\t\t<div class=\"elementor-widget-container\">\n\t\t\t\t\t\t\t\t\t<ul><li><h1 style=\"background-color: transparent; font-family: Roboto, sans-serif; color: rgb(122, 122, 122); display: inline !important;\">Turizmi Dentar Shqip\u00ebri<\/h1><\/li><\/ul><p style=\"background-color: transparent; color: rgb(0, 0, 0); font-size: 17px; font-family: var( --e-global-typography-text-font-family ), Sans-serif; font-weight: var( --e-global-typography-text-font-weight );\">Zbuloni perl\u00ebn e Ballkanit dhe kujdesuni p\u00ebr sh\u00ebndetin tuaj oral n\u00eb t\u00eb nj\u00ebjt\u00ebn koh\u00eb. Turizmi dentar n\u00eb Shqip\u00ebri \u00ebsht\u00eb sinonim i cil\u00ebsis\u00eb me Elite Dental.<\/p><p style=\"background-color: transparent; font-family: var( --e-global-typography-text-font-family ), Sans-serif; font-weight: var( --e-global-typography-text-font-weight );\">Eja si pacient dhe ik si mik!<\/p><p style=\"background-color: transparent; font-family: var( --e-global-typography-text-font-family ), Sans-serif; font-weight: var( --e-global-typography-text-font-weight );\">Shqip\u00ebria me peisazhet e saj t\u00eb mrekullueshme, burimet e pafund natyrore, bregdetin p\u00ebrrallor, \u00ebsht\u00eb tashm\u00eb nj\u00eb destinacion i preferuar p\u00ebr shum\u00eb turist\u00eb. Nd\u00ebr fenomenet m\u00eb t\u00eb r\u00ebnd\u00ebsishme t\u00eb koh\u00ebve t\u00eb fundit \u00ebsht\u00eb ai i turizmit dentar, i cili ka identifikuar nj\u00eb num\u00ebr n\u00eb rritje t\u00eb huaj ose migrant\u00eb n\u00eb k\u00ebrkim t\u00eb klinikave dentare p\u00ebr sh\u00ebndetin e tyre oral.<\/p><p style=\"background-color: transparent; font-family: var( --e-global-typography-text-font-family ), Sans-serif; font-weight: var( --e-global-typography-text-font-weight );\">Planifikoni pushimet tuaja n\u00eb Shqip\u00ebrin\u00eb e bukur dhe n\u00eb t\u00eb nj\u00ebjt\u00ebn koh\u00eb merrni sh\u00ebrbimin m\u00eb cil\u00ebsor p\u00ebr sh\u00ebndetin tuaj oral.<\/p><p style=\"background-color: transparent; color: rgb(0, 0, 0); font-size: 17px; font-family: var( --e-global-typography-text-font-family ), Sans-serif; font-weight: var( --e-global-typography-text-font-weight );\"><span style=\"font-weight: bolder;\">Elite Dental<\/span>&nbsp;\u00ebsht\u00eb zgjedhja e duhur p\u00ebr ju.<\/p><p style=\"background-color: transparent; font-family: var( --e-global-typography-text-font-family ), Sans-serif; font-weight: var( --e-global-typography-text-font-weight );\">Ne kujdesemi p\u00ebr ju gjat\u00eb q\u00ebndrimit tuaj. P\u00ebrve\u00e7 nj\u00eb buz\u00ebqeshje t\u00eb bukur, ju do t\u00eb vizitoni Shqip\u00ebrin\u00eb.<\/p><p style=\"background-color: transparent; font-family: var( --e-global-typography-text-font-family ), Sans-serif; font-weight: var( --e-global-typography-text-font-weight );\">Turizmi dentar n\u00eb Shqip\u00ebri me Elite Dental n\u00ebnkupton trajtimin e dh\u00ebmb\u00ebve n\u00eb pak dit\u00eb, me \u00e7mime shum\u00eb t\u00eb favorshme, me materiale me cil\u00ebsi t\u00eb lart\u00eb, t\u00eb ofruara nga dentist\u00eb t\u00eb kualifikuar n\u00eb klinik\u00ebn ton\u00eb.<br>Klinika jon\u00eb ndodhet n\u00eb qend\u00ebr t\u00eb Tiran\u00ebs n\u00eb nj\u00eb nd\u00ebrtes\u00eb moderne dhe mikprit\u00ebse.<\/p><p style=\"background-color: transparent; color: rgb(0, 0, 0); font-size: 17px; font-family: var( --e-global-typography-text-font-family ), Sans-serif; font-weight: var( --e-global-typography-text-font-weight );\"><span style=\"font-weight: bolder;\">Oferta jon\u00eb p\u00ebrmban:<\/span><\/p><ul style=\"font-family: var( --e-global-typography-text-font-family ), Sans-serif; font-weight: var( --e-global-typography-text-font-weight ); font-size: 16px; background-color: rgb(255, 255, 255);\"><li style=\"font-size: 16px;\">Pas largimit nga Shqip\u00ebria, ne ofrojm\u00eb ndihm\u00eb mjek\u00ebsore me telefon, email ose video konferenc\u00eb.<\/li><li style=\"font-size: 16px;\">Transporti i organizuar nga aeroporti dhe n\u00eb hotel ose klinik\u00eb nga shoferi, si dhe kthimi n\u00eb<br>aeroporti n\u00eb koh\u00ebn e fluturimit<\/li><li style=\"font-size: 16px;\">Udh\u00ebtime me guida n\u00eb italisht \/ anglisht \/ fr\u00ebngjisht n\u00eb atraksionet turistike t\u00eb Tiran\u00ebs<\/li><li style=\"font-size: 16px;\">TAC3D falas<\/li><\/ul><ul><li style=\"font-size: 17px; color: #000000; text-align: left;\"><ul style=\"font-size: 16px; background-color: rgb(255, 255, 255); color: rgb(122, 122, 122); text-align: justify;\">\n<\/ul>\n<\/li>\n<\/ul>\t\t\t\t\t\t\t\t<\/div>\n\t\t\t\t<\/div>\n\t\t\t\t\t<\/div>\n\t\t<\/div>\n\t\t\t\t\t<\/div>\n\t\t<\/section>\n\t\t\t\t<section class=\"elementor-section elementor-top-section elementor-element elementor-element-1b0a77b elementor-section-height-min-height elementor-section-boxed elementor-section-height-default elementor-section-items-middle\" data-id=\"1b0a77b\" data-element_type=\"section\" data-e-type=\"section\" data-settings=\"{&quot;background_background&quot;:&quot;classic&quot;}\">\n\t\t\t\t\t\t<div class=\"elementor-container elementor-column-gap-default\">\n\t\t\t\t\t<div class=\"elementor-column elementor-col-100 elementor-top-column elementor-element elementor-element-819fdcf\" data-id=\"819fdcf\" data-element_type=\"column\" data-e-type=\"column\">\n\t\t\t<div class=\"elementor-widget-wrap elementor-element-populated\">\n\t\t\t\t\t\t<div class=\"elementor-element elementor-element-862ce20 elementor-widget elementor-widget-heading\" data-id=\"862ce20\" data-element_type=\"widget\" data-e-type=\"widget\" data-widget_type=\"heading.default\">\n\t\t\t\t<div class=\"elementor-widget-container\">\n\t\t\t\t\t<h1 class=\"elementor-heading-title elementor-size-default\">Prenota una consulenza gratis +355 68 2020 085<\/h1>\t\t\t\t<\/div>\n\t\t\t\t<\/div>\n\t\t\t\t\t<\/div>\n\t\t<\/div>\n\t\t\t\t\t<\/div>\n\t\t<\/section>\n\t\t\t\t<section class=\"elementor-section elementor-top-section elementor-element elementor-element-88a642e elementor-section-boxed elementor-section-height-default elementor-section-height-default\" data-id=\"88a642e\" data-element_type=\"section\" data-e-type=\"section\">\n\t\t\t\t\t\t<div class=\"elementor-container elementor-column-gap-default\">\n\t\t\t\t\t<div class=\"elementor-column elementor-col-100 elementor-top-column elementor-element elementor-element-262637f\" data-id=\"262637f\" data-element_type=\"column\" data-e-type=\"column\">\n\t\t\t<div class=\"elementor-widget-wrap elementor-element-populated\">\n\t\t\t\t\t\t<div class=\"elementor-element elementor-element-6e88b70 elementor-widget elementor-widget-text-editor\" data-id=\"6e88b70\" data-element_type=\"widget\" data-e-type=\"widget\" data-widget_type=\"text-editor.default\">\n\t\t\t\t<div class=\"elementor-widget-container\">\n\t\t\t\t\t\t\t\t\tElite Dental &#8211; Turismo Dentale\n\n[vc_row][vc_column][vc_empty_space][\/vc_column][\/vc_row][vc_row][vc_column width=&#8221;1\/2&#8243;][vc_column_text]\n<p style=\"font-size: 17px; color: #000000;\">L&#8217;attrezzature della nostra clinica sono di ultima generazione. Inoltre, solo i migliori marchi internazionali vengono utilizzati per protesi e impianti. La nostra missione \u00e8 fornire a tutti coloro che scelgono <b>Elite Dental<\/b> un servizio dentale molto conveniente, di qualit\u00e0 e personalizzato per ogni tipo di esigenza e preoccupazione. Garantiamo un trattamento economico ma di altissima qualit\u00e0.<\/p>\n<p style=\"font-size: 17px; color: #000000;\">A Elite Dental troverai uno staff dedicato e appassionato per rispondere al meglio a qualsiasi domanda tu possa avere. Pianifica la tua prossima visita dal dentista pensando di poter visitare l&#8217;Albania e ottenere cure dentistiche di qualit\u00e0.Garantiamo i pi\u00f9 alti standard di igiene, professionalit\u00e0 e sicurezza grazie ai nostri materiali che sono tutti certificati CE.<\/p>\n<p style=\"font-size: 17px; color: #000000;\">Le soluzioni che offriamo sono adatte a vari problemi che potresti avere in bocca. I problemi dentali sono molti, ma <b>Elite Dental<\/b> consiglier\u00e0 la cura dentale giusta per te. L&#8217;esperienza e la professionalit\u00e0 dei nostri medici ti restituiranno la sicurezza che hai perso. Questo perch\u00e9 per Elite Dental il <b>turismo dentale in Albania<\/b> \u00e8 sinonimo di professionalit\u00e0.<\/p>\n[\/vc_column_text][vc_empty_space][\/vc_column][vc_column width=&#8221;1\/2&#8243;][vc_single_image image=&#8221;1663&#8243; img_size=&#8221;full&#8221;][\/vc_column][\/vc_row][vc_row][vc_column][vc_text_separator title=&#8221;Perch\u00e9 l\u2019Albania cos\u00ec tanto da offrire&#8221; title_align=&#8221;separator_align_left&#8221; border_width=&#8221;2&#8243; el_class=&#8221;titullilanding&#8221;][vc_column_text]\n<p style=\"font-size: 17px; color: #000000;\">Nonostante sia un piccolo paese (la superficie di questa perla dei Balcani \u00e8 leggermente pi\u00f9 grande di quella della Puglia), forse un mese intero non sarebbe sufficiente per vedere tutti i suoi paesaggi mozzafiato.<\/p>\n[\/vc_column_text][\/vc_column][\/vc_row][vc_row][vc_column][vc_empty_space][\/vc_column][\/vc_row][vc_row][vc_column width=&#8221;1\/2&#8243;][vc_single_image image=&#8221;1662&#8243; img_size=&#8221;full&#8221;][\/vc_column][vc_column width=&#8221;1\/2&#8243;][vc_text_separator title=&#8221;L&#8217;elenco dei luoghi da visitare in Albania \u00e8 lungo e vario: ce n&#8217;\u00e8 per tutti.&#8221; title_align=&#8221;separator_align_left&#8221; border_width=&#8221;2&#8243; el_class=&#8221;titullilanding&#8221;][vc_column_text]\n<p style=\"font-size: 17px; color: #000000;\">Se ami le spiagge, l&#8217;Albania \u00e8 il posto giusto per te. La costa di Valona a Saranda offre una natura meravigliosa e le spiagge in Albania non hanno niente di meno che le spiagge della vicina Grecia.<\/p>\n<p style=\"font-size: 17px; color: #000000;\">Ma l&#8217;Albania significa anche citt\u00e0 montane e storiche protette dall&#8217;Unesco; castelli, monasteri remoti, sorgenti di acqua dolce, parchi naturali e molte, molte natura inebrianti.\nDurante le tue vacanze in Albania, non saprai cosa scegliere prima.[\/vc_column_text][\/vc_column][\/vc_row][vc_row][vc_column][vc_empty_space][\/vc_column][\/vc_row][vc_row][vc_column][vc_text_separator title=&#8221;Perch\u00e9 il cibo \u00e8 delizioso&#8221; title_align=&#8221;separator_align_left&#8221; border_width=&#8221;2&#8243; el_class=&#8221;titullilanding&#8221;][vc_column_text]<\/p>\n<p style=\"font-size: 17px; color: #000000;\">Il cibo albanese \u00e8 poco per dire delizioso: puoi gustare piatti tradizionali albanesi come casseruola macinata, agnello e manzo cotti in terracotta, famose polpette albanesi, deliziosa torta di gnocchi a base di riso avvolto in una foglia di vite o spinaci, scodelle, piatto nazionale di manzo o agnello.<\/p>\n<p style=\"font-size: 17px; color: #000000;\">Per non parlare dei deliziosi formaggi, dal kacavali al formaggio di capra.<\/p>\n[\/vc_column_text][vc_row_inner][vc_column_inner width=&#8221;1\/2&#8243;][vc_text_separator title=&#8221;Perch\u00e9 le persone sono cos\u00ec gentili&#8221; title_align=&#8221;separator_align_left&#8221; border_width=&#8221;2&#8243; el_class=&#8221;titullilanding&#8221;][vc_column_text]\n<p style=\"font-size: 17px; color: #000000;\">Sebbene questo paese non abbia goduto della migliore reputazione nel corso degli anni, la sicurezza in Albania non dovrebbe far parte delle preoccupazioni. Il popolo albanese \u00e8 estremamente gentile e accogliente e &#8211; ascolta, ascolta &#8211; parla quasi tutto l&#8217;italiano e l&#8217;inglese, specialmente i giovani.<\/p>\n<p style=\"font-size: 17px; color: #000000;\">Qui le persone, in particolare i giovani, sono cresciute guardando la televisione italiana. A Tirana puoi facilmente arrivare ovunque e parlare direttamente italiano o inglese.<\/p>\n<p style=\"font-size: 17px; color: #000000;\">Lasciati catturare dalle bellezze di questa ricca gente nella storia e nella cultura<\/p>\n[\/vc_column_text][\/vc_column_inner][vc_column_inner width=&#8221;1\/2&#8243;][vc_single_image image=&#8221;1661&#8243; img_size=&#8221;full&#8221;][\/vc_column_inner][\/vc_row_inner][\/vc_column][\/vc_row][vc_row][vc_column][vc_empty_space height=&#8221;60px&#8221;][\/vc_column][\/vc_row][vc_row el_id=&#8221;kontaktformaaa&#8221;][vc_column][vc_column_text][\/vc_column_text][\/vc_column][\/vc_row]\t\t\t\t\t\t\t\t<\/div>\n\t\t\t\t<\/div>\n\t\t\t\t\t<\/div>\n\t\t<\/div>\n\t\t\t\t\t<\/div>\n\t\t<\/section>\n\t\t\t\t<\/div>\n\t\t","protected":false},"excerpt":{"rendered":"<p>Turismo Dentale in Albania Elite Dental le tue cure dentali in Albania divertendoti scoprendo la nostra terra. Turizmi Dentar Shqip\u00ebri Zbuloni perl\u00ebn e Ballkanit dhe kujdesuni p\u00ebr sh\u00ebndetin tuaj oral n\u00eb t\u00eb nj\u00ebjt\u00ebn koh\u00eb. Turizmi dentar n\u00eb Shqip\u00ebri \u00ebsht\u00eb sinonim i cil\u00ebsis\u00eb me Elite Dental. Eja si pacient dhe ik si mik! Shqip\u00ebria me peisazhet [&hellip;]<\/p>\n","protected":false},"author":5,"featured_media":0,"parent":0,"menu_order":0,"comment_status":"closed","ping_status":"closed","template":"elementor_header_footer","meta":{"footnotes":""},"class_list":["post-4191","page","type-page","status-publish","hentry"],"yoast_head":"<!-- This site is optimized with the Yoast SEO plugin v27.2 - https:\/\/yoast.com\/product\/yoast-seo-wordpress\/ -->\n<title>| EliteDental<\/title>\n<meta name=\"robots\" content=\"index, follow, max-snippet:-1, max-image-preview:large, max-video-preview:-1\" \/>\n<link rel=\"canonical\" href=\"https:\/\/elitedental.al\/it\/4191-2\/\" \/>\n<meta property=\"og:locale\" content=\"it_IT\" \/>\n<meta property=\"og:type\" content=\"article\" \/>\n<meta property=\"og:title\" content=\"| EliteDental\" \/>\n<meta property=\"og:description\" content=\"Turismo Dentale in Albania Elite Dental le tue cure dentali in Albania divertendoti scoprendo la nostra terra. Turizmi Dentar Shqip\u00ebri Zbuloni perl\u00ebn e Ballkanit dhe kujdesuni p\u00ebr sh\u00ebndetin tuaj oral n\u00eb t\u00eb nj\u00ebjt\u00ebn koh\u00eb. Turizmi dentar n\u00eb Shqip\u00ebri \u00ebsht\u00eb sinonim i cil\u00ebsis\u00eb me Elite Dental. Eja si pacient dhe ik si mik! Shqip\u00ebria me peisazhet [&hellip;]\" \/>\n<meta property=\"og:url\" content=\"https:\/\/elitedental.al\/it\/4191-2\/\" \/>\n<meta property=\"og:site_name\" content=\"EliteDental\" \/>\n<meta property=\"article:publisher\" content=\"https:\/\/www.facebook.com\/dentistalbania\/\" \/>\n<meta property=\"article:modified_time\" content=\"2021-05-03T10:07:58+00:00\" \/>\n<meta name=\"twitter:card\" content=\"summary_large_image\" \/>\n<meta name=\"twitter:label1\" content=\"Tempo di lettura stimato\" \/>\n\t<meta name=\"twitter:data1\" content=\"4 minuti\" \/>\n<script type=\"application\/ld+json\" class=\"yoast-schema-graph\">{\"@context\":\"https:\/\/schema.org\",\"@graph\":[{\"@type\":\"WebPage\",\"@id\":\"https:\/\/elitedental.al\/it\/4191-2\/\",\"url\":\"https:\/\/elitedental.al\/it\/4191-2\/\",\"name\":\"| EliteDental\",\"isPartOf\":{\"@id\":\"https:\/\/elitedental.al\/de\/#website\"},\"datePublished\":\"2021-03-21T20:03:36+00:00\",\"dateModified\":\"2021-05-03T10:07:58+00:00\",\"inLanguage\":\"it-IT\",\"potentialAction\":[{\"@type\":\"ReadAction\",\"target\":[\"https:\/\/elitedental.al\/it\/4191-2\/\"]}]},{\"@type\":\"WebSite\",\"@id\":\"https:\/\/elitedental.al\/de\/#website\",\"url\":\"https:\/\/elitedental.al\/de\/\",\"name\":\"EliteDental\",\"description\":\"Dentista Albania\",\"publisher\":{\"@id\":\"https:\/\/elitedental.al\/de\/#organization\"},\"potentialAction\":[{\"@type\":\"SearchAction\",\"target\":{\"@type\":\"EntryPoint\",\"urlTemplate\":\"https:\/\/elitedental.al\/de\/?s={search_term_string}\"},\"query-input\":{\"@type\":\"PropertyValueSpecification\",\"valueRequired\":true,\"valueName\":\"search_term_string\"}}],\"inLanguage\":\"it-IT\"},{\"@type\":\"Organization\",\"@id\":\"https:\/\/elitedental.al\/de\/#organization\",\"name\":\"Elite Dental\",\"url\":\"https:\/\/elitedental.al\/de\/\",\"logo\":{\"@type\":\"ImageObject\",\"inLanguage\":\"it-IT\",\"@id\":\"https:\/\/elitedental.al\/de\/#\/schema\/logo\/image\/\",\"url\":\"http:\/\/elitedental.al\/wp-content\/uploads\/2021\/06\/90F36F80-1EAA-4C33-A5E1-028AB603EFFE.png\",\"contentUrl\":\"http:\/\/elitedental.al\/wp-content\/uploads\/2021\/06\/90F36F80-1EAA-4C33-A5E1-028AB603EFFE.png\",\"width\":888,\"height\":553,\"caption\":\"Elite Dental\"},\"image\":{\"@id\":\"https:\/\/elitedental.al\/de\/#\/schema\/logo\/image\/\"},\"sameAs\":[\"https:\/\/www.facebook.com\/dentistalbania\/\",\"https:\/\/instagram.com\/elitedentaltirana?utm_medium=copy_link\"]}]}<\/script>\n<!-- \/ Yoast SEO plugin. -->","yoast_head_json":{"title":"| EliteDental","robots":{"index":"index","follow":"follow","max-snippet":"max-snippet:-1","max-image-preview":"max-image-preview:large","max-video-preview":"max-video-preview:-1"},"canonical":"https:\/\/elitedental.al\/it\/4191-2\/","og_locale":"it_IT","og_type":"article","og_title":"| EliteDental","og_description":"Turismo Dentale in Albania Elite Dental le tue cure dentali in Albania divertendoti scoprendo la nostra terra. Turizmi Dentar Shqip\u00ebri Zbuloni perl\u00ebn e Ballkanit dhe kujdesuni p\u00ebr sh\u00ebndetin tuaj oral n\u00eb t\u00eb nj\u00ebjt\u00ebn koh\u00eb. Turizmi dentar n\u00eb Shqip\u00ebri \u00ebsht\u00eb sinonim i cil\u00ebsis\u00eb me Elite Dental. Eja si pacient dhe ik si mik! Shqip\u00ebria me peisazhet [&hellip;]","og_url":"https:\/\/elitedental.al\/it\/4191-2\/","og_site_name":"EliteDental","article_publisher":"https:\/\/www.facebook.com\/dentistalbania\/","article_modified_time":"2021-05-03T10:07:58+00:00","twitter_card":"summary_large_image","twitter_misc":{"Tempo di lettura stimato":"4 minuti"},"schema":{"@context":"https:\/\/schema.org","@graph":[{"@type":"WebPage","@id":"https:\/\/elitedental.al\/it\/4191-2\/","url":"https:\/\/elitedental.al\/it\/4191-2\/","name":"| EliteDental","isPartOf":{"@id":"https:\/\/elitedental.al\/de\/#website"},"datePublished":"2021-03-21T20:03:36+00:00","dateModified":"2021-05-03T10:07:58+00:00","inLanguage":"it-IT","potentialAction":[{"@type":"ReadAction","target":["https:\/\/elitedental.al\/it\/4191-2\/"]}]},{"@type":"WebSite","@id":"https:\/\/elitedental.al\/de\/#website","url":"https:\/\/elitedental.al\/de\/","name":"EliteDental","description":"Dentista Albania","publisher":{"@id":"https:\/\/elitedental.al\/de\/#organization"},"potentialAction":[{"@type":"SearchAction","target":{"@type":"EntryPoint","urlTemplate":"https:\/\/elitedental.al\/de\/?s={search_term_string}"},"query-input":{"@type":"PropertyValueSpecification","valueRequired":true,"valueName":"search_term_string"}}],"inLanguage":"it-IT"},{"@type":"Organization","@id":"https:\/\/elitedental.al\/de\/#organization","name":"Elite Dental","url":"https:\/\/elitedental.al\/de\/","logo":{"@type":"ImageObject","inLanguage":"it-IT","@id":"https:\/\/elitedental.al\/de\/#\/schema\/logo\/image\/","url":"http:\/\/elitedental.al\/wp-content\/uploads\/2021\/06\/90F36F80-1EAA-4C33-A5E1-028AB603EFFE.png","contentUrl":"http:\/\/elitedental.al\/wp-content\/uploads\/2021\/06\/90F36F80-1EAA-4C33-A5E1-028AB603EFFE.png","width":888,"height":553,"caption":"Elite Dental"},"image":{"@id":"https:\/\/elitedental.al\/de\/#\/schema\/logo\/image\/"},"sameAs":["https:\/\/www.facebook.com\/dentistalbania\/","https:\/\/instagram.com\/elitedentaltirana?utm_medium=copy_link"]}]}},"_links":{"self":[{"href":"https:\/\/elitedental.al\/it\/wp-json\/wp\/v2\/pages\/4191","targetHints":{"allow":["GET"]}}],"collection":[{"href":"https:\/\/elitedental.al\/it\/wp-json\/wp\/v2\/pages"}],"about":[{"href":"https:\/\/elitedental.al\/it\/wp-json\/wp\/v2\/types\/page"}],"author":[{"embeddable":true,"href":"https:\/\/elitedental.al\/it\/wp-json\/wp\/v2\/users\/5"}],"replies":[{"embeddable":true,"href":"https:\/\/elitedental.al\/it\/wp-json\/wp\/v2\/comments?post=4191"}],"version-history":[{"count":1,"href":"https:\/\/elitedental.al\/it\/wp-json\/wp\/v2\/pages\/4191\/revisions"}],"predecessor-version":[{"id":5450,"href":"https:\/\/elitedental.al\/it\/wp-json\/wp\/v2\/pages\/4191\/revisions\/5450"}],"wp:attachment":[{"href":"https:\/\/elitedental.al\/it\/wp-json\/wp\/v2\/media?parent=4191"}],"curies":[{"name":"wp","href":"https:\/\/api.w.org\/{rel}","templated":true}]}}