{"id":4211,"date":"2021-03-22T11:31:55","date_gmt":"2021-03-22T11:31:55","guid":{"rendered":"http:\/\/elitedental.al\/?page_id=4211"},"modified":"2021-09-05T19:32:55","modified_gmt":"2021-09-05T19:32:55","slug":"4211-2","status":"publish","type":"page","link":"https:\/\/elitedental.al\/it\/4211-2\/","title":{"rendered":"Contacto"},"content":{"rendered":"<p>Elite Dental<\/p>\n<p>Cont\u00e1ctenos Dentista en Albania<\/p>\n<p>P\u00f3ngase en contacto con el personal de Elite Dental &#8211; Dentist Albania para solicitar informaci\u00f3n<\/p>\n<p>\u00c9lite<br \/>\nDental<br \/>\nReserve una consulta gratuita en el +355 69701 5050<br \/>\no env\u00edanos tu ortopanor\u00e1mica<br \/>\n\u00bfTiene alguna pregunta o le gustar\u00eda recibir un presupuesto?<\/p>\n<p>Estaremos encantados de responderte.<\/p>\n<p>Tambi\u00e9n puede adjuntar su ortopanor\u00e1mica<\/p>\n<p>Rr. Stavri Vrinjau 2 Tirana, Albania &#8211; Cerca de la embajada estadounidense<br \/>\nartdurdema@yahoo.com<br \/>\n+355 68 2020 085[:]<\/p>\n","protected":false},"excerpt":{"rendered":"<p>Elite Dental Cont\u00e1ctenos Dentista en Albania P\u00f3ngase en contacto con el personal de Elite Dental &#8211; Dentist Albania para solicitar informaci\u00f3n \u00c9lite Dental Reserve una consulta gratuita en el +355 69701 5050 o env\u00edanos tu ortopanor\u00e1mica \u00bfTiene alguna pregunta o le gustar\u00eda recibir un presupuesto? Estaremos encantados de responderte. Tambi\u00e9n puede adjuntar su ortopanor\u00e1mica Rr. [&hellip;]<\/p>\n","protected":false},"author":5,"featured_media":0,"parent":0,"menu_order":0,"comment_status":"closed","ping_status":"closed","template":"elementor_header_footer","meta":{"footnotes":""},"class_list":["post-4211","page","type-page","status-publish","hentry"],"yoast_head":"<!-- This site is optimized with the Yoast SEO plugin v27.2 - https:\/\/yoast.com\/product\/yoast-seo-wordpress\/ -->\n<title>Contacto | EliteDental<\/title>\n<meta name=\"robots\" content=\"index, follow, max-snippet:-1, max-image-preview:large, max-video-preview:-1\" \/>\n<link rel=\"canonical\" href=\"https:\/\/elitedental.al\/it\/4211-2\/\" \/>\n<meta property=\"og:locale\" content=\"it_IT\" \/>\n<meta property=\"og:type\" content=\"article\" \/>\n<meta property=\"og:title\" content=\"Contacto | EliteDental\" \/>\n<meta property=\"og:description\" content=\"Elite Dental Cont\u00e1ctenos Dentista en Albania P\u00f3ngase en contacto con el personal de Elite Dental &#8211; Dentist Albania para solicitar informaci\u00f3n \u00c9lite Dental Reserve una consulta gratuita en el +355 69701 5050 o env\u00edanos tu ortopanor\u00e1mica \u00bfTiene alguna pregunta o le gustar\u00eda recibir un presupuesto? Estaremos encantados de responderte. Tambi\u00e9n puede adjuntar su ortopanor\u00e1mica Rr. [&hellip;]\" \/>\n<meta property=\"og:url\" content=\"https:\/\/elitedental.al\/it\/4211-2\/\" \/>\n<meta property=\"og:site_name\" content=\"EliteDental\" \/>\n<meta property=\"article:publisher\" content=\"https:\/\/www.facebook.com\/dentistalbania\/\" \/>\n<meta property=\"article:modified_time\" content=\"2021-09-05T19:32:55+00:00\" \/>\n<meta name=\"twitter:card\" content=\"summary_large_image\" \/>\n<script type=\"application\/ld+json\" class=\"yoast-schema-graph\">{\"@context\":\"https:\/\/schema.org\",\"@graph\":[{\"@type\":\"WebPage\",\"@id\":\"https:\/\/elitedental.al\/it\/4211-2\/\",\"url\":\"https:\/\/elitedental.al\/it\/4211-2\/\",\"name\":\"Contacto | EliteDental\",\"isPartOf\":{\"@id\":\"https:\/\/elitedental.al\/de\/#website\"},\"datePublished\":\"2021-03-22T11:31:55+00:00\",\"dateModified\":\"2021-09-05T19:32:55+00:00\",\"breadcrumb\":{\"@id\":\"https:\/\/elitedental.al\/it\/4211-2\/#breadcrumb\"},\"inLanguage\":\"it-IT\",\"potentialAction\":[{\"@type\":\"ReadAction\",\"target\":[\"https:\/\/elitedental.al\/it\/4211-2\/\"]}]},{\"@type\":\"BreadcrumbList\",\"@id\":\"https:\/\/elitedental.al\/it\/4211-2\/#breadcrumb\",\"itemListElement\":[{\"@type\":\"ListItem\",\"position\":1,\"name\":\"Home\",\"item\":\"https:\/\/elitedental.al\/it\/\"},{\"@type\":\"ListItem\",\"position\":2,\"name\":\"Contacto\"}]},{\"@type\":\"WebSite\",\"@id\":\"https:\/\/elitedental.al\/de\/#website\",\"url\":\"https:\/\/elitedental.al\/de\/\",\"name\":\"EliteDental\",\"description\":\"Dentista Albania\",\"publisher\":{\"@id\":\"https:\/\/elitedental.al\/de\/#organization\"},\"potentialAction\":[{\"@type\":\"SearchAction\",\"target\":{\"@type\":\"EntryPoint\",\"urlTemplate\":\"https:\/\/elitedental.al\/de\/?s={search_term_string}\"},\"query-input\":{\"@type\":\"PropertyValueSpecification\",\"valueRequired\":true,\"valueName\":\"search_term_string\"}}],\"inLanguage\":\"it-IT\"},{\"@type\":\"Organization\",\"@id\":\"https:\/\/elitedental.al\/de\/#organization\",\"name\":\"Elite Dental\",\"url\":\"https:\/\/elitedental.al\/de\/\",\"logo\":{\"@type\":\"ImageObject\",\"inLanguage\":\"it-IT\",\"@id\":\"https:\/\/elitedental.al\/de\/#\/schema\/logo\/image\/\",\"url\":\"http:\/\/elitedental.al\/wp-content\/uploads\/2021\/06\/90F36F80-1EAA-4C33-A5E1-028AB603EFFE.png\",\"contentUrl\":\"http:\/\/elitedental.al\/wp-content\/uploads\/2021\/06\/90F36F80-1EAA-4C33-A5E1-028AB603EFFE.png\",\"width\":888,\"height\":553,\"caption\":\"Elite Dental\"},\"image\":{\"@id\":\"https:\/\/elitedental.al\/de\/#\/schema\/logo\/image\/\"},\"sameAs\":[\"https:\/\/www.facebook.com\/dentistalbania\/\",\"https:\/\/instagram.com\/elitedentaltirana?utm_medium=copy_link\"]}]}<\/script>\n<!-- \/ Yoast SEO plugin. -->","yoast_head_json":{"title":"Contacto | EliteDental","robots":{"index":"index","follow":"follow","max-snippet":"max-snippet:-1","max-image-preview":"max-image-preview:large","max-video-preview":"max-video-preview:-1"},"canonical":"https:\/\/elitedental.al\/it\/4211-2\/","og_locale":"it_IT","og_type":"article","og_title":"Contacto | EliteDental","og_description":"Elite Dental Cont\u00e1ctenos Dentista en Albania P\u00f3ngase en contacto con el personal de Elite Dental &#8211; Dentist Albania para solicitar informaci\u00f3n \u00c9lite Dental Reserve una consulta gratuita en el +355 69701 5050 o env\u00edanos tu ortopanor\u00e1mica \u00bfTiene alguna pregunta o le gustar\u00eda recibir un presupuesto? Estaremos encantados de responderte. Tambi\u00e9n puede adjuntar su ortopanor\u00e1mica Rr. [&hellip;]","og_url":"https:\/\/elitedental.al\/it\/4211-2\/","og_site_name":"EliteDental","article_publisher":"https:\/\/www.facebook.com\/dentistalbania\/","article_modified_time":"2021-09-05T19:32:55+00:00","twitter_card":"summary_large_image","schema":{"@context":"https:\/\/schema.org","@graph":[{"@type":"WebPage","@id":"https:\/\/elitedental.al\/it\/4211-2\/","url":"https:\/\/elitedental.al\/it\/4211-2\/","name":"Contacto | EliteDental","isPartOf":{"@id":"https:\/\/elitedental.al\/de\/#website"},"datePublished":"2021-03-22T11:31:55+00:00","dateModified":"2021-09-05T19:32:55+00:00","breadcrumb":{"@id":"https:\/\/elitedental.al\/it\/4211-2\/#breadcrumb"},"inLanguage":"it-IT","potentialAction":[{"@type":"ReadAction","target":["https:\/\/elitedental.al\/it\/4211-2\/"]}]},{"@type":"BreadcrumbList","@id":"https:\/\/elitedental.al\/it\/4211-2\/#breadcrumb","itemListElement":[{"@type":"ListItem","position":1,"name":"Home","item":"https:\/\/elitedental.al\/it\/"},{"@type":"ListItem","position":2,"name":"Contacto"}]},{"@type":"WebSite","@id":"https:\/\/elitedental.al\/de\/#website","url":"https:\/\/elitedental.al\/de\/","name":"EliteDental","description":"Dentista Albania","publisher":{"@id":"https:\/\/elitedental.al\/de\/#organization"},"potentialAction":[{"@type":"SearchAction","target":{"@type":"EntryPoint","urlTemplate":"https:\/\/elitedental.al\/de\/?s={search_term_string}"},"query-input":{"@type":"PropertyValueSpecification","valueRequired":true,"valueName":"search_term_string"}}],"inLanguage":"it-IT"},{"@type":"Organization","@id":"https:\/\/elitedental.al\/de\/#organization","name":"Elite Dental","url":"https:\/\/elitedental.al\/de\/","logo":{"@type":"ImageObject","inLanguage":"it-IT","@id":"https:\/\/elitedental.al\/de\/#\/schema\/logo\/image\/","url":"http:\/\/elitedental.al\/wp-content\/uploads\/2021\/06\/90F36F80-1EAA-4C33-A5E1-028AB603EFFE.png","contentUrl":"http:\/\/elitedental.al\/wp-content\/uploads\/2021\/06\/90F36F80-1EAA-4C33-A5E1-028AB603EFFE.png","width":888,"height":553,"caption":"Elite Dental"},"image":{"@id":"https:\/\/elitedental.al\/de\/#\/schema\/logo\/image\/"},"sameAs":["https:\/\/www.facebook.com\/dentistalbania\/","https:\/\/instagram.com\/elitedentaltirana?utm_medium=copy_link"]}]}},"_links":{"self":[{"href":"https:\/\/elitedental.al\/it\/wp-json\/wp\/v2\/pages\/4211","targetHints":{"allow":["GET"]}}],"collection":[{"href":"https:\/\/elitedental.al\/it\/wp-json\/wp\/v2\/pages"}],"about":[{"href":"https:\/\/elitedental.al\/it\/wp-json\/wp\/v2\/types\/page"}],"author":[{"embeddable":true,"href":"https:\/\/elitedental.al\/it\/wp-json\/wp\/v2\/users\/5"}],"replies":[{"embeddable":true,"href":"https:\/\/elitedental.al\/it\/wp-json\/wp\/v2\/comments?post=4211"}],"version-history":[{"count":2,"href":"https:\/\/elitedental.al\/it\/wp-json\/wp\/v2\/pages\/4211\/revisions"}],"predecessor-version":[{"id":5491,"href":"https:\/\/elitedental.al\/it\/wp-json\/wp\/v2\/pages\/4211\/revisions\/5491"}],"wp:attachment":[{"href":"https:\/\/elitedental.al\/it\/wp-json\/wp\/v2\/media?parent=4211"}],"curies":[{"name":"wp","href":"https:\/\/api.w.org\/{rel}","templated":true}]}}