{"id":5999,"date":"2021-09-21T05:33:50","date_gmt":"2021-09-21T05:33:50","guid":{"rendered":"https:\/\/elitedental.al\/?page_id=5999"},"modified":"2023-03-08T22:17:27","modified_gmt":"2023-03-08T22:17:27","slug":"protesi-dentali-fisse","status":"publish","type":"page","link":"https:\/\/elitedental.al\/it\/protesi-dentali-fisse\/","title":{"rendered":"PROTESI DENTALI FISSE"},"content":{"rendered":"<p>&nbsp;<\/p>\n<section class=\"av_textblock_section\">\n<div class=\"avia_textblock \">\n<section class=\"av_textblock_section\">\n<div class=\"avia_textblock \">\n<p><strong>Le protesi dentali <\/strong>(sia mobili che fisse) sono utili non solo in caso di mancanza totale di denti, ma anche per sostituire denti singoli o gruppi di denti gravemente danneggiati.<\/p>\n<p>I professionisti di<strong>\u00a0Elite Dental<\/strong>\u00a0realizzano su misura protesi dentali certificate, impiegando materiali sicuri a marchio CE.<br \/>\nSe stai pensando di portare una protesi dentale ecco cosa devi sapere:<\/p>\n<\/div>\n<\/section>\n<section class=\"av_textblock_section\">\n<div class=\"avia_textblock \">\n<h2><\/h2>\n<h2><strong>PROTESI DENTALI FISSE<\/strong><\/h2>\n<p>&nbsp;<\/p>\n<p>La protesi dentale fissa ha lo scopo di ripristinare la funzionalit\u00e0 di un dente, di un gruppo di denti o di un\u2019intera arcata dentale per mezzo di corone o capsule.<\/p>\n<p>Non essendo rimovibile, una volta applicata dal dentista la protesi dentale fissa rimane stabilmente al suo posto.<\/p>\n<p>Per la realizzazione del rivestimento esterno delle protesi fisse viene utilizzata la ceramica, materiale che per le particolari caratteristiche estetiche e di durezza rende le protesi indistinguibili dai denti naturali.<\/p>\n<p><strong>In quali casi \u00e8 indicata la protesi dentale fissa?<\/strong><br \/>\nQuando sono presenti denti sani di supporto o quando la struttura ossea mandibolare \u00e8 sufficientemente salda. Le protesi fisse possono essere sostenute sia da denti naturali che da impianti, oppure da una combinazione tra i due.<\/p>\n<p><strong>Quali sono i vantaggi di una protesi dentale fissa?<\/strong><br \/>\nA differenza di quella mobile, la protesi dentale fissa \u00e8 ancorata all\u2019osso mandibolare, pertanto non comporta problemi di stabilit\u00e0.<\/p>\n<\/div>\n<\/section>\n<\/div>\n<\/section>\n<section class=\"av_textblock_section\">\n<div class=\"avia_textblock \">\n<p>&nbsp;<\/p>\n<\/div>\n<\/section>\n<div class=\"avia-image-container av-styling- avia-builder-el-4 el_after_av_textblock el_before_av_hr avia-align-center \">\n<div class=\"avia-image-container-inner\"><img decoding=\"async\" class=\"avia_image aligncenter\" title=\"Tooth human implant, 3d illustration\" src=\"http:\/\/elitedental.al\/wp-content\/uploads\/2019\/10\/ceec235806c783484cdfd41e6e5039bd.jpg\" alt=\"\" \/><\/div>\n<\/div>\n<div class=\"hr hr-short hr-center avia-builder-el-5 el_after_av_image el_before_av_textblock \"><\/div>\n<section class=\"av_textblock_section\">\n<div class=\"avia_textblock \">\n<h2><strong>PROTESI DENTALI FISSE SU IMPIANTI<\/strong><\/h2>\n<p>&nbsp;<\/p>\n<p>Le protesi fisse su impianti utilizzano come sostegno impianti osteointegrati, saldamente ancorati alle ossa mascellari.<\/p>\n<p>&nbsp;<\/p>\n<p>Per ottenere una protesi fissa viene innanzitutto realizzata una radice in Titanio, che ha la particolare caratteristica di stimolare le cellule ossee a saldarsi.<\/p>\n<p>&nbsp;<\/p>\n<p>Dal momento in cui \u00e8 stato inserito, l\u2019impianto viene poi lasciato \u201ca riposo\u201d per un periodo di circa 3 \u2013 6 mesi, il tempo necessario alle cellule dell\u2019osso di legarsi perfettamente alla radice in Titanio. Su questa verr\u00e0 poi inserito il nuovo dente artificiale in ceramica.<\/p>\n<p>&nbsp;<\/p>\n<p>Il risultato finale \u00e8 assolutamente naturale.<\/p>\n<\/div>\n<\/section>\n<div class=\"avia-image-container av-styling- avia-builder-el-7 el_after_av_textblock el_before_av_hr avia-align-center \">\n<div class=\"avia-image-container-inner\"><img decoding=\"async\" class=\"avia_image aligncenter\" title=\"Protesi-Debtali-Fisse-su-Impianti-Dentista.Tv\" src=\"http:\/\/elitedental.al\/wp-content\/uploads\/2019\/10\/8fd74b6bfc62678f499f7b9cc0123d8b.jpg\" alt=\"\" \/><\/div>\n<\/div>\n<div class=\"hr hr-short hr-center avia-builder-el-8 el_after_av_image el_before_av_textblock \"><\/div>\n<section class=\"av_textblock_section\">\n<div class=\"avia_textblock \">\n<h2><strong>PROTESI DENTALI RIMOVIBILI SU IMPIANTI<\/strong><\/h2>\n<p>&nbsp;<\/p>\n<p>Le protesi dentali rimovibili su impianti sono indicate nei casi in cui il paziente non abbia una sufficiente struttura ossea di supporto oppure voglia risparmiare (questo tipo di protesi \u00e8 pi\u00f9 economica rispetto alla protesi fissa su impianti).<\/p>\n<p>&nbsp;<\/p>\n<p>La protesi rimovibile su impianti serve a sostituire un gruppo di denti mancanti oppure un\u2019intera arcata dentale, e viene realizzata ancorando i nuovi elementi in ceramica su una base di 3 o 4 impianti in Titanio.<\/p>\n<\/div>\n<\/section>\n<div class=\"avia-image-container av-styling- avia-builder-el-10 el_after_av_textblock el_before_av_hr avia-align-center \">\n<div class=\"avia-image-container-inner\"><img decoding=\"async\" class=\"avia_image aligncenter\" title=\"Protesi-Dentali-Rimovibili-su-Impianti-Dentista.Tv\" src=\"http:\/\/elitedental.al\/wp-content\/uploads\/2019\/10\/ab0384df4971de6b68129d3cbaeedf2c.jpg\" alt=\"\" \/><\/div>\n<div><\/div>\n<\/div>\n<div class=\"hr hr-short hr-center avia-builder-el-11 el_after_av_image el_before_av_textblock \"><\/div>\n<section class=\"av_textblock_section\">\n<div class=\"avia_textblock \">\n<h2><strong>PROTESI DENTALI MOBILI (DENTIERE)<\/strong><\/h2>\n<p>&nbsp;<\/p>\n<p>La protesi dentale mobile (dentiera), fissata ai denti residui o appoggiata alle gengive, permette di sostituire gli elementi dentali mancanti con lo scopo di ripristinare la funzionalit\u00e0 dell\u2019arcata dentaria.<\/p>\n<p>&nbsp;<\/p>\n<p><strong>In quali casi \u00e8 indicata la protesi dentale mobile?<\/strong><\/p>\n<p>Quando non sussistono le condizioni per posizionare gli impianti dentali l\u2019unico sistema per sostituire i denti mancanti \u00e8 una protesi mobile.<\/p>\n<p><strong>La protesi dentale mobile ha dei vantaggi?<\/strong><\/p>\n<p>La protesi dentale mobile \u00e8 sicuramente la soluzione peggiore per un paziente edentulo (senza denti), perch\u00e9 tende ad essere instabile anche con l\u2019utilizzo di paste adesive, \u00e8 ingombrante durante la masticazione e pu\u00f2 creare numerosi fastidi. Resta la soluzione pi\u00f9 economica per chi non ha grandi somme a disposizione e desidera riacquistare una dentatura completa, ma non \u00e8 certo quella pi\u00f9 efficace.<\/p>\n<\/div>\n<\/section>\n<p>&nbsp;<\/p>\n","protected":false},"excerpt":{"rendered":"<p>&nbsp; Le protesi dentali (sia mobili che fisse) sono utili non solo in caso di mancanza totale di denti, ma anche per sostituire denti singoli o gruppi di denti gravemente danneggiati. I professionisti di\u00a0Elite Dental\u00a0realizzano su misura protesi dentali certificate, impiegando materiali sicuri a marchio CE. Se stai pensando di portare una protesi dentale ecco [&hellip;]<\/p>\n","protected":false},"author":5,"featured_media":0,"parent":0,"menu_order":0,"comment_status":"closed","ping_status":"closed","template":"","meta":{"footnotes":""},"class_list":["post-5999","page","type-page","status-publish","hentry"],"yoast_head":"<!-- This site is optimized with the Yoast SEO plugin v27.2 - https:\/\/yoast.com\/product\/yoast-seo-wordpress\/ -->\n<title>PROTESI DENTALI FISSE | EliteDental<\/title>\n<meta name=\"robots\" content=\"index, follow, max-snippet:-1, max-image-preview:large, max-video-preview:-1\" \/>\n<link rel=\"canonical\" href=\"https:\/\/elitedental.al\/it\/protesi-dentali-fisse\/\" \/>\n<meta property=\"og:locale\" content=\"it_IT\" \/>\n<meta property=\"og:type\" content=\"article\" \/>\n<meta property=\"og:title\" content=\"PROTESI DENTALI FISSE | EliteDental\" \/>\n<meta property=\"og:description\" content=\"&nbsp; Le protesi dentali (sia mobili che fisse) sono utili non solo in caso di mancanza totale di denti, ma anche per sostituire denti singoli o gruppi di denti gravemente danneggiati. I professionisti di\u00a0Elite Dental\u00a0realizzano su misura protesi dentali certificate, impiegando materiali sicuri a marchio CE. Se stai pensando di portare una protesi dentale ecco [&hellip;]\" \/>\n<meta property=\"og:url\" content=\"https:\/\/elitedental.al\/it\/protesi-dentali-fisse\/\" \/>\n<meta property=\"og:site_name\" content=\"EliteDental\" \/>\n<meta property=\"article:publisher\" content=\"https:\/\/www.facebook.com\/dentistalbania\/\" \/>\n<meta property=\"article:modified_time\" content=\"2023-03-08T22:17:27+00:00\" \/>\n<meta property=\"og:image\" content=\"http:\/\/elitedental.al\/wp-content\/uploads\/2019\/10\/ceec235806c783484cdfd41e6e5039bd.jpg\" \/>\n<meta name=\"twitter:card\" content=\"summary_large_image\" \/>\n<meta name=\"twitter:label1\" content=\"Tempo di lettura stimato\" \/>\n\t<meta name=\"twitter:data1\" content=\"3 minuti\" \/>\n<script type=\"application\/ld+json\" class=\"yoast-schema-graph\">{\"@context\":\"https:\/\/schema.org\",\"@graph\":[{\"@type\":\"WebPage\",\"@id\":\"https:\/\/elitedental.al\/it\/protesi-dentali-fisse\/\",\"url\":\"https:\/\/elitedental.al\/it\/protesi-dentali-fisse\/\",\"name\":\"PROTESI DENTALI FISSE | EliteDental\",\"isPartOf\":{\"@id\":\"https:\/\/elitedental.al\/de\/#website\"},\"primaryImageOfPage\":{\"@id\":\"https:\/\/elitedental.al\/it\/protesi-dentali-fisse\/#primaryimage\"},\"image\":{\"@id\":\"https:\/\/elitedental.al\/it\/protesi-dentali-fisse\/#primaryimage\"},\"thumbnailUrl\":\"http:\/\/elitedental.al\/wp-content\/uploads\/2019\/10\/ceec235806c783484cdfd41e6e5039bd.jpg\",\"datePublished\":\"2021-09-21T05:33:50+00:00\",\"dateModified\":\"2023-03-08T22:17:27+00:00\",\"breadcrumb\":{\"@id\":\"https:\/\/elitedental.al\/it\/protesi-dentali-fisse\/#breadcrumb\"},\"inLanguage\":\"it-IT\",\"potentialAction\":[{\"@type\":\"ReadAction\",\"target\":[\"https:\/\/elitedental.al\/it\/protesi-dentali-fisse\/\"]}]},{\"@type\":\"ImageObject\",\"inLanguage\":\"it-IT\",\"@id\":\"https:\/\/elitedental.al\/it\/protesi-dentali-fisse\/#primaryimage\",\"url\":\"http:\/\/elitedental.al\/wp-content\/uploads\/2019\/10\/ceec235806c783484cdfd41e6e5039bd.jpg\",\"contentUrl\":\"http:\/\/elitedental.al\/wp-content\/uploads\/2019\/10\/ceec235806c783484cdfd41e6e5039bd.jpg\"},{\"@type\":\"BreadcrumbList\",\"@id\":\"https:\/\/elitedental.al\/it\/protesi-dentali-fisse\/#breadcrumb\",\"itemListElement\":[{\"@type\":\"ListItem\",\"position\":1,\"name\":\"Home\",\"item\":\"https:\/\/elitedental.al\/it\/\"},{\"@type\":\"ListItem\",\"position\":2,\"name\":\"PROTESI DENTALI FISSE\"}]},{\"@type\":\"WebSite\",\"@id\":\"https:\/\/elitedental.al\/de\/#website\",\"url\":\"https:\/\/elitedental.al\/de\/\",\"name\":\"EliteDental\",\"description\":\"Dentista Albania\",\"publisher\":{\"@id\":\"https:\/\/elitedental.al\/de\/#organization\"},\"potentialAction\":[{\"@type\":\"SearchAction\",\"target\":{\"@type\":\"EntryPoint\",\"urlTemplate\":\"https:\/\/elitedental.al\/de\/?s={search_term_string}\"},\"query-input\":{\"@type\":\"PropertyValueSpecification\",\"valueRequired\":true,\"valueName\":\"search_term_string\"}}],\"inLanguage\":\"it-IT\"},{\"@type\":\"Organization\",\"@id\":\"https:\/\/elitedental.al\/de\/#organization\",\"name\":\"Elite Dental\",\"url\":\"https:\/\/elitedental.al\/de\/\",\"logo\":{\"@type\":\"ImageObject\",\"inLanguage\":\"it-IT\",\"@id\":\"https:\/\/elitedental.al\/de\/#\/schema\/logo\/image\/\",\"url\":\"http:\/\/elitedental.al\/wp-content\/uploads\/2021\/06\/90F36F80-1EAA-4C33-A5E1-028AB603EFFE.png\",\"contentUrl\":\"http:\/\/elitedental.al\/wp-content\/uploads\/2021\/06\/90F36F80-1EAA-4C33-A5E1-028AB603EFFE.png\",\"width\":888,\"height\":553,\"caption\":\"Elite Dental\"},\"image\":{\"@id\":\"https:\/\/elitedental.al\/de\/#\/schema\/logo\/image\/\"},\"sameAs\":[\"https:\/\/www.facebook.com\/dentistalbania\/\",\"https:\/\/instagram.com\/elitedentaltirana?utm_medium=copy_link\"]}]}<\/script>\n<!-- \/ Yoast SEO plugin. -->","yoast_head_json":{"title":"PROTESI DENTALI FISSE | EliteDental","robots":{"index":"index","follow":"follow","max-snippet":"max-snippet:-1","max-image-preview":"max-image-preview:large","max-video-preview":"max-video-preview:-1"},"canonical":"https:\/\/elitedental.al\/it\/protesi-dentali-fisse\/","og_locale":"it_IT","og_type":"article","og_title":"PROTESI DENTALI FISSE | EliteDental","og_description":"&nbsp; Le protesi dentali (sia mobili che fisse) sono utili non solo in caso di mancanza totale di denti, ma anche per sostituire denti singoli o gruppi di denti gravemente danneggiati. I professionisti di\u00a0Elite Dental\u00a0realizzano su misura protesi dentali certificate, impiegando materiali sicuri a marchio CE. Se stai pensando di portare una protesi dentale ecco [&hellip;]","og_url":"https:\/\/elitedental.al\/it\/protesi-dentali-fisse\/","og_site_name":"EliteDental","article_publisher":"https:\/\/www.facebook.com\/dentistalbania\/","article_modified_time":"2023-03-08T22:17:27+00:00","og_image":[{"url":"http:\/\/elitedental.al\/wp-content\/uploads\/2019\/10\/ceec235806c783484cdfd41e6e5039bd.jpg","type":"","width":"","height":""}],"twitter_card":"summary_large_image","twitter_misc":{"Tempo di lettura stimato":"3 minuti"},"schema":{"@context":"https:\/\/schema.org","@graph":[{"@type":"WebPage","@id":"https:\/\/elitedental.al\/it\/protesi-dentali-fisse\/","url":"https:\/\/elitedental.al\/it\/protesi-dentali-fisse\/","name":"PROTESI DENTALI FISSE | EliteDental","isPartOf":{"@id":"https:\/\/elitedental.al\/de\/#website"},"primaryImageOfPage":{"@id":"https:\/\/elitedental.al\/it\/protesi-dentali-fisse\/#primaryimage"},"image":{"@id":"https:\/\/elitedental.al\/it\/protesi-dentali-fisse\/#primaryimage"},"thumbnailUrl":"http:\/\/elitedental.al\/wp-content\/uploads\/2019\/10\/ceec235806c783484cdfd41e6e5039bd.jpg","datePublished":"2021-09-21T05:33:50+00:00","dateModified":"2023-03-08T22:17:27+00:00","breadcrumb":{"@id":"https:\/\/elitedental.al\/it\/protesi-dentali-fisse\/#breadcrumb"},"inLanguage":"it-IT","potentialAction":[{"@type":"ReadAction","target":["https:\/\/elitedental.al\/it\/protesi-dentali-fisse\/"]}]},{"@type":"ImageObject","inLanguage":"it-IT","@id":"https:\/\/elitedental.al\/it\/protesi-dentali-fisse\/#primaryimage","url":"http:\/\/elitedental.al\/wp-content\/uploads\/2019\/10\/ceec235806c783484cdfd41e6e5039bd.jpg","contentUrl":"http:\/\/elitedental.al\/wp-content\/uploads\/2019\/10\/ceec235806c783484cdfd41e6e5039bd.jpg"},{"@type":"BreadcrumbList","@id":"https:\/\/elitedental.al\/it\/protesi-dentali-fisse\/#breadcrumb","itemListElement":[{"@type":"ListItem","position":1,"name":"Home","item":"https:\/\/elitedental.al\/it\/"},{"@type":"ListItem","position":2,"name":"PROTESI DENTALI FISSE"}]},{"@type":"WebSite","@id":"https:\/\/elitedental.al\/de\/#website","url":"https:\/\/elitedental.al\/de\/","name":"EliteDental","description":"Dentista Albania","publisher":{"@id":"https:\/\/elitedental.al\/de\/#organization"},"potentialAction":[{"@type":"SearchAction","target":{"@type":"EntryPoint","urlTemplate":"https:\/\/elitedental.al\/de\/?s={search_term_string}"},"query-input":{"@type":"PropertyValueSpecification","valueRequired":true,"valueName":"search_term_string"}}],"inLanguage":"it-IT"},{"@type":"Organization","@id":"https:\/\/elitedental.al\/de\/#organization","name":"Elite Dental","url":"https:\/\/elitedental.al\/de\/","logo":{"@type":"ImageObject","inLanguage":"it-IT","@id":"https:\/\/elitedental.al\/de\/#\/schema\/logo\/image\/","url":"http:\/\/elitedental.al\/wp-content\/uploads\/2021\/06\/90F36F80-1EAA-4C33-A5E1-028AB603EFFE.png","contentUrl":"http:\/\/elitedental.al\/wp-content\/uploads\/2021\/06\/90F36F80-1EAA-4C33-A5E1-028AB603EFFE.png","width":888,"height":553,"caption":"Elite Dental"},"image":{"@id":"https:\/\/elitedental.al\/de\/#\/schema\/logo\/image\/"},"sameAs":["https:\/\/www.facebook.com\/dentistalbania\/","https:\/\/instagram.com\/elitedentaltirana?utm_medium=copy_link"]}]}},"_links":{"self":[{"href":"https:\/\/elitedental.al\/it\/wp-json\/wp\/v2\/pages\/5999","targetHints":{"allow":["GET"]}}],"collection":[{"href":"https:\/\/elitedental.al\/it\/wp-json\/wp\/v2\/pages"}],"about":[{"href":"https:\/\/elitedental.al\/it\/wp-json\/wp\/v2\/types\/page"}],"author":[{"embeddable":true,"href":"https:\/\/elitedental.al\/it\/wp-json\/wp\/v2\/users\/5"}],"replies":[{"embeddable":true,"href":"https:\/\/elitedental.al\/it\/wp-json\/wp\/v2\/comments?post=5999"}],"version-history":[{"count":3,"href":"https:\/\/elitedental.al\/it\/wp-json\/wp\/v2\/pages\/5999\/revisions"}],"predecessor-version":[{"id":7010,"href":"https:\/\/elitedental.al\/it\/wp-json\/wp\/v2\/pages\/5999\/revisions\/7010"}],"wp:attachment":[{"href":"https:\/\/elitedental.al\/it\/wp-json\/wp\/v2\/media?parent=5999"}],"curies":[{"name":"wp","href":"https:\/\/api.w.org\/{rel}","templated":true}]}}