{"id":6013,"date":"2021-09-21T05:56:28","date_gmt":"2021-09-21T05:56:28","guid":{"rendered":"https:\/\/elitedental.al\/?page_id=6013"},"modified":"2021-09-21T05:56:28","modified_gmt":"2021-09-21T05:56:28","slug":"parodontologia","status":"publish","type":"page","link":"https:\/\/elitedental.al\/it\/parodontologia\/","title":{"rendered":"PARODONTOLOGIA"},"content":{"rendered":"<p>[vc_row][vc_column][vc_column_text]<\/p>\n<section class=\"av_textblock_section\">\n<div class=\"avia_textblock \">\n<p>Il termine\u00a0<strong>parodontologia<\/strong>\u00a0sta ad indicare quella branca dell\u2019odontoiatria che\u00a0<strong>studia i tessuti del parodonto<\/strong>\u00a0e le malattie ad esso correlate.<\/p>\n<p>&nbsp;<\/p>\n<p>Il parodonto \u00e8 costituito dai tessuti molli, ovvero il legamento parodontale e la gengiva, e dai tessuti duri, ovvero cemento radicolare e osso alveolare, che circondano il dente e servono per assicurare la sua stabilit\u00e0 nell\u2019arcata dentaria. Il dentista che \u00e8 in grado di accertare e di curare il parodonto \u00cb chiamato parodontologo.<\/p>\n<p>&nbsp;<\/p>\n<p>Vengono chiamate\u00a0<strong>malattie parodontali o parodontopatie<\/strong>\u00a0tutte le patologie che interessano il parodonto: parodontiti e gengiviti.<\/p>\n<p>&nbsp;<\/p>\n<p>La malattia parodontale \u00e8 conosciuta anche come \u201cpiorrea\u201c.<\/p>\n<p>&nbsp;<\/p>\n<p>La\u00a0<strong>principale causa della parodontite \u00e8 una scarsa igiene orale,<\/strong>\u00a0perch\u00e9 aumenta il livello di placca batterica e questo fa comparire infiammazione gengivale, che poi si aggrava fino ad intaccare il parodonto. Altri fattori che favoriscono l\u2019insorgere di questa malattia sono il fumo, il diabete non compensato, lo stress, la gravidanza e l\u2019ereditariet\u00e0.<\/p>\n<p>&nbsp;<\/p>\n<p>Questa patologia \u00e8 di tipo infettivo perch\u00e9 la causa \u00e8 dovuta alla placca batterica. La parodontologia \u00e8 una malattia multifattoriale, perch\u00e9 \u00e8 data da una serie differenti di fattori (fumo, diabete, stress, gravidanza ed ereditariet\u00e0), e sito specifica, perch\u00e9 ogni singolo dente pu\u00f2 essere colpito in modo diverso.<\/p>\n<p>&nbsp;<\/p>\n<\/div>\n<\/section>\n<div class=\"avia-image-container av-styling- avia-builder-el-1 el_after_av_textblock el_before_av_hr avia-align-center \">\n<div class=\"avia-image-container-inner\"><img decoding=\"async\" class=\"avia_image aligncenter\" title=\"Parodontologia-Dentista.Tv\" src=\"http:\/\/elitedental.al\/wp-content\/uploads\/2021\/01\/73d243381c73478ebc31222fb56139f6.jpg\" alt=\"\" \/><\/div>\n<\/div>\n<div class=\"hr hr-short hr-center avia-builder-el-2 el_after_av_image el_before_av_textblock \"><\/div>\n<section class=\"av_textblock_section\">\n<div class=\"avia_textblock \">\n<p>&nbsp;<\/p>\n<p><strong>La malattia parodontale<\/strong>\u00a0si manifesta nel momento in cui uno o pi\u00f9 costituenti del parodonto non esercitano pi\u00f9 la loro funzione di sostegno dei denti, perch\u00e9 vengono colonizzati da pi\u00f9 specie batteriche. Tutto questo porta alla mobilit\u00e0 dei denti interessati e recessioni gengivali, ovvero abbassamento della gengiva e neoformazioni di tasche parodontali.\u00a0<strong>Si stima che in Italia le persone malate di piorrea siano circa 10 milioni.<\/strong><\/p>\n<p>&nbsp;<\/p>\n<p>Di solito la piorrea si presenta sotto forma di gonfiore, arrossamento e sanguinamento delle gengive, che appare durante lo spazzolamento quotidiano oppure quando si mangiano cibi solidi. La presenza costante di alito cattivo e una aumentata sensibilit\u00e0 a denti e gengive durante la masticazione o lo spazzolamento sono segnali che devo mettere in guardia.<\/p>\n<p>&nbsp;<\/p>\n<p>Quando la patologia \u00e8 allo stadio iniziale guarisce dopo un ciclo di curettage sottogengivale, che deve essere mantenuto da una corretta e periodica igiene orale quotidiana.<\/p>\n<p>&nbsp;<\/p>\n<p>Quando la malattia si presenta in uno stadio avanzato esistono una serie di procedure chirurgiche atte a rallentare il progredire della patologia cercando di ridurre le tasche parodontali e dando una maggiore stabilit\u00e0 ai denti.<\/p>\n<\/div>\n<\/section>\n<p>[\/vc_column_text][\/vc_column][\/vc_row][vc_row][vc_column][vc_column_text][\/vc_column_text][\/vc_column][\/vc_row]<\/p>\n","protected":false},"excerpt":{"rendered":"<p>[vc_row][vc_column][vc_column_text] Il termine\u00a0parodontologia\u00a0sta ad indicare quella branca dell\u2019odontoiatria che\u00a0studia i tessuti del parodonto\u00a0e le malattie ad esso correlate. &nbsp; Il parodonto \u00e8 costituito dai tessuti molli, ovvero il legamento parodontale e la gengiva, e dai tessuti duri, ovvero cemento radicolare e osso alveolare, che circondano il dente e servono per assicurare la sua stabilit\u00e0 nell\u2019arcata [&hellip;]<\/p>\n","protected":false},"author":5,"featured_media":0,"parent":0,"menu_order":0,"comment_status":"closed","ping_status":"closed","template":"","meta":{"footnotes":""},"class_list":["post-6013","page","type-page","status-publish","hentry"],"yoast_head":"<!-- This site is optimized with the Yoast SEO plugin v27.2 - https:\/\/yoast.com\/product\/yoast-seo-wordpress\/ -->\n<title>PARODONTOLOGIA | EliteDental<\/title>\n<meta name=\"robots\" content=\"index, follow, max-snippet:-1, max-image-preview:large, max-video-preview:-1\" \/>\n<link rel=\"canonical\" href=\"https:\/\/elitedental.al\/it\/parodontologia\/\" \/>\n<meta property=\"og:locale\" content=\"it_IT\" \/>\n<meta property=\"og:type\" content=\"article\" \/>\n<meta property=\"og:title\" content=\"PARODONTOLOGIA | EliteDental\" \/>\n<meta property=\"og:description\" content=\"[vc_row][vc_column][vc_column_text] Il termine\u00a0parodontologia\u00a0sta ad indicare quella branca dell\u2019odontoiatria che\u00a0studia i tessuti del parodonto\u00a0e le malattie ad esso correlate. &nbsp; Il parodonto \u00e8 costituito dai tessuti molli, ovvero il legamento parodontale e la gengiva, e dai tessuti duri, ovvero cemento radicolare e osso alveolare, che circondano il dente e servono per assicurare la sua stabilit\u00e0 nell\u2019arcata [&hellip;]\" \/>\n<meta property=\"og:url\" content=\"https:\/\/elitedental.al\/it\/parodontologia\/\" \/>\n<meta property=\"og:site_name\" content=\"EliteDental\" \/>\n<meta property=\"article:publisher\" content=\"https:\/\/www.facebook.com\/dentistalbania\/\" \/>\n<meta property=\"og:image\" content=\"http:\/\/elitedental.al\/wp-content\/uploads\/2021\/01\/73d243381c73478ebc31222fb56139f6.jpg\" \/>\n<meta name=\"twitter:card\" content=\"summary_large_image\" \/>\n<meta name=\"twitter:label1\" content=\"Tempo di lettura stimato\" \/>\n\t<meta name=\"twitter:data1\" content=\"2 minuti\" \/>\n<script type=\"application\/ld+json\" class=\"yoast-schema-graph\">{\"@context\":\"https:\/\/schema.org\",\"@graph\":[{\"@type\":\"WebPage\",\"@id\":\"https:\/\/elitedental.al\/it\/parodontologia\/\",\"url\":\"https:\/\/elitedental.al\/it\/parodontologia\/\",\"name\":\"PARODONTOLOGIA | EliteDental\",\"isPartOf\":{\"@id\":\"https:\/\/elitedental.al\/de\/#website\"},\"primaryImageOfPage\":{\"@id\":\"https:\/\/elitedental.al\/it\/parodontologia\/#primaryimage\"},\"image\":{\"@id\":\"https:\/\/elitedental.al\/it\/parodontologia\/#primaryimage\"},\"thumbnailUrl\":\"http:\/\/elitedental.al\/wp-content\/uploads\/2021\/01\/73d243381c73478ebc31222fb56139f6.jpg\",\"datePublished\":\"2021-09-21T05:56:28+00:00\",\"breadcrumb\":{\"@id\":\"https:\/\/elitedental.al\/it\/parodontologia\/#breadcrumb\"},\"inLanguage\":\"it-IT\",\"potentialAction\":[{\"@type\":\"ReadAction\",\"target\":[\"https:\/\/elitedental.al\/it\/parodontologia\/\"]}]},{\"@type\":\"ImageObject\",\"inLanguage\":\"it-IT\",\"@id\":\"https:\/\/elitedental.al\/it\/parodontologia\/#primaryimage\",\"url\":\"http:\/\/elitedental.al\/wp-content\/uploads\/2021\/01\/73d243381c73478ebc31222fb56139f6.jpg\",\"contentUrl\":\"http:\/\/elitedental.al\/wp-content\/uploads\/2021\/01\/73d243381c73478ebc31222fb56139f6.jpg\"},{\"@type\":\"BreadcrumbList\",\"@id\":\"https:\/\/elitedental.al\/it\/parodontologia\/#breadcrumb\",\"itemListElement\":[{\"@type\":\"ListItem\",\"position\":1,\"name\":\"Home\",\"item\":\"https:\/\/elitedental.al\/it\/\"},{\"@type\":\"ListItem\",\"position\":2,\"name\":\"PARODONTOLOGIA\"}]},{\"@type\":\"WebSite\",\"@id\":\"https:\/\/elitedental.al\/de\/#website\",\"url\":\"https:\/\/elitedental.al\/de\/\",\"name\":\"EliteDental\",\"description\":\"Dentista Albania\",\"publisher\":{\"@id\":\"https:\/\/elitedental.al\/de\/#organization\"},\"potentialAction\":[{\"@type\":\"SearchAction\",\"target\":{\"@type\":\"EntryPoint\",\"urlTemplate\":\"https:\/\/elitedental.al\/de\/?s={search_term_string}\"},\"query-input\":{\"@type\":\"PropertyValueSpecification\",\"valueRequired\":true,\"valueName\":\"search_term_string\"}}],\"inLanguage\":\"it-IT\"},{\"@type\":\"Organization\",\"@id\":\"https:\/\/elitedental.al\/de\/#organization\",\"name\":\"Elite Dental\",\"url\":\"https:\/\/elitedental.al\/de\/\",\"logo\":{\"@type\":\"ImageObject\",\"inLanguage\":\"it-IT\",\"@id\":\"https:\/\/elitedental.al\/de\/#\/schema\/logo\/image\/\",\"url\":\"http:\/\/elitedental.al\/wp-content\/uploads\/2021\/06\/90F36F80-1EAA-4C33-A5E1-028AB603EFFE.png\",\"contentUrl\":\"http:\/\/elitedental.al\/wp-content\/uploads\/2021\/06\/90F36F80-1EAA-4C33-A5E1-028AB603EFFE.png\",\"width\":888,\"height\":553,\"caption\":\"Elite Dental\"},\"image\":{\"@id\":\"https:\/\/elitedental.al\/de\/#\/schema\/logo\/image\/\"},\"sameAs\":[\"https:\/\/www.facebook.com\/dentistalbania\/\",\"https:\/\/instagram.com\/elitedentaltirana?utm_medium=copy_link\"]}]}<\/script>\n<!-- \/ Yoast SEO plugin. -->","yoast_head_json":{"title":"PARODONTOLOGIA | EliteDental","robots":{"index":"index","follow":"follow","max-snippet":"max-snippet:-1","max-image-preview":"max-image-preview:large","max-video-preview":"max-video-preview:-1"},"canonical":"https:\/\/elitedental.al\/it\/parodontologia\/","og_locale":"it_IT","og_type":"article","og_title":"PARODONTOLOGIA | EliteDental","og_description":"[vc_row][vc_column][vc_column_text] Il termine\u00a0parodontologia\u00a0sta ad indicare quella branca dell\u2019odontoiatria che\u00a0studia i tessuti del parodonto\u00a0e le malattie ad esso correlate. &nbsp; Il parodonto \u00e8 costituito dai tessuti molli, ovvero il legamento parodontale e la gengiva, e dai tessuti duri, ovvero cemento radicolare e osso alveolare, che circondano il dente e servono per assicurare la sua stabilit\u00e0 nell\u2019arcata [&hellip;]","og_url":"https:\/\/elitedental.al\/it\/parodontologia\/","og_site_name":"EliteDental","article_publisher":"https:\/\/www.facebook.com\/dentistalbania\/","og_image":[{"url":"http:\/\/elitedental.al\/wp-content\/uploads\/2021\/01\/73d243381c73478ebc31222fb56139f6.jpg","type":"","width":"","height":""}],"twitter_card":"summary_large_image","twitter_misc":{"Tempo di lettura stimato":"2 minuti"},"schema":{"@context":"https:\/\/schema.org","@graph":[{"@type":"WebPage","@id":"https:\/\/elitedental.al\/it\/parodontologia\/","url":"https:\/\/elitedental.al\/it\/parodontologia\/","name":"PARODONTOLOGIA | EliteDental","isPartOf":{"@id":"https:\/\/elitedental.al\/de\/#website"},"primaryImageOfPage":{"@id":"https:\/\/elitedental.al\/it\/parodontologia\/#primaryimage"},"image":{"@id":"https:\/\/elitedental.al\/it\/parodontologia\/#primaryimage"},"thumbnailUrl":"http:\/\/elitedental.al\/wp-content\/uploads\/2021\/01\/73d243381c73478ebc31222fb56139f6.jpg","datePublished":"2021-09-21T05:56:28+00:00","breadcrumb":{"@id":"https:\/\/elitedental.al\/it\/parodontologia\/#breadcrumb"},"inLanguage":"it-IT","potentialAction":[{"@type":"ReadAction","target":["https:\/\/elitedental.al\/it\/parodontologia\/"]}]},{"@type":"ImageObject","inLanguage":"it-IT","@id":"https:\/\/elitedental.al\/it\/parodontologia\/#primaryimage","url":"http:\/\/elitedental.al\/wp-content\/uploads\/2021\/01\/73d243381c73478ebc31222fb56139f6.jpg","contentUrl":"http:\/\/elitedental.al\/wp-content\/uploads\/2021\/01\/73d243381c73478ebc31222fb56139f6.jpg"},{"@type":"BreadcrumbList","@id":"https:\/\/elitedental.al\/it\/parodontologia\/#breadcrumb","itemListElement":[{"@type":"ListItem","position":1,"name":"Home","item":"https:\/\/elitedental.al\/it\/"},{"@type":"ListItem","position":2,"name":"PARODONTOLOGIA"}]},{"@type":"WebSite","@id":"https:\/\/elitedental.al\/de\/#website","url":"https:\/\/elitedental.al\/de\/","name":"EliteDental","description":"Dentista Albania","publisher":{"@id":"https:\/\/elitedental.al\/de\/#organization"},"potentialAction":[{"@type":"SearchAction","target":{"@type":"EntryPoint","urlTemplate":"https:\/\/elitedental.al\/de\/?s={search_term_string}"},"query-input":{"@type":"PropertyValueSpecification","valueRequired":true,"valueName":"search_term_string"}}],"inLanguage":"it-IT"},{"@type":"Organization","@id":"https:\/\/elitedental.al\/de\/#organization","name":"Elite Dental","url":"https:\/\/elitedental.al\/de\/","logo":{"@type":"ImageObject","inLanguage":"it-IT","@id":"https:\/\/elitedental.al\/de\/#\/schema\/logo\/image\/","url":"http:\/\/elitedental.al\/wp-content\/uploads\/2021\/06\/90F36F80-1EAA-4C33-A5E1-028AB603EFFE.png","contentUrl":"http:\/\/elitedental.al\/wp-content\/uploads\/2021\/06\/90F36F80-1EAA-4C33-A5E1-028AB603EFFE.png","width":888,"height":553,"caption":"Elite Dental"},"image":{"@id":"https:\/\/elitedental.al\/de\/#\/schema\/logo\/image\/"},"sameAs":["https:\/\/www.facebook.com\/dentistalbania\/","https:\/\/instagram.com\/elitedentaltirana?utm_medium=copy_link"]}]}},"_links":{"self":[{"href":"https:\/\/elitedental.al\/it\/wp-json\/wp\/v2\/pages\/6013","targetHints":{"allow":["GET"]}}],"collection":[{"href":"https:\/\/elitedental.al\/it\/wp-json\/wp\/v2\/pages"}],"about":[{"href":"https:\/\/elitedental.al\/it\/wp-json\/wp\/v2\/types\/page"}],"author":[{"embeddable":true,"href":"https:\/\/elitedental.al\/it\/wp-json\/wp\/v2\/users\/5"}],"replies":[{"embeddable":true,"href":"https:\/\/elitedental.al\/it\/wp-json\/wp\/v2\/comments?post=6013"}],"version-history":[{"count":2,"href":"https:\/\/elitedental.al\/it\/wp-json\/wp\/v2\/pages\/6013\/revisions"}],"predecessor-version":[{"id":6041,"href":"https:\/\/elitedental.al\/it\/wp-json\/wp\/v2\/pages\/6013\/revisions\/6041"}],"wp:attachment":[{"href":"https:\/\/elitedental.al\/it\/wp-json\/wp\/v2\/media?parent=6013"}],"curies":[{"name":"wp","href":"https:\/\/api.w.org\/{rel}","templated":true}]}}