{"id":5761,"date":"2019-09-11T10:05:54","date_gmt":"2019-09-11T10:05:54","guid":{"rendered":"https:\/\/elitedental.al\/?page_id=5761"},"modified":"2024-09-18T19:48:21","modified_gmt":"2024-09-18T19:48:21","slug":"turismo-dentale-albania","status":"publish","type":"page","link":"https:\/\/elitedental.al\/sq\/turismo-dentale-albania\/","title":{"rendered":"TURIZMI DENTAR N\u00cb SHQIP\u00cbRI"},"content":{"rendered":"\t\t<div data-elementor-type=\"wp-page\" data-elementor-id=\"5761\" class=\"elementor elementor-5761 elementor-1613\" data-elementor-post-type=\"page\">\n\t\t\t\t\t\t<section class=\"elementor-section elementor-top-section elementor-element elementor-element-2194b1dc elementor-section-height-min-height elementor-section-boxed elementor-section-height-default elementor-section-items-middle\" data-id=\"2194b1dc\" data-element_type=\"section\" data-e-type=\"section\" data-settings=\"{&quot;background_background&quot;:&quot;classic&quot;}\">\n\t\t\t\t\t\t<div class=\"elementor-container elementor-column-gap-default\">\n\t\t\t\t\t<div class=\"elementor-column elementor-col-100 elementor-top-column elementor-element elementor-element-74882738\" data-id=\"74882738\" data-element_type=\"column\" data-e-type=\"column\">\n\t\t\t<div class=\"elementor-widget-wrap elementor-element-populated\">\n\t\t\t\t\t\t<div class=\"elementor-element elementor-element-1773f5ec elementor-widget elementor-widget-heading\" data-id=\"1773f5ec\" data-element_type=\"widget\" data-e-type=\"widget\" data-widget_type=\"heading.default\">\n\t\t\t\t<div class=\"elementor-widget-container\">\n\t\t\t\t\t<h1 class=\"elementor-heading-title elementor-size-default\">Turizmi Dentar n\u00eb Shqip\u00ebri<\/h1>\t\t\t\t<\/div>\n\t\t\t\t<\/div>\n\t\t\t\t<div class=\"elementor-element elementor-element-6fe0715 elementor-widget elementor-widget-text-editor\" data-id=\"6fe0715\" data-element_type=\"widget\" data-e-type=\"widget\" data-widget_type=\"text-editor.default\">\n\t\t\t\t<div class=\"elementor-widget-container\">\n\t\t\t\t\t\t\t\t\t<section class=\"elementor-section elementor-top-section elementor-element elementor-element-2194b1dc elementor-section-height-min-height elementor-section-boxed elementor-section-height-default elementor-section-items-middle\" data-id=\"2194b1dc\" data-element_type=\"section\" data-settings=\"{\"><div class=\"elementor-container elementor-column-gap-default\"><div class=\"elementor-row\"><div class=\"elementor-column elementor-col-100 elementor-top-column elementor-element elementor-element-74882738\" data-id=\"74882738\" data-element_type=\"column\"><div class=\"elementor-column-wrap elementor-element-populated\"><div class=\"elementor-widget-wrap\"><div class=\"elementor-element elementor-element-6fe0715 elementor-widget elementor-widget-text-editor\" data-id=\"6fe0715\" data-element_type=\"widget\" data-widget_type=\"text-editor.default\"><div class=\"elementor-widget-container\"><div class=\"elementor-text-editor elementor-clearfix\"><p>Elite Dentare Kujdesi juaj Dentar n\u00eb Shqip\u00ebri Duke Arg\u00ebtuar Duke Zbuluar Tok\u00ebn Ton\u00eb.<\/p><\/div><\/div><\/div><\/div><\/div><\/div><\/div><\/div><\/section>\t\t\t\t\t\t\t\t<\/div>\n\t\t\t\t<\/div>\n\t\t\t\t\t<\/div>\n\t\t<\/div>\n\t\t\t\t\t<\/div>\n\t\t<\/section>\n\t\t\t\t<section class=\"elementor-section elementor-top-section elementor-element elementor-element-7c5f0b6b elementor-section-height-min-height elementor-section-boxed elementor-section-height-default elementor-section-items-middle\" data-id=\"7c5f0b6b\" data-element_type=\"section\" data-e-type=\"section\" data-settings=\"{&quot;background_background&quot;:&quot;video&quot;,&quot;background_video_link&quot;:&quot;https:\\\/\\\/youtu.be\\\/EMg_uIyEry0&quot;,&quot;background_play_on_mobile&quot;:&quot;yes&quot;}\">\n\t\t\t\t\t\t\t\t<div class=\"elementor-background-video-container\">\n\t\t\t\t\t\t\t\t\t\t\t\t\t<div class=\"elementor-background-video-embed\" role=\"presentation\"><\/div>\n\t\t\t\t\t\t\t\t\t\t\t\t<\/div>\n\t\t\t\t\t\t\t\t\t<div class=\"elementor-background-overlay\"><\/div>\n\t\t\t\t\t\t\t<div class=\"elementor-container elementor-column-gap-default\">\n\t\t\t\t\t<div class=\"elementor-column elementor-col-100 elementor-top-column elementor-element elementor-element-5ceef226\" data-id=\"5ceef226\" data-element_type=\"column\" data-e-type=\"column\">\n\t\t\t<div class=\"elementor-widget-wrap\">\n\t\t\t\t\t\t\t<\/div>\n\t\t<\/div>\n\t\t\t\t\t<\/div>\n\t\t<\/section>\n\t\t\t\t<section class=\"elementor-section elementor-top-section elementor-element elementor-element-5d1b30f9 elementor-section-boxed elementor-section-height-default elementor-section-height-default\" data-id=\"5d1b30f9\" data-element_type=\"section\" data-e-type=\"section\">\n\t\t\t\t\t\t<div class=\"elementor-container elementor-column-gap-default\">\n\t\t\t\t\t<div class=\"elementor-column elementor-col-100 elementor-top-column elementor-element elementor-element-7e42917d\" data-id=\"7e42917d\" data-element_type=\"column\" data-e-type=\"column\">\n\t\t\t<div class=\"elementor-widget-wrap elementor-element-populated\">\n\t\t\t\t\t\t<div class=\"elementor-element elementor-element-45661d42 elementor-widget elementor-widget-text-editor\" data-id=\"45661d42\" data-element_type=\"widget\" data-e-type=\"widget\" data-widget_type=\"text-editor.default\">\n\t\t\t\t<div class=\"elementor-widget-container\">\n\t\t\t\t\t\t\t\t\t<h1>Turizmi Dentar ne Shqiperi<\/h1><p>Zbuloni perl\u00ebn e Ballkanit dhe kujdesuni p\u00ebr sh\u00ebndetin tuaj oral n\u00eb t\u00eb nj\u00ebjt\u00ebn koh\u00eb. Turizmi dentar n\u00eb Shqip\u00ebri \u00ebsht\u00eb sinonim i cil\u00ebsis\u00eb me <strong>Elite Dental.<\/strong> Eja si pacient dhe ik si shok!<\/p><p>Shqip\u00ebria me peizazhet e saj madh\u00ebshtore, burimet e pafundme natyrore, bregdetin p\u00ebrrallor, tashm\u00eb \u00ebsht\u00eb nj\u00eb destinacion i preferuar p\u00ebr shum\u00eb turist\u00eb. Nd\u00ebr fenomenet m\u00eb t\u00eb r\u00ebnd\u00ebsishme t\u00eb koh\u00ebve t\u00eb fundit \u00ebsht\u00eb ai i turizmit dentar, i cili ka identifikuar nj\u00eb num\u00ebr n\u00eb rritje t\u00eb t\u00eb huajve ose emigrant\u00ebve n\u00eb k\u00ebrkim t\u00eb klinikave dentare p\u00ebr sh\u00ebndetin e tyre oral.<\/p><p>Planifikoni pushimet tuaja n\u00eb Shqip\u00ebrin\u00eb e bukur dhe n\u00eb t\u00eb nj\u00ebjt\u00ebn koh\u00eb merrni sh\u00ebrbimin m\u00eb cil\u00ebsor p\u00ebr sh\u00ebndetin tuaj oral.<\/p><p><strong>Elite Dental<\/strong> \u00ebsht\u00eb zgjedhja e duhur p\u00ebr ju.<\/p><p>Ne kujdesemi p\u00ebr ju gjat\u00eb q\u00ebndrimit tuaj. P\u00ebrve\u00e7 nj\u00eb buz\u00ebqeshje t\u00eb bukur, ju do t\u00eb vizitoni Shqip\u00ebrin\u00eb.<\/p><p>Turizmi dentar n\u00eb Shqip\u00ebri me Elite Dental n\u00ebnkupton trajtimin dentar n\u00eb pak dit\u00eb, me \u00e7mime shum\u00eb t\u00eb favorshme, me materiale t\u00eb cil\u00ebsis\u00eb s\u00eb lart\u00eb, t\u00eb ofruara nga dentist\u00eb t\u00eb kualifikuar n\u00eb klinik\u00ebn ton\u00eb. Klinika jon\u00eb ndodhet n\u00eb qend\u00ebr t\u00eb Tiran\u00ebs n\u00eb nj\u00eb nd\u00ebrtes\u00eb moderne dhe mikprit\u00ebse.<\/p><p>Oferta jon\u00eb p\u00ebrmban:<\/p><ul><li>Pas largimit nga Shqip\u00ebria, ne ofrojm\u00eb ndihm\u00eb mjek\u00ebsore me telefon, e-mail ose video konferenc\u00eb.<\/li><li>Transporti i organizuar nga aeroporti dhe n\u00eb hotel ose klinik\u00eb nga shoferi, si dhe kthimi n\u00eb aeroport n\u00eb koh\u00ebn e fluturimit<\/li><li>Udh\u00ebtime me guid\u00eb n\u00eb italisht \/ anglisht \/ fr\u00ebngjisht n\u00eb atraksionet turistike t\u00eb Tiran\u00ebs<\/li><li>TAC3D falas<\/li><\/ul>\t\t\t\t\t\t\t\t<\/div>\n\t\t\t\t<\/div>\n\t\t\t\t\t<\/div>\n\t\t<\/div>\n\t\t\t\t\t<\/div>\n\t\t<\/section>\n\t\t\t\t<section class=\"elementor-section elementor-top-section elementor-element elementor-element-1b0a77b elementor-section-height-min-height elementor-section-boxed elementor-section-height-default elementor-section-items-middle\" data-id=\"1b0a77b\" data-element_type=\"section\" data-e-type=\"section\" data-settings=\"{&quot;background_background&quot;:&quot;classic&quot;}\">\n\t\t\t\t\t\t<div class=\"elementor-container elementor-column-gap-default\">\n\t\t\t\t\t<div class=\"elementor-column elementor-col-100 elementor-top-column elementor-element elementor-element-819fdcf\" data-id=\"819fdcf\" data-element_type=\"column\" data-e-type=\"column\">\n\t\t\t<div class=\"elementor-widget-wrap elementor-element-populated\">\n\t\t\t\t\t\t<div class=\"elementor-element elementor-element-862ce20 elementor-widget elementor-widget-heading\" data-id=\"862ce20\" data-element_type=\"widget\" data-e-type=\"widget\" data-widget_type=\"heading.default\">\n\t\t\t\t<div class=\"elementor-widget-container\">\n\t\t\t\t\t<h1 class=\"elementor-heading-title elementor-size-default\">Rezervoni nj\u00eb konsult\u00eb falas +355 69 701 5050<\/h1>\t\t\t\t<\/div>\n\t\t\t\t<\/div>\n\t\t\t\t\t<\/div>\n\t\t<\/div>\n\t\t\t\t\t<\/div>\n\t\t<\/section>\n\t\t\t\t<section class=\"elementor-section elementor-top-section elementor-element elementor-element-88a642e elementor-section-boxed elementor-section-height-default elementor-section-height-default\" data-id=\"88a642e\" data-element_type=\"section\" data-e-type=\"section\">\n\t\t\t\t\t\t<div class=\"elementor-container elementor-column-gap-default\">\n\t\t\t\t\t<div class=\"elementor-column elementor-col-100 elementor-top-column elementor-element elementor-element-262637f\" data-id=\"262637f\" data-element_type=\"column\" data-e-type=\"column\">\n\t\t\t<div class=\"elementor-widget-wrap elementor-element-populated\">\n\t\t\t\t\t\t<div class=\"elementor-element elementor-element-6e88b70 elementor-widget elementor-widget-text-editor\" data-id=\"6e88b70\" data-element_type=\"widget\" data-e-type=\"widget\" data-widget_type=\"text-editor.default\">\n\t\t\t\t<div class=\"elementor-widget-container\">\n\t\t\t\t\t\t\t\t\t<p>Elite Dental \u2013 Turizem Dentar<\/p><p>\u00a0<\/p><p>Pajisjet e klinik\u00ebs son\u00eb jan\u00eb t\u00eb gjenerat\u00ebs s\u00eb fundit. P\u00ebr m\u00eb tep\u00ebr, vet\u00ebm markat m\u00eb t\u00eb mira nd\u00ebrkomb\u00ebtare p\u00ebrdoren p\u00ebr protezat dhe implantet. Misioni yn\u00eb \u00ebsht\u00eb t&#8217;u ofrojm\u00eb t\u00eb gjith\u00eb atyre q\u00eb zgjedhin <strong>Elite Dental<\/strong> nj\u00eb sh\u00ebrbim dentar shum\u00eb t\u00eb p\u00ebrballuesh\u00ebm, cil\u00ebsor dhe t\u00eb personalizuar p\u00ebr \u00e7do lloj nevoje dhe shqet\u00ebsimi. Ne garantojm\u00eb nj\u00eb trajtim ekonomik por t\u00eb cil\u00ebsis\u00eb m\u00eb t\u00eb lart\u00eb.<\/p><p>N\u00eb Elite Dental do t\u00eb gjeni nj\u00eb staf t\u00eb p\u00ebrkushtuar dhe pasionant p\u00ebr t&#8217;iu p\u00ebrgjigjur m\u00eb s\u00eb miri \u00e7do pyetjeje q\u00eb mund t\u00eb keni. Planifikoni vizit\u00ebn tuaj t\u00eb ardhshme te dentisti duke menduar se mund t\u00eb vizitoni Shqip\u00ebrin\u00eb dhe t\u00eb merrni kujdes cil\u00ebsor dentar.Garantojm\u00eb standardet m\u00eb t\u00eb larta t\u00eb higjien\u00ebs, profesionalizmit dhe siguris\u00eb fal\u00eb materialeve tona t\u00eb gjitha t\u00eb certifikuara nga CE.<\/p><p>Zgjidhjet q\u00eb ne ofrojm\u00eb jan\u00eb t\u00eb p\u00ebrshtatshme p\u00ebr probleme t\u00eb ndryshme q\u00eb mund t\u00eb keni n\u00eb goj\u00ebn tuaj. Problemet dentare jan\u00eb t\u00eb shumta, por Elite Dental do t\u00eb rekomandoj\u00eb kujdesin e duhur dentar p\u00ebr ju. P\u00ebrvoja dhe profesionalizmi i mjek\u00ebve tan\u00eb do t\u2019ju \u200b\u200bkthej\u00eb sigurin\u00eb q\u00eb keni humbur. Kjo pasi turizmi dentar Elite Dental n\u00eb Shqip\u00ebri \u00ebsht\u00eb sinonim i profesionalizmit.<\/p><p><strong>&#8221;\u00a0Shqip\u00ebria ka shum\u00eb p\u00ebr t\u00eb ofruar&#8221;\u00a0<\/strong><\/p><p style=\"font-size: 17px; color: #000000;\">Pavar\u00ebsisht se \u00ebsht\u00eb nj\u00eb vend i vog\u00ebl (sip\u00ebrfaqja e k\u00ebsaj perle t\u00eb Ballkanit \u00ebsht\u00eb pak m\u00eb e madhe se ajo e Pulias), ndoshta nj\u00eb muaj i t\u00ebr\u00eb nuk do t\u00eb ishte i mjaftuesh\u00ebm p\u00ebr t\u00eb par\u00eb t\u00eb gjitha peizazhet e tij befasuese.<\/p><p><strong>&#8220;Lista e vendeve p\u00ebr t\u00eb vizituar n\u00eb Shqip\u00ebri \u00ebsht\u00eb e gjat\u00eb dhe e larmishme: ka di\u00e7ka p\u00ebr t\u00eb gjith\u00eb.&#8221; <\/strong><\/p><p>\u00a0<\/p><p>N\u00ebse i doni plazhet, Shqip\u00ebria \u00ebsht\u00eb vendi i duhur p\u00ebr ju. Bregdeti i Vlor\u00ebs n\u00eb Sarand\u00eb ofron natyr\u00eb t\u00eb bukur dhe plazhet n\u00eb Shqip\u00ebri nuk kan\u00eb asgj\u00eb m\u00eb pak se plazhet e Greqis\u00eb fqinje.<\/p><p>Por Shqip\u00ebria n\u00ebnkupton edhe qytete malore dhe historike t\u00eb mbrojtura nga Unesco; k\u00ebshtjella, manastire t\u00eb larg\u00ebta, burime me uj\u00eb t\u00eb \u00ebmb\u00ebl, parqe natyrore dhe shum\u00eb e shum\u00eb natyra deh\u00ebse.<\/p><p>Gjat\u00eb pushimeve tuaja n\u00eb Shqip\u00ebri, nuk do t\u00eb dini se \u00e7far\u00eb t\u00eb zgjidhni s\u00eb pari.<\/p><p style=\"font-size: 17px; color: #000000;\"><strong>&#8220;Ushqimi \u00ebsht\u00eb i shijsh\u00ebm&#8221;\u00a0<\/strong><\/p><p>Ushqimi shqiptar \u00ebsht\u00eb pak p\u00ebr t\u00eb th\u00ebn\u00eb i shijsh\u00ebm: ju mund t\u00eb shijoni pjatat tradicionale shqiptare t\u00eb tilla si tav\u00eb t\u00eb grir\u00eb, qengji dhe vi\u00e7i t\u00eb gatuar n\u00eb terrakot\u00eb, qofte t\u00eb famshme shqiptare, tort\u00eb t\u00eb shijshme gnocchi t\u00eb b\u00ebr\u00eb nga orizi i mb\u00ebshtjell\u00eb n\u00eb nj\u00eb gjethe hardhie ose spinaq, tasa, pjat\u00eb komb\u00ebtare vi\u00e7i ose qengji<\/p><p>P\u00ebr t\u00eb mos p\u00ebrmendur djathrat e shijsh\u00ebm, nga kacavali tek djathi i dhis\u00eb.<\/p><p><strong>&#8220;Njer\u00ebzit jan\u00eb shum\u00eb t\u00eb mir\u00eb&#8221;\u00a0<\/strong><\/p><p>Edhe pse ky vend nuk ka g\u00ebzuar reputacionin m\u00eb t\u00eb mir\u00eb gjat\u00eb viteve, siguria n\u00eb Shqip\u00ebri nuk duhet t\u00eb jet\u00eb pjes\u00eb e shqet\u00ebsimeve. Populli shqiptar \u00ebsht\u00eb jasht\u00ebzakonisht i sjellsh\u00ebm dhe mikprit\u00ebs dhe &#8211; d\u00ebgjoni, d\u00ebgjoni &#8211; flasin pothuajse t\u00eb gjith\u00eb italisht dhe anglisht, ve\u00e7an\u00ebrisht t\u00eb rinjt\u00eb.<\/p><p>K\u00ebtu njer\u00ebzit, ve\u00e7an\u00ebrisht t\u00eb rinjt\u00eb, u rrit\u00ebn duke par\u00eb televizor italian. N\u00eb Tiran\u00eb mund t\u00eb arrini leht\u00ebsisht kudo dhe t\u00eb flisni direkt italisht ose anglisht.<\/p><p>L\u00ebreni veten t\u00eb mahnitet nga bukurit\u00eb e k\u00ebtyre njer\u00ebzve t\u00eb pasur n\u00eb histori dhe kultur\u00eb<\/p><p>\u00a0<\/p>\t\t\t\t\t\t\t\t<\/div>\n\t\t\t\t<\/div>\n\t\t\t\t\t<\/div>\n\t\t<\/div>\n\t\t\t\t\t<\/div>\n\t\t<\/section>\n\t\t\t\t<\/div>\n\t\t","protected":false},"excerpt":{"rendered":"<p>Turizmi Dentar n\u00eb Shqip\u00ebri Elite Dentare Kujdesi juaj Dentar n\u00eb Shqip\u00ebri Duke Arg\u00ebtuar Duke Zbuluar Tok\u00ebn Ton\u00eb. Turizmi Dentar ne Shqiperi Zbuloni perl\u00ebn e Ballkanit dhe kujdesuni p\u00ebr sh\u00ebndetin tuaj oral n\u00eb t\u00eb nj\u00ebjt\u00ebn koh\u00eb. Turizmi dentar n\u00eb Shqip\u00ebri \u00ebsht\u00eb sinonim i cil\u00ebsis\u00eb me Elite Dental. Eja si pacient dhe ik si shok! Shqip\u00ebria me [&hellip;]<\/p>\n","protected":false},"author":5,"featured_media":0,"parent":0,"menu_order":0,"comment_status":"closed","ping_status":"closed","template":"elementor_header_footer","meta":{"footnotes":""},"class_list":["post-5761","page","type-page","status-publish","hentry"],"yoast_head":"<!-- This site is optimized with the Yoast SEO plugin v27.2 - https:\/\/yoast.com\/product\/yoast-seo-wordpress\/ -->\n<title>TURIZMI DENTAR N\u00cb SHQIP\u00cbRI | EliteDental<\/title>\n<meta name=\"robots\" content=\"index, follow, max-snippet:-1, max-image-preview:large, max-video-preview:-1\" \/>\n<link rel=\"canonical\" href=\"https:\/\/elitedental.al\/sq\/turismo-dentale-albania\/\" \/>\n<meta property=\"og:locale\" content=\"sq_AL\" \/>\n<meta property=\"og:type\" content=\"article\" \/>\n<meta property=\"og:title\" content=\"TURIZMI DENTAR N\u00cb SHQIP\u00cbRI | EliteDental\" \/>\n<meta property=\"og:description\" content=\"Turizmi Dentar n\u00eb Shqip\u00ebri Elite Dentare Kujdesi juaj Dentar n\u00eb Shqip\u00ebri Duke Arg\u00ebtuar Duke Zbuluar Tok\u00ebn Ton\u00eb. Turizmi Dentar ne Shqiperi Zbuloni perl\u00ebn e Ballkanit dhe kujdesuni p\u00ebr sh\u00ebndetin tuaj oral n\u00eb t\u00eb nj\u00ebjt\u00ebn koh\u00eb. Turizmi dentar n\u00eb Shqip\u00ebri \u00ebsht\u00eb sinonim i cil\u00ebsis\u00eb me Elite Dental. Eja si pacient dhe ik si shok! Shqip\u00ebria me [&hellip;]\" \/>\n<meta property=\"og:url\" content=\"https:\/\/elitedental.al\/sq\/turismo-dentale-albania\/\" \/>\n<meta property=\"og:site_name\" content=\"EliteDental\" \/>\n<meta property=\"article:publisher\" content=\"https:\/\/www.facebook.com\/dentistalbania\/\" \/>\n<meta property=\"article:modified_time\" content=\"2024-09-18T19:48:21+00:00\" \/>\n<meta name=\"twitter:card\" content=\"summary_large_image\" \/>\n<meta name=\"twitter:label1\" content=\"Est. reading time\" \/>\n\t<meta name=\"twitter:data1\" content=\"4 minutes\" \/>\n<script type=\"application\/ld+json\" class=\"yoast-schema-graph\">{\"@context\":\"https:\/\/schema.org\",\"@graph\":[{\"@type\":\"WebPage\",\"@id\":\"https:\/\/elitedental.al\/sq\/turismo-dentale-albania\/\",\"url\":\"https:\/\/elitedental.al\/sq\/turismo-dentale-albania\/\",\"name\":\"TURIZMI DENTAR N\u00cb SHQIP\u00cbRI | EliteDental\",\"isPartOf\":{\"@id\":\"https:\/\/elitedental.al\/de\/#website\"},\"datePublished\":\"2019-09-11T10:05:54+00:00\",\"dateModified\":\"2024-09-18T19:48:21+00:00\",\"breadcrumb\":{\"@id\":\"https:\/\/elitedental.al\/sq\/turismo-dentale-albania\/#breadcrumb\"},\"inLanguage\":\"sq-AL\",\"potentialAction\":[{\"@type\":\"ReadAction\",\"target\":[\"https:\/\/elitedental.al\/sq\/turismo-dentale-albania\/\"]}]},{\"@type\":\"BreadcrumbList\",\"@id\":\"https:\/\/elitedental.al\/sq\/turismo-dentale-albania\/#breadcrumb\",\"itemListElement\":[{\"@type\":\"ListItem\",\"position\":1,\"name\":\"Home\",\"item\":\"https:\/\/elitedental.al\/sq\/\"},{\"@type\":\"ListItem\",\"position\":2,\"name\":\"TURIZMI DENTAR N\u00cb SHQIP\u00cbRI\"}]},{\"@type\":\"WebSite\",\"@id\":\"https:\/\/elitedental.al\/de\/#website\",\"url\":\"https:\/\/elitedental.al\/de\/\",\"name\":\"EliteDental\",\"description\":\"Dentista Albania\",\"publisher\":{\"@id\":\"https:\/\/elitedental.al\/de\/#organization\"},\"potentialAction\":[{\"@type\":\"SearchAction\",\"target\":{\"@type\":\"EntryPoint\",\"urlTemplate\":\"https:\/\/elitedental.al\/de\/?s={search_term_string}\"},\"query-input\":{\"@type\":\"PropertyValueSpecification\",\"valueRequired\":true,\"valueName\":\"search_term_string\"}}],\"inLanguage\":\"sq-AL\"},{\"@type\":\"Organization\",\"@id\":\"https:\/\/elitedental.al\/de\/#organization\",\"name\":\"Elite Dental\",\"url\":\"https:\/\/elitedental.al\/de\/\",\"logo\":{\"@type\":\"ImageObject\",\"inLanguage\":\"sq-AL\",\"@id\":\"https:\/\/elitedental.al\/de\/#\/schema\/logo\/image\/\",\"url\":\"http:\/\/elitedental.al\/wp-content\/uploads\/2021\/06\/90F36F80-1EAA-4C33-A5E1-028AB603EFFE.png\",\"contentUrl\":\"http:\/\/elitedental.al\/wp-content\/uploads\/2021\/06\/90F36F80-1EAA-4C33-A5E1-028AB603EFFE.png\",\"width\":888,\"height\":553,\"caption\":\"Elite Dental\"},\"image\":{\"@id\":\"https:\/\/elitedental.al\/de\/#\/schema\/logo\/image\/\"},\"sameAs\":[\"https:\/\/www.facebook.com\/dentistalbania\/\",\"https:\/\/instagram.com\/elitedentaltirana?utm_medium=copy_link\"]}]}<\/script>\n<!-- \/ Yoast SEO plugin. -->","yoast_head_json":{"title":"TURIZMI DENTAR N\u00cb SHQIP\u00cbRI | EliteDental","robots":{"index":"index","follow":"follow","max-snippet":"max-snippet:-1","max-image-preview":"max-image-preview:large","max-video-preview":"max-video-preview:-1"},"canonical":"https:\/\/elitedental.al\/sq\/turismo-dentale-albania\/","og_locale":"sq_AL","og_type":"article","og_title":"TURIZMI DENTAR N\u00cb SHQIP\u00cbRI | EliteDental","og_description":"Turizmi Dentar n\u00eb Shqip\u00ebri Elite Dentare Kujdesi juaj Dentar n\u00eb Shqip\u00ebri Duke Arg\u00ebtuar Duke Zbuluar Tok\u00ebn Ton\u00eb. Turizmi Dentar ne Shqiperi Zbuloni perl\u00ebn e Ballkanit dhe kujdesuni p\u00ebr sh\u00ebndetin tuaj oral n\u00eb t\u00eb nj\u00ebjt\u00ebn koh\u00eb. Turizmi dentar n\u00eb Shqip\u00ebri \u00ebsht\u00eb sinonim i cil\u00ebsis\u00eb me Elite Dental. Eja si pacient dhe ik si shok! Shqip\u00ebria me [&hellip;]","og_url":"https:\/\/elitedental.al\/sq\/turismo-dentale-albania\/","og_site_name":"EliteDental","article_publisher":"https:\/\/www.facebook.com\/dentistalbania\/","article_modified_time":"2024-09-18T19:48:21+00:00","twitter_card":"summary_large_image","twitter_misc":{"Est. reading time":"4 minutes"},"schema":{"@context":"https:\/\/schema.org","@graph":[{"@type":"WebPage","@id":"https:\/\/elitedental.al\/sq\/turismo-dentale-albania\/","url":"https:\/\/elitedental.al\/sq\/turismo-dentale-albania\/","name":"TURIZMI DENTAR N\u00cb SHQIP\u00cbRI | EliteDental","isPartOf":{"@id":"https:\/\/elitedental.al\/de\/#website"},"datePublished":"2019-09-11T10:05:54+00:00","dateModified":"2024-09-18T19:48:21+00:00","breadcrumb":{"@id":"https:\/\/elitedental.al\/sq\/turismo-dentale-albania\/#breadcrumb"},"inLanguage":"sq-AL","potentialAction":[{"@type":"ReadAction","target":["https:\/\/elitedental.al\/sq\/turismo-dentale-albania\/"]}]},{"@type":"BreadcrumbList","@id":"https:\/\/elitedental.al\/sq\/turismo-dentale-albania\/#breadcrumb","itemListElement":[{"@type":"ListItem","position":1,"name":"Home","item":"https:\/\/elitedental.al\/sq\/"},{"@type":"ListItem","position":2,"name":"TURIZMI DENTAR N\u00cb SHQIP\u00cbRI"}]},{"@type":"WebSite","@id":"https:\/\/elitedental.al\/de\/#website","url":"https:\/\/elitedental.al\/de\/","name":"EliteDental","description":"Dentista Albania","publisher":{"@id":"https:\/\/elitedental.al\/de\/#organization"},"potentialAction":[{"@type":"SearchAction","target":{"@type":"EntryPoint","urlTemplate":"https:\/\/elitedental.al\/de\/?s={search_term_string}"},"query-input":{"@type":"PropertyValueSpecification","valueRequired":true,"valueName":"search_term_string"}}],"inLanguage":"sq-AL"},{"@type":"Organization","@id":"https:\/\/elitedental.al\/de\/#organization","name":"Elite Dental","url":"https:\/\/elitedental.al\/de\/","logo":{"@type":"ImageObject","inLanguage":"sq-AL","@id":"https:\/\/elitedental.al\/de\/#\/schema\/logo\/image\/","url":"http:\/\/elitedental.al\/wp-content\/uploads\/2021\/06\/90F36F80-1EAA-4C33-A5E1-028AB603EFFE.png","contentUrl":"http:\/\/elitedental.al\/wp-content\/uploads\/2021\/06\/90F36F80-1EAA-4C33-A5E1-028AB603EFFE.png","width":888,"height":553,"caption":"Elite Dental"},"image":{"@id":"https:\/\/elitedental.al\/de\/#\/schema\/logo\/image\/"},"sameAs":["https:\/\/www.facebook.com\/dentistalbania\/","https:\/\/instagram.com\/elitedentaltirana?utm_medium=copy_link"]}]}},"_links":{"self":[{"href":"https:\/\/elitedental.al\/sq\/wp-json\/wp\/v2\/pages\/5761","targetHints":{"allow":["GET"]}}],"collection":[{"href":"https:\/\/elitedental.al\/sq\/wp-json\/wp\/v2\/pages"}],"about":[{"href":"https:\/\/elitedental.al\/sq\/wp-json\/wp\/v2\/types\/page"}],"author":[{"embeddable":true,"href":"https:\/\/elitedental.al\/sq\/wp-json\/wp\/v2\/users\/5"}],"replies":[{"embeddable":true,"href":"https:\/\/elitedental.al\/sq\/wp-json\/wp\/v2\/comments?post=5761"}],"version-history":[{"count":29,"href":"https:\/\/elitedental.al\/sq\/wp-json\/wp\/v2\/pages\/5761\/revisions"}],"predecessor-version":[{"id":8191,"href":"https:\/\/elitedental.al\/sq\/wp-json\/wp\/v2\/pages\/5761\/revisions\/8191"}],"wp:attachment":[{"href":"https:\/\/elitedental.al\/sq\/wp-json\/wp\/v2\/media?parent=5761"}],"curies":[{"name":"wp","href":"https:\/\/api.w.org\/{rel}","templated":true}]}}