{"id":6025,"date":"2021-09-21T06:03:45","date_gmt":"2021-09-21T06:03:45","guid":{"rendered":"https:\/\/elitedental.al\/endodonzia\/"},"modified":"2023-03-08T22:15:24","modified_gmt":"2023-03-08T22:15:24","slug":"endodonzia","status":"publish","type":"page","link":"https:\/\/elitedental.al\/sq\/endodonzia\/","title":{"rendered":"ENDODONZIA"},"content":{"rendered":"<p>&nbsp;<\/p>\n<p><strong>Endodontika<\/strong> \u00ebsht\u00eb dega dentare q\u00eb p\u00ebrfshin trajtimin e endodontit, ose hap\u00ebsir\u00ebs &#8211; e pranishme brenda secilit dh\u00ebmb individual &#8211; n\u00eb t\u00eb cil\u00ebn gjendet pulpa e dh\u00ebmb\u00ebve (e p\u00ebrb\u00ebr\u00eb nga qeliza, en\u00ebt e gjakut dhe nervat).<\/p>\n<p>Esht\u00eb e nevojshme t\u00eb mb\u00ebshtetemi n\u00eb terapin\u00eb endodontike kur nj\u00eb lezion karioz ose traumatik shkakton nj\u00eb ndryshim t\u00eb pakthyesh\u00ebm t\u00eb pulp\u00ebs dentare, e cila mund t\u00eb \u00e7oj\u00eb n\u00eb nekroz\u00eb.<\/p>\n<p>&nbsp;<\/p>\n<h2><strong>KUR T TO K SERKONI ENDODONTIKIC?<\/strong><\/h2>\n<p>Terapia endodontike p\u00ebrdoret ndonj\u00ebher\u00eb kur, duke p\u00ebrgatitur nj\u00eb dh\u00ebmb p\u00ebr q\u00ebllime protezash, zvog\u00eblimi i indit dentar mund t\u00eb \u00e7oj\u00eb n\u00eb nekroz\u00eb t\u00eb pulp\u00ebs. N\u00eb k\u00ebt\u00eb rast nekroza \u00ebsht\u00eb p\u00ebr shkak t\u00eb shkaqeve jatrogjene.<br \/>\nTerapia endodontike ndahet n\u00eb ortograde dhe retrograde.<\/p>\n<p><strong><a href=\"http:\/\/elitedental.al\/wp-content\/uploads\/2021\/01\/37ed26f919a7198447d75b56c6f93204.jpg\"><img fetchpriority=\"high\" decoding=\"async\" class=\"size-full wp-image-1244 aligncenter\" src=\"http:\/\/elitedental.al\/wp-content\/uploads\/2021\/01\/37ed26f919a7198447d75b56c6f93204.jpg\" alt=\"\" width=\"840\" height=\"440\" \/><\/a><\/strong><\/p>\n<p>&nbsp;<\/p>\n<p><strong>Terapia endodontike ortograde p\u00ebrb\u00ebhet nga disa faza q\u00eb mund t&#8217;i rendisim si m\u00eb posht\u00eb:<\/strong><\/p>\n<ul>\n<li>Arritja n\u00eb dhom\u00ebn e pulp\u00ebs.<\/li>\n<li>Formimi me instrumente endodontike manuale ose mekanike.<\/li>\n<li>Pastrimi i kanaleve rr\u00ebnj\u00ebsore me ujitje (p.sh. peroksidi i hidrogjenit, hipokloriti i natriumit).<\/li>\n<li>Vulosja e kanalit me gome termoplastike (e quajtur Gutta-percha).<\/li>\n<li>Kontrolli radiografik.<\/li>\n<li>Endodontika retrograde, nga ana tjet\u00ebr, p\u00ebrdoret kur nuk \u00ebsht\u00eb e mundur t\u00eb hyni n\u00eb kanal p\u00ebrmes endodontik\u00ebs ortograde: p\u00ebr shembull, kur ka nj\u00eb penges\u00eb t\u00eb kanalit.<\/li>\n<\/ul>\n<p>&nbsp;<\/p>\n<p><strong>Elite Dental<\/strong> mund t&#8217;ju ndihmoj\u00eb jo vet\u00ebm p\u00ebr endodontik\u00ebn, por edhe p\u00ebr t\u00eb gjith\u00eb gam\u00ebn e kujdesit dentar, implantologjin\u00eb dentare, protezat e t\u00eb gjitha llojeve, zbardhjen e dh\u00ebmb\u00ebve dhe higjien\u00ebn orale dhe mund t&#8217;ju ofroj\u00eb pagesa t\u00eb p\u00ebrshtatshme me k\u00ebste p\u00ebr t\u00eb gjitha sh\u00ebrbimet dentare.<\/p>\n<p>&nbsp;<\/p>\n<p><strong><a href=\"http:\/\/elitedental.al\/wp-content\/uploads\/2021\/01\/4c08417f3e6d343a8bdabc335b468c07.jpg\"><img decoding=\"async\" class=\"size-full wp-image-1245 aligncenter\" src=\"http:\/\/elitedental.al\/wp-content\/uploads\/2021\/01\/4c08417f3e6d343a8bdabc335b468c07.jpg\" alt=\"\" width=\"840\" height=\"440\" \/><\/a><\/strong><\/p>\n<p>&nbsp;<\/p>\n<p><strong>CHI POSSO CHIAMARE PER L\u2019ENDODONZIA?<\/strong><br \/>\nD\u00ebrgoni nj\u00eb k\u00ebrkes\u00eb duke p\u00ebrdorur formularin n\u00eb t\u00eb gjitha faqet e k\u00ebsaj faqeje dhe do t\u00eb keni p\u00ebrgjigjet q\u00eb k\u00ebrkoni.<br \/>\nStafi i Elite Dental p\u00ebrb\u00ebhet nga dentist\u00eb mjek\u00eb t\u00eb diplomuar n\u00eb Itali dhe t\u00eb regjistruar sipas rendit t\u00eb dentist\u00ebve italian\u00eb, t\u00eb cil\u00ebt do t\u00eb jen\u00eb n\u00eb gjendje t&#8217;ju k\u00ebshillojn\u00eb n\u00ebse keni nevoj\u00eb t\u00eb drejtoheni tek endodontika, t\u00eb gjitha zyrat tona t\u00eb hapura n\u00eb Itali jan\u00eb t\u00eb pajisura p\u00ebr t\u00eb b\u00ebr\u00eb k\u00ebt\u00eb lloj kujdes dentar, at\u00ebher\u00eb na telefononi me besim dhe ne do t\u00eb jemi n\u00eb gjendje t\u2019ju \u200b\u200bk\u00ebshillojm\u00eb n\u00eb m\u00ebnyr\u00ebn m\u00eb t\u00eb mir\u00eb t\u00eb mundshme.<\/p>\n","protected":false},"excerpt":{"rendered":"<p>&nbsp; Endodontika \u00ebsht\u00eb dega dentare q\u00eb p\u00ebrfshin trajtimin e endodontit, ose hap\u00ebsir\u00ebs &#8211; e pranishme brenda secilit dh\u00ebmb individual &#8211; n\u00eb t\u00eb cil\u00ebn gjendet pulpa e dh\u00ebmb\u00ebve (e p\u00ebrb\u00ebr\u00eb nga qeliza, en\u00ebt e gjakut dhe nervat). Esht\u00eb e nevojshme t\u00eb mb\u00ebshtetemi n\u00eb terapin\u00eb endodontike kur nj\u00eb lezion karioz ose traumatik shkakton nj\u00eb ndryshim t\u00eb pakthyesh\u00ebm [&hellip;]<\/p>\n","protected":false},"author":5,"featured_media":0,"parent":0,"menu_order":0,"comment_status":"closed","ping_status":"closed","template":"","meta":{"footnotes":""},"class_list":["post-6025","page","type-page","status-publish","hentry"],"yoast_head":"<!-- This site is optimized with the Yoast SEO plugin v27.2 - https:\/\/yoast.com\/product\/yoast-seo-wordpress\/ -->\n<title>ENDODONZIA | EliteDental<\/title>\n<meta name=\"robots\" content=\"index, follow, max-snippet:-1, max-image-preview:large, max-video-preview:-1\" \/>\n<link rel=\"canonical\" href=\"https:\/\/elitedental.al\/sq\/endodonzia\/\" \/>\n<meta property=\"og:locale\" content=\"sq_AL\" \/>\n<meta property=\"og:type\" content=\"article\" \/>\n<meta property=\"og:title\" content=\"ENDODONZIA | EliteDental\" \/>\n<meta property=\"og:description\" content=\"&nbsp; Endodontika \u00ebsht\u00eb dega dentare q\u00eb p\u00ebrfshin trajtimin e endodontit, ose hap\u00ebsir\u00ebs &#8211; e pranishme brenda secilit dh\u00ebmb individual &#8211; n\u00eb t\u00eb cil\u00ebn gjendet pulpa e dh\u00ebmb\u00ebve (e p\u00ebrb\u00ebr\u00eb nga qeliza, en\u00ebt e gjakut dhe nervat). Esht\u00eb e nevojshme t\u00eb mb\u00ebshtetemi n\u00eb terapin\u00eb endodontike kur nj\u00eb lezion karioz ose traumatik shkakton nj\u00eb ndryshim t\u00eb pakthyesh\u00ebm [&hellip;]\" \/>\n<meta property=\"og:url\" content=\"https:\/\/elitedental.al\/sq\/endodonzia\/\" \/>\n<meta property=\"og:site_name\" content=\"EliteDental\" \/>\n<meta property=\"article:publisher\" content=\"https:\/\/www.facebook.com\/dentistalbania\/\" \/>\n<meta property=\"article:modified_time\" content=\"2023-03-08T22:15:24+00:00\" \/>\n<meta property=\"og:image\" content=\"http:\/\/elitedental.al\/wp-content\/uploads\/2021\/01\/37ed26f919a7198447d75b56c6f93204.jpg\" \/>\n<meta name=\"twitter:card\" content=\"summary_large_image\" \/>\n<meta name=\"twitter:label1\" content=\"Est. reading time\" \/>\n\t<meta name=\"twitter:data1\" content=\"2 minutes\" \/>\n<script type=\"application\/ld+json\" class=\"yoast-schema-graph\">{\"@context\":\"https:\/\/schema.org\",\"@graph\":[{\"@type\":\"WebPage\",\"@id\":\"https:\/\/elitedental.al\/sq\/endodonzia\/\",\"url\":\"https:\/\/elitedental.al\/sq\/endodonzia\/\",\"name\":\"ENDODONZIA | EliteDental\",\"isPartOf\":{\"@id\":\"https:\/\/elitedental.al\/de\/#website\"},\"primaryImageOfPage\":{\"@id\":\"https:\/\/elitedental.al\/sq\/endodonzia\/#primaryimage\"},\"image\":{\"@id\":\"https:\/\/elitedental.al\/sq\/endodonzia\/#primaryimage\"},\"thumbnailUrl\":\"http:\/\/elitedental.al\/wp-content\/uploads\/2021\/01\/37ed26f919a7198447d75b56c6f93204.jpg\",\"datePublished\":\"2021-09-21T06:03:45+00:00\",\"dateModified\":\"2023-03-08T22:15:24+00:00\",\"breadcrumb\":{\"@id\":\"https:\/\/elitedental.al\/sq\/endodonzia\/#breadcrumb\"},\"inLanguage\":\"sq-AL\",\"potentialAction\":[{\"@type\":\"ReadAction\",\"target\":[\"https:\/\/elitedental.al\/sq\/endodonzia\/\"]}]},{\"@type\":\"ImageObject\",\"inLanguage\":\"sq-AL\",\"@id\":\"https:\/\/elitedental.al\/sq\/endodonzia\/#primaryimage\",\"url\":\"http:\/\/elitedental.al\/wp-content\/uploads\/2021\/01\/37ed26f919a7198447d75b56c6f93204.jpg\",\"contentUrl\":\"http:\/\/elitedental.al\/wp-content\/uploads\/2021\/01\/37ed26f919a7198447d75b56c6f93204.jpg\"},{\"@type\":\"BreadcrumbList\",\"@id\":\"https:\/\/elitedental.al\/sq\/endodonzia\/#breadcrumb\",\"itemListElement\":[{\"@type\":\"ListItem\",\"position\":1,\"name\":\"Home\",\"item\":\"https:\/\/elitedental.al\/sq\/\"},{\"@type\":\"ListItem\",\"position\":2,\"name\":\"ENDODONZIA\"}]},{\"@type\":\"WebSite\",\"@id\":\"https:\/\/elitedental.al\/de\/#website\",\"url\":\"https:\/\/elitedental.al\/de\/\",\"name\":\"EliteDental\",\"description\":\"Dentista Albania\",\"publisher\":{\"@id\":\"https:\/\/elitedental.al\/de\/#organization\"},\"potentialAction\":[{\"@type\":\"SearchAction\",\"target\":{\"@type\":\"EntryPoint\",\"urlTemplate\":\"https:\/\/elitedental.al\/de\/?s={search_term_string}\"},\"query-input\":{\"@type\":\"PropertyValueSpecification\",\"valueRequired\":true,\"valueName\":\"search_term_string\"}}],\"inLanguage\":\"sq-AL\"},{\"@type\":\"Organization\",\"@id\":\"https:\/\/elitedental.al\/de\/#organization\",\"name\":\"Elite Dental\",\"url\":\"https:\/\/elitedental.al\/de\/\",\"logo\":{\"@type\":\"ImageObject\",\"inLanguage\":\"sq-AL\",\"@id\":\"https:\/\/elitedental.al\/de\/#\/schema\/logo\/image\/\",\"url\":\"http:\/\/elitedental.al\/wp-content\/uploads\/2021\/06\/90F36F80-1EAA-4C33-A5E1-028AB603EFFE.png\",\"contentUrl\":\"http:\/\/elitedental.al\/wp-content\/uploads\/2021\/06\/90F36F80-1EAA-4C33-A5E1-028AB603EFFE.png\",\"width\":888,\"height\":553,\"caption\":\"Elite Dental\"},\"image\":{\"@id\":\"https:\/\/elitedental.al\/de\/#\/schema\/logo\/image\/\"},\"sameAs\":[\"https:\/\/www.facebook.com\/dentistalbania\/\",\"https:\/\/instagram.com\/elitedentaltirana?utm_medium=copy_link\"]}]}<\/script>\n<!-- \/ Yoast SEO plugin. -->","yoast_head_json":{"title":"ENDODONZIA | EliteDental","robots":{"index":"index","follow":"follow","max-snippet":"max-snippet:-1","max-image-preview":"max-image-preview:large","max-video-preview":"max-video-preview:-1"},"canonical":"https:\/\/elitedental.al\/sq\/endodonzia\/","og_locale":"sq_AL","og_type":"article","og_title":"ENDODONZIA | EliteDental","og_description":"&nbsp; Endodontika \u00ebsht\u00eb dega dentare q\u00eb p\u00ebrfshin trajtimin e endodontit, ose hap\u00ebsir\u00ebs &#8211; e pranishme brenda secilit dh\u00ebmb individual &#8211; n\u00eb t\u00eb cil\u00ebn gjendet pulpa e dh\u00ebmb\u00ebve (e p\u00ebrb\u00ebr\u00eb nga qeliza, en\u00ebt e gjakut dhe nervat). Esht\u00eb e nevojshme t\u00eb mb\u00ebshtetemi n\u00eb terapin\u00eb endodontike kur nj\u00eb lezion karioz ose traumatik shkakton nj\u00eb ndryshim t\u00eb pakthyesh\u00ebm [&hellip;]","og_url":"https:\/\/elitedental.al\/sq\/endodonzia\/","og_site_name":"EliteDental","article_publisher":"https:\/\/www.facebook.com\/dentistalbania\/","article_modified_time":"2023-03-08T22:15:24+00:00","og_image":[{"url":"http:\/\/elitedental.al\/wp-content\/uploads\/2021\/01\/37ed26f919a7198447d75b56c6f93204.jpg","type":"","width":"","height":""}],"twitter_card":"summary_large_image","twitter_misc":{"Est. reading time":"2 minutes"},"schema":{"@context":"https:\/\/schema.org","@graph":[{"@type":"WebPage","@id":"https:\/\/elitedental.al\/sq\/endodonzia\/","url":"https:\/\/elitedental.al\/sq\/endodonzia\/","name":"ENDODONZIA | EliteDental","isPartOf":{"@id":"https:\/\/elitedental.al\/de\/#website"},"primaryImageOfPage":{"@id":"https:\/\/elitedental.al\/sq\/endodonzia\/#primaryimage"},"image":{"@id":"https:\/\/elitedental.al\/sq\/endodonzia\/#primaryimage"},"thumbnailUrl":"http:\/\/elitedental.al\/wp-content\/uploads\/2021\/01\/37ed26f919a7198447d75b56c6f93204.jpg","datePublished":"2021-09-21T06:03:45+00:00","dateModified":"2023-03-08T22:15:24+00:00","breadcrumb":{"@id":"https:\/\/elitedental.al\/sq\/endodonzia\/#breadcrumb"},"inLanguage":"sq-AL","potentialAction":[{"@type":"ReadAction","target":["https:\/\/elitedental.al\/sq\/endodonzia\/"]}]},{"@type":"ImageObject","inLanguage":"sq-AL","@id":"https:\/\/elitedental.al\/sq\/endodonzia\/#primaryimage","url":"http:\/\/elitedental.al\/wp-content\/uploads\/2021\/01\/37ed26f919a7198447d75b56c6f93204.jpg","contentUrl":"http:\/\/elitedental.al\/wp-content\/uploads\/2021\/01\/37ed26f919a7198447d75b56c6f93204.jpg"},{"@type":"BreadcrumbList","@id":"https:\/\/elitedental.al\/sq\/endodonzia\/#breadcrumb","itemListElement":[{"@type":"ListItem","position":1,"name":"Home","item":"https:\/\/elitedental.al\/sq\/"},{"@type":"ListItem","position":2,"name":"ENDODONZIA"}]},{"@type":"WebSite","@id":"https:\/\/elitedental.al\/de\/#website","url":"https:\/\/elitedental.al\/de\/","name":"EliteDental","description":"Dentista Albania","publisher":{"@id":"https:\/\/elitedental.al\/de\/#organization"},"potentialAction":[{"@type":"SearchAction","target":{"@type":"EntryPoint","urlTemplate":"https:\/\/elitedental.al\/de\/?s={search_term_string}"},"query-input":{"@type":"PropertyValueSpecification","valueRequired":true,"valueName":"search_term_string"}}],"inLanguage":"sq-AL"},{"@type":"Organization","@id":"https:\/\/elitedental.al\/de\/#organization","name":"Elite Dental","url":"https:\/\/elitedental.al\/de\/","logo":{"@type":"ImageObject","inLanguage":"sq-AL","@id":"https:\/\/elitedental.al\/de\/#\/schema\/logo\/image\/","url":"http:\/\/elitedental.al\/wp-content\/uploads\/2021\/06\/90F36F80-1EAA-4C33-A5E1-028AB603EFFE.png","contentUrl":"http:\/\/elitedental.al\/wp-content\/uploads\/2021\/06\/90F36F80-1EAA-4C33-A5E1-028AB603EFFE.png","width":888,"height":553,"caption":"Elite Dental"},"image":{"@id":"https:\/\/elitedental.al\/de\/#\/schema\/logo\/image\/"},"sameAs":["https:\/\/www.facebook.com\/dentistalbania\/","https:\/\/instagram.com\/elitedentaltirana?utm_medium=copy_link"]}]}},"_links":{"self":[{"href":"https:\/\/elitedental.al\/sq\/wp-json\/wp\/v2\/pages\/6025","targetHints":{"allow":["GET"]}}],"collection":[{"href":"https:\/\/elitedental.al\/sq\/wp-json\/wp\/v2\/pages"}],"about":[{"href":"https:\/\/elitedental.al\/sq\/wp-json\/wp\/v2\/types\/page"}],"author":[{"embeddable":true,"href":"https:\/\/elitedental.al\/sq\/wp-json\/wp\/v2\/users\/5"}],"replies":[{"embeddable":true,"href":"https:\/\/elitedental.al\/sq\/wp-json\/wp\/v2\/comments?post=6025"}],"version-history":[{"count":3,"href":"https:\/\/elitedental.al\/sq\/wp-json\/wp\/v2\/pages\/6025\/revisions"}],"predecessor-version":[{"id":7008,"href":"https:\/\/elitedental.al\/sq\/wp-json\/wp\/v2\/pages\/6025\/revisions\/7008"}],"wp:attachment":[{"href":"https:\/\/elitedental.al\/sq\/wp-json\/wp\/v2\/media?parent=6025"}],"curies":[{"name":"wp","href":"https:\/\/api.w.org\/{rel}","templated":true}]}}