{"id":6030,"date":"2021-09-21T05:48:18","date_gmt":"2021-09-21T05:48:18","guid":{"rendered":"https:\/\/elitedental.al\/implantologia\/"},"modified":"2024-09-23T15:46:27","modified_gmt":"2024-09-23T15:46:27","slug":"implantologia","status":"publish","type":"page","link":"https:\/\/elitedental.al\/sq\/implantologia\/","title":{"rendered":"IMPLANTOLOGJIA"},"content":{"rendered":"<p>&nbsp;<\/p>\n<h2><strong><a href=\"http:\/\/51.158.72.203\/~elite\/wp-content\/uploads\/2017\/02\/Fotolia_115205130_CORONA-SU-IMPIANTO.jpg\"><img fetchpriority=\"high\" decoding=\"async\" class=\"wp-image-1112 size-medium alignleft\" src=\"http:\/\/elitedental.al\/wp-content\/uploads\/2020\/12\/91ddd93b87cc066d79893b27dc4f9e40.jpg\" alt=\"\" width=\"300\" height=\"225\" \/><\/a><\/strong><\/h2>\n<p><strong>\u00c7far\u00eb \u00ebsht\u00eb implantologjia dentare?<\/strong><\/p>\n<p>Implantologjia \u00ebsht\u00eb dega e stomatologjis\u00eb q\u00eb p\u00ebrfshin z\u00ebvend\u00ebsimin e dh\u00ebmb\u00ebve q\u00eb mungojn\u00eb me rr\u00ebnj\u00eb artificiale t\u00eb futura n\u00eb kock\u00eb.<\/p>\n<p>Implantet mund t\u00eb z\u00ebvend\u00ebsojn\u00eb dh\u00ebmb\u00ebt e vet\u00ebm (kuror\u00eb n\u00eb implant), grupe dh\u00ebmb\u00ebsh (kurora n\u00eb implant) ose ato gjithashtu mund t\u00eb veprojn\u00eb si nj\u00eb mb\u00ebshtetje p\u00ebr nj\u00eb protez\u00eb. Implantologjia dentare sot p\u00ebrfaq\u00ebson nj\u00eb zgjidhje terapeutike t\u00eb parashikueshme dhe t\u00eb besueshme me kalimin e koh\u00ebs, e lidhur me nj\u00eb shkall\u00eb shum\u00eb t\u00eb lart\u00eb suksesi<\/p>\n<p><strong>Nga \u00ebsht\u00eb b\u00ebr\u00eb implanti dentar?<\/strong><\/p>\n<p>Sot implantet m\u00eb t\u00eb p\u00ebrdorura n\u00eb t\u00eb gjith\u00eb bot\u00ebn jan\u00eb b\u00ebr\u00eb nga titan.<br \/>\nTitani \u00ebsht\u00eb nj\u00eb metal bio-inert q\u00eb n\u00eb kontakt me kock\u00ebn nuk jep asnj\u00eb reagim &#8220;refuzimi&#8221; sepse nuk ka proteina dhe nuk shkakton asnj\u00eb reagim imunitar. P\u00ebr m\u00eb tep\u00ebr, titani nuk shkakton as reagime nga trupat e huaj sepse \u00ebsht\u00eb n\u00eb gjendje t\u00eb krijoj\u00eb nj\u00eb lidhje t\u00eb drejtp\u00ebrdrejt\u00eb me indin kockor, t\u00eb ashtuquajturin &#8220;osseointegrim&#8221;<\/p>\n<p><strong>A jan\u00eb implantet dentare 100% t\u00eb suksesshme?<\/strong><\/p>\n<p>Megjith\u00ebse titani \u00ebsht\u00eb nj\u00eb material i jasht\u00ebzakonsh\u00ebm, ndodh q\u00eb, p\u00ebr arsye q\u00eb ende nuk dihen plot\u00ebsisht sot, n\u00eb nj\u00eb p\u00ebrqindje prej m\u00eb pak se 5% implantet i n\u00ebnshtrohen nj\u00eb d\u00ebshtimi ose nj\u00eb tendence t\u00eb keqe (ose mungon) n\u00eb procesin e integrimit t\u00eb struktur\u00ebs artificiale n\u00eb indet organike t\u00eb kockave.<\/p>\n<p>Shpesh, megjithat\u00eb, pas heqjes s\u00eb nj\u00eb implanti n\u00eb t\u00eb nj\u00ebjtin vend \u00ebsht\u00eb e mundur t\u00eb futet nj\u00eb i ri.<\/p>\n<p><strong>A jan\u00eb transplantet dhe implantet e nj\u00ebjta gj\u00eb?<\/strong><\/p>\n<p>Transplanti i kock\u00ebs i referuar zakonisht nga pacient\u00ebt si &#8220;transplant kockash&#8221; \u00ebsht\u00eb nj\u00eb operacion i kryer p\u00ebr t\u00eb rritur sasin\u00eb e kockave t\u00eb pranishme n\u00eb nivelin e nj\u00eb ose m\u00eb shum\u00eb vendndodhjeve t\u00eb harqeve dentare dhe zakonisht kryhet p\u00ebr t\u00eb futur nj\u00eb ose m\u00eb shum\u00eb titan implantet q\u00eb m\u00eb pas do t\u00eb mb\u00ebshtesin dh\u00ebmb\u00ebt artificial\u00eb.<\/p>\n<p>Implanti &#8220;, nga ana tjet\u00ebr, \u00ebsht\u00eb rr\u00ebnja artificiale q\u00eb p\u00ebrdoret p\u00ebr t\u00eb mb\u00ebshtetur kurorat artificiale.<\/p>\n<h2><strong>\u00a0<\/strong><\/h2>\n<p><a href=\"http:\/\/elitedental.al\/wp-content\/uploads\/2020\/12\/6d40de35e56042ddf64f046dfbec9fcd.jpg\"><img decoding=\"async\" class=\"size-full wp-image-1259 aligncenter\" src=\"http:\/\/elitedental.al\/wp-content\/uploads\/2020\/12\/6d40de35e56042ddf64f046dfbec9fcd.jpg\" alt=\"\" width=\"727\" height=\"300\" \/><\/a><\/p>\n","protected":false},"excerpt":{"rendered":"<p>&nbsp; \u00c7far\u00eb \u00ebsht\u00eb implantologjia dentare? Implantologjia \u00ebsht\u00eb dega e stomatologjis\u00eb q\u00eb p\u00ebrfshin z\u00ebvend\u00ebsimin e dh\u00ebmb\u00ebve q\u00eb mungojn\u00eb me rr\u00ebnj\u00eb artificiale t\u00eb futura n\u00eb kock\u00eb. Implantet mund t\u00eb z\u00ebvend\u00ebsojn\u00eb dh\u00ebmb\u00ebt e vet\u00ebm (kuror\u00eb n\u00eb implant), grupe dh\u00ebmb\u00ebsh (kurora n\u00eb implant) ose ato gjithashtu mund t\u00eb veprojn\u00eb si nj\u00eb mb\u00ebshtetje p\u00ebr nj\u00eb protez\u00eb. Implantologjia dentare sot p\u00ebrfaq\u00ebson [&hellip;]<\/p>\n","protected":false},"author":5,"featured_media":0,"parent":0,"menu_order":0,"comment_status":"closed","ping_status":"closed","template":"","meta":{"footnotes":""},"class_list":["post-6030","page","type-page","status-publish","hentry"],"yoast_head":"<!-- This site is optimized with the Yoast SEO plugin v27.2 - https:\/\/yoast.com\/product\/yoast-seo-wordpress\/ -->\n<title>IMPLANTOLOGJIA | EliteDental<\/title>\n<meta name=\"robots\" content=\"index, follow, max-snippet:-1, max-image-preview:large, max-video-preview:-1\" \/>\n<link rel=\"canonical\" href=\"https:\/\/elitedental.al\/sq\/implantologia\/\" \/>\n<meta property=\"og:locale\" content=\"sq_AL\" \/>\n<meta property=\"og:type\" content=\"article\" \/>\n<meta property=\"og:title\" content=\"IMPLANTOLOGJIA | EliteDental\" \/>\n<meta property=\"og:description\" content=\"&nbsp; \u00c7far\u00eb \u00ebsht\u00eb implantologjia dentare? Implantologjia \u00ebsht\u00eb dega e stomatologjis\u00eb q\u00eb p\u00ebrfshin z\u00ebvend\u00ebsimin e dh\u00ebmb\u00ebve q\u00eb mungojn\u00eb me rr\u00ebnj\u00eb artificiale t\u00eb futura n\u00eb kock\u00eb. Implantet mund t\u00eb z\u00ebvend\u00ebsojn\u00eb dh\u00ebmb\u00ebt e vet\u00ebm (kuror\u00eb n\u00eb implant), grupe dh\u00ebmb\u00ebsh (kurora n\u00eb implant) ose ato gjithashtu mund t\u00eb veprojn\u00eb si nj\u00eb mb\u00ebshtetje p\u00ebr nj\u00eb protez\u00eb. Implantologjia dentare sot p\u00ebrfaq\u00ebson [&hellip;]\" \/>\n<meta property=\"og:url\" content=\"https:\/\/elitedental.al\/sq\/implantologia\/\" \/>\n<meta property=\"og:site_name\" content=\"EliteDental\" \/>\n<meta property=\"article:publisher\" content=\"https:\/\/www.facebook.com\/dentistalbania\/\" \/>\n<meta property=\"article:modified_time\" content=\"2024-09-23T15:46:27+00:00\" \/>\n<meta property=\"og:image\" content=\"http:\/\/elitedental.al\/wp-content\/uploads\/2020\/12\/91ddd93b87cc066d79893b27dc4f9e40.jpg\" \/>\n<meta name=\"twitter:card\" content=\"summary_large_image\" \/>\n<meta name=\"twitter:label1\" content=\"Est. reading time\" \/>\n\t<meta name=\"twitter:data1\" content=\"2 minutes\" \/>\n<script type=\"application\/ld+json\" class=\"yoast-schema-graph\">{\"@context\":\"https:\/\/schema.org\",\"@graph\":[{\"@type\":\"WebPage\",\"@id\":\"https:\/\/elitedental.al\/sq\/implantologia\/\",\"url\":\"https:\/\/elitedental.al\/sq\/implantologia\/\",\"name\":\"IMPLANTOLOGJIA | EliteDental\",\"isPartOf\":{\"@id\":\"https:\/\/elitedental.al\/de\/#website\"},\"primaryImageOfPage\":{\"@id\":\"https:\/\/elitedental.al\/sq\/implantologia\/#primaryimage\"},\"image\":{\"@id\":\"https:\/\/elitedental.al\/sq\/implantologia\/#primaryimage\"},\"thumbnailUrl\":\"http:\/\/elitedental.al\/wp-content\/uploads\/2020\/12\/91ddd93b87cc066d79893b27dc4f9e40.jpg\",\"datePublished\":\"2021-09-21T05:48:18+00:00\",\"dateModified\":\"2024-09-23T15:46:27+00:00\",\"breadcrumb\":{\"@id\":\"https:\/\/elitedental.al\/sq\/implantologia\/#breadcrumb\"},\"inLanguage\":\"sq-AL\",\"potentialAction\":[{\"@type\":\"ReadAction\",\"target\":[\"https:\/\/elitedental.al\/sq\/implantologia\/\"]}]},{\"@type\":\"ImageObject\",\"inLanguage\":\"sq-AL\",\"@id\":\"https:\/\/elitedental.al\/sq\/implantologia\/#primaryimage\",\"url\":\"http:\/\/elitedental.al\/wp-content\/uploads\/2020\/12\/91ddd93b87cc066d79893b27dc4f9e40.jpg\",\"contentUrl\":\"http:\/\/elitedental.al\/wp-content\/uploads\/2020\/12\/91ddd93b87cc066d79893b27dc4f9e40.jpg\"},{\"@type\":\"BreadcrumbList\",\"@id\":\"https:\/\/elitedental.al\/sq\/implantologia\/#breadcrumb\",\"itemListElement\":[{\"@type\":\"ListItem\",\"position\":1,\"name\":\"Home\",\"item\":\"https:\/\/elitedental.al\/sq\/\"},{\"@type\":\"ListItem\",\"position\":2,\"name\":\"IMPLANTOLOGJIA\"}]},{\"@type\":\"WebSite\",\"@id\":\"https:\/\/elitedental.al\/de\/#website\",\"url\":\"https:\/\/elitedental.al\/de\/\",\"name\":\"EliteDental\",\"description\":\"Dentista Albania\",\"publisher\":{\"@id\":\"https:\/\/elitedental.al\/de\/#organization\"},\"potentialAction\":[{\"@type\":\"SearchAction\",\"target\":{\"@type\":\"EntryPoint\",\"urlTemplate\":\"https:\/\/elitedental.al\/de\/?s={search_term_string}\"},\"query-input\":{\"@type\":\"PropertyValueSpecification\",\"valueRequired\":true,\"valueName\":\"search_term_string\"}}],\"inLanguage\":\"sq-AL\"},{\"@type\":\"Organization\",\"@id\":\"https:\/\/elitedental.al\/de\/#organization\",\"name\":\"Elite Dental\",\"url\":\"https:\/\/elitedental.al\/de\/\",\"logo\":{\"@type\":\"ImageObject\",\"inLanguage\":\"sq-AL\",\"@id\":\"https:\/\/elitedental.al\/de\/#\/schema\/logo\/image\/\",\"url\":\"http:\/\/elitedental.al\/wp-content\/uploads\/2021\/06\/90F36F80-1EAA-4C33-A5E1-028AB603EFFE.png\",\"contentUrl\":\"http:\/\/elitedental.al\/wp-content\/uploads\/2021\/06\/90F36F80-1EAA-4C33-A5E1-028AB603EFFE.png\",\"width\":888,\"height\":553,\"caption\":\"Elite Dental\"},\"image\":{\"@id\":\"https:\/\/elitedental.al\/de\/#\/schema\/logo\/image\/\"},\"sameAs\":[\"https:\/\/www.facebook.com\/dentistalbania\/\",\"https:\/\/instagram.com\/elitedentaltirana?utm_medium=copy_link\"]}]}<\/script>\n<!-- \/ Yoast SEO plugin. -->","yoast_head_json":{"title":"IMPLANTOLOGJIA | EliteDental","robots":{"index":"index","follow":"follow","max-snippet":"max-snippet:-1","max-image-preview":"max-image-preview:large","max-video-preview":"max-video-preview:-1"},"canonical":"https:\/\/elitedental.al\/sq\/implantologia\/","og_locale":"sq_AL","og_type":"article","og_title":"IMPLANTOLOGJIA | EliteDental","og_description":"&nbsp; \u00c7far\u00eb \u00ebsht\u00eb implantologjia dentare? Implantologjia \u00ebsht\u00eb dega e stomatologjis\u00eb q\u00eb p\u00ebrfshin z\u00ebvend\u00ebsimin e dh\u00ebmb\u00ebve q\u00eb mungojn\u00eb me rr\u00ebnj\u00eb artificiale t\u00eb futura n\u00eb kock\u00eb. Implantet mund t\u00eb z\u00ebvend\u00ebsojn\u00eb dh\u00ebmb\u00ebt e vet\u00ebm (kuror\u00eb n\u00eb implant), grupe dh\u00ebmb\u00ebsh (kurora n\u00eb implant) ose ato gjithashtu mund t\u00eb veprojn\u00eb si nj\u00eb mb\u00ebshtetje p\u00ebr nj\u00eb protez\u00eb. Implantologjia dentare sot p\u00ebrfaq\u00ebson [&hellip;]","og_url":"https:\/\/elitedental.al\/sq\/implantologia\/","og_site_name":"EliteDental","article_publisher":"https:\/\/www.facebook.com\/dentistalbania\/","article_modified_time":"2024-09-23T15:46:27+00:00","og_image":[{"url":"http:\/\/elitedental.al\/wp-content\/uploads\/2020\/12\/91ddd93b87cc066d79893b27dc4f9e40.jpg","type":"","width":"","height":""}],"twitter_card":"summary_large_image","twitter_misc":{"Est. reading time":"2 minutes"},"schema":{"@context":"https:\/\/schema.org","@graph":[{"@type":"WebPage","@id":"https:\/\/elitedental.al\/sq\/implantologia\/","url":"https:\/\/elitedental.al\/sq\/implantologia\/","name":"IMPLANTOLOGJIA | EliteDental","isPartOf":{"@id":"https:\/\/elitedental.al\/de\/#website"},"primaryImageOfPage":{"@id":"https:\/\/elitedental.al\/sq\/implantologia\/#primaryimage"},"image":{"@id":"https:\/\/elitedental.al\/sq\/implantologia\/#primaryimage"},"thumbnailUrl":"http:\/\/elitedental.al\/wp-content\/uploads\/2020\/12\/91ddd93b87cc066d79893b27dc4f9e40.jpg","datePublished":"2021-09-21T05:48:18+00:00","dateModified":"2024-09-23T15:46:27+00:00","breadcrumb":{"@id":"https:\/\/elitedental.al\/sq\/implantologia\/#breadcrumb"},"inLanguage":"sq-AL","potentialAction":[{"@type":"ReadAction","target":["https:\/\/elitedental.al\/sq\/implantologia\/"]}]},{"@type":"ImageObject","inLanguage":"sq-AL","@id":"https:\/\/elitedental.al\/sq\/implantologia\/#primaryimage","url":"http:\/\/elitedental.al\/wp-content\/uploads\/2020\/12\/91ddd93b87cc066d79893b27dc4f9e40.jpg","contentUrl":"http:\/\/elitedental.al\/wp-content\/uploads\/2020\/12\/91ddd93b87cc066d79893b27dc4f9e40.jpg"},{"@type":"BreadcrumbList","@id":"https:\/\/elitedental.al\/sq\/implantologia\/#breadcrumb","itemListElement":[{"@type":"ListItem","position":1,"name":"Home","item":"https:\/\/elitedental.al\/sq\/"},{"@type":"ListItem","position":2,"name":"IMPLANTOLOGJIA"}]},{"@type":"WebSite","@id":"https:\/\/elitedental.al\/de\/#website","url":"https:\/\/elitedental.al\/de\/","name":"EliteDental","description":"Dentista Albania","publisher":{"@id":"https:\/\/elitedental.al\/de\/#organization"},"potentialAction":[{"@type":"SearchAction","target":{"@type":"EntryPoint","urlTemplate":"https:\/\/elitedental.al\/de\/?s={search_term_string}"},"query-input":{"@type":"PropertyValueSpecification","valueRequired":true,"valueName":"search_term_string"}}],"inLanguage":"sq-AL"},{"@type":"Organization","@id":"https:\/\/elitedental.al\/de\/#organization","name":"Elite Dental","url":"https:\/\/elitedental.al\/de\/","logo":{"@type":"ImageObject","inLanguage":"sq-AL","@id":"https:\/\/elitedental.al\/de\/#\/schema\/logo\/image\/","url":"http:\/\/elitedental.al\/wp-content\/uploads\/2021\/06\/90F36F80-1EAA-4C33-A5E1-028AB603EFFE.png","contentUrl":"http:\/\/elitedental.al\/wp-content\/uploads\/2021\/06\/90F36F80-1EAA-4C33-A5E1-028AB603EFFE.png","width":888,"height":553,"caption":"Elite Dental"},"image":{"@id":"https:\/\/elitedental.al\/de\/#\/schema\/logo\/image\/"},"sameAs":["https:\/\/www.facebook.com\/dentistalbania\/","https:\/\/instagram.com\/elitedentaltirana?utm_medium=copy_link"]}]}},"_links":{"self":[{"href":"https:\/\/elitedental.al\/sq\/wp-json\/wp\/v2\/pages\/6030","targetHints":{"allow":["GET"]}}],"collection":[{"href":"https:\/\/elitedental.al\/sq\/wp-json\/wp\/v2\/pages"}],"about":[{"href":"https:\/\/elitedental.al\/sq\/wp-json\/wp\/v2\/types\/page"}],"author":[{"embeddable":true,"href":"https:\/\/elitedental.al\/sq\/wp-json\/wp\/v2\/users\/5"}],"replies":[{"embeddable":true,"href":"https:\/\/elitedental.al\/sq\/wp-json\/wp\/v2\/comments?post=6030"}],"version-history":[{"count":2,"href":"https:\/\/elitedental.al\/sq\/wp-json\/wp\/v2\/pages\/6030\/revisions"}],"predecessor-version":[{"id":8299,"href":"https:\/\/elitedental.al\/sq\/wp-json\/wp\/v2\/pages\/6030\/revisions\/8299"}],"wp:attachment":[{"href":"https:\/\/elitedental.al\/sq\/wp-json\/wp\/v2\/media?parent=6030"}],"curies":[{"name":"wp","href":"https:\/\/api.w.org\/{rel}","templated":true}]}}