{"id":6042,"date":"2021-09-21T05:56:28","date_gmt":"2021-09-21T05:56:28","guid":{"rendered":"https:\/\/elitedental.al\/parodontologia\/"},"modified":"2021-09-21T09:46:44","modified_gmt":"2021-09-21T09:46:44","slug":"parodontologia","status":"publish","type":"page","link":"https:\/\/elitedental.al\/sq\/parodontologia\/","title":{"rendered":"PERIODONTOLOGJIA"},"content":{"rendered":"<p>[vc_row][vc_column][vc_column_text]<\/p>\n<section class=\"av_textblock_section\">\n<div class=\"avia_textblock \">\n<p>Termi <strong>periodontologji<\/strong> tregon at\u00eb deg\u00eb t\u00eb stomatologjis\u00eb q\u00eb studion <strong>indet e periodontit dhe s\u00ebmundjet<\/strong> e lidhura me t\u00eb.<\/p>\n<p>&nbsp;<\/p>\n<p>Periodonti p\u00ebrb\u00ebhet nga indet e buta, dometh\u00ebn\u00eb ligamenti periodontal dhe mishrat e dh\u00ebmb\u00ebve, dhe indet e forta, dometh\u00ebn\u00eb \u00e7imentoja rr\u00ebnj\u00eb dhe kocka alveolare, t\u00eb cilat rrethojn\u00eb dh\u00ebmbin dhe sh\u00ebrbejn\u00eb p\u00ebr t\u00eb siguruar stabilitetin e tij n\u00eb harkun dentar. Dentisti i cili \u00ebsht\u00eb n\u00eb gjendje t\u00eb konstatoj\u00eb dhe trajtoj\u00eb periodontin quhet periodontist.<\/p>\n<p>&nbsp;<\/p>\n<p>S\u00ebmundjet periodontale ose s\u00ebmundjet periodontale quhen dhe t\u00eb gjitha s\u00ebmundjet q\u00eb prekin periodontin: periodontiti dhe gingiviti.<\/p>\n<p>&nbsp;<\/p>\n<p>S\u00ebmundja <strong>periodontale<\/strong> njihet edhe si &#8220;<strong>pirorea<\/strong>&#8220;.<\/p>\n<p>&nbsp;<\/p>\n<p><strong>Shkaku kryesor i periodontitit \u00ebsht\u00eb higjiena e dob\u00ebt orale,<\/strong> sepse niveli i pllak\u00ebs bakteriale rritet dhe kjo shkakton shfaqjen e inflamacionit t\u00eb gingiv\u00ebs, i cili m\u00eb pas p\u00ebrkeq\u00ebsohet p\u00ebr t\u00eb prekur periodontiumin. Faktor\u00eb t\u00eb tjer\u00eb q\u00eb favorizojn\u00eb fillimin e k\u00ebsaj s\u00ebmundjeje jan\u00eb pirja e duhanit, diabeti i pakompensuar, stresi, shtatz\u00ebnia dhe trash\u00ebgimia.<\/p>\n<p>&nbsp;<\/p>\n<p>Kjo<strong> patologji \u00ebsht\u00eb infektive<\/strong> sepse shkaku \u00ebsht\u00eb p\u00ebr shkak t\u00eb pllak\u00ebs bakteriale. Periodontologjia \u00ebsht\u00eb nj\u00eb s\u00ebmundje multifaktoriale, sepse ajo jepet nga nj\u00eb s\u00ebr\u00eb faktor\u00ebsh t\u00eb ndrysh\u00ebm (pirja e duhanit, diabeti, stresi, shtatz\u00ebnia dhe trash\u00ebgimia), dhe nj\u00eb vend i caktuar, sepse secili dh\u00ebmb i vet\u00ebm mund t\u00eb preket n\u00eb nj\u00eb m\u00ebnyr\u00eb t\u00eb ndryshme.<\/p>\n<p>&nbsp;<\/p>\n<\/div>\n<\/section>\n<div class=\"avia-image-container av-styling- avia-builder-el-1 el_after_av_textblock el_before_av_hr avia-align-center \">\n<div class=\"avia-image-container-inner\"><img decoding=\"async\" class=\"avia_image aligncenter\" title=\"Parodontologia-Dentista.Tv\" src=\"http:\/\/elitedental.al\/wp-content\/uploads\/2021\/01\/73d243381c73478ebc31222fb56139f6.jpg\" alt=\"\" \/><\/div>\n<\/div>\n<div class=\"hr hr-short hr-center avia-builder-el-2 el_after_av_image el_before_av_textblock \"><\/div>\n<section class=\"av_textblock_section\">\n<div class=\"avia_textblock \">\n<p>&nbsp;<\/p>\n<p><strong>S\u00ebmundja periodontale ndodh kur nj\u00eb ose m\u00eb shum\u00eb p\u00ebrb\u00ebr\u00ebs<\/strong> t\u00eb periodontit nuk e kryejn\u00eb m\u00eb funksionin e tyre t\u00eb mb\u00ebshtetjes s\u00eb dh\u00ebmb\u00ebve, sepse kolonizohen nga disa lloje bakteriale. E gjith\u00eb kjo \u00e7on n\u00eb l\u00ebvizshm\u00ebrin\u00eb e dh\u00ebmb\u00ebve t\u00eb prekur dhe recesionet gingivale, dometh\u00ebn\u00eb uljen e gingiv\u00ebs dhe neoformacionet e xhepave periodontal.<strong> Italia esht\u00eb vler\u00ebsuar se n\u00eb Itali ka rreth 10 milion\u00eb njer\u00ebz me pirorre.<\/strong><\/p>\n<p>&nbsp;<\/p>\n<p>Pyorrea zakonisht ndodh n\u00eb form\u00ebn e \u00ebnjtjes, skuqjes dhe gjakderdhjes s\u00eb mishit t\u00eb dh\u00ebmb\u00ebve, e cila shfaqet gjat\u00eb larjes s\u00eb p\u00ebrditshme t\u00eb fur\u00e7\u00ebs ose kur hani ushqime t\u00eb forta. Prania e vazhdueshme e er\u00ebs s\u00eb keqe t\u00eb goj\u00ebs dhe rritja e ndjeshm\u00ebris\u00eb ndaj dh\u00ebmb\u00ebve dhe mishrave t\u00eb dh\u00ebmb\u00ebve gjat\u00eb p\u00ebrtypjes ose larjes jan\u00eb shenja q\u00eb duhet t\u00eb paralajm\u00ebroj.<\/p>\n<p>&nbsp;<\/p>\n<p>Kur s\u00ebmundja \u00ebsht\u00eb n\u00eb faz\u00ebn e saj fillestare, ajo sh\u00ebrohet pas nj\u00eb cikli kuretage subgingival, i cili duhet t\u00eb mbahet nga nj\u00eb higjien\u00eb e p\u00ebrditshme korrekte dhe periodike e goj\u00ebs.<\/p>\n<p>&nbsp;<\/p>\n<p>Kur s\u00ebmundja shfaqet n\u00eb nj\u00eb faz\u00eb t\u00eb avancuar, ekzistojn\u00eb nj\u00eb s\u00ebr\u00eb procedurash kirurgjikale q\u00eb synojn\u00eb ngadal\u00ebsimin e progresit t\u00eb s\u00ebmundjes duke u p\u00ebrpjekur t\u00eb zvog\u00eblojn\u00eb xhepat periodontal dhe duke i dh\u00ebn\u00eb stabilitet m\u00eb t\u00eb madh dh\u00ebmb\u00ebve.<\/p>\n<\/div>\n<\/section>\n<p>[\/vc_column_text][\/vc_column][\/vc_row][vc_row][vc_column][vc_column_text][\/vc_column_text][\/vc_column][\/vc_row]<\/p>\n","protected":false},"excerpt":{"rendered":"<p>[vc_row][vc_column][vc_column_text] Termi periodontologji tregon at\u00eb deg\u00eb t\u00eb stomatologjis\u00eb q\u00eb studion indet e periodontit dhe s\u00ebmundjet e lidhura me t\u00eb. &nbsp; Periodonti p\u00ebrb\u00ebhet nga indet e buta, dometh\u00ebn\u00eb ligamenti periodontal dhe mishrat e dh\u00ebmb\u00ebve, dhe indet e forta, dometh\u00ebn\u00eb \u00e7imentoja rr\u00ebnj\u00eb dhe kocka alveolare, t\u00eb cilat rrethojn\u00eb dh\u00ebmbin dhe sh\u00ebrbejn\u00eb p\u00ebr t\u00eb siguruar stabilitetin e tij [&hellip;]<\/p>\n","protected":false},"author":5,"featured_media":0,"parent":0,"menu_order":0,"comment_status":"closed","ping_status":"closed","template":"","meta":{"footnotes":""},"class_list":["post-6042","page","type-page","status-publish","hentry"],"yoast_head":"<!-- This site is optimized with the Yoast SEO plugin v27.2 - https:\/\/yoast.com\/product\/yoast-seo-wordpress\/ -->\n<title>PERIODONTOLOGJIA | EliteDental<\/title>\n<meta name=\"robots\" content=\"index, follow, max-snippet:-1, max-image-preview:large, max-video-preview:-1\" \/>\n<link rel=\"canonical\" href=\"https:\/\/elitedental.al\/sq\/parodontologia\/\" \/>\n<meta property=\"og:locale\" content=\"sq_AL\" \/>\n<meta property=\"og:type\" content=\"article\" \/>\n<meta property=\"og:title\" content=\"PERIODONTOLOGJIA | EliteDental\" \/>\n<meta property=\"og:description\" content=\"[vc_row][vc_column][vc_column_text] Termi periodontologji tregon at\u00eb deg\u00eb t\u00eb stomatologjis\u00eb q\u00eb studion indet e periodontit dhe s\u00ebmundjet e lidhura me t\u00eb. &nbsp; Periodonti p\u00ebrb\u00ebhet nga indet e buta, dometh\u00ebn\u00eb ligamenti periodontal dhe mishrat e dh\u00ebmb\u00ebve, dhe indet e forta, dometh\u00ebn\u00eb \u00e7imentoja rr\u00ebnj\u00eb dhe kocka alveolare, t\u00eb cilat rrethojn\u00eb dh\u00ebmbin dhe sh\u00ebrbejn\u00eb p\u00ebr t\u00eb siguruar stabilitetin e tij [&hellip;]\" \/>\n<meta property=\"og:url\" content=\"https:\/\/elitedental.al\/sq\/parodontologia\/\" \/>\n<meta property=\"og:site_name\" content=\"EliteDental\" \/>\n<meta property=\"article:publisher\" content=\"https:\/\/www.facebook.com\/dentistalbania\/\" \/>\n<meta property=\"article:modified_time\" content=\"2021-09-21T09:46:44+00:00\" \/>\n<meta property=\"og:image\" content=\"http:\/\/elitedental.al\/wp-content\/uploads\/2021\/01\/73d243381c73478ebc31222fb56139f6.jpg\" \/>\n<meta name=\"twitter:card\" content=\"summary_large_image\" \/>\n<meta name=\"twitter:label1\" content=\"Est. reading time\" \/>\n\t<meta name=\"twitter:data1\" content=\"2 minutes\" \/>\n<script type=\"application\/ld+json\" class=\"yoast-schema-graph\">{\"@context\":\"https:\/\/schema.org\",\"@graph\":[{\"@type\":\"WebPage\",\"@id\":\"https:\/\/elitedental.al\/sq\/parodontologia\/\",\"url\":\"https:\/\/elitedental.al\/sq\/parodontologia\/\",\"name\":\"PERIODONTOLOGJIA | EliteDental\",\"isPartOf\":{\"@id\":\"https:\/\/elitedental.al\/de\/#website\"},\"primaryImageOfPage\":{\"@id\":\"https:\/\/elitedental.al\/sq\/parodontologia\/#primaryimage\"},\"image\":{\"@id\":\"https:\/\/elitedental.al\/sq\/parodontologia\/#primaryimage\"},\"thumbnailUrl\":\"http:\/\/elitedental.al\/wp-content\/uploads\/2021\/01\/73d243381c73478ebc31222fb56139f6.jpg\",\"datePublished\":\"2021-09-21T05:56:28+00:00\",\"dateModified\":\"2021-09-21T09:46:44+00:00\",\"breadcrumb\":{\"@id\":\"https:\/\/elitedental.al\/sq\/parodontologia\/#breadcrumb\"},\"inLanguage\":\"sq-AL\",\"potentialAction\":[{\"@type\":\"ReadAction\",\"target\":[\"https:\/\/elitedental.al\/sq\/parodontologia\/\"]}]},{\"@type\":\"ImageObject\",\"inLanguage\":\"sq-AL\",\"@id\":\"https:\/\/elitedental.al\/sq\/parodontologia\/#primaryimage\",\"url\":\"http:\/\/elitedental.al\/wp-content\/uploads\/2021\/01\/73d243381c73478ebc31222fb56139f6.jpg\",\"contentUrl\":\"http:\/\/elitedental.al\/wp-content\/uploads\/2021\/01\/73d243381c73478ebc31222fb56139f6.jpg\"},{\"@type\":\"BreadcrumbList\",\"@id\":\"https:\/\/elitedental.al\/sq\/parodontologia\/#breadcrumb\",\"itemListElement\":[{\"@type\":\"ListItem\",\"position\":1,\"name\":\"Home\",\"item\":\"https:\/\/elitedental.al\/sq\/\"},{\"@type\":\"ListItem\",\"position\":2,\"name\":\"PERIODONTOLOGJIA\"}]},{\"@type\":\"WebSite\",\"@id\":\"https:\/\/elitedental.al\/de\/#website\",\"url\":\"https:\/\/elitedental.al\/de\/\",\"name\":\"EliteDental\",\"description\":\"Dentista Albania\",\"publisher\":{\"@id\":\"https:\/\/elitedental.al\/de\/#organization\"},\"potentialAction\":[{\"@type\":\"SearchAction\",\"target\":{\"@type\":\"EntryPoint\",\"urlTemplate\":\"https:\/\/elitedental.al\/de\/?s={search_term_string}\"},\"query-input\":{\"@type\":\"PropertyValueSpecification\",\"valueRequired\":true,\"valueName\":\"search_term_string\"}}],\"inLanguage\":\"sq-AL\"},{\"@type\":\"Organization\",\"@id\":\"https:\/\/elitedental.al\/de\/#organization\",\"name\":\"Elite Dental\",\"url\":\"https:\/\/elitedental.al\/de\/\",\"logo\":{\"@type\":\"ImageObject\",\"inLanguage\":\"sq-AL\",\"@id\":\"https:\/\/elitedental.al\/de\/#\/schema\/logo\/image\/\",\"url\":\"http:\/\/elitedental.al\/wp-content\/uploads\/2021\/06\/90F36F80-1EAA-4C33-A5E1-028AB603EFFE.png\",\"contentUrl\":\"http:\/\/elitedental.al\/wp-content\/uploads\/2021\/06\/90F36F80-1EAA-4C33-A5E1-028AB603EFFE.png\",\"width\":888,\"height\":553,\"caption\":\"Elite Dental\"},\"image\":{\"@id\":\"https:\/\/elitedental.al\/de\/#\/schema\/logo\/image\/\"},\"sameAs\":[\"https:\/\/www.facebook.com\/dentistalbania\/\",\"https:\/\/instagram.com\/elitedentaltirana?utm_medium=copy_link\"]}]}<\/script>\n<!-- \/ Yoast SEO plugin. -->","yoast_head_json":{"title":"PERIODONTOLOGJIA | EliteDental","robots":{"index":"index","follow":"follow","max-snippet":"max-snippet:-1","max-image-preview":"max-image-preview:large","max-video-preview":"max-video-preview:-1"},"canonical":"https:\/\/elitedental.al\/sq\/parodontologia\/","og_locale":"sq_AL","og_type":"article","og_title":"PERIODONTOLOGJIA | EliteDental","og_description":"[vc_row][vc_column][vc_column_text] Termi periodontologji tregon at\u00eb deg\u00eb t\u00eb stomatologjis\u00eb q\u00eb studion indet e periodontit dhe s\u00ebmundjet e lidhura me t\u00eb. &nbsp; Periodonti p\u00ebrb\u00ebhet nga indet e buta, dometh\u00ebn\u00eb ligamenti periodontal dhe mishrat e dh\u00ebmb\u00ebve, dhe indet e forta, dometh\u00ebn\u00eb \u00e7imentoja rr\u00ebnj\u00eb dhe kocka alveolare, t\u00eb cilat rrethojn\u00eb dh\u00ebmbin dhe sh\u00ebrbejn\u00eb p\u00ebr t\u00eb siguruar stabilitetin e tij [&hellip;]","og_url":"https:\/\/elitedental.al\/sq\/parodontologia\/","og_site_name":"EliteDental","article_publisher":"https:\/\/www.facebook.com\/dentistalbania\/","article_modified_time":"2021-09-21T09:46:44+00:00","og_image":[{"url":"http:\/\/elitedental.al\/wp-content\/uploads\/2021\/01\/73d243381c73478ebc31222fb56139f6.jpg","type":"","width":"","height":""}],"twitter_card":"summary_large_image","twitter_misc":{"Est. reading time":"2 minutes"},"schema":{"@context":"https:\/\/schema.org","@graph":[{"@type":"WebPage","@id":"https:\/\/elitedental.al\/sq\/parodontologia\/","url":"https:\/\/elitedental.al\/sq\/parodontologia\/","name":"PERIODONTOLOGJIA | EliteDental","isPartOf":{"@id":"https:\/\/elitedental.al\/de\/#website"},"primaryImageOfPage":{"@id":"https:\/\/elitedental.al\/sq\/parodontologia\/#primaryimage"},"image":{"@id":"https:\/\/elitedental.al\/sq\/parodontologia\/#primaryimage"},"thumbnailUrl":"http:\/\/elitedental.al\/wp-content\/uploads\/2021\/01\/73d243381c73478ebc31222fb56139f6.jpg","datePublished":"2021-09-21T05:56:28+00:00","dateModified":"2021-09-21T09:46:44+00:00","breadcrumb":{"@id":"https:\/\/elitedental.al\/sq\/parodontologia\/#breadcrumb"},"inLanguage":"sq-AL","potentialAction":[{"@type":"ReadAction","target":["https:\/\/elitedental.al\/sq\/parodontologia\/"]}]},{"@type":"ImageObject","inLanguage":"sq-AL","@id":"https:\/\/elitedental.al\/sq\/parodontologia\/#primaryimage","url":"http:\/\/elitedental.al\/wp-content\/uploads\/2021\/01\/73d243381c73478ebc31222fb56139f6.jpg","contentUrl":"http:\/\/elitedental.al\/wp-content\/uploads\/2021\/01\/73d243381c73478ebc31222fb56139f6.jpg"},{"@type":"BreadcrumbList","@id":"https:\/\/elitedental.al\/sq\/parodontologia\/#breadcrumb","itemListElement":[{"@type":"ListItem","position":1,"name":"Home","item":"https:\/\/elitedental.al\/sq\/"},{"@type":"ListItem","position":2,"name":"PERIODONTOLOGJIA"}]},{"@type":"WebSite","@id":"https:\/\/elitedental.al\/de\/#website","url":"https:\/\/elitedental.al\/de\/","name":"EliteDental","description":"Dentista Albania","publisher":{"@id":"https:\/\/elitedental.al\/de\/#organization"},"potentialAction":[{"@type":"SearchAction","target":{"@type":"EntryPoint","urlTemplate":"https:\/\/elitedental.al\/de\/?s={search_term_string}"},"query-input":{"@type":"PropertyValueSpecification","valueRequired":true,"valueName":"search_term_string"}}],"inLanguage":"sq-AL"},{"@type":"Organization","@id":"https:\/\/elitedental.al\/de\/#organization","name":"Elite Dental","url":"https:\/\/elitedental.al\/de\/","logo":{"@type":"ImageObject","inLanguage":"sq-AL","@id":"https:\/\/elitedental.al\/de\/#\/schema\/logo\/image\/","url":"http:\/\/elitedental.al\/wp-content\/uploads\/2021\/06\/90F36F80-1EAA-4C33-A5E1-028AB603EFFE.png","contentUrl":"http:\/\/elitedental.al\/wp-content\/uploads\/2021\/06\/90F36F80-1EAA-4C33-A5E1-028AB603EFFE.png","width":888,"height":553,"caption":"Elite Dental"},"image":{"@id":"https:\/\/elitedental.al\/de\/#\/schema\/logo\/image\/"},"sameAs":["https:\/\/www.facebook.com\/dentistalbania\/","https:\/\/instagram.com\/elitedentaltirana?utm_medium=copy_link"]}]}},"_links":{"self":[{"href":"https:\/\/elitedental.al\/sq\/wp-json\/wp\/v2\/pages\/6042","targetHints":{"allow":["GET"]}}],"collection":[{"href":"https:\/\/elitedental.al\/sq\/wp-json\/wp\/v2\/pages"}],"about":[{"href":"https:\/\/elitedental.al\/sq\/wp-json\/wp\/v2\/types\/page"}],"author":[{"embeddable":true,"href":"https:\/\/elitedental.al\/sq\/wp-json\/wp\/v2\/users\/5"}],"replies":[{"embeddable":true,"href":"https:\/\/elitedental.al\/sq\/wp-json\/wp\/v2\/comments?post=6042"}],"version-history":[{"count":2,"href":"https:\/\/elitedental.al\/sq\/wp-json\/wp\/v2\/pages\/6042\/revisions"}],"predecessor-version":[{"id":6152,"href":"https:\/\/elitedental.al\/sq\/wp-json\/wp\/v2\/pages\/6042\/revisions\/6152"}],"wp:attachment":[{"href":"https:\/\/elitedental.al\/sq\/wp-json\/wp\/v2\/media?parent=6042"}],"curies":[{"name":"wp","href":"https:\/\/api.w.org\/{rel}","templated":true}]}}