{"id":6047,"date":"2021-09-21T05:33:50","date_gmt":"2021-09-21T05:33:50","guid":{"rendered":"https:\/\/elitedental.al\/protesi-dentali-fisse\/"},"modified":"2023-03-08T22:20:34","modified_gmt":"2023-03-08T22:20:34","slug":"protesi-dentali-fisse","status":"publish","type":"page","link":"https:\/\/elitedental.al\/sq\/protesi-dentali-fisse\/","title":{"rendered":"PROTEZA DENTARE"},"content":{"rendered":"<p>&nbsp;<\/p>\n<section class=\"av_textblock_section\">\n<div class=\"avia_textblock \">\n<section class=\"av_textblock_section\">\n<div class=\"avia_textblock \">\n<h3><strong>PROTEZA DENTARE<\/strong><\/h3>\n<p>Protezat dentare (t\u00eb l\u00ebvizshme dhe fikse) jan\u00eb t\u00eb dobishme jo vet\u00ebm n\u00eb rast t\u00eb munges\u00ebs totale t\u00eb dh\u00ebmb\u00ebve, por edhe p\u00ebr t\u00eb z\u00ebvend\u00ebsuar dh\u00ebmb\u00ebt e vet\u00ebm ose grupet e dh\u00ebmb\u00ebve t\u00eb d\u00ebmtuar r\u00ebnd\u00eb.<\/p>\n<p>Profesionist\u00ebt Elite Dental krijojn\u00eb proteza dentare t\u00eb certifikuara me porosi, duke p\u00ebrdorur materiale t\u00eb sigurta t\u00eb sh\u00ebnuara me CE.<br \/>\nN\u00ebse po mendoni t\u00eb vishni nj\u00eb protez\u00eb dentare k\u00ebtu \u00ebsht\u00eb ajo q\u00eb duhet t\u00eb dini:<\/p>\n<p>&nbsp;<\/p>\n<h3><strong>PROTEZA DENTARE FIKSE<\/strong><\/h3>\n<p>&nbsp;<\/p>\n<p>Proteza fikse dentare ka p\u00ebr q\u00ebllim rivendosjen e funksionalitetit t\u00eb nj\u00eb dh\u00ebmbi, nj\u00eb grupi dh\u00ebmb\u00ebsh ose nj\u00eb harku t\u00eb t\u00ebr\u00eb dh\u00ebmb\u00ebsh me an\u00eb t\u00eb kurorave ose kapsulave.<\/p>\n<p>Meqen\u00ebse nuk \u00ebsht\u00eb e l\u00ebvizshme, pasi aplikohet nga dentisti, proteza e fiksuar e dh\u00ebmb\u00ebve mbetet e vendosur n\u00eb vend.<\/p>\n<p>P\u00ebr realizimin e veshjes s\u00eb jashtme t\u00eb protezave t\u00eb fiksuara, p\u00ebrdoret qeramika, nj\u00eb material i cili, p\u00ebr shkak t\u00eb karakteristikave dhe ngurt\u00ebsis\u00eb s\u00eb tij t\u00eb ve\u00e7ant\u00eb estetike, i b\u00ebn protezat t\u00eb padallueshme nga dh\u00ebmb\u00ebt natyral\u00eb.<\/p>\n<p>N\u00eb cilat raste tregohet proteza dentare fikse?<br \/>\nKur ka dh\u00ebmb\u00eb mb\u00ebshtet\u00ebs t\u00eb sh\u00ebndetsh\u00ebm ose kur struktura e kockave t\u00eb nofull\u00ebs \u00ebsht\u00eb mjaft e fort\u00eb. Protezat fikse mund t\u00eb mb\u00ebshteten si nga dh\u00ebmb\u00ebt natyral\u00eb ashtu edhe nga implantet, ose nj\u00eb kombinim i t\u00eb dyjave.<\/p>\n<p>Cilat jan\u00eb avantazhet e nj\u00eb proteze dentare fikse?<br \/>\nNdryshe nga ajo e l\u00ebvizshme, proteza dentare fikse \u00ebsht\u00eb e ankoruar n\u00eb kock\u00ebn e nofull\u00ebs, prandaj nuk p\u00ebrfshin probleme t\u00eb stabilitetit.<\/p>\n<\/div>\n<\/section>\n<\/div>\n<\/section>\n<section class=\"av_textblock_section\">\n<div class=\"avia_textblock \">\n<p>&nbsp;<\/p>\n<\/div>\n<\/section>\n<div class=\"avia-image-container av-styling- avia-builder-el-4 el_after_av_textblock el_before_av_hr avia-align-center \">\n<div class=\"avia-image-container-inner\"><img decoding=\"async\" class=\"avia_image aligncenter\" title=\"Tooth human implant, 3d illustration\" src=\"http:\/\/elitedental.al\/wp-content\/uploads\/2019\/10\/ceec235806c783484cdfd41e6e5039bd.jpg\" alt=\"\" \/><\/div>\n<\/div>\n<div class=\"hr hr-short hr-center avia-builder-el-5 el_after_av_image el_before_av_textblock \"><\/div>\n<section class=\"av_textblock_section\">\n<div class=\"avia_textblock \">\n<h2>PROTEZA E FIKSUARA NE IMPLANTET\u00a0 DENTARE<\/h2>\n<p>Protezat e fiksuara n\u00eb implantet p\u00ebrdorin implantet integruese si mb\u00ebshtetje, t\u00eb ankoruara fort n\u00eb kockat e nofull\u00ebs.<\/p>\n<p>&nbsp;<\/p>\n<p>P\u00ebr t\u00eb marr\u00eb nj\u00eb protez\u00eb fikse, s\u00eb pari b\u00ebhet nj\u00eb rr\u00ebnj\u00eb titani, e cila ka karakteristik\u00ebn e ve\u00e7ant\u00eb t\u00eb stimulimit t\u00eb bashkimit t\u00eb qelizave kockore.<\/p>\n<p>&nbsp;<\/p>\n<p>Q\u00eb nga momenti i futjes s\u00eb tij, implanti lihet &#8220;n\u00eb qet\u00ebsi&#8221; p\u00ebr nj\u00eb periudh\u00eb prej rreth 3 &#8211; 6 muaj, koha q\u00eb duhet q\u00eb qelizat e kockave t\u00eb lidhen n\u00eb m\u00ebnyr\u00eb perfekte me rr\u00ebnj\u00ebn e Titanit. Dh\u00ebmb i ri artificial qeramik m\u00eb pas do t\u00eb vendoset mbi t\u00eb.<\/p>\n<p>&nbsp;<\/p>\n<p>Rezultati p\u00ebrfundimtar \u00ebsht\u00eb absolutisht i natyrsh\u00ebm.<\/p>\n<\/div>\n<\/section>\n<div class=\"avia-image-container av-styling- avia-builder-el-7 el_after_av_textblock el_before_av_hr avia-align-center \">\n<div class=\"avia-image-container-inner\"><img decoding=\"async\" class=\"avia_image aligncenter\" title=\"Protesi-Debtali-Fisse-su-Impianti-Dentista.Tv\" src=\"http:\/\/elitedental.al\/wp-content\/uploads\/2019\/10\/8fd74b6bfc62678f499f7b9cc0123d8b.jpg\" alt=\"\" \/><\/div>\n<\/div>\n<div class=\"hr hr-short hr-center avia-builder-el-8 el_after_av_image el_before_av_textblock \"><\/div>\n<div class=\"avia-image-container av-styling- avia-builder-el-10 el_after_av_textblock el_before_av_hr avia-align-center \">\n<div class=\"avia-image-container-inner\">\n<h2><strong>PROTEZAT DENTARE TE LEVIZSHME<\/strong><\/h2>\n<p>&nbsp;<\/p>\n<p>Protezat dentare t\u00eb l\u00ebvizshme n\u00eb implantet tregohen n\u00eb rastet kur pacienti nuk ka nj\u00eb struktur\u00eb mb\u00ebshtet\u00ebse t\u00eb mjaftueshme t\u00eb kockave ose d\u00ebshiron t\u00eb kursej\u00eb para (ky lloj proteze \u00ebsht\u00eb m\u00eb i lir\u00eb se proteza fikse n\u00eb implantet).<\/p>\n<p>&nbsp;<\/p>\n<p>Proteza e l\u00ebvizshme n\u00eb implantet p\u00ebrdoret p\u00ebr t\u00eb z\u00ebvend\u00ebsuar nj\u00eb grup dh\u00ebmb\u00ebsh q\u00eb mungojn\u00eb ose nj\u00eb hark t\u00eb t\u00ebr\u00eb dh\u00ebmb\u00ebsh, dhe \u00ebsht\u00eb b\u00ebr\u00eb duke ankoruar element\u00ebt e rinj qeramik\u00eb n\u00eb nj\u00eb baz\u00eb prej 3 ose 4 implantesh titan.<\/p>\n<p><img decoding=\"async\" class=\"avia_image aligncenter\" title=\"Protesi-Dentali-Rimovibili-su-Impianti-Dentista.Tv\" src=\"http:\/\/elitedental.al\/wp-content\/uploads\/2019\/10\/ab0384df4971de6b68129d3cbaeedf2c.jpg\" alt=\"\" \/><\/p>\n<\/div>\n<div><\/div>\n<\/div>\n<div class=\"hr hr-short hr-center avia-builder-el-11 el_after_av_image el_before_av_textblock \"><\/div>\n<section class=\"av_textblock_section\">\n<div class=\"avia_textblock \">\n<h2><strong>PROTEZA (DENTURA) DENTARE MOBILE<\/strong><\/h2>\n<p>&nbsp;<\/p>\n<p>Proteza dentare e l\u00ebvizshme (protez\u00eb), e fiksuar n\u00eb dh\u00ebmb\u00ebt e mbetur ose t\u00eb mb\u00ebshtetur n\u00eb mishrat e dh\u00ebmb\u00ebve, ju lejon t\u00eb z\u00ebvend\u00ebsoni element\u00ebt e dh\u00ebmb\u00ebve q\u00eb mungojn\u00eb n\u00eb m\u00ebnyr\u00eb q\u00eb t\u00eb rivendosni funksionalitetin e harkut dentar.<\/p>\n<p>&nbsp;<\/p>\n<p>N\u00eb cilat raste tregohet proteza dentare e l\u00ebvizshme?<\/p>\n<p>Kur kushtet p\u00ebr vendosjen e implanteve dentare nuk ekzistojn\u00eb, e vetmja m\u00ebnyr\u00eb p\u00ebr t\u00eb z\u00ebvend\u00ebsuar dh\u00ebmb\u00ebt q\u00eb mungojn\u00eb \u00ebsht\u00eb nj\u00eb protez\u00eb e l\u00ebvizshme.<\/p>\n<p>A ka proteza t\u00eb l\u00ebvizshme dentare ndonj\u00eb p\u00ebrpar\u00ebsi?<\/p>\n<p>Proteza dentare e l\u00ebvizshme \u00ebsht\u00eb sigurisht zgjidhja m\u00eb e keqe p\u00ebr nj\u00eb pacient me dh\u00ebmb\u00eb (pa dh\u00ebmb\u00eb), sepse tenton t\u00eb jet\u00eb i paq\u00ebndruesh\u00ebm edhe me p\u00ebrdorimin e pastave ngjit\u00ebse, \u00ebsht\u00eb e r\u00ebnd\u00eb gjat\u00eb p\u00ebrtypjes dhe mund t\u00eb krijoj\u00eb shqet\u00ebsime t\u00eb shumta. Mbetet zgjidhja m\u00eb e lir\u00eb p\u00ebr ata q\u00eb nuk kan\u00eb shuma t\u00eb m\u00ebdha n\u00eb dispozicion dhe duan t\u00eb rimarrin nj\u00eb grup t\u00eb plot\u00eb dh\u00ebmb\u00ebsh, por sigurisht q\u00eb nuk \u00ebsht\u00eb zgjidhja m\u00eb efektive.<\/p>\n<\/div>\n<\/section>\n<p>&nbsp;<\/p>\n","protected":false},"excerpt":{"rendered":"<p>&nbsp; PROTEZA DENTARE Protezat dentare (t\u00eb l\u00ebvizshme dhe fikse) jan\u00eb t\u00eb dobishme jo vet\u00ebm n\u00eb rast t\u00eb munges\u00ebs totale t\u00eb dh\u00ebmb\u00ebve, por edhe p\u00ebr t\u00eb z\u00ebvend\u00ebsuar dh\u00ebmb\u00ebt e vet\u00ebm ose grupet e dh\u00ebmb\u00ebve t\u00eb d\u00ebmtuar r\u00ebnd\u00eb. Profesionist\u00ebt Elite Dental krijojn\u00eb proteza dentare t\u00eb certifikuara me porosi, duke p\u00ebrdorur materiale t\u00eb sigurta t\u00eb sh\u00ebnuara me CE. [&hellip;]<\/p>\n","protected":false},"author":5,"featured_media":0,"parent":0,"menu_order":0,"comment_status":"closed","ping_status":"closed","template":"","meta":{"footnotes":""},"class_list":["post-6047","page","type-page","status-publish","hentry"],"yoast_head":"<!-- This site is optimized with the Yoast SEO plugin v27.2 - https:\/\/yoast.com\/product\/yoast-seo-wordpress\/ -->\n<title>PROTEZA DENTARE | EliteDental<\/title>\n<meta name=\"robots\" content=\"index, follow, max-snippet:-1, max-image-preview:large, max-video-preview:-1\" \/>\n<link rel=\"canonical\" href=\"https:\/\/elitedental.al\/sq\/protesi-dentali-fisse\/\" \/>\n<meta property=\"og:locale\" content=\"sq_AL\" \/>\n<meta property=\"og:type\" content=\"article\" \/>\n<meta property=\"og:title\" content=\"PROTEZA DENTARE | EliteDental\" \/>\n<meta property=\"og:description\" content=\"&nbsp; PROTEZA DENTARE Protezat dentare (t\u00eb l\u00ebvizshme dhe fikse) jan\u00eb t\u00eb dobishme jo vet\u00ebm n\u00eb rast t\u00eb munges\u00ebs totale t\u00eb dh\u00ebmb\u00ebve, por edhe p\u00ebr t\u00eb z\u00ebvend\u00ebsuar dh\u00ebmb\u00ebt e vet\u00ebm ose grupet e dh\u00ebmb\u00ebve t\u00eb d\u00ebmtuar r\u00ebnd\u00eb. Profesionist\u00ebt Elite Dental krijojn\u00eb proteza dentare t\u00eb certifikuara me porosi, duke p\u00ebrdorur materiale t\u00eb sigurta t\u00eb sh\u00ebnuara me CE. [&hellip;]\" \/>\n<meta property=\"og:url\" content=\"https:\/\/elitedental.al\/sq\/protesi-dentali-fisse\/\" \/>\n<meta property=\"og:site_name\" content=\"EliteDental\" \/>\n<meta property=\"article:publisher\" content=\"https:\/\/www.facebook.com\/dentistalbania\/\" \/>\n<meta property=\"article:modified_time\" content=\"2023-03-08T22:20:34+00:00\" \/>\n<meta property=\"og:image\" content=\"http:\/\/elitedental.al\/wp-content\/uploads\/2019\/10\/ceec235806c783484cdfd41e6e5039bd.jpg\" \/>\n<meta name=\"twitter:card\" content=\"summary_large_image\" \/>\n<meta name=\"twitter:label1\" content=\"Est. reading time\" \/>\n\t<meta name=\"twitter:data1\" content=\"4 minutes\" \/>\n<script type=\"application\/ld+json\" class=\"yoast-schema-graph\">{\"@context\":\"https:\/\/schema.org\",\"@graph\":[{\"@type\":\"WebPage\",\"@id\":\"https:\/\/elitedental.al\/sq\/protesi-dentali-fisse\/\",\"url\":\"https:\/\/elitedental.al\/sq\/protesi-dentali-fisse\/\",\"name\":\"PROTEZA DENTARE | EliteDental\",\"isPartOf\":{\"@id\":\"https:\/\/elitedental.al\/de\/#website\"},\"primaryImageOfPage\":{\"@id\":\"https:\/\/elitedental.al\/sq\/protesi-dentali-fisse\/#primaryimage\"},\"image\":{\"@id\":\"https:\/\/elitedental.al\/sq\/protesi-dentali-fisse\/#primaryimage\"},\"thumbnailUrl\":\"http:\/\/elitedental.al\/wp-content\/uploads\/2019\/10\/ceec235806c783484cdfd41e6e5039bd.jpg\",\"datePublished\":\"2021-09-21T05:33:50+00:00\",\"dateModified\":\"2023-03-08T22:20:34+00:00\",\"breadcrumb\":{\"@id\":\"https:\/\/elitedental.al\/sq\/protesi-dentali-fisse\/#breadcrumb\"},\"inLanguage\":\"sq-AL\",\"potentialAction\":[{\"@type\":\"ReadAction\",\"target\":[\"https:\/\/elitedental.al\/sq\/protesi-dentali-fisse\/\"]}]},{\"@type\":\"ImageObject\",\"inLanguage\":\"sq-AL\",\"@id\":\"https:\/\/elitedental.al\/sq\/protesi-dentali-fisse\/#primaryimage\",\"url\":\"http:\/\/elitedental.al\/wp-content\/uploads\/2019\/10\/ceec235806c783484cdfd41e6e5039bd.jpg\",\"contentUrl\":\"http:\/\/elitedental.al\/wp-content\/uploads\/2019\/10\/ceec235806c783484cdfd41e6e5039bd.jpg\"},{\"@type\":\"BreadcrumbList\",\"@id\":\"https:\/\/elitedental.al\/sq\/protesi-dentali-fisse\/#breadcrumb\",\"itemListElement\":[{\"@type\":\"ListItem\",\"position\":1,\"name\":\"Home\",\"item\":\"https:\/\/elitedental.al\/sq\/\"},{\"@type\":\"ListItem\",\"position\":2,\"name\":\"PROTEZA DENTARE\"}]},{\"@type\":\"WebSite\",\"@id\":\"https:\/\/elitedental.al\/de\/#website\",\"url\":\"https:\/\/elitedental.al\/de\/\",\"name\":\"EliteDental\",\"description\":\"Dentista Albania\",\"publisher\":{\"@id\":\"https:\/\/elitedental.al\/de\/#organization\"},\"potentialAction\":[{\"@type\":\"SearchAction\",\"target\":{\"@type\":\"EntryPoint\",\"urlTemplate\":\"https:\/\/elitedental.al\/de\/?s={search_term_string}\"},\"query-input\":{\"@type\":\"PropertyValueSpecification\",\"valueRequired\":true,\"valueName\":\"search_term_string\"}}],\"inLanguage\":\"sq-AL\"},{\"@type\":\"Organization\",\"@id\":\"https:\/\/elitedental.al\/de\/#organization\",\"name\":\"Elite Dental\",\"url\":\"https:\/\/elitedental.al\/de\/\",\"logo\":{\"@type\":\"ImageObject\",\"inLanguage\":\"sq-AL\",\"@id\":\"https:\/\/elitedental.al\/de\/#\/schema\/logo\/image\/\",\"url\":\"http:\/\/elitedental.al\/wp-content\/uploads\/2021\/06\/90F36F80-1EAA-4C33-A5E1-028AB603EFFE.png\",\"contentUrl\":\"http:\/\/elitedental.al\/wp-content\/uploads\/2021\/06\/90F36F80-1EAA-4C33-A5E1-028AB603EFFE.png\",\"width\":888,\"height\":553,\"caption\":\"Elite Dental\"},\"image\":{\"@id\":\"https:\/\/elitedental.al\/de\/#\/schema\/logo\/image\/\"},\"sameAs\":[\"https:\/\/www.facebook.com\/dentistalbania\/\",\"https:\/\/instagram.com\/elitedentaltirana?utm_medium=copy_link\"]}]}<\/script>\n<!-- \/ Yoast SEO plugin. -->","yoast_head_json":{"title":"PROTEZA DENTARE | EliteDental","robots":{"index":"index","follow":"follow","max-snippet":"max-snippet:-1","max-image-preview":"max-image-preview:large","max-video-preview":"max-video-preview:-1"},"canonical":"https:\/\/elitedental.al\/sq\/protesi-dentali-fisse\/","og_locale":"sq_AL","og_type":"article","og_title":"PROTEZA DENTARE | EliteDental","og_description":"&nbsp; PROTEZA DENTARE Protezat dentare (t\u00eb l\u00ebvizshme dhe fikse) jan\u00eb t\u00eb dobishme jo vet\u00ebm n\u00eb rast t\u00eb munges\u00ebs totale t\u00eb dh\u00ebmb\u00ebve, por edhe p\u00ebr t\u00eb z\u00ebvend\u00ebsuar dh\u00ebmb\u00ebt e vet\u00ebm ose grupet e dh\u00ebmb\u00ebve t\u00eb d\u00ebmtuar r\u00ebnd\u00eb. Profesionist\u00ebt Elite Dental krijojn\u00eb proteza dentare t\u00eb certifikuara me porosi, duke p\u00ebrdorur materiale t\u00eb sigurta t\u00eb sh\u00ebnuara me CE. [&hellip;]","og_url":"https:\/\/elitedental.al\/sq\/protesi-dentali-fisse\/","og_site_name":"EliteDental","article_publisher":"https:\/\/www.facebook.com\/dentistalbania\/","article_modified_time":"2023-03-08T22:20:34+00:00","og_image":[{"url":"http:\/\/elitedental.al\/wp-content\/uploads\/2019\/10\/ceec235806c783484cdfd41e6e5039bd.jpg","type":"","width":"","height":""}],"twitter_card":"summary_large_image","twitter_misc":{"Est. reading time":"4 minutes"},"schema":{"@context":"https:\/\/schema.org","@graph":[{"@type":"WebPage","@id":"https:\/\/elitedental.al\/sq\/protesi-dentali-fisse\/","url":"https:\/\/elitedental.al\/sq\/protesi-dentali-fisse\/","name":"PROTEZA DENTARE | EliteDental","isPartOf":{"@id":"https:\/\/elitedental.al\/de\/#website"},"primaryImageOfPage":{"@id":"https:\/\/elitedental.al\/sq\/protesi-dentali-fisse\/#primaryimage"},"image":{"@id":"https:\/\/elitedental.al\/sq\/protesi-dentali-fisse\/#primaryimage"},"thumbnailUrl":"http:\/\/elitedental.al\/wp-content\/uploads\/2019\/10\/ceec235806c783484cdfd41e6e5039bd.jpg","datePublished":"2021-09-21T05:33:50+00:00","dateModified":"2023-03-08T22:20:34+00:00","breadcrumb":{"@id":"https:\/\/elitedental.al\/sq\/protesi-dentali-fisse\/#breadcrumb"},"inLanguage":"sq-AL","potentialAction":[{"@type":"ReadAction","target":["https:\/\/elitedental.al\/sq\/protesi-dentali-fisse\/"]}]},{"@type":"ImageObject","inLanguage":"sq-AL","@id":"https:\/\/elitedental.al\/sq\/protesi-dentali-fisse\/#primaryimage","url":"http:\/\/elitedental.al\/wp-content\/uploads\/2019\/10\/ceec235806c783484cdfd41e6e5039bd.jpg","contentUrl":"http:\/\/elitedental.al\/wp-content\/uploads\/2019\/10\/ceec235806c783484cdfd41e6e5039bd.jpg"},{"@type":"BreadcrumbList","@id":"https:\/\/elitedental.al\/sq\/protesi-dentali-fisse\/#breadcrumb","itemListElement":[{"@type":"ListItem","position":1,"name":"Home","item":"https:\/\/elitedental.al\/sq\/"},{"@type":"ListItem","position":2,"name":"PROTEZA DENTARE"}]},{"@type":"WebSite","@id":"https:\/\/elitedental.al\/de\/#website","url":"https:\/\/elitedental.al\/de\/","name":"EliteDental","description":"Dentista Albania","publisher":{"@id":"https:\/\/elitedental.al\/de\/#organization"},"potentialAction":[{"@type":"SearchAction","target":{"@type":"EntryPoint","urlTemplate":"https:\/\/elitedental.al\/de\/?s={search_term_string}"},"query-input":{"@type":"PropertyValueSpecification","valueRequired":true,"valueName":"search_term_string"}}],"inLanguage":"sq-AL"},{"@type":"Organization","@id":"https:\/\/elitedental.al\/de\/#organization","name":"Elite Dental","url":"https:\/\/elitedental.al\/de\/","logo":{"@type":"ImageObject","inLanguage":"sq-AL","@id":"https:\/\/elitedental.al\/de\/#\/schema\/logo\/image\/","url":"http:\/\/elitedental.al\/wp-content\/uploads\/2021\/06\/90F36F80-1EAA-4C33-A5E1-028AB603EFFE.png","contentUrl":"http:\/\/elitedental.al\/wp-content\/uploads\/2021\/06\/90F36F80-1EAA-4C33-A5E1-028AB603EFFE.png","width":888,"height":553,"caption":"Elite Dental"},"image":{"@id":"https:\/\/elitedental.al\/de\/#\/schema\/logo\/image\/"},"sameAs":["https:\/\/www.facebook.com\/dentistalbania\/","https:\/\/instagram.com\/elitedentaltirana?utm_medium=copy_link"]}]}},"_links":{"self":[{"href":"https:\/\/elitedental.al\/sq\/wp-json\/wp\/v2\/pages\/6047","targetHints":{"allow":["GET"]}}],"collection":[{"href":"https:\/\/elitedental.al\/sq\/wp-json\/wp\/v2\/pages"}],"about":[{"href":"https:\/\/elitedental.al\/sq\/wp-json\/wp\/v2\/types\/page"}],"author":[{"embeddable":true,"href":"https:\/\/elitedental.al\/sq\/wp-json\/wp\/v2\/users\/5"}],"replies":[{"embeddable":true,"href":"https:\/\/elitedental.al\/sq\/wp-json\/wp\/v2\/comments?post=6047"}],"version-history":[{"count":4,"href":"https:\/\/elitedental.al\/sq\/wp-json\/wp\/v2\/pages\/6047\/revisions"}],"predecessor-version":[{"id":7012,"href":"https:\/\/elitedental.al\/sq\/wp-json\/wp\/v2\/pages\/6047\/revisions\/7012"}],"wp:attachment":[{"href":"https:\/\/elitedental.al\/sq\/wp-json\/wp\/v2\/media?parent=6047"}],"curies":[{"name":"wp","href":"https:\/\/api.w.org\/{rel}","templated":true}]}}