{"id":6052,"date":"2021-09-21T05:54:07","date_gmt":"2021-09-21T05:54:07","guid":{"rendered":"https:\/\/elitedental.al\/ortodonzia\/"},"modified":"2021-09-21T09:41:33","modified_gmt":"2021-09-21T09:41:33","slug":"ortodonzia","status":"publish","type":"page","link":"https:\/\/elitedental.al\/sq\/ortodonzia\/","title":{"rendered":"ORTODONTIKA"},"content":{"rendered":"<p>[vc_row][vc_column][vc_column_text]<\/p>\n<h2>ORTODONTIKA: \u00c7FARE ESHTE?<\/h2>\n<p>&nbsp;<\/p>\n<p>Ortodontia (fjal\u00eb p\u00ebr fjal\u00eb &#8220;dh\u00ebmb\u00eb t\u00eb drejt\u00eb&#8221;) \u00ebsht\u00eb ajo deg\u00eb e stomatologjis\u00eb q\u00eb merret me parandalimin dhe trajtimin e \u00e7rregullimeve, \u00e7rregullimeve t\u00eb rritjes dhe defekteve t\u00eb zhvillimit t\u00eb dh\u00ebmb\u00ebve dhe kockave t\u00eb nofull\u00ebs: t\u00eb gjitha kushtet q\u00eb p\u00ebrcaktojn\u00eb jo vet\u00ebm nj\u00eb ndryshim t\u00eb estetik\u00ebs s\u00eb buz\u00ebqeshjes, por edhe t\u00eb funksionit t\u00eb sistemit t\u00eb p\u00ebrtypjes.<\/p>\n<p>&nbsp;<\/p>\n<p>N\u00eb rast se mbylljet e k\u00ebqija (mbyllja e d\u00ebmtuar e dh\u00ebmb\u00ebve) mund t\u00eb zgjidhen pa p\u00ebrdorur kirurgji, pajisjet ortodontike p\u00ebrdoren p\u00ebr t\u00eb rikthyer funksionalitetin e duhur t\u00eb dh\u00ebmb\u00ebve, t\u00eb dalluar midis l\u00ebvizsh\u00ebm, fiks dhe transparent.<\/p>\n<section class=\"av_textblock_section\">\n<div class=\"avia_textblock \">\n<h2><\/h2>\n<h2>PAJISJET MOBILE ORTODONTIKE<\/h2>\n<p>&nbsp;<\/p>\n<p>K\u00ebto jan\u00eb pajisje q\u00eb mund t\u00eb hiqen dhe futen p\u00ebrs\u00ebri nga pacienti p\u00ebr t\u00eb ngr\u00ebn\u00eb ose p\u00ebr operacionet e p\u00ebrditshme t\u00eb higjien\u00ebs orale. Ato zakonisht p\u00ebrdoren p\u00ebr nj\u00eb nga q\u00ebllimet e m\u00ebposhtme:<\/p>\n<p><strong>\u2013 P\u00ebrmir\u00ebsimi funksional: duke vepruar n\u00eb pozicionin e nofull\u00ebs dhe n\u00eb stimulimin e muskujve, ato lejojn\u00eb t\u00eb marrin ndryshimin n\u00eb form\u00ebn dhe rritjen e eshtrave t\u00eb fytyr\u00ebs<\/strong><\/p>\n<p>&#8211; <strong>P\u00ebr q\u00ebllime ortodontike:<\/strong> l\u00ebvizin dh\u00ebmb\u00ebt pa vepruar n\u00eb kocka dhe muskuj<\/p>\n<p>&#8211; <strong>P\u00ebr q\u00ebllime kontrolli:<\/strong> ato zakonisht p\u00ebrdoren pasi pajisja fikse t\u00eb jet\u00eb \u00e7montuar, p\u00ebr t\u00eb mbajtur dh\u00ebmb\u00ebt n\u00eb pozicionin e arritur<\/p>\n<\/div>\n<\/section>\n<section class=\"av_textblock_section\">\n<div class=\"avia_textblock \">\n<p>&nbsp;<\/p>\n<\/div>\n<h1 class=\"headerlanding\" style=\"font-size: 24px; color: #ffffff; line-height: 1.5; text-align: center; background: #00736c !important; border-radius: 10px;\"><a style=\"color: white;\" href=\"https:\/\/elitedental.al\/it\/services\/invisalign\/\">INVISALIGN<\/a><\/h1>\n<\/section>\n<div class=\"avia-image-container av-styling- avia-builder-el-4 el_after_av_textblock el_before_av_hr avia-align-center \">\n<div class=\"avia-image-container-inner\"><img fetchpriority=\"high\" decoding=\"async\" class=\" wp-image-4073 aligncenter\" src=\"http:\/\/elitedental.al\/wp-content\/uploads\/2017\/06\/invisalign-albania-225x300.jpg\" alt=\"\" width=\"308\" height=\"340\" \/><\/div>\n<\/div>\n<div class=\"hr hr-short hr-center avia-builder-el-5 el_after_av_image el_before_av_textblock \"><\/div>\n<section class=\"av_textblock_section\">\n<div class=\"avia_textblock \">\n<h2><\/h2>\n<h2>PAJISJET FIKS ORTODONTIKE<\/h2>\n<p>Ky lloj i pajisjeve, i p\u00ebrdorur shpesh n\u00eb faz\u00ebn p\u00ebrfundimtare t\u00eb nj\u00eb terapie ortodontike, ngjitet n\u00eb dh\u00ebmb\u00eb me \u00e7imento dhe nuk hiqet derisa veprimi i tij t\u00eb konsiderohet i plot\u00eb.<\/p>\n<p>&nbsp;<\/p>\n<p><strong>Pajisja fikse<\/strong> p\u00ebrb\u00ebhet nga shtojca t\u00eb vogla, t\u00eb quajtura kllapa (pllaka), t\u00eb cilat jan\u00eb ngjitur n\u00eb secilin dh\u00ebmb. \u00c7do shtojc\u00eb ka nj\u00eb hap\u00ebsir\u00eb \u200b\u200bbrenda s\u00eb cil\u00ebs vendoset nj\u00eb tel metalik q\u00eb ndjek vij\u00ebn e harkut dentar. Fal\u00eb vetive t\u00eb tij elastike, harku metalik ushtron nj\u00eb forc\u00eb n\u00eb pllaka (dhe p\u00ebr k\u00ebt\u00eb arsye n\u00eb dh\u00ebmb\u00eb) e cila lejon q\u00eb dh\u00ebmb\u00ebt t\u00eb rreshtohen sipas modelit t\u00eb d\u00ebshiruar.<\/p>\n<\/div>\n<\/section>\n<div class=\"avia-image-container av-styling- avia-builder-el-7 el_after_av_textblock el_before_av_hr avia-align-center \">\n<div class=\"avia-image-container-inner\"><img decoding=\"async\" class=\"avia_image aligncenter\" title=\"Apparecchio-Ortodontico-Fisso-Dentista.Tv\" src=\"http:\/\/elitedental.al\/wp-content\/uploads\/2021\/01\/3d0631cce61eb8b718e3ef35bb79e441.jpg\" alt=\"\" \/><\/div>\n<div><\/div>\n<\/div>\n<div class=\"hr hr-short hr-center avia-builder-el-8 el_after_av_image el_before_av_textblock \"><\/div>\n<section class=\"av_textblock_section\">\n<div class=\"avia_textblock \">\n<h2>Pajisjet Transparente<\/h2>\n<p>&nbsp;<\/p>\n<p><strong>P\u00ebrhapja e ortodontik\u00ebs tek t\u00eb rriturit<\/strong> ka b\u00ebr\u00eb t\u00eb domosdoshme gjetjen e alternativave estetike ndaj mbajt\u00ebseve fikse &#8220;klasike&#8221; me kllapa metalik\u00eb. N\u00eb fakt, n\u00ebse \u00ebsht\u00eb normale q\u00eb nj\u00eb f\u00ebmij\u00eb t\u00eb vesh\u00eb nj\u00eb pajisje me pllaka metalike, p\u00ebr nj\u00eb t\u00eb rritur nevojat estetike k\u00ebrkojn\u00eb nj\u00eb prani m\u00eb diskrete.<\/p>\n<p>P\u00ebr k\u00ebt\u00eb q\u00ebllim kan\u00eb lindur t\u00eb ashtuquajturat pajisje transparente, ose maska \u200b\u200bplot\u00ebsisht transparente t\u00eb shtrirjes, t\u00eb cilat ju lejojn\u00eb t\u00eb l\u00ebvizni dh\u00ebmb\u00ebt pa p\u00ebrdorimin e shtojcave metalike ose qeramike.<\/p>\n<p>&nbsp;<\/p>\n<p><strong>Pajisjet<\/strong> <strong>ortodontike<\/strong> transparente t\u00eb heqshme dhe estetikisht pothuajse t\u00eb padukshme ju lejojn\u00eb t\u00eb korrigjoni probleme t\u00eb shumta dentare, duke p\u00ebrfshir\u00eb: kryq\u00ebzimin, grumbullimin e dh\u00ebmb\u00ebve, overbite, ndarjen e fort\u00eb t\u00eb dh\u00ebmb\u00ebve, zgjatjen e harkut t\u00eb sip\u00ebrm.<\/p>\n<p>&nbsp;<\/p>\n<p>Maskat, n\u00eb material plastik jo toksik dhe transparent, prodhohen n\u00eb laborator n\u00eb baz\u00eb t\u00eb p\u00ebrshtypjeve dentare t\u00eb pacientit. Pasi t\u00eb pozicionohen, k\u00ebto fillojn\u00eb t\u00eb detyrojn\u00eb dh\u00ebmb\u00ebt n\u00eb drejtim t\u00eb l\u00ebvizjes s\u00eb d\u00ebshiruar, duke i detyruar ata t\u00eb l\u00ebvizin; nd\u00ebrsa dh\u00ebmb\u00ebt l\u00ebvizin, b\u00ebhen maska \u200b\u200bt\u00eb ndryshme n\u00eb m\u00ebnyr\u00eb q\u00eb t\u00eb p\u00ebrmbajn\u00eb pozicionin e ri.<\/p>\n<p>&nbsp;<\/p>\n<p>Maskat zakonisht ndryshohen \u00e7do 2 jav\u00eb dhe duhet t\u00eb mbahen p\u00ebr t\u00eb pakt\u00ebn 20 or\u00eb n\u00eb dit\u00eb. Ato mund t\u00eb hiqen vet\u00ebm p\u00ebr t\u00eb ngr\u00ebn\u00eb, n\u00ebn nd\u00ebshkimin e nj\u00eb reduktimi t\u00eb efektivitetit dhe zgjatjes pasuese t\u00eb terapis\u00eb ortodontike.<\/p>\n<\/div>\n<\/section>\n<p>[\/vc_column_text][\/vc_column][\/vc_row][vc_row][vc_column][vc_column_text][\/vc_column_text][\/vc_column][\/vc_row]<\/p>\n","protected":false},"excerpt":{"rendered":"<p>[vc_row][vc_column][vc_column_text] ORTODONTIKA: \u00c7FARE ESHTE? &nbsp; Ortodontia (fjal\u00eb p\u00ebr fjal\u00eb &#8220;dh\u00ebmb\u00eb t\u00eb drejt\u00eb&#8221;) \u00ebsht\u00eb ajo deg\u00eb e stomatologjis\u00eb q\u00eb merret me parandalimin dhe trajtimin e \u00e7rregullimeve, \u00e7rregullimeve t\u00eb rritjes dhe defekteve t\u00eb zhvillimit t\u00eb dh\u00ebmb\u00ebve dhe kockave t\u00eb nofull\u00ebs: t\u00eb gjitha kushtet q\u00eb p\u00ebrcaktojn\u00eb jo vet\u00ebm nj\u00eb ndryshim t\u00eb estetik\u00ebs s\u00eb buz\u00ebqeshjes, por edhe t\u00eb funksionit [&hellip;]<\/p>\n","protected":false},"author":5,"featured_media":0,"parent":0,"menu_order":0,"comment_status":"closed","ping_status":"closed","template":"","meta":{"footnotes":""},"class_list":["post-6052","page","type-page","status-publish","hentry"],"yoast_head":"<!-- This site is optimized with the Yoast SEO plugin v27.2 - https:\/\/yoast.com\/product\/yoast-seo-wordpress\/ -->\n<title>ORTODONTIKA | EliteDental<\/title>\n<meta name=\"robots\" content=\"index, follow, max-snippet:-1, max-image-preview:large, max-video-preview:-1\" \/>\n<link rel=\"canonical\" href=\"https:\/\/elitedental.al\/sq\/ortodonzia\/\" \/>\n<meta property=\"og:locale\" content=\"sq_AL\" \/>\n<meta property=\"og:type\" content=\"article\" \/>\n<meta property=\"og:title\" content=\"ORTODONTIKA | EliteDental\" \/>\n<meta property=\"og:description\" content=\"[vc_row][vc_column][vc_column_text] ORTODONTIKA: \u00c7FARE ESHTE? &nbsp; Ortodontia (fjal\u00eb p\u00ebr fjal\u00eb &#8220;dh\u00ebmb\u00eb t\u00eb drejt\u00eb&#8221;) \u00ebsht\u00eb ajo deg\u00eb e stomatologjis\u00eb q\u00eb merret me parandalimin dhe trajtimin e \u00e7rregullimeve, \u00e7rregullimeve t\u00eb rritjes dhe defekteve t\u00eb zhvillimit t\u00eb dh\u00ebmb\u00ebve dhe kockave t\u00eb nofull\u00ebs: t\u00eb gjitha kushtet q\u00eb p\u00ebrcaktojn\u00eb jo vet\u00ebm nj\u00eb ndryshim t\u00eb estetik\u00ebs s\u00eb buz\u00ebqeshjes, por edhe t\u00eb funksionit [&hellip;]\" \/>\n<meta property=\"og:url\" content=\"https:\/\/elitedental.al\/sq\/ortodonzia\/\" \/>\n<meta property=\"og:site_name\" content=\"EliteDental\" \/>\n<meta property=\"article:publisher\" content=\"https:\/\/www.facebook.com\/dentistalbania\/\" \/>\n<meta property=\"article:modified_time\" content=\"2021-09-21T09:41:33+00:00\" \/>\n<meta property=\"og:image\" content=\"http:\/\/elitedental.al\/wp-content\/uploads\/2017\/06\/invisalign-albania-225x300.jpg\" \/>\n<meta name=\"twitter:card\" content=\"summary_large_image\" \/>\n<meta name=\"twitter:label1\" content=\"Est. reading time\" \/>\n\t<meta name=\"twitter:data1\" content=\"3 minutes\" \/>\n<script type=\"application\/ld+json\" class=\"yoast-schema-graph\">{\"@context\":\"https:\/\/schema.org\",\"@graph\":[{\"@type\":\"WebPage\",\"@id\":\"https:\/\/elitedental.al\/sq\/ortodonzia\/\",\"url\":\"https:\/\/elitedental.al\/sq\/ortodonzia\/\",\"name\":\"ORTODONTIKA | EliteDental\",\"isPartOf\":{\"@id\":\"https:\/\/elitedental.al\/de\/#website\"},\"primaryImageOfPage\":{\"@id\":\"https:\/\/elitedental.al\/sq\/ortodonzia\/#primaryimage\"},\"image\":{\"@id\":\"https:\/\/elitedental.al\/sq\/ortodonzia\/#primaryimage\"},\"thumbnailUrl\":\"http:\/\/elitedental.al\/wp-content\/uploads\/2017\/06\/invisalign-albania-225x300.jpg\",\"datePublished\":\"2021-09-21T05:54:07+00:00\",\"dateModified\":\"2021-09-21T09:41:33+00:00\",\"breadcrumb\":{\"@id\":\"https:\/\/elitedental.al\/sq\/ortodonzia\/#breadcrumb\"},\"inLanguage\":\"sq-AL\",\"potentialAction\":[{\"@type\":\"ReadAction\",\"target\":[\"https:\/\/elitedental.al\/sq\/ortodonzia\/\"]}]},{\"@type\":\"ImageObject\",\"inLanguage\":\"sq-AL\",\"@id\":\"https:\/\/elitedental.al\/sq\/ortodonzia\/#primaryimage\",\"url\":\"http:\/\/elitedental.al\/wp-content\/uploads\/2017\/06\/invisalign-albania-225x300.jpg\",\"contentUrl\":\"http:\/\/elitedental.al\/wp-content\/uploads\/2017\/06\/invisalign-albania-225x300.jpg\"},{\"@type\":\"BreadcrumbList\",\"@id\":\"https:\/\/elitedental.al\/sq\/ortodonzia\/#breadcrumb\",\"itemListElement\":[{\"@type\":\"ListItem\",\"position\":1,\"name\":\"Home\",\"item\":\"https:\/\/elitedental.al\/sq\/\"},{\"@type\":\"ListItem\",\"position\":2,\"name\":\"ORTODONTIKA\"}]},{\"@type\":\"WebSite\",\"@id\":\"https:\/\/elitedental.al\/de\/#website\",\"url\":\"https:\/\/elitedental.al\/de\/\",\"name\":\"EliteDental\",\"description\":\"Dentista Albania\",\"publisher\":{\"@id\":\"https:\/\/elitedental.al\/de\/#organization\"},\"potentialAction\":[{\"@type\":\"SearchAction\",\"target\":{\"@type\":\"EntryPoint\",\"urlTemplate\":\"https:\/\/elitedental.al\/de\/?s={search_term_string}\"},\"query-input\":{\"@type\":\"PropertyValueSpecification\",\"valueRequired\":true,\"valueName\":\"search_term_string\"}}],\"inLanguage\":\"sq-AL\"},{\"@type\":\"Organization\",\"@id\":\"https:\/\/elitedental.al\/de\/#organization\",\"name\":\"Elite Dental\",\"url\":\"https:\/\/elitedental.al\/de\/\",\"logo\":{\"@type\":\"ImageObject\",\"inLanguage\":\"sq-AL\",\"@id\":\"https:\/\/elitedental.al\/de\/#\/schema\/logo\/image\/\",\"url\":\"http:\/\/elitedental.al\/wp-content\/uploads\/2021\/06\/90F36F80-1EAA-4C33-A5E1-028AB603EFFE.png\",\"contentUrl\":\"http:\/\/elitedental.al\/wp-content\/uploads\/2021\/06\/90F36F80-1EAA-4C33-A5E1-028AB603EFFE.png\",\"width\":888,\"height\":553,\"caption\":\"Elite Dental\"},\"image\":{\"@id\":\"https:\/\/elitedental.al\/de\/#\/schema\/logo\/image\/\"},\"sameAs\":[\"https:\/\/www.facebook.com\/dentistalbania\/\",\"https:\/\/instagram.com\/elitedentaltirana?utm_medium=copy_link\"]}]}<\/script>\n<!-- \/ Yoast SEO plugin. -->","yoast_head_json":{"title":"ORTODONTIKA | EliteDental","robots":{"index":"index","follow":"follow","max-snippet":"max-snippet:-1","max-image-preview":"max-image-preview:large","max-video-preview":"max-video-preview:-1"},"canonical":"https:\/\/elitedental.al\/sq\/ortodonzia\/","og_locale":"sq_AL","og_type":"article","og_title":"ORTODONTIKA | EliteDental","og_description":"[vc_row][vc_column][vc_column_text] ORTODONTIKA: \u00c7FARE ESHTE? &nbsp; Ortodontia (fjal\u00eb p\u00ebr fjal\u00eb &#8220;dh\u00ebmb\u00eb t\u00eb drejt\u00eb&#8221;) \u00ebsht\u00eb ajo deg\u00eb e stomatologjis\u00eb q\u00eb merret me parandalimin dhe trajtimin e \u00e7rregullimeve, \u00e7rregullimeve t\u00eb rritjes dhe defekteve t\u00eb zhvillimit t\u00eb dh\u00ebmb\u00ebve dhe kockave t\u00eb nofull\u00ebs: t\u00eb gjitha kushtet q\u00eb p\u00ebrcaktojn\u00eb jo vet\u00ebm nj\u00eb ndryshim t\u00eb estetik\u00ebs s\u00eb buz\u00ebqeshjes, por edhe t\u00eb funksionit [&hellip;]","og_url":"https:\/\/elitedental.al\/sq\/ortodonzia\/","og_site_name":"EliteDental","article_publisher":"https:\/\/www.facebook.com\/dentistalbania\/","article_modified_time":"2021-09-21T09:41:33+00:00","og_image":[{"url":"http:\/\/elitedental.al\/wp-content\/uploads\/2017\/06\/invisalign-albania-225x300.jpg","type":"","width":"","height":""}],"twitter_card":"summary_large_image","twitter_misc":{"Est. reading time":"3 minutes"},"schema":{"@context":"https:\/\/schema.org","@graph":[{"@type":"WebPage","@id":"https:\/\/elitedental.al\/sq\/ortodonzia\/","url":"https:\/\/elitedental.al\/sq\/ortodonzia\/","name":"ORTODONTIKA | EliteDental","isPartOf":{"@id":"https:\/\/elitedental.al\/de\/#website"},"primaryImageOfPage":{"@id":"https:\/\/elitedental.al\/sq\/ortodonzia\/#primaryimage"},"image":{"@id":"https:\/\/elitedental.al\/sq\/ortodonzia\/#primaryimage"},"thumbnailUrl":"http:\/\/elitedental.al\/wp-content\/uploads\/2017\/06\/invisalign-albania-225x300.jpg","datePublished":"2021-09-21T05:54:07+00:00","dateModified":"2021-09-21T09:41:33+00:00","breadcrumb":{"@id":"https:\/\/elitedental.al\/sq\/ortodonzia\/#breadcrumb"},"inLanguage":"sq-AL","potentialAction":[{"@type":"ReadAction","target":["https:\/\/elitedental.al\/sq\/ortodonzia\/"]}]},{"@type":"ImageObject","inLanguage":"sq-AL","@id":"https:\/\/elitedental.al\/sq\/ortodonzia\/#primaryimage","url":"http:\/\/elitedental.al\/wp-content\/uploads\/2017\/06\/invisalign-albania-225x300.jpg","contentUrl":"http:\/\/elitedental.al\/wp-content\/uploads\/2017\/06\/invisalign-albania-225x300.jpg"},{"@type":"BreadcrumbList","@id":"https:\/\/elitedental.al\/sq\/ortodonzia\/#breadcrumb","itemListElement":[{"@type":"ListItem","position":1,"name":"Home","item":"https:\/\/elitedental.al\/sq\/"},{"@type":"ListItem","position":2,"name":"ORTODONTIKA"}]},{"@type":"WebSite","@id":"https:\/\/elitedental.al\/de\/#website","url":"https:\/\/elitedental.al\/de\/","name":"EliteDental","description":"Dentista Albania","publisher":{"@id":"https:\/\/elitedental.al\/de\/#organization"},"potentialAction":[{"@type":"SearchAction","target":{"@type":"EntryPoint","urlTemplate":"https:\/\/elitedental.al\/de\/?s={search_term_string}"},"query-input":{"@type":"PropertyValueSpecification","valueRequired":true,"valueName":"search_term_string"}}],"inLanguage":"sq-AL"},{"@type":"Organization","@id":"https:\/\/elitedental.al\/de\/#organization","name":"Elite Dental","url":"https:\/\/elitedental.al\/de\/","logo":{"@type":"ImageObject","inLanguage":"sq-AL","@id":"https:\/\/elitedental.al\/de\/#\/schema\/logo\/image\/","url":"http:\/\/elitedental.al\/wp-content\/uploads\/2021\/06\/90F36F80-1EAA-4C33-A5E1-028AB603EFFE.png","contentUrl":"http:\/\/elitedental.al\/wp-content\/uploads\/2021\/06\/90F36F80-1EAA-4C33-A5E1-028AB603EFFE.png","width":888,"height":553,"caption":"Elite Dental"},"image":{"@id":"https:\/\/elitedental.al\/de\/#\/schema\/logo\/image\/"},"sameAs":["https:\/\/www.facebook.com\/dentistalbania\/","https:\/\/instagram.com\/elitedentaltirana?utm_medium=copy_link"]}]}},"_links":{"self":[{"href":"https:\/\/elitedental.al\/sq\/wp-json\/wp\/v2\/pages\/6052","targetHints":{"allow":["GET"]}}],"collection":[{"href":"https:\/\/elitedental.al\/sq\/wp-json\/wp\/v2\/pages"}],"about":[{"href":"https:\/\/elitedental.al\/sq\/wp-json\/wp\/v2\/types\/page"}],"author":[{"embeddable":true,"href":"https:\/\/elitedental.al\/sq\/wp-json\/wp\/v2\/users\/5"}],"replies":[{"embeddable":true,"href":"https:\/\/elitedental.al\/sq\/wp-json\/wp\/v2\/comments?post=6052"}],"version-history":[{"count":2,"href":"https:\/\/elitedental.al\/sq\/wp-json\/wp\/v2\/pages\/6052\/revisions"}],"predecessor-version":[{"id":6150,"href":"https:\/\/elitedental.al\/sq\/wp-json\/wp\/v2\/pages\/6052\/revisions\/6150"}],"wp:attachment":[{"href":"https:\/\/elitedental.al\/sq\/wp-json\/wp\/v2\/media?parent=6052"}],"curies":[{"name":"wp","href":"https:\/\/api.w.org\/{rel}","templated":true}]}}