{"id":9190,"date":"2026-03-05T14:48:31","date_gmt":"2026-03-05T14:48:31","guid":{"rendered":"https:\/\/elitedental.al\/?page_id=9190"},"modified":"2026-03-05T15:08:11","modified_gmt":"2026-03-05T15:08:11","slug":"privacy-policy","status":"publish","type":"page","link":"https:\/\/elitedental.al\/sq\/privacy-policy\/","title":{"rendered":"Politik\u00eb Privat\u00ebsie"},"content":{"rendered":"\t\t<div data-elementor-type=\"wp-page\" data-elementor-id=\"9190\" class=\"elementor elementor-9190 elementor-9143\" data-elementor-post-type=\"page\">\n\t\t\t\t\t\t<section class=\"elementor-section elementor-top-section elementor-element elementor-element-d629709 elementor-section-boxed elementor-section-height-default elementor-section-height-default\" data-id=\"d629709\" data-element_type=\"section\" data-e-type=\"section\" data-settings=\"{&quot;background_background&quot;:&quot;classic&quot;}\">\n\t\t\t\t\t\t<div class=\"elementor-container elementor-column-gap-default\">\n\t\t\t\t\t<div class=\"elementor-column elementor-col-100 elementor-top-column elementor-element elementor-element-2a10ded\" data-id=\"2a10ded\" data-element_type=\"column\" data-e-type=\"column\">\n\t\t\t<div class=\"elementor-widget-wrap elementor-element-populated\">\n\t\t\t\t\t\t<div class=\"elementor-element elementor-element-b9693ad elementor-widget elementor-widget-text-editor\" data-id=\"b9693ad\" data-element_type=\"widget\" data-e-type=\"widget\" data-widget_type=\"text-editor.default\">\n\t\t\t\t<div class=\"elementor-widget-container\">\n\t\t\t\t\t\t\t\t\t<h1><img fetchpriority=\"high\" decoding=\"async\" class=\"size-medium wp-image-9173 alignleft\" src=\"https:\/\/elitedental.al\/wp-content\/uploads\/2026\/03\/GDPR-300x300.png\" alt=\"\" width=\"300\" height=\"300\" srcset=\"https:\/\/elitedental.al\/wp-content\/uploads\/2026\/03\/GDPR-300x300.png 300w, https:\/\/elitedental.al\/wp-content\/uploads\/2026\/03\/GDPR-150x150.png 150w, https:\/\/elitedental.al\/wp-content\/uploads\/2026\/03\/GDPR.png 600w\" sizes=\"(max-width: 300px) 100vw, 300px\" \/>\n\n<h1>Politik\u00eb Privat\u00ebsie<\/h1>\n\n<p>Politika e privat\u00ebsis\u00eb p\u00ebrshkruan dhe rregullon informimin mbi m\u00ebnyrat e mbledhjes, p\u00ebrdorimit dhe p\u00ebrhapjes nga <strong>Elite Dental<\/strong> t\u00eb t\u00eb dh\u00ebnave, n\u00eb rastet e p\u00ebrdorimit nga ana juaj t\u00eb faqes son\u00eb zyrtare t\u00eb internetit \n<a href=\"https:\/\/www.elitedental.al\" target=\"_blank\">https:\/\/www.elitedental.al<\/a> \ndhe sh\u00ebrbimeve q\u00eb ne ofrojm\u00eb dhe\/ose ruajm\u00eb n\u00eb serverat tan\u00eb.<\/p>\n\n<p>P\u00ebrpara se t\u00eb p\u00ebrdorni ose t\u00eb jepni ndonj\u00eb informacion, qoft\u00eb n\u00ebp\u00ebrmjet faqes son\u00eb t\u00eb internetit dhe\/ose n\u00eb lidhje me Sh\u00ebrbimet, ju lutemi t\u00eb konsultoni me kujdes Politik\u00ebn e Privat\u00ebsis\u00eb. N\u00ebp\u00ebrmjet p\u00ebrdorimit t\u00eb faqes son\u00eb t\u00eb internetit dhe\/ose Sh\u00ebrbimeve, ju pranoni q\u00eb t\u00eb dh\u00ebnat tuaja do t\u00eb mblidhen, p\u00ebrdoren dhe p\u00ebrhapen n\u00eb p\u00ebrputhje me k\u00ebt\u00eb Politik\u00eb Privat\u00ebsie. N\u00eb rast se nuk bini dakord me kushtet e k\u00ebsaj Politike Privat\u00ebsie, jeni t\u00eb lutur t\u00eb mos p\u00ebrdorni Sh\u00ebrbimet tona.<\/p>\n<\/br><\/br><\/br>\n<h2>Trajtimi i ankesave<\/h2>\n\n<p>\u00c7do ankes\u00eb e paraqitur protokollohet dhe p\u00ebrpunohet nga nj\u00eb person i autorizuar, i cili ka n\u00ebnshkruar m\u00eb par\u00eb nj\u00eb deklarat\u00eb konfidencialiteti dhe \u00ebsht\u00eb i njohur me rregulloret e brendshme p\u00ebr mbrojtjen e t\u00eb dh\u00ebnave personale. P\u00ebrdorimi i t\u00eb dh\u00ebnave t\u00eb marra b\u00ebhet vet\u00ebm p\u00ebr q\u00ebllime t\u00eb shqyrtimit t\u00eb ankes\u00ebs dhe vler\u00ebsimit t\u00eb cil\u00ebsis\u00eb s\u00eb sh\u00ebrbimeve t\u00eb ofruara nga <strong>Elite Dental<\/strong>.<\/p>\n\n<h2>Ruajtja e t\u00eb dh\u00ebnave<\/h2>\n\n<p>Dosjet q\u00eb p\u00ebrmbajn\u00eb t\u00eb dh\u00ebna personale ruhen n\u00eb p\u00ebrputhje me legjislacionin n\u00eb fuqi dhe politikat e brendshme t\u00eb ruajtjes s\u00eb t\u00eb dh\u00ebnave.<\/p>\n\n<h2>T\u00eb dh\u00ebnat e navigimit<\/h2>\n\n<p>Sistemi mbledh t\u00eb dh\u00ebna standarde t\u00eb navigimit, si klikimet n\u00eb artikuj ose seksione t\u00eb faqes. K\u00ebto t\u00eb dh\u00ebna p\u00ebrpunohen p\u00ebr q\u00ebllime statistikore, pa identifikuar personalisht vizitor\u00ebt. Nuk b\u00ebhet p\u00ebrpjekje p\u00ebr identifikim dhe nuk p\u00ebrdoren mjete t\u00eb pal\u00ebve t\u00eb treta p\u00ebr gjurmim t\u00eb t\u00eb dh\u00ebnave personale.<\/p>\n\n<h2>Mbledhja e informacionit personal<\/h2>\n\n<p>Kur k\u00ebrkohet informacion personal p\u00ebrmes faqes, p\u00ebrdoruesit do t\u00eb njoftohen dhe do t\u2019u jepet informacion i qart\u00eb mbi q\u00ebllimin e p\u00ebrpunimit.<\/p>\n\n<h2>Procesi i rekrutimit<\/h2>\n\n<p>Informacioni personal i dh\u00ebn\u00eb gjat\u00eb procesit t\u00eb aplikimit p\u00ebr pun\u00ebsim n\u00eb <strong>Elite Dental<\/strong> p\u00ebrdoret p\u00ebr q\u00ebllime t\u00eb rekrutimit dhe p\u00ebr analizim statistikor t\u00eb k\u00ebtij procesi. T\u00eb dh\u00ebnat e aplikant\u00ebve t\u00eb pasuksessh\u00ebm ruhen p\u00ebr 12 muaj dhe m\u00eb pas fshihen ose asgj\u00ebsohen.<\/p>\n\n<h2>T\u00eb dh\u00ebnat e ish-punonj\u00ebsve<\/h2>\n\n<p>P\u00ebr ish-punonj\u00ebsit, <strong>Elite Dental<\/strong> ruan dosje t\u00eb pun\u00ebsimit q\u00eb p\u00ebrmbajn\u00eb informacion t\u00eb r\u00ebnd\u00ebsish\u00ebm, n\u00eb p\u00ebrputhje me Kodin e Pun\u00ebs dhe rregulloret e brendshme. T\u00eb dh\u00ebnat ruhen t\u00eb sigurta dhe p\u00ebrdoren vet\u00ebm p\u00ebr q\u00ebllime t\u00eb p\u00ebrcaktuara qart\u00eb.<\/p>\n\n<h2>P\u00ebrhapja e t\u00eb dh\u00ebnave<\/h2>\n\n<p>T\u00eb dh\u00ebnat personale nuk p\u00ebrhapen pa p\u00eblqimin paraprak t\u00eb subjektit. Megjithat\u00eb, n\u00eb raste t\u00eb ve\u00e7anta si hetimet e ankesave, t\u00eb dh\u00ebnat mund t\u00eb ndahen me autoritetet p\u00ebrkat\u00ebse.<\/p>\n\n<h2>Standardet e mbrojtjes s\u00eb t\u00eb dh\u00ebnave<\/h2>\n\n<p><strong>Elite Dental<\/strong> synon t\u00eb respektoj\u00eb standardet m\u00eb t\u00eb larta n\u00eb trajtimin e t\u00eb dh\u00ebnave personale. Ankesat dhe sugjerimet mbi politikat tona jan\u00eb t\u00eb mir\u00ebpritura dhe trajtohen me seriozitetin e duhur.<\/p>\n\n<h2>E drejta p\u00ebr kompensim<\/h2>\n\n<p><strong>Elite Dental<\/strong> respekton t\u00eb drejt\u00ebn p\u00ebr kompensimin e d\u00ebmit p\u00ebr cenimin e t\u00eb dh\u00ebnave tuaja personale, n\u00eb p\u00ebrputhje me legjislacionin n\u00eb fuqi n\u00eb Republik\u00ebn e Shqip\u00ebris\u00eb.<\/p>\t\t\t\t\t\t\t\t<\/div>\n\t\t\t\t<\/div>\n\t\t\t\t\t<\/div>\n\t\t<\/div>\n\t\t\t\t\t<\/div>\n\t\t<\/section>\n\t\t\t\t<\/div>\n\t\t","protected":false},"excerpt":{"rendered":"<p>Politik\u00eb Privat\u00ebsie Politika e privat\u00ebsis\u00eb p\u00ebrshkruan dhe rregullon informimin mbi m\u00ebnyrat e mbledhjes, p\u00ebrdorimit dhe p\u00ebrhapjes nga Elite Dental t\u00eb t\u00eb dh\u00ebnave, n\u00eb rastet e p\u00ebrdorimit nga ana juaj t\u00eb faqes son\u00eb zyrtare t\u00eb internetit https:\/\/www.elitedental.al dhe sh\u00ebrbimeve q\u00eb ne ofrojm\u00eb dhe\/ose ruajm\u00eb n\u00eb serverat tan\u00eb. P\u00ebrpara se t\u00eb p\u00ebrdorni ose t\u00eb jepni ndonj\u00eb informacion, [&hellip;]<\/p>\n","protected":false},"author":5,"featured_media":0,"parent":0,"menu_order":0,"comment_status":"closed","ping_status":"closed","template":"elementor_header_footer","meta":{"footnotes":""},"class_list":["post-9190","page","type-page","status-publish","hentry"],"yoast_head":"<!-- This site is optimized with the Yoast SEO plugin v27.2 - https:\/\/yoast.com\/product\/yoast-seo-wordpress\/ -->\n<title>Politik\u00eb Privat\u00ebsie | EliteDental<\/title>\n<meta name=\"robots\" content=\"index, follow, max-snippet:-1, max-image-preview:large, max-video-preview:-1\" \/>\n<link rel=\"canonical\" href=\"https:\/\/elitedental.al\/sq\/privacy-policy\/\" \/>\n<meta property=\"og:locale\" content=\"sq_AL\" \/>\n<meta property=\"og:type\" content=\"article\" \/>\n<meta property=\"og:title\" content=\"Politik\u00eb Privat\u00ebsie | EliteDental\" \/>\n<meta property=\"og:description\" content=\"Politik\u00eb Privat\u00ebsie Politika e privat\u00ebsis\u00eb p\u00ebrshkruan dhe rregullon informimin mbi m\u00ebnyrat e mbledhjes, p\u00ebrdorimit dhe p\u00ebrhapjes nga Elite Dental t\u00eb t\u00eb dh\u00ebnave, n\u00eb rastet e p\u00ebrdorimit nga ana juaj t\u00eb faqes son\u00eb zyrtare t\u00eb internetit https:\/\/www.elitedental.al dhe sh\u00ebrbimeve q\u00eb ne ofrojm\u00eb dhe\/ose ruajm\u00eb n\u00eb serverat tan\u00eb. P\u00ebrpara se t\u00eb p\u00ebrdorni ose t\u00eb jepni ndonj\u00eb informacion, [&hellip;]\" \/>\n<meta property=\"og:url\" content=\"https:\/\/elitedental.al\/sq\/privacy-policy\/\" \/>\n<meta property=\"og:site_name\" content=\"EliteDental\" \/>\n<meta property=\"article:publisher\" content=\"https:\/\/www.facebook.com\/dentistalbania\/\" \/>\n<meta property=\"article:modified_time\" content=\"2026-03-05T15:08:11+00:00\" \/>\n<meta property=\"og:image\" content=\"https:\/\/elitedental.al\/wp-content\/uploads\/2026\/03\/GDPR-300x300.png\" \/>\n<meta name=\"twitter:card\" content=\"summary_large_image\" \/>\n<meta name=\"twitter:label1\" content=\"Est. reading time\" \/>\n\t<meta name=\"twitter:data1\" content=\"3 minutes\" \/>\n<script type=\"application\/ld+json\" class=\"yoast-schema-graph\">{\"@context\":\"https:\/\/schema.org\",\"@graph\":[{\"@type\":\"WebPage\",\"@id\":\"https:\/\/elitedental.al\/sq\/privacy-policy\/\",\"url\":\"https:\/\/elitedental.al\/sq\/privacy-policy\/\",\"name\":\"Politik\u00eb Privat\u00ebsie | EliteDental\",\"isPartOf\":{\"@id\":\"https:\/\/elitedental.al\/de\/#website\"},\"primaryImageOfPage\":{\"@id\":\"https:\/\/elitedental.al\/sq\/privacy-policy\/#primaryimage\"},\"image\":{\"@id\":\"https:\/\/elitedental.al\/sq\/privacy-policy\/#primaryimage\"},\"thumbnailUrl\":\"https:\/\/elitedental.al\/wp-content\/uploads\/2026\/03\/GDPR-300x300.png\",\"datePublished\":\"2026-03-05T14:48:31+00:00\",\"dateModified\":\"2026-03-05T15:08:11+00:00\",\"breadcrumb\":{\"@id\":\"https:\/\/elitedental.al\/sq\/privacy-policy\/#breadcrumb\"},\"inLanguage\":\"sq-AL\",\"potentialAction\":[{\"@type\":\"ReadAction\",\"target\":[\"https:\/\/elitedental.al\/sq\/privacy-policy\/\"]}]},{\"@type\":\"ImageObject\",\"inLanguage\":\"sq-AL\",\"@id\":\"https:\/\/elitedental.al\/sq\/privacy-policy\/#primaryimage\",\"url\":\"https:\/\/elitedental.al\/wp-content\/uploads\/2026\/03\/GDPR-300x300.png\",\"contentUrl\":\"https:\/\/elitedental.al\/wp-content\/uploads\/2026\/03\/GDPR-300x300.png\"},{\"@type\":\"BreadcrumbList\",\"@id\":\"https:\/\/elitedental.al\/sq\/privacy-policy\/#breadcrumb\",\"itemListElement\":[{\"@type\":\"ListItem\",\"position\":1,\"name\":\"Home\",\"item\":\"https:\/\/elitedental.al\/sq\/\"},{\"@type\":\"ListItem\",\"position\":2,\"name\":\"Politik\u00eb Privat\u00ebsie\"}]},{\"@type\":\"WebSite\",\"@id\":\"https:\/\/elitedental.al\/de\/#website\",\"url\":\"https:\/\/elitedental.al\/de\/\",\"name\":\"EliteDental\",\"description\":\"Dentista Albania\",\"publisher\":{\"@id\":\"https:\/\/elitedental.al\/de\/#organization\"},\"potentialAction\":[{\"@type\":\"SearchAction\",\"target\":{\"@type\":\"EntryPoint\",\"urlTemplate\":\"https:\/\/elitedental.al\/de\/?s={search_term_string}\"},\"query-input\":{\"@type\":\"PropertyValueSpecification\",\"valueRequired\":true,\"valueName\":\"search_term_string\"}}],\"inLanguage\":\"sq-AL\"},{\"@type\":\"Organization\",\"@id\":\"https:\/\/elitedental.al\/de\/#organization\",\"name\":\"Elite Dental\",\"url\":\"https:\/\/elitedental.al\/de\/\",\"logo\":{\"@type\":\"ImageObject\",\"inLanguage\":\"sq-AL\",\"@id\":\"https:\/\/elitedental.al\/de\/#\/schema\/logo\/image\/\",\"url\":\"http:\/\/elitedental.al\/wp-content\/uploads\/2021\/06\/90F36F80-1EAA-4C33-A5E1-028AB603EFFE.png\",\"contentUrl\":\"http:\/\/elitedental.al\/wp-content\/uploads\/2021\/06\/90F36F80-1EAA-4C33-A5E1-028AB603EFFE.png\",\"width\":888,\"height\":553,\"caption\":\"Elite Dental\"},\"image\":{\"@id\":\"https:\/\/elitedental.al\/de\/#\/schema\/logo\/image\/\"},\"sameAs\":[\"https:\/\/www.facebook.com\/dentistalbania\/\",\"https:\/\/instagram.com\/elitedentaltirana?utm_medium=copy_link\"]}]}<\/script>\n<!-- \/ Yoast SEO plugin. -->","yoast_head_json":{"title":"Politik\u00eb Privat\u00ebsie | EliteDental","robots":{"index":"index","follow":"follow","max-snippet":"max-snippet:-1","max-image-preview":"max-image-preview:large","max-video-preview":"max-video-preview:-1"},"canonical":"https:\/\/elitedental.al\/sq\/privacy-policy\/","og_locale":"sq_AL","og_type":"article","og_title":"Politik\u00eb Privat\u00ebsie | EliteDental","og_description":"Politik\u00eb Privat\u00ebsie Politika e privat\u00ebsis\u00eb p\u00ebrshkruan dhe rregullon informimin mbi m\u00ebnyrat e mbledhjes, p\u00ebrdorimit dhe p\u00ebrhapjes nga Elite Dental t\u00eb t\u00eb dh\u00ebnave, n\u00eb rastet e p\u00ebrdorimit nga ana juaj t\u00eb faqes son\u00eb zyrtare t\u00eb internetit https:\/\/www.elitedental.al dhe sh\u00ebrbimeve q\u00eb ne ofrojm\u00eb dhe\/ose ruajm\u00eb n\u00eb serverat tan\u00eb. P\u00ebrpara se t\u00eb p\u00ebrdorni ose t\u00eb jepni ndonj\u00eb informacion, [&hellip;]","og_url":"https:\/\/elitedental.al\/sq\/privacy-policy\/","og_site_name":"EliteDental","article_publisher":"https:\/\/www.facebook.com\/dentistalbania\/","article_modified_time":"2026-03-05T15:08:11+00:00","og_image":[{"url":"https:\/\/elitedental.al\/wp-content\/uploads\/2026\/03\/GDPR-300x300.png","type":"","width":"","height":""}],"twitter_card":"summary_large_image","twitter_misc":{"Est. reading time":"3 minutes"},"schema":{"@context":"https:\/\/schema.org","@graph":[{"@type":"WebPage","@id":"https:\/\/elitedental.al\/sq\/privacy-policy\/","url":"https:\/\/elitedental.al\/sq\/privacy-policy\/","name":"Politik\u00eb Privat\u00ebsie | EliteDental","isPartOf":{"@id":"https:\/\/elitedental.al\/de\/#website"},"primaryImageOfPage":{"@id":"https:\/\/elitedental.al\/sq\/privacy-policy\/#primaryimage"},"image":{"@id":"https:\/\/elitedental.al\/sq\/privacy-policy\/#primaryimage"},"thumbnailUrl":"https:\/\/elitedental.al\/wp-content\/uploads\/2026\/03\/GDPR-300x300.png","datePublished":"2026-03-05T14:48:31+00:00","dateModified":"2026-03-05T15:08:11+00:00","breadcrumb":{"@id":"https:\/\/elitedental.al\/sq\/privacy-policy\/#breadcrumb"},"inLanguage":"sq-AL","potentialAction":[{"@type":"ReadAction","target":["https:\/\/elitedental.al\/sq\/privacy-policy\/"]}]},{"@type":"ImageObject","inLanguage":"sq-AL","@id":"https:\/\/elitedental.al\/sq\/privacy-policy\/#primaryimage","url":"https:\/\/elitedental.al\/wp-content\/uploads\/2026\/03\/GDPR-300x300.png","contentUrl":"https:\/\/elitedental.al\/wp-content\/uploads\/2026\/03\/GDPR-300x300.png"},{"@type":"BreadcrumbList","@id":"https:\/\/elitedental.al\/sq\/privacy-policy\/#breadcrumb","itemListElement":[{"@type":"ListItem","position":1,"name":"Home","item":"https:\/\/elitedental.al\/sq\/"},{"@type":"ListItem","position":2,"name":"Politik\u00eb Privat\u00ebsie"}]},{"@type":"WebSite","@id":"https:\/\/elitedental.al\/de\/#website","url":"https:\/\/elitedental.al\/de\/","name":"EliteDental","description":"Dentista Albania","publisher":{"@id":"https:\/\/elitedental.al\/de\/#organization"},"potentialAction":[{"@type":"SearchAction","target":{"@type":"EntryPoint","urlTemplate":"https:\/\/elitedental.al\/de\/?s={search_term_string}"},"query-input":{"@type":"PropertyValueSpecification","valueRequired":true,"valueName":"search_term_string"}}],"inLanguage":"sq-AL"},{"@type":"Organization","@id":"https:\/\/elitedental.al\/de\/#organization","name":"Elite Dental","url":"https:\/\/elitedental.al\/de\/","logo":{"@type":"ImageObject","inLanguage":"sq-AL","@id":"https:\/\/elitedental.al\/de\/#\/schema\/logo\/image\/","url":"http:\/\/elitedental.al\/wp-content\/uploads\/2021\/06\/90F36F80-1EAA-4C33-A5E1-028AB603EFFE.png","contentUrl":"http:\/\/elitedental.al\/wp-content\/uploads\/2021\/06\/90F36F80-1EAA-4C33-A5E1-028AB603EFFE.png","width":888,"height":553,"caption":"Elite Dental"},"image":{"@id":"https:\/\/elitedental.al\/de\/#\/schema\/logo\/image\/"},"sameAs":["https:\/\/www.facebook.com\/dentistalbania\/","https:\/\/instagram.com\/elitedentaltirana?utm_medium=copy_link"]}]}},"_links":{"self":[{"href":"https:\/\/elitedental.al\/sq\/wp-json\/wp\/v2\/pages\/9190","targetHints":{"allow":["GET"]}}],"collection":[{"href":"https:\/\/elitedental.al\/sq\/wp-json\/wp\/v2\/pages"}],"about":[{"href":"https:\/\/elitedental.al\/sq\/wp-json\/wp\/v2\/types\/page"}],"author":[{"embeddable":true,"href":"https:\/\/elitedental.al\/sq\/wp-json\/wp\/v2\/users\/5"}],"replies":[{"embeddable":true,"href":"https:\/\/elitedental.al\/sq\/wp-json\/wp\/v2\/comments?post=9190"}],"version-history":[{"count":7,"href":"https:\/\/elitedental.al\/sq\/wp-json\/wp\/v2\/pages\/9190\/revisions"}],"predecessor-version":[{"id":9203,"href":"https:\/\/elitedental.al\/sq\/wp-json\/wp\/v2\/pages\/9190\/revisions\/9203"}],"wp:attachment":[{"href":"https:\/\/elitedental.al\/sq\/wp-json\/wp\/v2\/media?parent=9190"}],"curies":[{"name":"wp","href":"https:\/\/api.w.org\/{rel}","templated":true}]}}