{"id":9379,"date":"2026-03-13T15:07:18","date_gmt":"2026-03-13T15:07:18","guid":{"rendered":"https:\/\/elitedental.al\/?page_id=9379"},"modified":"2026-03-13T15:14:00","modified_gmt":"2026-03-13T15:14:00","slug":"cctv","status":"publish","type":"page","link":"https:\/\/elitedental.al\/sq\/cctv\/","title":{"rendered":"Sistemi CCTV"},"content":{"rendered":"\t\t<div data-elementor-type=\"wp-page\" data-elementor-id=\"9379\" class=\"elementor elementor-9379 elementor-9341\" data-elementor-post-type=\"page\">\n\t\t\t\t\t\t<section class=\"elementor-section elementor-top-section elementor-element elementor-element-2dd106a elementor-section-full_width elementor-section-height-default elementor-section-height-default\" data-id=\"2dd106a\" data-element_type=\"section\" data-e-type=\"section\" data-settings=\"{&quot;background_background&quot;:&quot;classic&quot;}\">\n\t\t\t\t\t\t<div class=\"elementor-container elementor-column-gap-default\">\n\t\t\t\t\t<div class=\"elementor-column elementor-col-100 elementor-top-column elementor-element elementor-element-54db3a3\" data-id=\"54db3a3\" data-element_type=\"column\" data-e-type=\"column\">\n\t\t\t<div class=\"elementor-widget-wrap elementor-element-populated\">\n\t\t\t\t\t\t<div class=\"elementor-element elementor-element-38883d9 elementor-widget elementor-widget-text-editor\" data-id=\"38883d9\" data-element_type=\"widget\" data-e-type=\"widget\" data-widget_type=\"text-editor.default\">\n\t\t\t\t<div class=\"elementor-widget-container\">\n\t\t\t\t\t\t\t\t\t<section style=\"background-color: #10098d; color: white; padding: 40px; font-family: Arial, sans-serif;\">\n<div style=\"max-width: 900px; margin: 0 auto; line-height: 1.6;\">\n<h1 style=\"text-align: center; margin-bottom: 30px;\">Politika e V\u00ebzhgimit me Kamera (CCTV)<\/h1>\n<img fetchpriority=\"high\" decoding=\"async\" class=\"size-medium wp-image-9343 alignleft\" src=\"https:\/\/elitedental.al\/wp-content\/uploads\/2026\/03\/CCTV-300x300.png\" alt=\"\" width=\"300\" height=\"300\" srcset=\"https:\/\/elitedental.al\/wp-content\/uploads\/2026\/03\/CCTV-300x300.png 300w, https:\/\/elitedental.al\/wp-content\/uploads\/2026\/03\/CCTV-150x150.png 150w, https:\/\/elitedental.al\/wp-content\/uploads\/2026\/03\/CCTV.png 500w\" sizes=\"(max-width: 300px) 100vw, 300px\" \/>Politika e v\u00ebzhgimit me kamera e <strong>Elite Dental shpk<\/strong> \u00ebsht\u00eb plot\u00ebsisht n\u00eb p\u00ebrputhje me Ligjin nr. 124\/2024 \u201cP\u00ebr mbrojtjen e t\u00eb dh\u00ebnave personale\u201d, e ndryshuar me Ligjin nr. 19\/2016 \u201cP\u00ebr masat shtes\u00eb t\u00eb siguris\u00eb publike\u201d, si dhe me udh\u00ebzimet e miratuara nga Komisioneri nr. 46, dat\u00eb 26.03.2017.<\/br><\/br>\n<h2 style=\"margin-top: 30px;\">Q\u00ebllimi i sistemit<\/h2>\nInstalimi i sistemit t\u00eb kamerave dhe p\u00ebrpunimi i t\u00eb dh\u00ebnave personale p\u00ebrmes k\u00ebtij sistemi jan\u00eb n\u00eb p\u00ebrputhje me q\u00ebllimet e parashikuara nga ligji dhe me interesat ligjore t\u00eb Elite Dental shpk si institucion sh\u00ebndet\u00ebsor privat jo publik.\n<h2 style=\"margin-top: 30px;\">P\u00ebrpunimi i t\u00eb dh\u00ebnave<\/h2>\nT\u00eb dh\u00ebnat personale t\u00eb p\u00ebrpunuara nga sistemi i videosurvejimit, drejtp\u00ebrdrejt ose t\u00ebrthort\u00eb, trajtohen sipas nenit 14 t\u00eb Ligjit nr. 124\/2024. Sistemi nuk mund t\u00eb nd\u00ebrhyj\u00eb ose t\u00eb c\u00ebnoj\u00eb jet\u00ebn private t\u00eb klient\u00ebve, personelit mjek\u00ebsor\/administrativ apo individ\u00ebve t\u00eb tjer\u00eb.\n<h2 style=\"margin-top: 30px;\">P\u00ebrdorimi i regjistrimeve<\/h2>\nRegjistrimet mund t\u00eb p\u00ebrdoren vet\u00ebm p\u00ebr hetimin e ngjarjeve q\u00eb kan\u00eb shkaktuar d\u00ebme n\u00eb pron\u00eb ose n\u00eb interesat e mbrojtura me ligj. P\u00ebrdorimi i t\u00eb dh\u00ebnave p\u00ebr q\u00ebllime t\u00eb tjera lejohet vet\u00ebm p\u00ebr nj\u00eb interes publik t\u00eb r\u00ebnd\u00ebsish\u00ebm.\n<h2 style=\"margin-top: 30px;\">Pozicionimi i kamerave<\/h2>\nKamerat jan\u00eb vendosur n\u00eb dyert hyr\u00ebse\/dal\u00ebse, mbi arkat dhe brenda dhomave t\u00eb trajtimit t\u00eb pacient\u00ebve. N\u00eb k\u00ebto zona ka tabela informuese p\u00ebr t\u00eb garantuar transparenc\u00ebn ndaj individ\u00ebve.\n<h2 style=\"margin-top: 30px;\">Kufizime<\/h2>\n<ul>\n \t<li>\u00cbsht\u00eb e ndaluar v\u00ebzhgimi n\u00eb ambiente private si dhomat e zhveshjes, zyrat e personelit ose ambientet sanitare.<\/li>\n \t<li>Kamerat filmojn\u00eb vet\u00ebm zonat q\u00eb lidhen me q\u00ebllimin e videosurvejimit.<\/li>\n \t<li>T\u00eb dh\u00ebnat ruhen p\u00ebr 30 dit\u00eb dhe asgj\u00ebsohen automatikisht pas k\u00ebtij afati.<\/li>\n<\/ul>\n<h2 style=\"margin-top: 30px;\">T\u00eb drejtat e individ\u00ebve<\/h2>\n\u00c7do person ka t\u00eb drejt\u00eb t\u00eb konsultoj\u00eb, t\u00eb ndryshoj\u00eb ose t\u00eb fshij\u00eb t\u00eb dh\u00ebnat e tij. K\u00ebrkesat duhet t\u00eb d\u00ebrgohen me shkrim tek personat e autorizuar nga Elite Dental shpk.\n\nN\u00ebse mendoni se privat\u00ebsia juaj \u00ebsht\u00eb c\u00ebnuar p\u00ebrmes sistemit CCTV, keni t\u00eb drejt\u00eb t\u00eb kund\u00ebrshtoni k\u00ebt\u00eb p\u00ebrpunim sipas nenit 15 t\u00eb Ligjit \u201cP\u00ebr Mbrojtjen e t\u00eb Dh\u00ebnave Personale\u201d.\n<h2 style=\"margin-top: 30px;\">Personi p\u00ebrgjegj\u00ebs p\u00ebr sistemin<\/h2>\nSipas urdh\u00ebrit t\u00eb titullarit t\u00eb Elite Dental shpk, znj. Etleva Dema, dat\u00eb 30.09.2025, personi i autorizuar p\u00ebr akses dhe administrim t\u00eb sistemit t\u00eb videosurvejimit \u00ebsht\u00eb znj. Etleva Dema, administratore e klinik\u00ebs.\n\n<\/div>\n<\/section>\t\t\t\t\t\t\t\t<\/div>\n\t\t\t\t<\/div>\n\t\t\t\t\t<\/div>\n\t\t<\/div>\n\t\t\t\t\t<\/div>\n\t\t<\/section>\n\t\t\t\t<\/div>\n\t\t","protected":false},"excerpt":{"rendered":"<p>Politika e V\u00ebzhgimit me Kamera (CCTV) Politika e v\u00ebzhgimit me kamera e Elite Dental shpk \u00ebsht\u00eb plot\u00ebsisht n\u00eb p\u00ebrputhje me Ligjin nr. 124\/2024 \u201cP\u00ebr mbrojtjen e t\u00eb dh\u00ebnave personale\u201d, e ndryshuar me Ligjin nr. 19\/2016 \u201cP\u00ebr masat shtes\u00eb t\u00eb siguris\u00eb publike\u201d, si dhe me udh\u00ebzimet e miratuara nga Komisioneri nr. 46, dat\u00eb 26.03.2017. Q\u00ebllimi i [&hellip;]<\/p>\n","protected":false},"author":5,"featured_media":0,"parent":0,"menu_order":0,"comment_status":"closed","ping_status":"closed","template":"elementor_header_footer","meta":{"footnotes":""},"class_list":["post-9379","page","type-page","status-publish","hentry"],"yoast_head":"<!-- This site is optimized with the Yoast SEO plugin v27.2 - https:\/\/yoast.com\/product\/yoast-seo-wordpress\/ -->\n<title>Sistemi CCTV | EliteDental<\/title>\n<meta name=\"robots\" content=\"index, follow, max-snippet:-1, max-image-preview:large, max-video-preview:-1\" \/>\n<link rel=\"canonical\" href=\"https:\/\/elitedental.al\/sq\/cctv\/\" \/>\n<meta property=\"og:locale\" content=\"sq_AL\" \/>\n<meta property=\"og:type\" content=\"article\" \/>\n<meta property=\"og:title\" content=\"Sistemi CCTV | EliteDental\" \/>\n<meta property=\"og:description\" content=\"Politika e V\u00ebzhgimit me Kamera (CCTV) Politika e v\u00ebzhgimit me kamera e Elite Dental shpk \u00ebsht\u00eb plot\u00ebsisht n\u00eb p\u00ebrputhje me Ligjin nr. 124\/2024 \u201cP\u00ebr mbrojtjen e t\u00eb dh\u00ebnave personale\u201d, e ndryshuar me Ligjin nr. 19\/2016 \u201cP\u00ebr masat shtes\u00eb t\u00eb siguris\u00eb publike\u201d, si dhe me udh\u00ebzimet e miratuara nga Komisioneri nr. 46, dat\u00eb 26.03.2017. Q\u00ebllimi i [&hellip;]\" \/>\n<meta property=\"og:url\" content=\"https:\/\/elitedental.al\/sq\/cctv\/\" \/>\n<meta property=\"og:site_name\" content=\"EliteDental\" \/>\n<meta property=\"article:publisher\" content=\"https:\/\/www.facebook.com\/dentistalbania\/\" \/>\n<meta property=\"article:modified_time\" content=\"2026-03-13T15:14:00+00:00\" \/>\n<meta property=\"og:image\" content=\"https:\/\/elitedental.al\/wp-content\/uploads\/2026\/03\/CCTV-300x300.png\" \/>\n<meta name=\"twitter:card\" content=\"summary_large_image\" \/>\n<meta name=\"twitter:label1\" content=\"Est. reading time\" \/>\n\t<meta name=\"twitter:data1\" content=\"2 minutes\" \/>\n<script type=\"application\/ld+json\" class=\"yoast-schema-graph\">{\"@context\":\"https:\/\/schema.org\",\"@graph\":[{\"@type\":\"WebPage\",\"@id\":\"https:\/\/elitedental.al\/sq\/cctv\/\",\"url\":\"https:\/\/elitedental.al\/sq\/cctv\/\",\"name\":\"Sistemi CCTV | EliteDental\",\"isPartOf\":{\"@id\":\"https:\/\/elitedental.al\/de\/#website\"},\"primaryImageOfPage\":{\"@id\":\"https:\/\/elitedental.al\/sq\/cctv\/#primaryimage\"},\"image\":{\"@id\":\"https:\/\/elitedental.al\/sq\/cctv\/#primaryimage\"},\"thumbnailUrl\":\"https:\/\/elitedental.al\/wp-content\/uploads\/2026\/03\/CCTV-300x300.png\",\"datePublished\":\"2026-03-13T15:07:18+00:00\",\"dateModified\":\"2026-03-13T15:14:00+00:00\",\"breadcrumb\":{\"@id\":\"https:\/\/elitedental.al\/sq\/cctv\/#breadcrumb\"},\"inLanguage\":\"sq-AL\",\"potentialAction\":[{\"@type\":\"ReadAction\",\"target\":[\"https:\/\/elitedental.al\/sq\/cctv\/\"]}]},{\"@type\":\"ImageObject\",\"inLanguage\":\"sq-AL\",\"@id\":\"https:\/\/elitedental.al\/sq\/cctv\/#primaryimage\",\"url\":\"https:\/\/elitedental.al\/wp-content\/uploads\/2026\/03\/CCTV-300x300.png\",\"contentUrl\":\"https:\/\/elitedental.al\/wp-content\/uploads\/2026\/03\/CCTV-300x300.png\"},{\"@type\":\"BreadcrumbList\",\"@id\":\"https:\/\/elitedental.al\/sq\/cctv\/#breadcrumb\",\"itemListElement\":[{\"@type\":\"ListItem\",\"position\":1,\"name\":\"Home\",\"item\":\"https:\/\/elitedental.al\/sq\/\"},{\"@type\":\"ListItem\",\"position\":2,\"name\":\"Sistemi CCTV\"}]},{\"@type\":\"WebSite\",\"@id\":\"https:\/\/elitedental.al\/de\/#website\",\"url\":\"https:\/\/elitedental.al\/de\/\",\"name\":\"EliteDental\",\"description\":\"Dentista Albania\",\"publisher\":{\"@id\":\"https:\/\/elitedental.al\/de\/#organization\"},\"potentialAction\":[{\"@type\":\"SearchAction\",\"target\":{\"@type\":\"EntryPoint\",\"urlTemplate\":\"https:\/\/elitedental.al\/de\/?s={search_term_string}\"},\"query-input\":{\"@type\":\"PropertyValueSpecification\",\"valueRequired\":true,\"valueName\":\"search_term_string\"}}],\"inLanguage\":\"sq-AL\"},{\"@type\":\"Organization\",\"@id\":\"https:\/\/elitedental.al\/de\/#organization\",\"name\":\"Elite Dental\",\"url\":\"https:\/\/elitedental.al\/de\/\",\"logo\":{\"@type\":\"ImageObject\",\"inLanguage\":\"sq-AL\",\"@id\":\"https:\/\/elitedental.al\/de\/#\/schema\/logo\/image\/\",\"url\":\"http:\/\/elitedental.al\/wp-content\/uploads\/2021\/06\/90F36F80-1EAA-4C33-A5E1-028AB603EFFE.png\",\"contentUrl\":\"http:\/\/elitedental.al\/wp-content\/uploads\/2021\/06\/90F36F80-1EAA-4C33-A5E1-028AB603EFFE.png\",\"width\":888,\"height\":553,\"caption\":\"Elite Dental\"},\"image\":{\"@id\":\"https:\/\/elitedental.al\/de\/#\/schema\/logo\/image\/\"},\"sameAs\":[\"https:\/\/www.facebook.com\/dentistalbania\/\",\"https:\/\/instagram.com\/elitedentaltirana?utm_medium=copy_link\"]}]}<\/script>\n<!-- \/ Yoast SEO plugin. -->","yoast_head_json":{"title":"Sistemi CCTV | EliteDental","robots":{"index":"index","follow":"follow","max-snippet":"max-snippet:-1","max-image-preview":"max-image-preview:large","max-video-preview":"max-video-preview:-1"},"canonical":"https:\/\/elitedental.al\/sq\/cctv\/","og_locale":"sq_AL","og_type":"article","og_title":"Sistemi CCTV | EliteDental","og_description":"Politika e V\u00ebzhgimit me Kamera (CCTV) Politika e v\u00ebzhgimit me kamera e Elite Dental shpk \u00ebsht\u00eb plot\u00ebsisht n\u00eb p\u00ebrputhje me Ligjin nr. 124\/2024 \u201cP\u00ebr mbrojtjen e t\u00eb dh\u00ebnave personale\u201d, e ndryshuar me Ligjin nr. 19\/2016 \u201cP\u00ebr masat shtes\u00eb t\u00eb siguris\u00eb publike\u201d, si dhe me udh\u00ebzimet e miratuara nga Komisioneri nr. 46, dat\u00eb 26.03.2017. Q\u00ebllimi i [&hellip;]","og_url":"https:\/\/elitedental.al\/sq\/cctv\/","og_site_name":"EliteDental","article_publisher":"https:\/\/www.facebook.com\/dentistalbania\/","article_modified_time":"2026-03-13T15:14:00+00:00","og_image":[{"url":"https:\/\/elitedental.al\/wp-content\/uploads\/2026\/03\/CCTV-300x300.png","type":"","width":"","height":""}],"twitter_card":"summary_large_image","twitter_misc":{"Est. reading time":"2 minutes"},"schema":{"@context":"https:\/\/schema.org","@graph":[{"@type":"WebPage","@id":"https:\/\/elitedental.al\/sq\/cctv\/","url":"https:\/\/elitedental.al\/sq\/cctv\/","name":"Sistemi CCTV | EliteDental","isPartOf":{"@id":"https:\/\/elitedental.al\/de\/#website"},"primaryImageOfPage":{"@id":"https:\/\/elitedental.al\/sq\/cctv\/#primaryimage"},"image":{"@id":"https:\/\/elitedental.al\/sq\/cctv\/#primaryimage"},"thumbnailUrl":"https:\/\/elitedental.al\/wp-content\/uploads\/2026\/03\/CCTV-300x300.png","datePublished":"2026-03-13T15:07:18+00:00","dateModified":"2026-03-13T15:14:00+00:00","breadcrumb":{"@id":"https:\/\/elitedental.al\/sq\/cctv\/#breadcrumb"},"inLanguage":"sq-AL","potentialAction":[{"@type":"ReadAction","target":["https:\/\/elitedental.al\/sq\/cctv\/"]}]},{"@type":"ImageObject","inLanguage":"sq-AL","@id":"https:\/\/elitedental.al\/sq\/cctv\/#primaryimage","url":"https:\/\/elitedental.al\/wp-content\/uploads\/2026\/03\/CCTV-300x300.png","contentUrl":"https:\/\/elitedental.al\/wp-content\/uploads\/2026\/03\/CCTV-300x300.png"},{"@type":"BreadcrumbList","@id":"https:\/\/elitedental.al\/sq\/cctv\/#breadcrumb","itemListElement":[{"@type":"ListItem","position":1,"name":"Home","item":"https:\/\/elitedental.al\/sq\/"},{"@type":"ListItem","position":2,"name":"Sistemi CCTV"}]},{"@type":"WebSite","@id":"https:\/\/elitedental.al\/de\/#website","url":"https:\/\/elitedental.al\/de\/","name":"EliteDental","description":"Dentista Albania","publisher":{"@id":"https:\/\/elitedental.al\/de\/#organization"},"potentialAction":[{"@type":"SearchAction","target":{"@type":"EntryPoint","urlTemplate":"https:\/\/elitedental.al\/de\/?s={search_term_string}"},"query-input":{"@type":"PropertyValueSpecification","valueRequired":true,"valueName":"search_term_string"}}],"inLanguage":"sq-AL"},{"@type":"Organization","@id":"https:\/\/elitedental.al\/de\/#organization","name":"Elite Dental","url":"https:\/\/elitedental.al\/de\/","logo":{"@type":"ImageObject","inLanguage":"sq-AL","@id":"https:\/\/elitedental.al\/de\/#\/schema\/logo\/image\/","url":"http:\/\/elitedental.al\/wp-content\/uploads\/2021\/06\/90F36F80-1EAA-4C33-A5E1-028AB603EFFE.png","contentUrl":"http:\/\/elitedental.al\/wp-content\/uploads\/2021\/06\/90F36F80-1EAA-4C33-A5E1-028AB603EFFE.png","width":888,"height":553,"caption":"Elite Dental"},"image":{"@id":"https:\/\/elitedental.al\/de\/#\/schema\/logo\/image\/"},"sameAs":["https:\/\/www.facebook.com\/dentistalbania\/","https:\/\/instagram.com\/elitedentaltirana?utm_medium=copy_link"]}]}},"_links":{"self":[{"href":"https:\/\/elitedental.al\/sq\/wp-json\/wp\/v2\/pages\/9379","targetHints":{"allow":["GET"]}}],"collection":[{"href":"https:\/\/elitedental.al\/sq\/wp-json\/wp\/v2\/pages"}],"about":[{"href":"https:\/\/elitedental.al\/sq\/wp-json\/wp\/v2\/types\/page"}],"author":[{"embeddable":true,"href":"https:\/\/elitedental.al\/sq\/wp-json\/wp\/v2\/users\/5"}],"replies":[{"embeddable":true,"href":"https:\/\/elitedental.al\/sq\/wp-json\/wp\/v2\/comments?post=9379"}],"version-history":[{"count":7,"href":"https:\/\/elitedental.al\/sq\/wp-json\/wp\/v2\/pages\/9379\/revisions"}],"predecessor-version":[{"id":9392,"href":"https:\/\/elitedental.al\/sq\/wp-json\/wp\/v2\/pages\/9379\/revisions\/9392"}],"wp:attachment":[{"href":"https:\/\/elitedental.al\/sq\/wp-json\/wp\/v2\/media?parent=9379"}],"curies":[{"name":"wp","href":"https:\/\/api.w.org\/{rel}","templated":true}]}}